{"id":92,"date":"2018-10-31T06:37:51","date_gmt":"2018-10-31T06:37:51","guid":{"rendered":"https:\/\/www.nlq24.de\/?post_type=product&#038;p=92"},"modified":"2024-12-12T19:45:49","modified_gmt":"2024-12-12T19:45:49","slug":"tropfverschluss-kindersicher-din18","status":"publish","type":"product","link":"https:\/\/shop.nlq24.eu\/de\/Produkt\/tropfverschluss-kindersicher-din18\/","title":{"rendered":"Tropfverschluss Kindersicher &#8211; f\u00fcr Glasflasche DIN18"},"content":{"rendered":"<p><strong>Tropfverschluss Kindersicher<\/strong><\/p>\n<p>Er passt auf alle Glasflaschen der Gr\u00f6\u00dfe DIN18. Zudem erm\u00f6glicht er Ihnen ein genaues Tropfen von Fl\u00fcssigkeiten. Er wurde aus dem Material PE hergestellt und ist sehr best\u00e4ndig.\u00a0 Bei diesem Tropfverschluss Kindersicher handelt es sich um einen Randtropfer, der nicht nur f\u00fcr alkoholische, sondern auch f\u00fcr w\u00e4sserige oder d\u00fcnnfl\u00fcssige F\u00fcllmedien geeignet ist. Im Verschluss Deckel befindet sich ein Tropfeinsatz. Diese presse Sie beim ersten Aufschrauben in die Flaschen\u00f6ffnung. Danach verbleibt dieser dann in der M\u00fcndung der Flasche. Der wei\u00dfe Schraubverschluss ist mit einer Kindersicherung ausgestattet. Zum \u00d6ffnen der Flasche dr\u00fccken Sie den Deckel einfach w\u00e4hrend des Drehens, nach unten. Dieser Kindersicherheits-Verschluss ist sicher und dicht. Er hat keinen Originalit\u00e4tsring.<\/p>\n<p>&nbsp;<\/p>\n","protected":false},"excerpt":{"rendered":"<p><strong>Tropfer-Verschluss, f\u00fcr Glasflasche DIN18 Standard<\/strong><\/p>\n","protected":false},"featured_media":4242,"comment_status":"open","ping_status":"closed","template":"","meta":[],"product_brand":[],"product_cat":[327,43,81,89,109],"product_tag":[530,105,106,107,110,111,112],"class_list":{"0":"post-92","1":"product","2":"type-product","3":"status-publish","4":"has-post-thumbnail","6":"product_cat-verschluesse-und-zubehoer","7":"product_cat-dosieren-abmessen","8":"product_cat-alle-produkte-im-ueberblick","9":"product_cat-glasflaschen","10":"product_cat-verschluesse-din18","11":"product_tag-din18","12":"product_tag-tropfer","13":"product_tag-tropfverschluss","14":"product_tag-randtropfer","15":"product_tag-kindersicherheitsverschluss","16":"product_tag-verschluss","17":"product_tag-kindersicher","18":"product_shipping_class-standard","20":"first","21":"instock","22":"taxable","23":"shipping-taxable","24":"purchasable","25":"product-type-simple"},"_links":{"self":[{"href":"https:\/\/shop.nlq24.eu\/de\/wp-json\/wp\/v2\/product\/92","targetHints":{"allow":["GET"]}}],"collection":[{"href":"https:\/\/shop.nlq24.eu\/de\/wp-json\/wp\/v2\/product"}],"about":[{"href":"https:\/\/shop.nlq24.eu\/de\/wp-json\/wp\/v2\/types\/product"}],"replies":[{"embeddable":true,"href":"https:\/\/shop.nlq24.eu\/de\/wp-json\/wp\/v2\/comments?post=92"}],"wp:featuredmedia":[{"embeddable":true,"href":"https:\/\/shop.nlq24.eu\/de\/wp-json\/wp\/v2\/media\/4242"}],"wp:attachment":[{"href":"https:\/\/shop.nlq24.eu\/de\/wp-json\/wp\/v2\/media?parent=92"}],"wp:term":[{"taxonomy":"product_brand","embeddable":true,"href":"https:\/\/shop.nlq24.eu\/de\/wp-json\/wp\/v2\/product_brand?post=92"},{"taxonomy":"product_cat","embeddable":true,"href":"https:\/\/shop.nlq24.eu\/de\/wp-json\/wp\/v2\/product_cat?post=92"},{"taxonomy":"product_tag","embeddable":true,"href":"https:\/\/shop.nlq24.eu\/de\/wp-json\/wp\/v2\/product_tag?post=92"}],"curies":[{"name":"wp","href":"https:\/\/api.w.org\/{rel}","templated":true}]}}