{"id":93,"date":"2018-10-31T07:12:20","date_gmt":"2018-10-31T07:12:20","guid":{"rendered":"https:\/\/www.nlq24.de\/?post_type=product&#038;p=93"},"modified":"2025-01-26T18:11:59","modified_gmt":"2025-01-26T18:11:59","slug":"verschluss-kindersicher-fuer-glasflasche-pp28-mit-pe-schaumdichtung","status":"publish","type":"product","link":"https:\/\/shop.nlq24.eu\/de\/Produkt\/verschluss-kindersicher-fuer-glasflasche-pp28-mit-pe-schaumdichtung\/","title":{"rendered":"Verschluss-Deckel konisch f\u00fcr Glasflasche PP28"},"content":{"rendered":"<p><strong>Verschlussdeckel konisch, f\u00fcr Glasflasche PP28 (nicht mit Doser-Einsatz verwendbar)<br \/>\n<\/strong>Dieser Verschluss-Deckel ist geeignet f\u00fcr alle PP28 Flaschen (Flaschen mit gro\u00dfer M\u00fcndung), auch f\u00fcr PET Flaschen.<br \/>\nEr ist aus dem Material PE hergestellt, welches die alleinige Dichtung bildet. Dieser wei\u00dfe Schraubverschluss ist mit einer Originalit\u00e4tssicherung (Abreissring) ausgestattet. Dies hat folgende Vorteile. Erstens: Dieser Ring rei\u00dft beim ersten \u00d6ffnen der Flasche ab. Zweitens, kann man durch das Abreissen erkennen, dass die Flasche nicht mehr original verschlossen ist.<\/p>\n<p>Die Dichtung besteht aus einem konischen Verschlusseinsatz<strong>. <\/strong>Beim Zuschrauben der Flasche wird dieser fest in den Flaschenhals gepresst. Dies wiederum garantiert eine hohe Dichtigkeit. Dadurch erhalten Sie einen sehr guten Auslaufschutz.<\/p>\n<p>&nbsp;<\/p>\n","protected":false},"excerpt":{"rendered":"<p><strong>Verschluss f\u00fcr Glasflasche PP28, konisch<br \/>\n<\/strong><\/p>\n","protected":false},"featured_media":4243,"comment_status":"open","ping_status":"closed","template":"","meta":[],"product_brand":[],"product_cat":[81,113,327],"product_tag":[535,111,478,525,532,533,534],"class_list":{"0":"post-93","1":"product","2":"type-product","3":"status-publish","4":"has-post-thumbnail","6":"product_cat-alle-produkte-im-ueberblick","7":"product_cat-verschluesse-fuer-pp28-glasflaschen","8":"product_cat-verschluesse-und-zubehoer","9":"product_tag-pp","10":"product_tag-verschluss","11":"product_tag-konisch","12":"product_tag-glasflaschen","13":"product_tag-deckel","14":"product_tag-pp28","15":"product_tag-dichter","16":"product_shipping_class-standard","18":"first","19":"instock","20":"taxable","21":"shipping-taxable","22":"purchasable","23":"product-type-simple"},"_links":{"self":[{"href":"https:\/\/shop.nlq24.eu\/de\/wp-json\/wp\/v2\/product\/93","targetHints":{"allow":["GET"]}}],"collection":[{"href":"https:\/\/shop.nlq24.eu\/de\/wp-json\/wp\/v2\/product"}],"about":[{"href":"https:\/\/shop.nlq24.eu\/de\/wp-json\/wp\/v2\/types\/product"}],"replies":[{"embeddable":true,"href":"https:\/\/shop.nlq24.eu\/de\/wp-json\/wp\/v2\/comments?post=93"}],"wp:featuredmedia":[{"embeddable":true,"href":"https:\/\/shop.nlq24.eu\/de\/wp-json\/wp\/v2\/media\/4243"}],"wp:attachment":[{"href":"https:\/\/shop.nlq24.eu\/de\/wp-json\/wp\/v2\/media?parent=93"}],"wp:term":[{"taxonomy":"product_brand","embeddable":true,"href":"https:\/\/shop.nlq24.eu\/de\/wp-json\/wp\/v2\/product_brand?post=93"},{"taxonomy":"product_cat","embeddable":true,"href":"https:\/\/shop.nlq24.eu\/de\/wp-json\/wp\/v2\/product_cat?post=93"},{"taxonomy":"product_tag","embeddable":true,"href":"https:\/\/shop.nlq24.eu\/de\/wp-json\/wp\/v2\/product_tag?post=93"}],"curies":[{"name":"wp","href":"https:\/\/api.w.org\/{rel}","templated":true}]}}