{"id":94,"date":"2018-12-23T08:47:38","date_gmt":"2018-12-23T08:47:38","guid":{"rendered":"https:\/\/www.nlq24.de\/?post_type=product&#038;p=94"},"modified":"2025-11-08T09:20:06","modified_gmt":"2025-11-08T09:20:06","slug":"pipette-fuer-glasflasche-din18-114-cm-lang-fuer-glas-tropferflasche-front","status":"publish","type":"product","link":"https:\/\/shop.nlq24.eu\/de\/Produkt\/pipette-fuer-glasflasche-din18-114-cm-lang-fuer-glas-tropferflasche-front\/","title":{"rendered":"Pipette f\u00fcr Glasflasche DIN18, 114 mm"},"content":{"rendered":"<p><strong>Pipette f\u00fcr Glasflasche DIN18, lang 114 mm <\/strong><\/p>\n<p><strong>Diese Pipette passt nur f\u00fcr die Glas-Tropferflasche &#8222;Slim bzw. Vario&#8220;!<\/strong><\/p>\n<p>Um Sie zu nutzen, brauchen Sie diese Pipette nur einfach auf Ihre DIN18 Glasflasche SLIM aufschrauben. F\u00fcr kleinere Flaschen ist diese lange Pipette nicht geeignet. Sie hat eine L\u00e4nge von 114 mm.<\/p>\n<p>Das m\u00f6gliche Volumen pro Hub liegt bei ca. 0,6 ml. Der Verschluss besteht aus PE. Der Balg aus Gummi und das R\u00f6hrchen aus Glas. Die Farbe des Balges und Kopfes der Pipette ist, je nach Auswahl <strong>wei\u00df oder schwarz<\/strong>.<\/p>\n<p>Die <a href=\"https:\/\/shop.nlq24.eu\/de\/produkt\/glasflasche-din18-vario\/\">Glasflasche DIN18 Slim &#8222;Vario&#8220;<\/a>\u00a0ist am unteren Ende ziemlich gerade und hat dadurch eine gr\u00f6\u00dfere Beschriftungsfl\u00e4che, im Gegensatz zu den runden DIN18 Glasflaschen Standard. Sie ist zudem etwas h\u00f6her und schm\u00e4ler. Daher passt diese Pipette nur in diese spezielle Flasche.<\/p>\n<p>F\u00fcr andere DIN18 Glasflaschen zwischen 30 und 100 ml, nutzen Sie die normale <strong><span style=\"color: #0000ff;\"><a style=\"color: #0000ff;\" href=\"https:\/\/shop.nlq24.eu\/produkt\/pipette-fuer-glasflasche-din18-77-cm-standard-rot\/\">Dosierpipette STANDARD<\/a><\/span><\/strong>, 77 mm. F\u00fcr andere DIN18 Glasflachen mit 100 ml Volumen passt die <strong><a href=\"https:\/\/shop.nlq24.eu\/de\/produkt\/pipette-fuer-glasflasche-din18-106-mm\/\">Pipette 106 mm<\/a><\/strong>.<\/p>\n<p>&nbsp;<\/p>\n","protected":false},"excerpt":{"rendered":"<p>Pipette f\u00fcr Glasflasche DIN18, lang 114 mm Diese Pipette passt nur f\u00fcr die Glas-Tropferflasche &#8222;Slim bzw. Vario&#8220;! Um Sie zu nutzen, brauchen Sie diese Pipette nur einfach auf Ihre DIN18 Glasflasche SLIM aufschrauben. F\u00fcr kleinere Flaschen ist diese lange Pipette nicht geeignet. Sie hat eine L\u00e4nge von 114 mm. Das m\u00f6gliche Volumen pro Hub liegt [&#8230;]\n","protected":false},"featured_media":3599,"comment_status":"open","ping_status":"closed","template":"","meta":[],"product_brand":[],"product_cat":[43,81,89,843,109,327],"product_tag":[528,530,531,103,364,523,525],"class_list":{"0":"post-94","1":"product","2":"type-product","3":"status-publish","4":"has-post-thumbnail","6":"product_cat-dosieren-abmessen","7":"product_cat-alle-produkte-im-ueberblick","8":"product_cat-glasflaschen","9":"product_cat-pipetten","10":"product_cat-verschluesse-din18","11":"product_cat-verschluesse-und-zubehoer","12":"product_tag-mm","13":"product_tag-din18","14":"product_tag-slim","15":"product_tag-glasflasche","16":"product_tag-pipette","17":"product_tag-din","18":"product_tag-glasflaschen","19":"product_shipping_class-standard","21":"first","22":"instock","23":"taxable","24":"shipping-taxable","25":"purchasable","26":"product-type-variable"},"_links":{"self":[{"href":"https:\/\/shop.nlq24.eu\/de\/wp-json\/wp\/v2\/product\/94","targetHints":{"allow":["GET"]}}],"collection":[{"href":"https:\/\/shop.nlq24.eu\/de\/wp-json\/wp\/v2\/product"}],"about":[{"href":"https:\/\/shop.nlq24.eu\/de\/wp-json\/wp\/v2\/types\/product"}],"replies":[{"embeddable":true,"href":"https:\/\/shop.nlq24.eu\/de\/wp-json\/wp\/v2\/comments?post=94"}],"wp:featuredmedia":[{"embeddable":true,"href":"https:\/\/shop.nlq24.eu\/de\/wp-json\/wp\/v2\/media\/3599"}],"wp:attachment":[{"href":"https:\/\/shop.nlq24.eu\/de\/wp-json\/wp\/v2\/media?parent=94"}],"wp:term":[{"taxonomy":"product_brand","embeddable":true,"href":"https:\/\/shop.nlq24.eu\/de\/wp-json\/wp\/v2\/product_brand?post=94"},{"taxonomy":"product_cat","embeddable":true,"href":"https:\/\/shop.nlq24.eu\/de\/wp-json\/wp\/v2\/product_cat?post=94"},{"taxonomy":"product_tag","embeddable":true,"href":"https:\/\/shop.nlq24.eu\/de\/wp-json\/wp\/v2\/product_tag?post=94"}],"curies":[{"name":"wp","href":"https:\/\/api.w.org\/{rel}","templated":true}]}}