{"id":95,"date":"2018-10-31T08:17:00","date_gmt":"2018-10-31T08:17:00","guid":{"rendered":"https:\/\/www.nlq24.de\/?post_type=product&#038;p=95"},"modified":"2025-08-02T19:10:17","modified_gmt":"2025-08-02T19:10:17","slug":"glasflasche-din18-vario","status":"publish","type":"product","link":"https:\/\/shop.nlq24.eu\/de\/Produkt\/glasflasche-din18-vario\/","title":{"rendered":"Glasflasche DIN18 Vario"},"content":{"rendered":"<p><strong>Glasflasche DIN18 Vario &#8211; Apothekerflasche aus Braunglas.<\/strong><br \/>\nDiese leere Glasflasche DIN18 aus Braunglas erh\u00e4ltst du hier mit verschiedenstem Zubeh\u00f6r. Sie hat die hydrolytische Klasse III und somit einen pharmazeutischem Standard. Die Gewindegr\u00f6\u00dfe ist DIN18, also 18 mm. Sie ist ziemlich schmal, im Gegensatz zu normalen Standard-Flaschen. Die gro\u00dfe und gerade Fl\u00e4che erm\u00f6glicht die Anbringung von gro\u00dfen Etiketten. Dadurch kann diese Flasche mit gr\u00f6\u00dferen Labels beklebt werden, ohne dass eine Rundung zu Falten im Label f\u00fchrt. Auch ist somit die Aufbringung von mehr Text und Bild m\u00f6glich. Durch ein niedriges Gewicht von gerade einmal um die 93 Gramm (bei 100 ml Volumen), ist diese Glasflasche zudem ein Leichtgewicht. Dies bedeutet weniger Gewicht beim Versand und dadurch weniger Kosten. Ein weiterer Vorteile dieser Braunglasflasche ist der hohen Lichtschutz f\u00fcr das F\u00fcllgut.<\/p>\n<p>Diese Glas-Tropferflasche DIN18 ist auch unter der Bezeichnung Braunglasflasche, Tropfflasche oder Apothekerflasche bekannt.<\/p>\n<p>Diese Flasche hat weiterhin der Vorteile, dass sie resistent gegen S\u00e4uren und andere aggressive Substanzen ist. Sie verf\u00fcgt zudem \u00fcber ein hochwertiges Aussehen. Dieses Glas hat hervorragende Barriere Eigenschaften und macht dieses Pharmaglas zum Spitzenprodukt erster Wahl und G\u00fcte. Diese Flaschen sind \u00fcbrigens auch sehr gut zum Bef\u00fcllen mit \u00e4therischen \u00d6len, Duft\u00f6len, Kr\u00e4uterausz\u00fcgen, etc. geeignet. Speziell f\u00fcr diese Glasflasche Slim gibt es eine extra lange Pipette mit 114 mm, die bis zum Boden der Flasche reicht.<\/p>\n<p><strong>Folgende Verschl\u00fcsse stehen f\u00fcr Ihre Glasflasche DIN18 Vario zur Auswahl:<br \/>\n<\/strong>1. Tropfer Verschluss Standard<br \/>\n2. Tropfer Verschluss mit Kindersicherung<br \/>\n3. Dosierpipetten-Verschluss<br \/>\n4. Sprayer Aufsatz-Verschluss<br \/>\n5. <strong>Pinsel<\/strong> Verschluss (lese <strong><a href=\"https:\/\/shop.nlq24.eu\/de\/Produkt\/pinsel-fuer-glasflasche-din18\/\">hier<\/a><\/strong> mehr zur Best\u00e4ndigkeit des Materials).<br \/>\n6. Dosiersystem mit Einsatz und Dosierspritze (Doser) zum Entnehmen und Abmessen in einem Vorgang!<\/p>\n<p>Das Dosiersystem DIN18 (Dosersystem DIN18) ohne Flasche finden sie <strong><a href=\"https:\/\/shop.nlq24.eu\/de\/produkt\/doser-system-din18\/\">HIER<\/a><\/strong>.<\/p>\n<p><strong>Folgende Volumen, stehen zur Auswahl:<\/strong><\/p>\n<p>10, 30, 50 oder 100 ml<\/p>\n","protected":false},"excerpt":{"rendered":"<p>Glasflasche DIN18 Vario<\/p>\n","protected":false},"featured_media":4828,"comment_status":"open","ping_status":"closed","template":"","meta":[],"product_brand":[],"product_cat":[81,89,91,941],"product_tag":[727,728,92,104,698,105,298,699,301,700,3094,364,701,476,710],"class_list":{"0":"post-95","1":"product","2":"type-product","3":"status-publish","4":"has-post-thumbnail","6":"product_cat-alle-produkte-im-ueberblick","7":"product_cat-glasflaschen","8":"product_cat-sprayer-flaschen","9":"product_cat-glasflaschen-din18","10":"product_tag-glasflasche-din-18-pinsel","11":"product_tag-glasflasche-din-18-mit-pinsel","12":"product_tag-sprayerflasche","13":"product_tag-glasflasche-din18","14":"product_tag-glasflasche-10ml","15":"product_tag-tropfer","16":"product_tag-pipettenflasche","17":"product_tag-glasflasche-30-ml","18":"product_tag-glasflasche-kindersicher","19":"product_tag-glasflasche-50-ml","20":"product_tag-flasche-mit-dosier-system","21":"product_tag-pipette","22":"product_tag-glasflasche-100-ml","23":"product_tag-deckel-fuer-pp28-glasflaschen","24":"product_tag-apothekenflasche","25":"product_shipping_class-standard","26":"pa_milliliter-10-ml","27":"pa_milliliter-30-ml","28":"pa_milliliter-50-ml","29":"pa_milliliter-100-ml","31":"first","32":"instock","33":"taxable","34":"shipping-taxable","35":"purchasable","36":"product-type-variable"},"_links":{"self":[{"href":"https:\/\/shop.nlq24.eu\/de\/wp-json\/wp\/v2\/product\/95","targetHints":{"allow":["GET"]}}],"collection":[{"href":"https:\/\/shop.nlq24.eu\/de\/wp-json\/wp\/v2\/product"}],"about":[{"href":"https:\/\/shop.nlq24.eu\/de\/wp-json\/wp\/v2\/types\/product"}],"replies":[{"embeddable":true,"href":"https:\/\/shop.nlq24.eu\/de\/wp-json\/wp\/v2\/comments?post=95"}],"wp:featuredmedia":[{"embeddable":true,"href":"https:\/\/shop.nlq24.eu\/de\/wp-json\/wp\/v2\/media\/4828"}],"wp:attachment":[{"href":"https:\/\/shop.nlq24.eu\/de\/wp-json\/wp\/v2\/media?parent=95"}],"wp:term":[{"taxonomy":"product_brand","embeddable":true,"href":"https:\/\/shop.nlq24.eu\/de\/wp-json\/wp\/v2\/product_brand?post=95"},{"taxonomy":"product_cat","embeddable":true,"href":"https:\/\/shop.nlq24.eu\/de\/wp-json\/wp\/v2\/product_cat?post=95"},{"taxonomy":"product_tag","embeddable":true,"href":"https:\/\/shop.nlq24.eu\/de\/wp-json\/wp\/v2\/product_tag?post=95"}],"curies":[{"name":"wp","href":"https:\/\/api.w.org\/{rel}","templated":true}]}}