{"id":99,"date":"2018-10-31T18:54:43","date_gmt":"2018-10-31T18:54:43","guid":{"rendered":"https:\/\/www.nlq24.de\/?post_type=product&#038;p=99"},"modified":"2025-11-18T17:18:12","modified_gmt":"2025-11-18T17:18:12","slug":"pipette-glasflasche-din18-77-mm","status":"publish","type":"product","link":"https:\/\/shop.nlq24.eu\/de\/Produkt\/pipette-glasflasche-din18-77-mm\/","title":{"rendered":"Pipette f\u00fcr Glasflasche DIN18, 77 mm f\u00fcr Flaschen mit 30 ml Volumen"},"content":{"rendered":"<h3 class=\"Normal\">Pipette f\u00fcr Glasflasche DIN18, 77 mm f\u00fcr Flaschen mit 30 ml Volumen<\/h3>\n<p class=\"Normal\">Diese Pipette mit Glasr\u00f6hrchen, eignet sich f\u00fcr Glasflaschen der Gr\u00f6\u00dfe DIN18. Sie k\u00f6nnen diese einfach aufschrauben und als Verschluss benutzen.<\/p>\n<h3>Passform der Pipette f\u00fcr Glasflasche DIN18, 77 mm<\/h3>\n<p class=\"Normal\">Sie passt zu all ihren DIN18 Glasflaschen. Sie eignet sich f\u00fcr Ihre Flaschen \u00fcber 50 ml Volumen. Optimal passt sie zur <strong><a href=\"https:\/\/shop.nlq24.eu\/de\/produkt\/glasflasche-din18-vario\/\">Braunglasflasche DIN18<\/a><\/strong>\u00a0 mit <strong>30 ml Volumen<\/strong>. Sie nutzen diese zum sichern Abmessen von Tropfen. Mit <strong>77 mm<\/strong> hat diese eine L\u00e4nge, die zur Entnahme gut ausreicht, auch wenn Sie nicht bei allen Flaschen bis zum Flaschenboden reicht. Durch leichtes Kippen der Flasche k\u00f6nnen Sie die Fl\u00fcssigkeit trotzdem gut entnehmen.<\/p>\n<h3>Ausstattung<\/h3>\n<p class=\"Normal\">Das Fassungsverm\u00f6gen liegt bei ca. 0,6 ml.<br \/>\nDie verwendeten Materialien sind: PE, f\u00fcr den Verschluss, Gummi f\u00fcr den Balg und Glas f\u00fcr das R\u00f6hrchen. Die Pipette ist jedoch nicht f\u00fcr die <strong>10 ml<\/strong> DIN18 Glasflasche geeignet.\u00a0 Zu dieser gibt es eine <a href=\"https:\/\/shop.nlq24.eu\/produkt\/pipette-fuer-10-ml-glasflasche-din18\/\">gesonderte Pipette<\/a>. Der Originalit\u00e4tsring sorgt daf\u00fcr, dass man erkennen kann, wenn die Flasche einmal ge\u00f6ffnet wurde. Er l\u00f6st sich beim ersten \u00d6ffnen der Flasche und verbleibt dann unterhalb des Verschlusses.<\/p>\n<p class=\"Normal\">Sollten Sie eine Flasche ben\u00f6tigen, die gleich mit einer Pipette ausgestattet ist, klicken Sie auf die<u><a href=\"https:\/\/shop.nlq24.eu\/produkt\/glasflasche-din18-slim-braun\/\"> Glasflasche SLIM<\/a><\/u>.<\/p>\n","protected":false},"excerpt":{"rendered":"<p><strong>Pipette f\u00fcr Glasflasche DIN18, 77 mm lang, roter Balg f\u00fcr Flaschen mit 30 ml Volumen<\/strong><\/p>\n","protected":false},"featured_media":4858,"comment_status":"open","ping_status":"closed","template":"","meta":[],"product_brand":[],"product_cat":[43,81,89,109,843,327],"product_tag":[392,712,746,364,366,388,389,391],"class_list":{"0":"post-99","1":"product","2":"type-product","3":"status-publish","4":"has-post-thumbnail","6":"product_cat-dosieren-abmessen","7":"product_cat-alle-produkte-im-ueberblick","8":"product_cat-glasflaschen","9":"product_cat-verschluesse-din18","10":"product_cat-pipetten","11":"product_cat-verschluesse-und-zubehoer","12":"product_tag-pipette-rot","13":"product_tag-pipette-standard","14":"product_tag-pipette-fuer-glasflasche-77-mm","15":"product_tag-pipette","16":"product_tag-pipette-fuer-glasflasche-din18","17":"product_tag-glaspipette","18":"product_tag-pipette-fuer-glasflasche","19":"product_tag-tropferpipette","20":"product_shipping_class-standard","22":"first","23":"instock","24":"taxable","25":"shipping-taxable","26":"purchasable","27":"product-type-simple"},"_links":{"self":[{"href":"https:\/\/shop.nlq24.eu\/de\/wp-json\/wp\/v2\/product\/99","targetHints":{"allow":["GET"]}}],"collection":[{"href":"https:\/\/shop.nlq24.eu\/de\/wp-json\/wp\/v2\/product"}],"about":[{"href":"https:\/\/shop.nlq24.eu\/de\/wp-json\/wp\/v2\/types\/product"}],"replies":[{"embeddable":true,"href":"https:\/\/shop.nlq24.eu\/de\/wp-json\/wp\/v2\/comments?post=99"}],"wp:featuredmedia":[{"embeddable":true,"href":"https:\/\/shop.nlq24.eu\/de\/wp-json\/wp\/v2\/media\/4858"}],"wp:attachment":[{"href":"https:\/\/shop.nlq24.eu\/de\/wp-json\/wp\/v2\/media?parent=99"}],"wp:term":[{"taxonomy":"product_brand","embeddable":true,"href":"https:\/\/shop.nlq24.eu\/de\/wp-json\/wp\/v2\/product_brand?post=99"},{"taxonomy":"product_cat","embeddable":true,"href":"https:\/\/shop.nlq24.eu\/de\/wp-json\/wp\/v2\/product_cat?post=99"},{"taxonomy":"product_tag","embeddable":true,"href":"https:\/\/shop.nlq24.eu\/de\/wp-json\/wp\/v2\/product_tag?post=99"}],"curies":[{"name":"wp","href":"https:\/\/api.w.org\/{rel}","templated":true}]}}