{"id":997,"date":"2019-01-08T07:04:50","date_gmt":"2019-01-08T07:04:50","guid":{"rendered":"https:\/\/www.nlq24.de\/?post_type=product&#038;p=997"},"modified":"2024-12-12T19:24:02","modified_gmt":"2024-12-12T19:24:02","slug":"verschluesse-tropfer-sprayer-fuer-weisse-pe-flaschen","status":"publish","type":"product","link":"https:\/\/shop.nlq24.eu\/de\/Produkt\/verschluesse-tropfer-sprayer-fuer-weisse-pe-flaschen\/","title":{"rendered":"Verschluss f\u00fcr PE-Flaschen 20-410"},"content":{"rendered":"<p>Verschluss f\u00fcr PE-Flaschen 20-410<\/p>\n<p>Verf\u00fcgen Sie bereits \u00fcber eine PE-Flasche der Gr\u00f6\u00dfe 20-410? Dann k\u00f6nnen Sie hier Verschl\u00fcsse f\u00fcr diese erwerben. Ich biete Ihnen folgende Verschluss-Varianten an:<\/p>\n<p><strong>Tropferverschlu\u00df mit Dosierspitze<\/strong>, wahlweise in den Farben: wei\u00df, schwarz,\u00a0 gold oder silbermetallisiert.<strong><br \/>\n<\/strong><strong>Diese Tropferverschl\u00fcsse<\/strong> dienen zum Verschlie\u00dfen der Flaschen und als Tropfer. Sie verf\u00fcgen \u00fcber eine kleine Spitze, mit der man die Fl\u00fcssigkeit gut auftropfen, oder auch auftragen kann.<\/p>\n<p>Weiterhin steht folgendes Zubeh\u00f6r f\u00fcr diese Flaschengr\u00f6\u00dfe zur Auswahl. <strong>Ein Sprayer-Aufsatz. <\/strong>Mit diesem k\u00f6nnen Sie Fl\u00fcssigkeiten in feinem Strahl spr\u00fchen. Zudem verf\u00fcgt dieser Sprayer \u00fcber ein durchsichtiges K\u00e4ppchen. Dies wiederum verhindert ein Ausd\u00fcnsten oder Ausgasen des Inhaltes der Fl\u00fcssigkeit aus der PE Flasche. Das ist gerade bei der Verwendung, zum Beispiel\u00a0 von Chlordioxid, wichtig. Ohne eine Ausd\u00fcnstung ist der Inhalt in der Flasche l\u00e4nger haltbar. Auch dieser passt perfekt auf diese Flaschen.<\/p>\n<p>Ich verwende diesen Sprayer ebenfalls f\u00fcr Chlordioxid L\u00f6sungen (CDH3000). Es h\u00e4lt sich darin problemlos mehrere Wochen. Bei einer l\u00e4ngeren Lagerung von CDH in dieser Flasche, empfehle ich den Wechsel des Spr\u00fchkopfes.<\/p>\n<p>Verf\u00fcgen Sie noch nicht \u00fcber eine solche PE-Flasche, k\u00f6nnen Sie diese <a href=\"https:\/\/shop.nlq24.eu\/produkt\/pe-flaschen-weiss-in-verschiedenen-varianten-groessen-und-zubehoer\/\">HIER<\/a> erwerben. Dort erhalten Sie die PE Flasche auch mit dem dazu ausw\u00e4hlbarem Zubeh\u00f6r.<\/p>\n<p>Mehr zu den Flaschen finden Sie <a href=\"https:\/\/shop.nlq24.eu\/pe-flaschen-20-410-und-zubehoer\/?preview_id=1116&amp;preview_nonce=e403e27724&amp;preview=true\">hier.<\/a><\/p>\n","protected":false},"excerpt":{"rendered":"<p>Verschluss f\u00fcr PE-Flasche 20-410 oder Sprayeraufsatz<\/p>\n","protected":false},"featured_media":5241,"comment_status":"open","ping_status":"closed","template":"","meta":[],"product_brand":[],"product_cat":[81,327,330,393],"product_tag":[609,433,436,105,111,538,544,606,607,608],"class_list":{"0":"post-997","1":"product","2":"type-product","3":"status-publish","4":"has-post-thumbnail","6":"product_cat-alle-produkte-im-ueberblick","7":"product_cat-verschluesse-und-zubehoer","8":"product_cat-hdpe-flaschen-weiss-durchgefaerbt","9":"product_cat-hdpe-flaschen-zubehoer","10":"product_tag-auftraeger","11":"product_tag-pe-flasche","12":"product_tag-hdpe","13":"product_tag-tropfer","14":"product_tag-verschluss","15":"product_tag-pe","16":"product_tag-flasche","17":"product_tag-tropferspitze","18":"product_tag-leerflasche","19":"product_tag-20-410","20":"product_shipping_class-standard","22":"first","23":"instock","24":"taxable","25":"shipping-taxable","26":"purchasable","27":"product-type-variable"},"_links":{"self":[{"href":"https:\/\/shop.nlq24.eu\/de\/wp-json\/wp\/v2\/product\/997","targetHints":{"allow":["GET"]}}],"collection":[{"href":"https:\/\/shop.nlq24.eu\/de\/wp-json\/wp\/v2\/product"}],"about":[{"href":"https:\/\/shop.nlq24.eu\/de\/wp-json\/wp\/v2\/types\/product"}],"replies":[{"embeddable":true,"href":"https:\/\/shop.nlq24.eu\/de\/wp-json\/wp\/v2\/comments?post=997"}],"wp:featuredmedia":[{"embeddable":true,"href":"https:\/\/shop.nlq24.eu\/de\/wp-json\/wp\/v2\/media\/5241"}],"wp:attachment":[{"href":"https:\/\/shop.nlq24.eu\/de\/wp-json\/wp\/v2\/media?parent=997"}],"wp:term":[{"taxonomy":"product_brand","embeddable":true,"href":"https:\/\/shop.nlq24.eu\/de\/wp-json\/wp\/v2\/product_brand?post=997"},{"taxonomy":"product_cat","embeddable":true,"href":"https:\/\/shop.nlq24.eu\/de\/wp-json\/wp\/v2\/product_cat?post=997"},{"taxonomy":"product_tag","embeddable":true,"href":"https:\/\/shop.nlq24.eu\/de\/wp-json\/wp\/v2\/product_tag?post=997"}],"curies":[{"name":"wp","href":"https:\/\/api.w.org\/{rel}","templated":true}]}}