{"id":11709,"date":"2018-09-16T09:37:27","date_gmt":"2018-09-16T09:37:27","guid":{"rendered":"https:\/\/www.nlq24.de\/payment-methods\/"},"modified":"2019-05-31T10:12:41","modified_gmt":"2019-05-31T10:12:41","slug":"payment-methods","status":"publish","type":"page","link":"https:\/\/shop.nlq24.eu\/en\/payment-methods\/","title":{"rendered":"payment methods"},"content":{"rendered":"<div class=\"woocommerce woocommerce-gzd\">\n\t<ul class=\"payment_methods methods\">\n\t\t\t\t\t<li class=\"payment_method_paypal\">\n\t\t\t\t<label>Paypal<img decoding=\"async\" src=\"https:\/\/shop.nlq24.eu\/wp-content\/plugins\/woocommerce\/assets\/images\/paypal.png\" alt=\"PayPal acceptance mark\" \/><\/label>\n\t\t\t\t\t\t\t\t\t<div class=\"payment_box payment_method_paypal\">\n\t\t\t\t\t\t<p>You can also pay by credit card here without a PayPal account. In case of problems you can also pay with the following link: https:\/\/www.paypal.me\/neuelebensqualitaet\/ (enter the amount after \u2018\/\u2019. Thank you!Livraison. Apr\u00e8s la derni\u00e8re maison continuer sur 500m et tourner \u00e0 gauche avant la bo\u00eete aux lettres.<\/p>\n\t\t\t\t\t<\/div>\n\t\t\t\t\t\t\t<\/li>\n\t\t\t\t\t<li class=\"payment_method_invoice\">\n\t\t\t\t<label> purchase on account<\/label>\n\t\t\t\t\t\t\t\t\t<div class=\"payment_box payment_method_invoice\">\n\t\t\t\t\t\t<p>As a regular customer you now can pay by \"purchase on account\".<\/p>\n\t\t\t\t\t<\/div>\n\t\t\t\t\t\t\t<\/li>\n\t\t\t\t\t<li class=\"payment_method_bacs\">\n\t\t\t\t<label>Prepayment by bank transfer<\/label>\n\t\t\t\t\t\t\t\t\t<div class=\"payment_box payment_method_bacs\">\n\t\t\t\t\t\t<p>Transfer before the goods are dispatched Prepayment = advance transfer to my account. After the payment has been received, the order will be processed further. or choose: <b>BLITZKAUF:<\/b>: Use instead of PAYPAL but rather the flash purchase and transfer the money. Please send me a proof of payment\/info by e-mail and save 2%. - This does not make the giant even richer and us less transparent \ud83d\ude09 . Your order will then be processed immediately. Enter the voucher code: <b>BLITZKAUF:<\/b> in the top right corner.\r\n<\/p>\n\t\t\t\t\t<\/div>\n\t\t\t\t\t\t\t<\/li>\n\t\t\t\t\t<li class=\"payment_method_cheque\">\n\t\t\t\t<label>Pay cash by letter!<\/label>\n\t\t\t\t\t\t\t\t\t<div class=\"payment_box payment_method_cheque\">\n\t\t\t\t\t\t<p>Send the money by letter to: Neue Lebensqualit\u00e4t Lager DE Hauptstr. 1 23619 Badendorf Germany.\n\nAs soon as the money is received, the order will be processed. I will put the change in the package.<\/p>\n\t\t\t\t\t<\/div>\n\t\t\t\t\t\t\t<\/li>\n\t\t\t<\/ul>\n<\/div>\n","protected":false},"excerpt":{"rendered":"","protected":false},"author":1,"featured_media":0,"parent":0,"menu_order":0,"comment_status":"closed","ping_status":"closed","template":"","meta":{"footnotes":""},"class_list":["post-11709","page","type-page","status-publish","hentry"],"_links":{"self":[{"href":"https:\/\/shop.nlq24.eu\/en\/wp-json\/wp\/v2\/pages\/11709","targetHints":{"allow":["GET"]}}],"collection":[{"href":"https:\/\/shop.nlq24.eu\/en\/wp-json\/wp\/v2\/pages"}],"about":[{"href":"https:\/\/shop.nlq24.eu\/en\/wp-json\/wp\/v2\/types\/page"}],"author":[{"embeddable":true,"href":"https:\/\/shop.nlq24.eu\/en\/wp-json\/wp\/v2\/users\/1"}],"replies":[{"embeddable":true,"href":"https:\/\/shop.nlq24.eu\/en\/wp-json\/wp\/v2\/comments?post=11709"}],"version-history":[{"count":0,"href":"https:\/\/shop.nlq24.eu\/en\/wp-json\/wp\/v2\/pages\/11709\/revisions"}],"wp:attachment":[{"href":"https:\/\/shop.nlq24.eu\/en\/wp-json\/wp\/v2\/media?parent=11709"}],"curies":[{"name":"wp","href":"https:\/\/api.w.org\/{rel}","templated":true}]}}