{"id":11696,"date":"2018-09-16T09:37:27","date_gmt":"2018-09-16T09:37:27","guid":{"rendered":"https:\/\/www.nlq24.de\/?page_id=11696"},"modified":"2025-11-19T16:19:07","modified_gmt":"2025-11-19T16:19:07","slug":"impressum","status":"publish","type":"page","link":"https:\/\/shop.nlq24.eu\/es\/impressum\/","title":{"rendered":"Impresionante"},"content":{"rendered":"<p><strong>Impresionante<\/strong><\/p>\n<p>Torben Beuthien<br \/>Neue Lebensqualit\u00e4t<br \/>Lager DE<br \/>Hauptstr. 1<br \/>23619 Badendorf<br \/>Alemania<\/p>\n<p>Tel\u00e9fono: 04514891143<br \/>Correo electr\u00f3nico: service@nlq24.de<\/p>\n<p>N\u00famero de identificaci\u00f3n del impuesto sobre la venta seg\u00fan el art\u00edculo 27 a de la Umsatzsteuergesetz: DE303534513<\/p>\n<p class=\"NurText\">Responsable seg\u00fan el \u00a7 18 MStV: Torben Beuthien, Hauptstr. 1, 23619 Badendorf<\/p>\n<p class=\"NurText\">No estoy obligado a participar en procedimientos de resoluci\u00f3n de disputas ante una junta de arbitraje de consumidores y no estoy dispuesto a hacerlo.<\/p>\n<p class=\"NurText\">De acuerdo con las disposiciones legales, mi empresa est\u00e1 exenta del alcance de los requisitos de accesibilidad y, por tanto, de la obligaci\u00f3n de preparar y presentar una declaraci\u00f3n de accesibilidad.<\/p>\n\n<p><\/p>\n<div class=\"woocommerce woocommerce-gzd woocommerce-gzd-complaints-shortcode\">\n\t\t\t<h3>Alternative Dispute Resolution in accordance with Art. 14 (1) ODR-VO and \u00a7 36 VSBG:<\/h3>\n\t\nLa Comisi\u00f3n Europea proporciona una plataforma para la resoluci\u00f3n de conflictos en l\u00ednea (OS), que puede encontrar en https:\/\/ec.europa.eu\/consumers\/odr No estamos obligados ni preparados para participar en un procedimiento de resoluci\u00f3n de conflictos ante un organismo de arbitraje de consumo.<\/div>\n","protected":false},"excerpt":{"rendered":"<p>Impresionante Torben BeuthienNeue Lebensqualit\u00e4tLager DEHauptstr. 123619 BadendorfAlemania Tel\u00e9fono: 04514891143Correo electr\u00f3nico: service@nlq24.de N\u00famero de identificaci\u00f3n del impuesto sobre la venta seg\u00fan el art\u00edculo 27 a de la Umsatzsteuergesetz: DE303534513 Responsable seg\u00fan el \u00a7 18 MStV: Torben Beuthien, Hauptstr. 1, 23619 Badendorf No estoy obligado a participar en procedimientos de resoluci\u00f3n de disputas ante una junta de [&#8230;]\n","protected":false},"author":1,"featured_media":0,"parent":0,"menu_order":0,"comment_status":"closed","ping_status":"closed","template":"","meta":{"footnotes":""},"class_list":["post-11696","page","type-page","status-publish","hentry"],"_links":{"self":[{"href":"https:\/\/shop.nlq24.eu\/es\/wp-json\/wp\/v2\/pages\/11696","targetHints":{"allow":["GET"]}}],"collection":[{"href":"https:\/\/shop.nlq24.eu\/es\/wp-json\/wp\/v2\/pages"}],"about":[{"href":"https:\/\/shop.nlq24.eu\/es\/wp-json\/wp\/v2\/types\/page"}],"author":[{"embeddable":true,"href":"https:\/\/shop.nlq24.eu\/es\/wp-json\/wp\/v2\/users\/1"}],"replies":[{"embeddable":true,"href":"https:\/\/shop.nlq24.eu\/es\/wp-json\/wp\/v2\/comments?post=11696"}],"version-history":[{"count":0,"href":"https:\/\/shop.nlq24.eu\/es\/wp-json\/wp\/v2\/pages\/11696\/revisions"}],"wp:attachment":[{"href":"https:\/\/shop.nlq24.eu\/es\/wp-json\/wp\/v2\/media?parent=11696"}],"curies":[{"name":"wp","href":"https:\/\/api.w.org\/{rel}","templated":true}]}}