{"id":12544,"date":"2019-01-25T16:26:23","date_gmt":"2019-01-25T16:26:23","guid":{"rendered":"https:\/\/www.nlq24.de\/?page_id=12544"},"modified":"2022-07-21T07:39:22","modified_gmt":"2022-07-21T07:39:22","slug":"12544-2","status":"publish","type":"page","link":"https:\/\/shop.nlq24.eu\/es\/12544-2\/","title":{"rendered":"Sobre m\u00ed y una nueva calidad de vida"},"content":{"rendered":"\n<p>Soy la persona torben de la familia beuthien y he estado dirigiendo mi tienda desde 2009.  <\/p>\n\n<p><strong>Para<\/strong> m\u00ed, una nueva calidad de vida significa ser capaz de liberarse de las restricciones manipuladoras innecesarias que se han planteado y\nhan dado forma. En definitiva, ser libre por dentro. Para m\u00ed, no se trata solo de querer nadar contra la corriente, sino de dejar que mi subconsciente se cree. Me gu\u00eda por s\u00ed mismo\na lo que es realmente importante para mi vida. Eso ser\u00eda amor y armon\u00eda. Liberados de las restricciones y el miedo, el poder del panorama general puede traer armon\u00eda natural a nuestras vidas. Esto empuja\nen mi trabajo con la gente.<br\/><\/p>\n\n<p>El estr\u00e9s, el ajetreo y el bullicio y la presi\u00f3n apenas permiten el amor. A trav\u00e9s de una larga y grave enfermedad, mi alma, a trav\u00e9s de mi cuerpo, me dej\u00f3 claro que no hab\u00eda m\u00e1s progreso en mi camino de vida en ese momento.\nse ir\u00eda. Fue solo cuando recuper\u00e9 mi armon\u00eda que pude prevenir da\u00f1os f\u00edsicos severos o algo peor.<br\/>En el camino hacia la recuperaci\u00f3n, obtuve informaci\u00f3n completamente nueva. Estos trajeron\nMe refer\u00ed de mi antigua profesi\u00f3n como administrador de viviendas en atenci\u00f3n geri\u00e1trica a un campo que ya hab\u00eda seguido con inter\u00e9s desde el fondo de mi coraz\u00f3n antes de mi entrenamiento. En el camino tambi\u00e9n aprend\u00ed grandes telas y sustancias.\nque he estado investigando. Finalmente, tom\u00e9 la decisi\u00f3n de vender productos interesantes y valiosos, sin agitaci\u00f3n, estr\u00e9s y similares, que ahora les doy aqu\u00ed en mi\n<strong><a href=\"https:\/\/shop.nlq24.eu\/sample-page\/shop\/\">Tienda online.<\/a>\n  \n<\/strong><br\/><\/p>\n\n<p>Mi principal inter\u00e9s radica en la investigaci\u00f3n del trasfondo mental de los problemas y bloqueos en la vida. Despu\u00e9s de todo, desarrollo soluciones que son f\u00e1ciles de implementar.\nPuede obtener una peque\u00f1a idea de este tema en <a href=\"http:\/\/www.ganzheitliche-harmonisierung.de\">www.ganzheitliche-harmonisierung.de.<\/a><\/p>\n\n<p>De un nuevo lema de vida, ha surgido una nueva calidad de vida. Buscando un nombre para mi tienda, a mi esposa y a m\u00ed se nos ocurri\u00f3 el nombre de \u00abNueva Calidad de Vida\u00bb.\nEspero que t\u00fa tambi\u00e9n descubras tu nueva calidad de vida.  <\/p>\n\n<p>Con su compra de m\u00ed, no est\u00e1 comprando a una gran corporaci\u00f3n o incluso a un monopolista. Desafortunadamente, la humanidad generalmente no se capitaliza en estos casos, sino que a menudo se elimina.\nTodo en mente: el dinero y el poder es lo m\u00e1s importante. Greenpeace lo puso una vez en pocas palabras con el dicho: \u00abLa codicia es el problema\u00bb. Esto, a su vez, a menudo se nos ense\u00f1aba. \u00bfQui\u00e9n se despierta y ve eso?\nuna libertad fingida no cuenta para nada y solo conf\u00edas en el sue\u00f1o equivocado, que luego tambi\u00e9n sabe que \u00abtodos contra todos\u00bb es el camino equivocado. As\u00ed que les ofrezco una alternativa real.  <br\/><br\/>Con\nHecho a mano y con mucho cari\u00f1o, me encargo de los productos que te ofrezco en mi tienda. Estoy feliz de darle respuestas de mis experiencias y cuidar de usted como persona y cliente.  <\/p>\n\n<p>Ahora divi\u00e9rtete comprando.<\/p>\n\n<p>saludos cordiales<br\/>torben por nlq24<\/p>\n","protected":false},"excerpt":{"rendered":"<p>Soy la persona torben de la familia beuthien y he estado dirigiendo mi tienda desde 2009. Para m\u00ed, una nueva calidad de vida significa ser capaz de liberarse de las restricciones manipuladoras innecesarias que se han planteado y han dado forma. En definitiva, ser libre por dentro. Para m\u00ed, no se trata solo de querer [&#8230;]\n","protected":false},"author":1,"featured_media":0,"parent":0,"menu_order":0,"comment_status":"closed","ping_status":"closed","template":"","meta":{"footnotes":""},"class_list":["post-12544","page","type-page","status-publish","hentry"],"_links":{"self":[{"href":"https:\/\/shop.nlq24.eu\/es\/wp-json\/wp\/v2\/pages\/12544","targetHints":{"allow":["GET"]}}],"collection":[{"href":"https:\/\/shop.nlq24.eu\/es\/wp-json\/wp\/v2\/pages"}],"about":[{"href":"https:\/\/shop.nlq24.eu\/es\/wp-json\/wp\/v2\/types\/page"}],"author":[{"embeddable":true,"href":"https:\/\/shop.nlq24.eu\/es\/wp-json\/wp\/v2\/users\/1"}],"replies":[{"embeddable":true,"href":"https:\/\/shop.nlq24.eu\/es\/wp-json\/wp\/v2\/comments?post=12544"}],"version-history":[{"count":0,"href":"https:\/\/shop.nlq24.eu\/es\/wp-json\/wp\/v2\/pages\/12544\/revisions"}],"wp:attachment":[{"href":"https:\/\/shop.nlq24.eu\/es\/wp-json\/wp\/v2\/media?parent=12544"}],"curies":[{"name":"wp","href":"https:\/\/api.w.org\/{rel}","templated":true}]}}