{"id":13573,"date":"2018-09-16T09:37:27","date_gmt":"2018-09-16T09:37:27","guid":{"rendered":"https:\/\/www.nlq24.de\/metodos-de-pago\/"},"modified":"2018-09-16T09:37:27","modified_gmt":"2018-09-16T09:37:27","slug":"metodos-de-pago","status":"publish","type":"page","link":"https:\/\/shop.nlq24.eu\/es\/metodos-de-pago\/","title":{"rendered":"m\u00e9todos de pago"},"content":{"rendered":"<div class=\"woocommerce woocommerce-gzd\">\n\t<ul class=\"payment_methods methods\">\n\t\t\t\t\t<li class=\"payment_method_paypal\">\n\t\t\t\t<label>Paypal<img decoding=\"async\" src=\"https:\/\/shop.nlq24.eu\/wp-content\/plugins\/woocommerce\/assets\/images\/paypal.png\" alt=\"Marca de aceptaci\u00f3n de PayPal\" \/><\/label>\n\t\t\t\t\t\t\t\t\t<div class=\"payment_box payment_method_paypal\">\n\t\t\t\t\t\t<p>Tambi\u00e9n puede pagar aqu\u00ed con tarjeta de cr\u00e9dito sin necesidad de tener una cuenta PayPal. Si tiene problemas, tambi\u00e9n puede pagar con el siguiente enlace: https:\/\/www.paypal.me\/neuelebensqualitaet\/ (introduzca el importe despu\u00e9s de \u00ab\/\u00bb. Gracias. Apr\u00e8s la derni\u00e8re maison continuer sur 500m et tourner \u00e0 gauche avant la bo\u00eete aux lettres.<\/p>\n\t\t\t\t\t<\/div>\n\t\t\t\t\t\t\t<\/li>\n\t\t\t\t\t<li class=\"payment_method_invoice\">\n\t\t\t\t<label>compra a cuenta<\/label>\n\t\t\t\t\t\t\t\t\t<div class=\"payment_box payment_method_invoice\">\n\t\t\t\t\t\t<p>Como cliente habitual, ahora puede pagar por \"compra a cuenta\".<\/p>\n\t\t\t\t\t<\/div>\n\t\t\t\t\t\t\t<\/li>\n\t\t\t\t\t<li class=\"payment_method_bacs\">\n\t\t\t\t<label>Prepago por transferencia bancaria<\/label>\n\t\t\t\t\t\t\t\t\t<div class=\"payment_box payment_method_bacs\">\n\t\t\t\t\t\t<p>Transferencia antes del env\u00edo de la mercanc\u00eda prepago = transferencia anticipada a mi cuenta. Despu\u00e9s de recibir el pago, el pedido ser\u00e1 procesado m\u00e1s. o elegir: <b>BLITZKAUF:<\/b>: Utilice en lugar de PAYPAL o Sofort\u00fcberweisung el Blitzkauf y transfiera el dinero. Env\u00edeme por correo un comprobante de pago \/ informaci\u00f3n y ahorrar un 2%. - Esto no hace que el gigante a\u00fan m\u00e1s rico y nosotros menos transparente \ud83d\ude09 El pedido se tramitar\u00e1 inmediatamente. Para ello, introduzca el c\u00f3digo del cup\u00f3n \"<b>BLITZKAUF:<\/b>\" en la esquina superior derecha.<\/p>\n\t\t\t\t\t<\/div>\n\t\t\t\t\t\t\t<\/li>\n\t\t\t\t\t<li class=\"payment_method_cheque\">\n\t\t\t\t<label>Pague en efectivo por carta<\/label>\n\t\t\t\t\t\t\t\t\t<div class=\"payment_box payment_method_cheque\">\n\t\t\t\t\t\t<p>Por favor, env\u00ede el dinero en efectivo por carta a la direcci\u00f3n \nNeue Lebensqualit\u00e4t\nLager DE\nHauptstr. 1\n23619 Badendorf\nAlemania\n\nEn cuanto se reciba el dinero, se tramitar\u00e1 el pedido. Pondr\u00e9 el cambio en el paquete.Por favor, env\u00ede el dinero en efectivo por carta a la direcci\u00f3n \nNeue Lebensqualit\u00e4t\nLager DE\nHauptstr. 1\n23619 Badendorf\nDeutschland\n\nEn cuanto se reciba el dinero, se tramitar\u00e1 el pedido. Pondr\u00e9 el cambio en el paquete.<\/p>\n\t\t\t\t\t<\/div>\n\t\t\t\t\t\t\t<\/li>\n\t\t\t<\/ul>\n<\/div>\n","protected":false},"excerpt":{"rendered":"","protected":false},"author":1,"featured_media":0,"parent":0,"menu_order":0,"comment_status":"closed","ping_status":"closed","template":"","meta":{"footnotes":""},"class_list":["post-13573","page","type-page","status-publish","hentry"],"_links":{"self":[{"href":"https:\/\/shop.nlq24.eu\/es\/wp-json\/wp\/v2\/pages\/13573","targetHints":{"allow":["GET"]}}],"collection":[{"href":"https:\/\/shop.nlq24.eu\/es\/wp-json\/wp\/v2\/pages"}],"about":[{"href":"https:\/\/shop.nlq24.eu\/es\/wp-json\/wp\/v2\/types\/page"}],"author":[{"embeddable":true,"href":"https:\/\/shop.nlq24.eu\/es\/wp-json\/wp\/v2\/users\/1"}],"replies":[{"embeddable":true,"href":"https:\/\/shop.nlq24.eu\/es\/wp-json\/wp\/v2\/comments?post=13573"}],"version-history":[{"count":0,"href":"https:\/\/shop.nlq24.eu\/es\/wp-json\/wp\/v2\/pages\/13573\/revisions"}],"wp:attachment":[{"href":"https:\/\/shop.nlq24.eu\/es\/wp-json\/wp\/v2\/media?parent=13573"}],"curies":[{"name":"wp","href":"https:\/\/api.w.org\/{rel}","templated":true}]}}