{"id":48817,"date":"2019-01-14T19:39:43","date_gmt":"2019-01-14T19:39:43","guid":{"rendered":"https:\/\/www.nlq24.de\/suspension-del-pago\/"},"modified":"2019-12-17T18:04:32","modified_gmt":"2019-12-17T18:04:32","slug":"suspension-del-pago","status":"publish","type":"page","link":"https:\/\/shop.nlq24.eu\/es\/suspension-del-pago\/","title":{"rendered":"suspensi\u00f3n del pago"},"content":{"rendered":"\n<p><strong>Terminaci\u00f3n del proceso de pago<\/strong><\/p>\n\n<p>Algo no funcion\u00f3 en el proceso de pago. El intento de su pago fue desafortunadamente abortado. <\/p>\n\n<p>Si recibes una confirmaci\u00f3n de pedido por correo electr\u00f3nico, contiene un ENLACE con el que podr\u00e1s volver a intentar el pago. Aseg\u00farese de introducir sus datos correctamente.<\/p>\n\n<p style=\"font-size:0\">Si esto no funciona, simplemente ll\u00e1meme al <strong>0451 4891143<\/strong> o env\u00edeme un correo electr\u00f3nico a: <a href=\"mailto:service@nlq24.de\">service@nlq24.de<\/a> <br \/>Entonces podremos discutir los siguientes pasos. <\/p>\n\n<p>saludos cordiales<br \/><br \/>Torben Beuthien<\/p>\n","protected":false},"excerpt":{"rendered":"<p>Terminaci\u00f3n del proceso de pago Algo no funcion\u00f3 en el proceso de pago. El intento de su pago fue desafortunadamente abortado. Si recibes una confirmaci\u00f3n de pedido por correo electr\u00f3nico, contiene un ENLACE con el que podr\u00e1s volver a intentar el pago. Aseg\u00farese de introducir sus datos correctamente. Si esto no funciona, simplemente ll\u00e1meme al [&#8230;]\n","protected":false},"author":1,"featured_media":0,"parent":0,"menu_order":0,"comment_status":"closed","ping_status":"closed","template":"","meta":{"footnotes":""},"class_list":["post-48817","page","type-page","status-publish","hentry"],"_links":{"self":[{"href":"https:\/\/shop.nlq24.eu\/es\/wp-json\/wp\/v2\/pages\/48817","targetHints":{"allow":["GET"]}}],"collection":[{"href":"https:\/\/shop.nlq24.eu\/es\/wp-json\/wp\/v2\/pages"}],"about":[{"href":"https:\/\/shop.nlq24.eu\/es\/wp-json\/wp\/v2\/types\/page"}],"author":[{"embeddable":true,"href":"https:\/\/shop.nlq24.eu\/es\/wp-json\/wp\/v2\/users\/1"}],"replies":[{"embeddable":true,"href":"https:\/\/shop.nlq24.eu\/es\/wp-json\/wp\/v2\/comments?post=48817"}],"version-history":[{"count":0,"href":"https:\/\/shop.nlq24.eu\/es\/wp-json\/wp\/v2\/pages\/48817\/revisions"}],"wp:attachment":[{"href":"https:\/\/shop.nlq24.eu\/es\/wp-json\/wp\/v2\/media?parent=48817"}],"curies":[{"name":"wp","href":"https:\/\/api.w.org\/{rel}","templated":true}]}}