{"id":51192,"date":"2019-02-20T18:10:07","date_gmt":"2019-02-20T18:10:07","guid":{"rendered":"https:\/\/www.nlq24.de\/newsletter\/"},"modified":"2025-06-19T07:22:23","modified_gmt":"2025-06-19T07:22:23","slug":"newsletter","status":"publish","type":"page","link":"https:\/\/shop.nlq24.eu\/es\/newsletter\/","title":{"rendered":"Newsletter"},"content":{"rendered":"\n<p>Bolet\u00edn de noticias de www.nlq24.de<\/p>\n\n<p>De acuerdo con su pol\u00edtica de privacidad, le rogamos que me env\u00ede informaci\u00f3n sobre productos para el mantenimiento de la salud, desinfecci\u00f3n del agua y productos naturales, as\u00ed como sobre temas relacionados con la tienda y el surtido por correo electr\u00f3nico de forma regular y en cualquier momento.  <br\/><\/p>\n\n<h3> Reg\u00edstrese ahora y benef\u00edciese de las ofertas especiales!<\/h3>\n<link href=\"\/\/cdn-images.mailchimp.com\/embedcode\/classic-10_7.css\" rel=\"stylesheet\" type=\"text\/css\"\/><style type=\"text\/css\">\n\t#mc_embed_signup{background:#fff; clear:left; font:14px Helvetica,Arial,sans-serif; }\n\t\/* Add your own Mailchimp form style overrides in your site stylesheet or in this style block.\n\t   We recommend moving this block and the preceding CSS link to the HEAD of your HTML file. *\/\n<\/style><div id=\"mc_embed_signup\">\n<form action=\"https:\/\/nlq24.us20.list-manage.com\/subscribe\/post?u=61ecb05a3f22b8c058ba5d22d&#038;id=a62401a336\" method=\"post\" id=\"mc-embedded-subscribe-form\" name=\"mc-embedded-subscribe-form\" class=\"validate\" target=\"_blank\" novalidate=\"\">\n    <div id=\"mc_embed_signup_scroll\">\n\t<h2>Inscripci\u00f3n al bolet\u00edn de noticias de Neue Lebensqualit\u00e4t www.nlq24.de<\/h2>\n<div class=\"Eingabe erforderlich.\"><span class=\"asterisk\">* Entrada requerida<\/span><\/div>\n<div class=\"mc-field-group\">\n\t<label for=\"mce-EMAIL\">Su direcci\u00f3n de correo electr\u00f3nico *<span class=\"asterisk\"><\/span>\n<\/label>\n\t<input type=\"email\" value=\"\" name=\"EMAIL\" class=\"required email\" id=\"mce-EMAIL\"\/><\/div>\n<div class=\"mc-field-group\">\n\t<label for=\"mce-VORNAME\">Su nombre (opcional) <\/label>\n\t<input type=\"text\" value=\"\" name=\"VORNAME\" class=\"\" id=\"mce-VORNAME\"\/><\/div>\n<div class=\"mc-field-group\">\n\t<label for=\"mce-NACHNAME\">Su apellido (opcional) <\/label>\n\t<input type=\"text\" value=\"\" name=\"NACHNAME\" class=\"\" id=\"mce-NACHNAME\"\/><\/div>\n\t<div id=\"mce-responses\" class=\"clear\">\n\t\t<div class=\"response\" id=\"mce-error-response\" style=\"display:none\"><\/div>\n\t\t<div class=\"response\" id=\"mce-success-response\" style=\"display:none\"><\/div>\n\t<\/div>    <!-- real people should not fill this in and expect good things - do not remove this or risk form bot signups-->\n    <div style=\"position: absolute; left: -5000px;\" aria-hidden=\"true\"><input type=\"text\" name=\"b_61ecb05a3f22b8c058ba5d22d_a62401a336\" tabindex=\"-1\" value=\"\"\/><\/div>\n    <div class=\"clear\"><input type=\"submit\" value=\"Ingresar a\" name=\"Subscribe\" id=\"mc-embedded-subscribe\" class=\"button\"\/><\/div>\n    <\/div>\n<\/form>\n<\/div>\n\n<!--End mc_embed_signup-->\n\n<p>Pero puedes encontrar el bolet\u00edn en mi p\u00e1gina aqu\u00ed en el <a href=\"https:\/\/shop.nlq24.eu\/es\/blog\/\"><strong>blog<\/strong><\/a>.<\/p>\n\n<p><\/p>\n","protected":false},"excerpt":{"rendered":"<p>Bolet\u00edn de noticias de www.nlq24.de De acuerdo con su pol\u00edtica de privacidad, le rogamos que me env\u00ede informaci\u00f3n sobre productos para el mantenimiento de la salud, desinfecci\u00f3n del agua y productos naturales, as\u00ed como sobre temas relacionados con la tienda y el surtido por correo electr\u00f3nico de forma regular y en cualquier momento. Reg\u00edstrese ahora [&#8230;]\n","protected":false},"author":1,"featured_media":0,"parent":0,"menu_order":0,"comment_status":"closed","ping_status":"closed","template":"","meta":{"footnotes":""},"class_list":["post-51192","page","type-page","status-publish","hentry"],"_links":{"self":[{"href":"https:\/\/shop.nlq24.eu\/es\/wp-json\/wp\/v2\/pages\/51192","targetHints":{"allow":["GET"]}}],"collection":[{"href":"https:\/\/shop.nlq24.eu\/es\/wp-json\/wp\/v2\/pages"}],"about":[{"href":"https:\/\/shop.nlq24.eu\/es\/wp-json\/wp\/v2\/types\/page"}],"author":[{"embeddable":true,"href":"https:\/\/shop.nlq24.eu\/es\/wp-json\/wp\/v2\/users\/1"}],"replies":[{"embeddable":true,"href":"https:\/\/shop.nlq24.eu\/es\/wp-json\/wp\/v2\/comments?post=51192"}],"version-history":[{"count":0,"href":"https:\/\/shop.nlq24.eu\/es\/wp-json\/wp\/v2\/pages\/51192\/revisions"}],"wp:attachment":[{"href":"https:\/\/shop.nlq24.eu\/es\/wp-json\/wp\/v2\/media?parent=51192"}],"curies":[{"name":"wp","href":"https:\/\/api.w.org\/{rel}","templated":true}]}}