{"id":51200,"date":"2018-09-16T09:37:27","date_gmt":"2018-09-16T09:37:27","guid":{"rendered":"https:\/\/www.nlq24.de\/politica-y-formulario-de-cancelacion\/"},"modified":"2025-11-19T21:12:16","modified_gmt":"2025-11-19T21:12:16","slug":"politica-y-formulario-de-cancelacion","status":"publish","type":"page","link":"https:\/\/shop.nlq24.eu\/es\/politica-y-formulario-de-cancelacion\/","title":{"rendered":"Pol\u00edtica y formulario de cancelaci\u00f3n"},"content":{"rendered":"\n<p><strong>Cancelaci\u00f3n<\/strong><\/p>\n\n<p>Los consumidores (compradores) tienen un derecho de retirada de catorce d\u00edas.<\/p>\n\n<p><strong>Cancelaci\u00f3n<\/strong><\/p>\n\n<p><strong>Derecho de retractaci\u00f3n<\/strong><\/p>\n\n<p>Tienes derecho a cancelar tu contrato en un plazo de catorce d\u00edas sin dar motivos. El plazo de retirada es de catorce d\u00edas desde el d\u00eda en que t\u00fa o un tercero que t\u00fa mismo designes, que no sea el transportista, hayas tomado posesi\u00f3n de los bienes. <\/p>\n\n<p>Para ejercer su derecho de retirada, debe informarme (Neue Lebensqualit\u00e4t Lager DE, Hauptstr. 1, 23619 Badendorf, Alemania, service@nlq24.de, tel\u00e9fono: 04514891143) de su decisi\u00f3n de retirarse de este contrato mediante una declaraci\u00f3n inequ\u00edvoca (por ejemplo, una carta enviada por correo o un correo electr\u00f3nico).  <\/p>\n\n<p>Puedes usar el formulario de retirada adjunto para esto, pero no es obligatorio.<\/p>\n\n<p>Para cumplir con el periodo de retirada, basta con que env\u00edes la notificaci\u00f3n del ejercicio del derecho de retirada antes de que expire dicho plazo.<\/p>\n\n<p><strong>Consecuencias de la revocaci\u00f3n<\/strong><\/p>\n\n<p>Si se retira de este contrato, le reembolsar\u00e9 todos los pagos que haya recibido de su parte, incluidos los costes de entrega (con excepci\u00f3n de los costes adicionales derivados de que haya elegido un tipo de entrega distinto al m\u00e1s barato ofrecido), sin demora injustificada y como muy tarde en un plazo de catorce d\u00edas desde el d\u00eda en que recib\u00ed la notificaci\u00f3n de la retirada de este contrato. Para este reembolso, utilizar\u00e9 el mismo medio de pago que usted utiliz\u00f3 para la transacci\u00f3n original, salvo que se acorde expresamente lo contrario; en ning\u00fan caso se me cobrar\u00e1n ninguna tasa por este reembolso. Puedo negarme a devolver el dinero hasta que haya recibido los bienes intactos o hasta que se haya proporcionado prueba de que has devuelto los bienes, lo que ocurra antes.  <\/p>\n\n<p>Debe devolver o entregarme la mercanc\u00eda sin demora indebida y, en cualquier caso, no m\u00e1s tardar en catorce d\u00edas desde el d\u00eda en que me informe de la retirada de este contrato. El plazo se cumple si los bienes se enviaron antes de que expire el periodo de catorce d\u00edas. T\u00fa asumes los costes directos de devolver los productos.    <\/p>\n\n<p>Solo tienes que pagar cualquier p\u00e9rdida de valor de los bienes si esta p\u00e9rdida se debe a un manejo que t\u00fa manejas, lo cual no es necesario para comprobar la naturaleza, propiedades y funcionamiento de los bienes.<\/p>\n\n<figure class=\"wp-block-table\"><table class=\"has-fixed-layout\"><tbody><tr><td><strong>Formulario de retirada de ejemplo<\/strong><br\/><em>(Si quieres cancelar el contrato, por favor rellena este formulario y devu\u00e9lvelo.)<\/em><br\/><br\/>\u2013En <br\/>Neue Lebensqualit\u00e4t Lager DE<br\/>Hauptstr. 1<br\/>23619 Badendorf<br\/>Alemania<br\/><br\/>Correo: service@nlq24.de<br\/><br\/>Yo\/nosotros (*) revocamos por la presente el contrato celebrado por m\u00ed\/nosotros (*) para la compra de lo siguiente<br\/><br\/>Bienes (*)\/__________________________________________________________________________________________<br\/><br\/>o la prestaci\u00f3n del siguiente servicio:_______________________________________________<br\/>-N\u00famero de pedido: ___________<br\/><br\/>\u2013 Pedido en:_______________<br\/><br\/>\/recibido el: _______________<br\/><br\/>\u2013 Nombre del comprador  <br\/><br\/>\u2013 Direcci\u00f3n del comprador<br\/><br\/>\u2013Fecha:__________<br\/><br\/>\u2013 Firma: ______________________________________ (solo si se notifica por escrito)<br\/><br\/><em>(*) Elimina lo que sea inapropiado.<\/em><\/td><\/tr><\/tbody><\/table><\/figure>","protected":false},"excerpt":{"rendered":"<p>Cancelaci\u00f3n Los consumidores (compradores) tienen un derecho de retirada de catorce d\u00edas. Cancelaci\u00f3n Derecho de retractaci\u00f3n Tienes derecho a cancelar tu contrato en un plazo de catorce d\u00edas sin dar motivos. El plazo de retirada es de catorce d\u00edas desde el d\u00eda en que t\u00fa o un tercero que t\u00fa mismo designes, que no sea [&#8230;]\n","protected":false},"author":1,"featured_media":0,"parent":0,"menu_order":0,"comment_status":"closed","ping_status":"closed","template":"","meta":{"footnotes":""},"class_list":["post-51200","page","type-page","status-publish","hentry"],"_links":{"self":[{"href":"https:\/\/shop.nlq24.eu\/es\/wp-json\/wp\/v2\/pages\/51200","targetHints":{"allow":["GET"]}}],"collection":[{"href":"https:\/\/shop.nlq24.eu\/es\/wp-json\/wp\/v2\/pages"}],"about":[{"href":"https:\/\/shop.nlq24.eu\/es\/wp-json\/wp\/v2\/types\/page"}],"author":[{"embeddable":true,"href":"https:\/\/shop.nlq24.eu\/es\/wp-json\/wp\/v2\/users\/1"}],"replies":[{"embeddable":true,"href":"https:\/\/shop.nlq24.eu\/es\/wp-json\/wp\/v2\/comments?post=51200"}],"version-history":[{"count":0,"href":"https:\/\/shop.nlq24.eu\/es\/wp-json\/wp\/v2\/pages\/51200\/revisions"}],"wp:attachment":[{"href":"https:\/\/shop.nlq24.eu\/es\/wp-json\/wp\/v2\/media?parent=51200"}],"curies":[{"name":"wp","href":"https:\/\/api.w.org\/{rel}","templated":true}]}}