{"id":73527,"date":"2019-11-19T12:19:19","date_gmt":"2019-11-19T12:19:19","guid":{"rendered":"https:\/\/shop.nlq24.eu\/gastos-de-envio-duracion\/"},"modified":"2026-02-19T08:16:49","modified_gmt":"2026-02-19T08:16:49","slug":"gastos-de-envio-duracion","status":"publish","type":"page","link":"https:\/\/shop.nlq24.eu\/es\/gastos-de-envio-duracion\/","title":{"rendered":"Gastos de env\u00edo + Duraci\u00f3n"},"content":{"rendered":"\n<p class=\"has-text-align-center\"><strong>Gastos de env\u00edo + Duraci\u00f3n<\/strong><\/p>\n\n<p>Con \u00abcostes\u00bb artificialmente generados por la estafa clim\u00e1tica. Por desgracia, ahora todos tenemos que pagar por las mentiras&#8230; <\/p>\n\n<p>DPD es m\u00e1s r\u00e1pido que DHL en el extranjero.<\/p>\n\n<h2 class=\"wp-block-heading\">Esta lista es solo para una visi\u00f3n general. Si introduces tu pa\u00eds de entrega en el carrito de la compra, recibir\u00e1s los costes exactos y v\u00e1lidos de env\u00edo.  La tarifa plana de env\u00edo est\u00e1 dise\u00f1ada para un peso de hasta 4 kg, que es la media. Por lo tanto, pedir m\u00e1s siempre es m\u00e1s barato. <\/h2>\n\n<p>Los precios incluyen el IVA.<\/p>\n\n<figure class=\"wp-block-table aligncenter\"><table class=\"has-background\" style=\"background-color:#e7f5fe\"><tbody><tr><td><strong>Visi\u00f3n general del pa\u00eds<\/strong><\/td><td class=\"has-text-align-center\" data-align=\"center\">Precio con<strong> DHL<\/strong><\/td><td class=\"has-text-align-center\" data-align=\"center\">Precio con <strong>DPD<\/strong><\/td><td class=\"has-text-align-center\" data-align=\"center\">  Precio con<br\/><strong>SAI<\/strong><\/td><td class=\"has-text-align-center\" data-align=\"center\"><strong>Periodo de entrega <\/strong><br\/><strong>Hasta el d\u00eda* <\/strong> <\/td><\/tr><tr><td>\u00c1frica Norte<\/td><td class=\"has-text-align-center\" data-align=\"center\">85,00 \u20ac<\/td><td class=\"has-text-align-center\" data-align=\"center\"><\/td><td class=\"has-text-align-center\" data-align=\"center\"><\/td><td class=\"has-text-align-center\" data-align=\"center\">12-16 Werktg.<\/td><\/tr><tr><td>Argelia<\/td><td class=\"has-text-align-center\" data-align=\"center\">37,00 \u20ac<\/td><td class=\"has-text-align-center\" data-align=\"center\"><\/td><td class=\"has-text-align-center\" data-align=\"center\"><\/td><td class=\"has-text-align-center\" data-align=\"center\">hasta un m\u00e1ximo de 4 kg<\/td><\/tr><tr><td>Albania<\/td><td class=\"has-text-align-center\" data-align=\"center\">35,50 \u20ac<\/td><td class=\"has-text-align-center\" data-align=\"center\"><\/td><td class=\"has-text-align-center\" data-align=\"center\"><\/td><td class=\"has-text-align-center\" data-align=\"center\">6 &#8211; 12 d\u00edas<\/td><\/tr><tr><td>B\u00e9lgica <\/td><td class=\"has-text-align-center\" data-align=\"center\">18,00 \u20ac<\/td><td class=\"has-text-align-center\" data-align=\"center\"><strong>15,50 \u20ac<\/strong><\/td><td class=\"has-text-align-center\" data-align=\"center\">19,50<\/td><td class=\"has-text-align-center\" data-align=\"center\">3<\/td><\/tr><tr><td>B\u00falgaro<\/td><td class=\"has-text-align-center\" data-align=\"center\">21,00 \u20ac<\/td><td class=\"has-text-align-center\" data-align=\"center\"><\/td><td class=\"has-text-align-center\" data-align=\"center\">19,50<\/td><td class=\"has-text-align-center\" data-align=\"center\">5<\/td><\/tr><tr><td>Dinamarca<\/td><td class=\"has-text-align-center\" data-align=\"center\">18,00 \u20ac<\/td><td class=\"has-text-align-center\" data-align=\"center\"><strong>18,80 \u20ac<\/strong><\/td><td class=\"has-text-align-center\" data-align=\"center\">19,00<\/td><td class=\"has-text-align-center\" data-align=\"center\">2<\/td><\/tr><tr><td>Alemania<br\/>La entrega a <strong>las islas<\/strong> cuesta un recargo*<\/td><td class=\"has-text-align-center\" data-align=\"center\">6,99 \u20ac<\/td><td class=\"has-text-align-center\" data-align=\"center\"><br\/>6,99 \u20ac<br\/><\/td><td class=\"has-text-align-center\" data-align=\"center\"><\/td><td class=\"has-text-align-center\" data-align=\"center\">3<\/td><\/tr><tr><td>Alemania <br\/><strong>\u00a1DHL EXPRESS!<\/strong> Env\u00edo de un<br\/>de d\u00eda a <strong>d\u00eda<\/strong> siguiente (de lunes a jueves) en <br\/>Pide antes de las 12 del mediod\u00eda del d\u00eda anterior +<br\/>Disponibilidad de todos los bienes. <br\/>\u00a1Hay que proporcionar <strong>un n\u00famero de tel\u00e9fono<\/strong>!<\/td><td class=\"has-text-align-center\" data-align=\"center\">21,20 \u20ac<\/td><td class=\"has-text-align-center\" data-align=\"center\"><\/td><td class=\"has-text-align-center\" data-align=\"center\"><\/td><td class=\"has-text-align-center\" data-align=\"center\">1<\/td><\/tr><tr><td>Alemania <br\/><strong> \u00a1DPD EXPRESS!<\/strong> Env\u00edo de un<br\/>de d\u00eda a <strong>d\u00eda<\/strong> siguiente (de lunes a jueves) en <br\/>Pide antes de las 12 del mediod\u00eda del d\u00eda anterior +<br\/>Disponibilidad de todos los bienes. <br\/>\u00a1Hay que proporcionar <strong>un n\u00famero de tel\u00e9fono<\/strong>!<\/td><td class=\"has-text-align-center\" data-align=\"center\">17,00 \u20ac<\/td><td class=\"has-text-align-center\" data-align=\"center\"><\/td><td class=\"has-text-align-center\" data-align=\"center\"><\/td><td class=\"has-text-align-center\" data-align=\"center\"><\/td><\/tr><tr><td>Alemania<br\/><strong>\u00a1UPS Express!<\/strong> Env\u00edo de un <br\/>de d\u00eda a <strong>d\u00eda<\/strong> siguiente (de lunes a jueves) en <br\/>Pide antes de las 12 del mediod\u00eda del d\u00eda anterior +<br\/>Disponibilidad de todos los bienes. <br\/><strong>\u00a1Hay que proporcionar el n\u00famero de tel\u00e9fono<\/strong> !<\/td><td class=\"has-text-align-center\" data-align=\"center\">24,60 \u20ac<\/td><td class=\"has-text-align-center\" data-align=\"center\"><\/td><td class=\"has-text-align-center\" data-align=\"center\"><\/td><td class=\"has-text-align-center\" data-align=\"center\">1<\/td><\/tr><tr><td>Estonia<\/td><td class=\"has-text-align-center\" data-align=\"center\"><strong>22,00 \u20ac<\/strong><\/td><td class=\"has-text-align-center\" data-align=\"center\">No<\/td><td class=\"has-text-align-center\" data-align=\"center\"><\/td><td class=\"has-text-align-center\" data-align=\"center\">6<\/td><\/tr><tr><td>Francia<\/td><td class=\"has-text-align-center\" data-align=\"center\">22,20 \u20ac<\/td><td class=\"has-text-align-center\" data-align=\"center\"><strong>22,20 \u20ac<\/strong><\/td><td class=\"has-text-align-center\" data-align=\"center\"><\/td><td class=\"has-text-align-center\" data-align=\"center\">3<\/td><\/tr><tr><td>Finlandia (puerta principal)<\/td><td class=\"has-text-align-center\" data-align=\"center\">34,00 \u20ac<\/td><td class=\"has-text-align-center\" data-align=\"center\"><\/td><td class=\"has-text-align-center\" data-align=\"center\"><\/td><td class=\"has-text-align-center\" data-align=\"center\">4<\/td><\/tr><tr><td>Gran Breta\u00f1a (UK)<\/td><td class=\"has-text-align-center\" data-align=\"center\">31,50 \u20ac<\/td><td class=\"has-text-align-center\" data-align=\"center\"><strong>19,00 \u20ac<\/strong><\/td><td class=\"has-text-align-center\" data-align=\"center\"><\/td><td class=\"has-text-align-center\" data-align=\"center\">4<\/td><\/tr><tr><td>Grecia<\/td><td class=\"has-text-align-center\" data-align=\"center\">22,70 \u20ac<\/td><td class=\"has-text-align-center\" data-align=\"center\"><\/td><td class=\"has-text-align-center\" data-align=\"center\"><\/td><td class=\"has-text-align-center\" data-align=\"center\">8<\/td><\/tr><tr><td>Irlanda<\/td><td class=\"has-text-align-center\" data-align=\"center\">21,95 \u20ac<\/td><td class=\"has-text-align-center\" data-align=\"center\"><\/td><td class=\"has-text-align-center\" data-align=\"center\"><\/td><td class=\"has-text-align-center\" data-align=\"center\">4<\/td><\/tr><tr><td>Italia<\/td><td class=\"has-text-align-center\" data-align=\"center\"><strong>21,10 \u20ac<\/strong><\/td><td class=\"has-text-align-center\" data-align=\"center\">26,80<\/td><td class=\"has-text-align-center\" data-align=\"center\"><\/td><td class=\"has-text-align-center\" data-align=\"center\">3<\/td><\/tr><tr><td>Croacia<\/td><td class=\"has-text-align-center\" data-align=\"center\">22,00 \u20ac<\/td><td class=\"has-text-align-center\" data-align=\"center\"><\/td><td class=\"has-text-align-center\" data-align=\"center\"><\/td><td class=\"has-text-align-center\" data-align=\"center\">3<\/td><\/tr><tr><td>Letonia<\/td><td class=\"has-text-align-center\" data-align=\"center\">22,00 \u20ac<\/td><td class=\"has-text-align-center\" data-align=\"center\"><\/td><td class=\"has-text-align-center\" data-align=\"center\"><\/td><td class=\"has-text-align-center\" data-align=\"center\">6<\/td><\/tr><tr><td>Lituania<\/td><td class=\"has-text-align-center\" data-align=\"center\">22,00 \u20ac<\/td><td class=\"has-text-align-center\" data-align=\"center\"><\/td><td class=\"has-text-align-center\" data-align=\"center\"><\/td><td class=\"has-text-align-center\" data-align=\"center\">5<\/td><\/tr><tr><td>Liechtenstein<\/td><td class=\"has-text-align-center\" data-align=\"center\">25,70 \u20ac<\/td><td class=\"has-text-align-center\" data-align=\"center\"><strong>17,40 \u20ac<\/strong><\/td><td class=\"has-text-align-center\" data-align=\"center\"><\/td><td class=\"has-text-align-center\" data-align=\"center\">5<\/td><\/tr><tr><td>Luxemburgo<\/td><td class=\"has-text-align-center\" data-align=\"center\">21,10 \u20ac<\/td><td class=\"has-text-align-center\" data-align=\"center\"><strong>15,50 \u20ac<\/strong><\/td><td class=\"has-text-align-center\" data-align=\"center\"><\/td><td class=\"has-text-align-center\" data-align=\"center\">3<\/td><\/tr><tr><td>M\u00f3naco<\/td><td class=\"has-text-align-center\" data-align=\"center\">22,00 \u20ac<\/td><td class=\"has-text-align-center\" data-align=\"center\">22,20 \u20ac<\/td><td class=\"has-text-align-center\" data-align=\"center\"><\/td><td class=\"has-text-align-center\" data-align=\"center\">4<\/td><\/tr><tr><td>Niederlande\/Holanda<\/td><td class=\"has-text-align-center\" data-align=\"center\">21,00 \u20ac<\/td><td class=\"has-text-align-center\" data-align=\"center\"><strong>15,50<\/strong> \u20ac<\/td><td class=\"has-text-align-center\" data-align=\"center\"><\/td><td class=\"has-text-align-center\" data-align=\"center\">2<\/td><\/tr><tr><td>noruego<\/td><td class=\"has-text-align-center\" data-align=\"center\"><strong>28,50 \u20ac<\/strong><\/td><td class=\"has-text-align-center\" data-align=\"center\">31,60 \u20ac<\/td><td class=\"has-text-align-center\" data-align=\"center\"><\/td><td class=\"has-text-align-center\" data-align=\"center\">5<\/td><\/tr><tr><td>Austria <\/td><td class=\"has-text-align-center\" data-align=\"center\">21,00 \u20ac<\/td><td class=\"has-text-align-center\" data-align=\"center\"><strong>15,50 \u20ac<\/strong><\/td><td class=\"has-text-align-center\" data-align=\"center\"><\/td><td class=\"has-text-align-center\" data-align=\"center\">2<\/td><\/tr><tr><td>Polonia<\/td><td class=\"has-text-align-center\" data-align=\"center\"><strong>21,00 \u20ac<\/strong><\/td><td class=\"has-text-align-center\" data-align=\"center\">26,80<\/td><td class=\"has-text-align-center\" data-align=\"center\"><\/td><td class=\"has-text-align-center\" data-align=\"center\">3<\/td><\/tr><tr><td>Portugal<\/td><td class=\"has-text-align-center\" data-align=\"center\"><strong>22,00 \u20ac<\/strong><\/td><td class=\"has-text-align-center\" data-align=\"center\">31,60<\/td><td class=\"has-text-align-center\" data-align=\"center\"><\/td><td class=\"has-text-align-center\" data-align=\"center\">5<\/td><\/tr><tr><td>Rumania<\/td><td class=\"has-text-align-center\" data-align=\"center\">22,00 \u20ac<\/td><td class=\"has-text-align-center\" data-align=\"center\"><\/td><td class=\"has-text-align-center\" data-align=\"center\"><\/td><td class=\"has-text-align-center\" data-align=\"center\">2<\/td><\/tr><tr><td>Arabia Saud\u00ed (Reino) <br\/>hasta 4 kg<\/td><td class=\"has-text-align-center\" data-align=\"center\">63,70 \u20ac<\/td><td class=\"has-text-align-center\" data-align=\"center\"><\/td><td class=\"has-text-align-center\" data-align=\"center\"><\/td><td class=\"has-text-align-center\" data-align=\"center\">hasta 20<\/td><\/tr><tr><td>Suiza<\/td><td class=\"has-text-align-center\" data-align=\"center\">25,65 \u20ac<\/td><td class=\"has-text-align-center\" data-align=\"center\"><strong>15,00 \u20ac<\/strong><\/td><td class=\"has-text-align-center\" data-align=\"center\"><\/td><td class=\"has-text-align-center\" data-align=\"center\">5<\/td><\/tr><tr><td>Suecia<\/td><td class=\"has-text-align-center\" data-align=\"center\">27,90 \u20ac<\/td><td class=\"has-text-align-center\" data-align=\"center\"><\/td><td class=\"has-text-align-center\" data-align=\"center\"><\/td><td class=\"has-text-align-center\" data-align=\"center\">3<\/td><\/tr><tr><td>Zimbabue<\/td><td class=\"has-text-align-center\" data-align=\"center\">69,90 \u20ac<\/td><td class=\"has-text-align-center\" data-align=\"center\"><\/td><td class=\"has-text-align-center\" data-align=\"center\"><\/td><td class=\"has-text-align-center\" data-align=\"center\">13<\/td><\/tr><tr><td>Singapur hasta 5 kg.<\/td><td class=\"has-text-align-center\" data-align=\"center\">62,50 \u20ac<\/td><td class=\"has-text-align-center\" data-align=\"center\"><\/td><td class=\"has-text-align-center\" data-align=\"center\"><\/td><td class=\"has-text-align-center\" data-align=\"center\">8<\/td><\/tr><tr><td>Eslovaquia<\/td><td class=\"has-text-align-center\" data-align=\"center\">21,20 \u20ac<\/td><td class=\"has-text-align-center\" data-align=\"center\"><\/td><td class=\"has-text-align-center\" data-align=\"center\"><\/td><td class=\"has-text-align-center\" data-align=\"center\">3<\/td><\/tr><tr><td>Eslovenia<\/td><td class=\"has-text-align-center\" data-align=\"center\">21,20 \u20ac<\/td><td class=\"has-text-align-center\" data-align=\"center\">26,80 \u20ac<\/td><td class=\"has-text-align-center\" data-align=\"center\"><\/td><td class=\"has-text-align-center\" data-align=\"center\">3<\/td><\/tr><tr><td>Espa\u00f1a<\/td><td class=\"has-text-align-center\" data-align=\"center\">21,50 \u20ac<\/td><td class=\"has-text-align-center\" data-align=\"center\"><\/td><td class=\"has-text-align-center\" data-align=\"center\"><\/td><td class=\"has-text-align-center\" data-align=\"center\">5<\/td><\/tr><tr><td>Rep\u00fablica Rep\u00fablica<\/td><td class=\"has-text-align-center\" data-align=\"center\">21,00 \u20ac<\/td><td class=\"has-text-align-center\" data-align=\"center\"><strong>17,40 \u20ac<\/strong><\/td><td class=\"has-text-align-center\" data-align=\"center\"><\/td><td class=\"has-text-align-center\" data-align=\"center\">3<\/td><\/tr><tr><td>Emiratos \u00c1rabes Unidos de los Emiratos \u00c1rabes Unidos <br\/>Emirates hasta 4 KG<\/td><td class=\"has-text-align-center\" data-align=\"center\">65,00 \u20ac<\/td><td class=\"has-text-align-center\" data-align=\"center\"><\/td><td class=\"has-text-align-center\" data-align=\"center\"><\/td><td class=\"has-text-align-center\" data-align=\"center\">12<\/td><\/tr><tr><td> Hungr\u00eda <\/td><td class=\"has-text-align-center\" data-align=\"center\">21,20 \u20ac<\/td><td class=\"has-text-align-center\" data-align=\"center\">26,80 \u20ac<\/td><td class=\"has-text-align-center\" data-align=\"center\"><\/td><td class=\"has-text-align-center\" data-align=\"center\">3<\/td><\/tr><tr><td>Bielorrusia<\/td><td class=\"has-text-align-center\" data-align=\"center\">28,50 \u20ac<\/td><td class=\"has-text-align-center\" data-align=\"center\"><\/td><td class=\"has-text-align-center\" data-align=\"center\"><\/td><td class=\"has-text-align-center\" data-align=\"center\">18<\/td><\/tr><tr><td>Ciudad del Vaticano<\/td><td class=\"has-text-align-center\" data-align=\"center\">22,00 \u20ac<\/td><td class=\"has-text-align-center\" data-align=\"center\"><\/td><td class=\"has-text-align-center\" data-align=\"center\"><\/td><td class=\"has-text-align-center\" data-align=\"center\">8<\/td><\/tr><tr><td>Chipre<\/td><td class=\"has-text-align-center\" data-align=\"center\">22,00 \u20ac<\/td><td class=\"has-text-align-center\" data-align=\"center\"><\/td><td class=\"has-text-align-center\" data-align=\"center\"><\/td><td class=\"has-text-align-center\" data-align=\"center\">12<\/td><\/tr><\/tbody><\/table><figcaption class=\"wp-element-caption\">Tarifas planas de env\u00edo<\/figcaption><\/figure>\n<div class=\"wp-block-columns is-layout-flex wp-container-core-columns-is-layout-9d6595d7 wp-block-columns-is-layout-flex\">\n<div class=\"wp-block-column is-layout-flow wp-block-column-is-layout-flow\" style=\"flex-basis:100%\">\n<div class=\"wp-block-columns is-layout-flex wp-container-core-columns-is-layout-9d6595d7 wp-block-columns-is-layout-flex\">\n<div class=\"wp-block-column is-layout-flow wp-block-column-is-layout-flow\">\n<h2 class=\"wp-block-heading\">*Recargos por islas:<\/h2>\n\n\n\n<p>Para las islas alemanas, DPD cobra un recargo de 21 \u20ac y 9,00 \u20ac DHL. As\u00ed sabe   <\/p>\n\n\n\n<p>6,99 \u20ac + 9 \u20ac = 15,99 \u20ac y con<\/p>\n\n\n\n<p>DPD 6,99 \u20ac + 21 \u20ac = 27,99 \u20ac.<\/p>\n<\/div>\n\n\n\n<div class=\"wp-block-column is-layout-flow wp-block-column-is-layout-flow\"><\/div>\n<\/div>\n<\/div>\n<\/div>\n\n<p class=\"has-background\" style=\"background-color:#e5f5ff\">  * Los d\u00edas son los d\u00edas comprendidos entre lunes y viernes. <br\/>Plazo m\u00e1ximo de entrega de la empresa de transporte seg\u00fan sus especificaciones. <strong>Sin embargo,<\/strong> esto suele ser <strong>m\u00e1s corto<\/strong>. Puede encontrar m\u00e1s detalles en su seguimiento.<\/p>\n\n<p class=\"has-background has-normal-font-size\" style=\"background-color:#e5f5ff\">Si solicita varios art\u00edculos como parte de un pedido para el que se aplican diferentes plazos de entrega, los productos se enviar\u00e1n en un env\u00edo conjunto, a menos que se acuerde lo contrario. En este caso, el plazo de entrega aplicable al art\u00edculo con el plazo de entrega m\u00e1s largo se aplicar\u00e1 al env\u00edo en su conjunto.<\/p>\n\n<p class=\"has-background\" style=\"background-color:#e5f5ff\"><strong>Informaci\u00f3n para calcular la fecha de entrega<\/strong><\/p>\n\n<p class=\"has-background\" style=\"background-color:#e5f5ff\">En caso de pago anticipado por transferencia bancaria, el plazo de entrega comenzar\u00e1 el d\u00eda siguiente a la emisi\u00f3n de la orden de pago al banco remitente o, en el caso de otras formas de pago, el d\u00eda siguiente a la celebraci\u00f3n del contrato y finalizar\u00e1 con la expiraci\u00f3n del \u00faltimo d\u00eda del plazo. Si el \u00faltimo d\u00eda del plazo cae en s\u00e1bado, domingo o d\u00eda festivo \u00aboficialmente reconocido\u00bb en el lugar de entrega, el siguiente d\u00eda h\u00e1bil sustituir\u00e1 a dicho d\u00eda.<\/p>\n\n<h4 class=\"wp-block-heading\">Los art\u00edculos peque\u00f1os son m\u00e1s baratos de enviar<\/h4>\n\n<p class=\"has-background\" style=\"background-color:#e5f5ff\">Para art\u00edculos peque\u00f1os de hasta 1 kg, el env\u00edo en una bolsa de transporte A4 es posible en <strong>Alemania<\/strong> por<strong>3,99<\/strong> euros y en el <strong>extranjero por 10 euros<\/strong>. Esto se hace a un costo muy bajo y por lo tanto sin seguimiento ni responsabilidad. Por favor, seleccione esto s\u00f3lo si la mercanc\u00eda cabe en un sobre, si puede llegar intacta y si no quiere ser rastreada. Los env\u00edos pueden tardar entre 1 y 2 d\u00edas m\u00e1s de lo indicado en el cuadro.<\/p>\n\n<h2 class=\"wp-block-heading\">Paquete peque\u00f1o &#8211; Paquete<\/h2>\n\n<p>Los art\u00edculos peque\u00f1os de hasta 1 kg pueden ser enviados <strong>internacionalmente<\/strong>con el correo de mercanc\u00edas m\u00e1s favorablemente que los paquetes. Sin embargo, no deben superarse las siguientes dimensiones: <br\/><br\/>Dimensiones y peso: Precio EU + NO EU<br\/>Hasta <strong>un m\u00e1ximo de 1 kg<\/strong>: L: 14 &#8211; 35,3 cm, Ancho: 9 &#8211; 25 cm, m\u00e1ximo. Alto: 1 a 10 cm (E+A+A:) <br\/><\/p>\n\n<p>Para poder nombrar un precio, necesito saber qu\u00e9 quieres comprar para poder determinar el peso y las medidas.<br\/><br\/>Por lo tanto, no puede pedir los productos <strong>directamente<\/strong> con Warenpost. Para poder aprovechar esto, compre con el m\u00e9todo de pago: \u00ab<strong>Prepago<\/strong>\u00ab. Entonces todav\u00eda puedo cambiar \/ ajustar los gastos de env\u00edo despu\u00e9s del pedido. A continuaci\u00f3n, puede pagar por adelantado mediante transferencia bancaria.<\/p>\n\n<p>Si se le permite importar bienes a su pa\u00eds, debe aclarar bajo su propia responsabilidad. Si est\u00e1 prohibido y el paquete no llega, no puedo cambiar nada y no soy responsable de ello.<br\/>Puede encontrar las regulaciones de importaci\u00f3n para los pa\u00edses aqu\u00ed:<br\/><a href=\"https:\/\/www.deutschepost.de\/de\/b\/briefe-ins-ausland\/zollbestimmungen.html\" target=\"_blank\" rel=\"noreferrer noopener nofollow\">https:\/\/www.deutschepost.de\/de\/b\/briefe-ins-ausland\/zollbestimmungen.html<\/a><\/p>\n\n<p>As\u00ed que es su propio riesgo.<\/p>\n\n<h4 class=\"wp-block-heading\">Calcular los gastos de env\u00edo<\/h4>\n\n<p class=\"has-background\" style=\"background-color:#e5f5ff\">Por cierto, tambi\u00e9n puede calcular los costos de env\u00edo<strong>en el carrito de compras<\/strong> . Esto te da informaci\u00f3n vinculante sobre el precio que tienes que pagar por los productos que est\u00e1n en el carrito de la compra.<\/p>\n\n<h2 class=\"wp-block-heading\">Entrega gratuita<\/h2>\n\n<p class=\"has-background\" style=\"background-color:#e5f5ff\">Si otras tiendas te ofrecen \u00ab<strong>env\u00edo gratis<\/strong>\u00bb en todo, recuerda que alguien tiene que pagarlo. Por supuesto, <strong>no<\/strong>puede haber env\u00edo gratuito. Esto tiene sentido para todos los que quieren y tienen que ganar dinero por su trabajo. Por tanto, las v\u00edctimas pueden ser los empleados, productores, proveedores, subcontratistas, el medio ambiente o incluso nosotros como \u00abciudadanos\u00bb de Alemania (impuestos). O lo pagamos<strong> indirectamente a trav\u00e9s de nuestros datos<\/strong> (comportamiento de compra), que se revelan con la compra, aunque no lo notes o no lo creas. Los datos son la nueva \u00abmoneda\u00bb&#8230;   Pero algunas corporaciones tienen algo completamente diferente en mente. Por lo tanto, tal vez sea mejor actuar consciente y deliberadamente.<\/p>\n\n<p class=\"has-background\" style=\"background-color:#e5f5ff\">Por cierto, \u00a1no comercio los datos y su \u00abcomportamiento de compra\u00bb! Sin embargo, si compras a trav\u00e9s de PayPal, lo est\u00e1s revelando t\u00fa mismo.<\/p>\n\n<h2 class=\"wp-block-heading\">Volver a:<\/h2>\n\n<p>Si cancelas tu pedido o te niegas a aceptarlo, se cobrar\u00e1n costes de devoluci\u00f3n adem\u00e1s de los gastos de env\u00edo del primer env\u00edo, que se descontar\u00e1n de cualquier reembolso. Son exactamente los mismos que cuando se enviaron por primera vez. <\/p>\n","protected":false},"excerpt":{"rendered":"<p>Los costos de env\u00edo DHL y UPS y el correo de la mercanc\u00eda<\/p>\n","protected":false},"author":1,"featured_media":44529,"parent":0,"menu_order":0,"comment_status":"open","ping_status":"closed","template":"","meta":{"footnotes":""},"class_list":["post-73527","page","type-page","status-publish","has-post-thumbnail","hentry"],"_links":{"self":[{"href":"https:\/\/shop.nlq24.eu\/es\/wp-json\/wp\/v2\/pages\/73527","targetHints":{"allow":["GET"]}}],"collection":[{"href":"https:\/\/shop.nlq24.eu\/es\/wp-json\/wp\/v2\/pages"}],"about":[{"href":"https:\/\/shop.nlq24.eu\/es\/wp-json\/wp\/v2\/types\/page"}],"author":[{"embeddable":true,"href":"https:\/\/shop.nlq24.eu\/es\/wp-json\/wp\/v2\/users\/1"}],"replies":[{"embeddable":true,"href":"https:\/\/shop.nlq24.eu\/es\/wp-json\/wp\/v2\/comments?post=73527"}],"version-history":[{"count":0,"href":"https:\/\/shop.nlq24.eu\/es\/wp-json\/wp\/v2\/pages\/73527\/revisions"}],"wp:featuredmedia":[{"embeddable":true,"href":"https:\/\/shop.nlq24.eu\/es\/wp-json\/wp\/v2\/media\/44529"}],"wp:attachment":[{"href":"https:\/\/shop.nlq24.eu\/es\/wp-json\/wp\/v2\/media?parent=73527"}],"curies":[{"name":"wp","href":"https:\/\/api.w.org\/{rel}","templated":true}]}}