{"id":73562,"date":"2025-04-19T12:44:29","date_gmt":"2025-04-19T12:44:29","guid":{"rendered":"https:\/\/shop.nlq24.eu\/envio-a-suiza-importacion\/"},"modified":"2025-06-19T07:42:04","modified_gmt":"2025-06-19T07:42:04","slug":"envio-a-suiza-importacion","status":"publish","type":"page","link":"https:\/\/shop.nlq24.eu\/es\/envio-a-suiza-importacion\/","title":{"rendered":"Env\u00edo + pago para Suiza y otros pa\u00edses de la UE"},"content":{"rendered":"\n<p>SEPA <strong>INFO para la transferencia gratuita desde el EXTRANJERO<\/strong> a los estados miembros de la SEPA, as\u00ed que tambi\u00e9n a m\u00ed :-). La transferencia a mi cuenta tambi\u00e9n es una transferencia SEPA normal, como una transferencia nacional.<\/p>\n\n<p><strong>IMPORTANTE para los clientes de SUIZA:<\/strong><\/p>\n\n<p>En lugar de una costosa transferencia internacional, que suele costar considerables comisiones, utilice simplemente el procedimiento <strong>SEPA, de costo neutro<\/strong>, para su pago (<strong>Zona \u00danica de Pagos en Euros<\/strong>). \u00a1Esto significa que la transferencia bancaria no cuesta m\u00e1s que una transferencia bancaria en su pa\u00eds!<\/p>\n\n<p>Esto es posible porque Suiza tambi\u00e9n participa en la SEPA.<\/p>\n\n<p>Puedes hacer el tr\u00e1mite de transferencia con SEPA a m\u00ed desde los siguientes pa\u00edses:<\/p>\n\n<figure class=\"wp-block-table\"><table class=\"has-fixed-layout\"><tbody><tr><td><strong>Nombre del pa\u00eds<\/strong><\/td><td>IBAN<\/td><td>Empieza con<\/td><td>Comentario<\/td><\/tr><tr><td>Austria\/Austria<\/td><td>AT<\/td><td>20<\/td><td>Comentario<\/td><\/tr><tr><td>Belgium\/ Belgien<\/td><td>BE<\/td><td>16<\/td><\/tr><tr><td>Bulgaria\/Bulgarien<\/td><td>BG<\/td><td>22<\/td><td>Tambi\u00e9n podemos enviar el Lev b\u00falgaro a Bulgaria<\/td><\/tr><tr><td>Coratia\/Kroatien<\/td><td>HR<\/td><td>21<\/td><\/tr><tr><td>Cyprus\/Zypern<\/td><td>CY<\/td><td>28<\/td><\/tr><tr><td>Czech Republic\/Tchechien<\/td><td>CZ<\/td><td>24<\/td><td>Podemos enviar y recibir coronas checas desde y hacia la Rep\u00fablica Checa<\/td><\/tr><tr><td>Denmark\/D\u00e4nemark<\/td><td>DK<\/td><td>18<\/td><\/tr><tr><td>Estonia\/Estland<\/td><td>EE<\/td><td>20<\/td><\/tr><tr><td>Finland\/Finnland<\/td><td>FI<\/td><td>18<\/td><td>Incluyendo las Islas \u00c5land (s\u00f3lo pago)<\/td><\/tr><tr><td>France\/Frankreich<\/td><td>FR<\/td><td>27<\/td><td>Incluyendo Guayana Francesa, Guadalupe, Martinica, Mayotte, San Bartolom\u00e9, San Mart\u00edn<br\/>(parte francesa) y San Pedro y Miquel\u00f3n. No incluye la Polinesia Francesa, Nueva Caledonia, Wallis y Futuna y las Tierras Australes y Ant\u00e1rticas Francesas <\/td><\/tr><tr><td>Germany\/Deutschland<\/td><td>DE<\/td><td>22<\/td><\/tr><tr><td>Gibralta<\/td><td>GI<\/td><td>23<\/td><td>Tambi\u00e9n podemos enviar libras esterlinas a Gibraltar. For more information see our GBP article here.<\/td><\/tr><tr><td>Greece*<\/td><td>GR<\/td><td>27<\/td><td>*Debido a la situaci\u00f3n actual en Grecia, las regulaciones permiten que s\u00f3lo 1000 euros por cliente sean enviados fuera del pa\u00eds por mes.<\/td><\/tr><tr><td>Hungary\/Ungarn<\/td><td>HU<\/td><td>28<\/td><td>Tambi\u00e9n podemos enviar y recibir florines h\u00fangaros desde y hacia Hungr\u00eda.<\/td><\/tr><tr><td>Islandia<\/td><td>IS<\/td><td>26<\/td><\/tr><tr><td>Irlanda<\/td><td>IE<\/td><td>22<\/td><\/tr><tr><td>Italia<\/td><td>IT<\/td><td>27<\/td><\/tr><tr><td>Lativa\/Lettland<\/td><td>LV<\/td><td>21<\/td><\/tr><tr><td>Liechtenstein<\/td><td>LI<\/td><td>21<\/td><\/tr><tr><td>Lituania<\/td><td>LT<\/td><td>20<\/td><\/tr><tr><td>Luxemburgo<\/td><td>LU<\/td><td>20<\/td><\/tr><tr><td>Malta<\/td><td>MT<\/td><td>31<\/td><\/tr><tr><td>M\u00f3naco<\/td><td>MC<\/td><td>27<\/td><\/tr><tr><td>Netherlands\/Niederlande<\/td><td>NL<\/td><td>18<\/td><\/tr><tr><td>Norway\/Norwegen<\/td><td>NO<\/td><td>15<\/td><\/tr><tr><td>Polonia<\/td><td>PL<\/td><td>28<\/td><\/tr><tr><td>Portugal<\/td><td>PT<\/td><td>25<\/td><\/tr><tr><td>Romania\/Rum\u00e4nien<\/td><td>RO<\/td><td>24<\/td><\/tr><tr><td>San Marino<\/td><td>SM<\/td><td>27<\/td><\/tr><tr><td>Eslovaquia<\/td><td>SK<\/td><td>24<\/td><\/tr><tr><td>Eslovenia<\/td><td>SI<\/td><td>19<\/td><\/tr><tr><td>Spain\/Spanien<\/td><td>ES<\/td><td>24<\/td><\/tr><tr><td>Sweden\/Schweden<\/td><td>SE<\/td><td>24<\/td><\/tr><tr><td>Switzerland\/Schweiz<\/td><td>CH<\/td><td>21<\/td><\/tr><tr><td>UK Great Brigtain<\/td><td>GB<\/td><td>22<\/td><\/tr><\/tbody><\/table><\/figure>\n<p><strong>No dejes que el banco te cargue innecesariamente con una transferencia internacional y sus comisiones adicionales.<\/strong><\/p>\n\n<p>Las siguientes monedas son posibles:<\/p>\n\n<p>Euro, libra esterlina, franco suizo, corona danesa, corona noruega, corona sueca, corona islandesa, corona checa, Z\u0142oty, forint, leu b\u00falgaro, leu rumano, kuna croata.<\/p>\n\n<p>Sin embargo, los pagos a m\u00ed SOLO EST\u00c1N PERMITIDOS EN EUROS.<br\/>Con SEPA, las transferencias desde el extranjero tardan entre 1 y 2 d\u00edas laborables. Adem\u00e1s, esto es incluso m\u00e1s r\u00e1pido que la \u00abtransferencia internacional\u00bb basada en tarifas.<\/p>\n\n<hr class=\"wp-block-separator has-alpha-channel-opacity\"\/>\n\n<h2 class=\"wp-block-heading\">2 formas de <strong>enviar a Suiza para mis clientes<\/strong>:<\/h2>\n\n<ol class=\"wp-block-list\">\n<li>Entrega a trav\u00e9s de mi tienda a Suiza<\/li>\n\n\n\n<li>Entrega a trav\u00e9s del servicio https:\/\/meineinkauf.ch\/  <\/li>\n<\/ol>\n\n<h2 class=\"wp-block-heading\">Re 1.) Entrega a trav\u00e9s de mi tienda a Suiza<\/h2>\n\n<p>El env\u00edo a Suiza y la importaci\u00f3n no es b\u00e1sicamente un problema para m\u00ed. El paquete se declara debidamente con una <strong>declaraci\u00f3n de aduana<\/strong> y se env\u00eda al destinatario en Suiza. En cuanto a la importaci\u00f3n, siempre hay preguntas sobre los derechos de aduana e impuestos, como el impuesto sobre el valor a\u00f1adido, que dif\u00edcilmente puedo responder desde aqu\u00ed. Env\u00edo tu paquete con DHL a Suiza. All\u00ed ser\u00e1 tomado por el Correo Suizo.<\/p>\n\n<p>Puede obtener informaci\u00f3n sobre las preguntas m\u00e1s frecuentes sobre los temas mencionados, por ejemplo, en el Swiss Post.<\/p>\n\n<p><a href=\"https:\/\/www.post.ch\/de\/geschaeftsloesungen\/export-import-und-verzollung\/import\/faq-import-zoll-und-mwst?shortcut=import\">www.post.ch\/import<\/a><br\/>o <a href=\"https:\/\/www.post.ch\/de\/geschaeftsloesungen\/export-import-und-verzollung\/export\/swiss-post-gls\/importkosten?shortcut=livelink-post-versenden-import-zoll-mwst-htm\">aqu\u00ed<\/a> sobre los precios para el despacho de aduanas, los derechos de aduana y las tarifas para los paquetes de importaci\u00f3n (con video explicativo).  <\/p>\n\n<p>All\u00ed recibir\u00e1 una estimaci\u00f3n aproximada de env\u00edo a Suiza e importaci\u00f3n. Por favor, comprenda que no puedo dar ninguna informaci\u00f3n vinculante.  <\/p>\n\n<p>Por cierto: Hasta ahora todos los paquetes enviados han llegado a Suiza.<\/p>\n\n<h2 class=\"wp-block-heading\">2. Entrega a trav\u00e9s del servicio de https:\/\/meineinkauf.ch\/  <\/h2>\n\n<p>Sin embargo, algunas compras <strong>no est\u00e1n permitidas<\/strong> cuando se compra m\u00e1s de meineinkauf.ch: \u00e1cidos, alimentos, c\u00e1psulas vac\u00edas con recubrimiento ent\u00e9rico y plata coloidal. Una lista de productos prohibidos se puede encontrar en su p\u00e1gina.<\/p>\n\n<h3 class=\"wp-block-heading\">\u00bfC\u00f3mo funciona MeinEinkauf.ch?<\/h3>\n\n<p>A trav\u00e9s de MeinEinkauf.ch, los clientes privados y las empresas domiciliadas o domiciliadas en Suiza (o Liechtenstein) pueden comprar productos de minoristas en l\u00ednea en Alemania y enviarlos a su direcci\u00f3n en Suiza.<\/p>\n\n<p>Como cliente de MeinEinkauf.ch, recibir\u00e1 una direcci\u00f3n de correo electr\u00f3nico @MeinEinkauf.ch para este prop\u00f3sito. Si utiliza esta direcci\u00f3n de correo electr\u00f3nico y compra <strong>y paga productos en nombre de<\/strong> MeinEinkauf GmbH (Alemania), MeinEinkauf AG (Suiza) le <strong>entregar\u00e1<\/strong> su compra directamente en Suiza.<\/p>\n\n<p>No<strong> pagar\u00eda ning\u00fan derecho de importaci\u00f3n o impuestos de presentaci\u00f3n<\/strong>.<\/p>\n\n<p>Se puede encontrar m\u00e1s informaci\u00f3n en su sitio web: <a href=\"https:\/\/meineinkauf.ch\/\">https:\/\/meineinkauf.ch\/<\/a><\/p>\n\n<p>Saludos<br\/>Torben<\/p>\n\n<p><\/p>\n","protected":false},"excerpt":{"rendered":"<p>Env\u00edo + pago para Suiza y otros pa\u00edses de la UE. PAGO SEPA tambi\u00e9n para otros pa\u00edses de la UE: \u00a1sin transferencia internacional! <\/p>\n","protected":false},"author":1,"featured_media":0,"parent":0,"menu_order":0,"comment_status":"open","ping_status":"closed","template":"","meta":{"footnotes":""},"class_list":["post-73562","page","type-page","status-publish","hentry"],"_links":{"self":[{"href":"https:\/\/shop.nlq24.eu\/es\/wp-json\/wp\/v2\/pages\/73562","targetHints":{"allow":["GET"]}}],"collection":[{"href":"https:\/\/shop.nlq24.eu\/es\/wp-json\/wp\/v2\/pages"}],"about":[{"href":"https:\/\/shop.nlq24.eu\/es\/wp-json\/wp\/v2\/types\/page"}],"author":[{"embeddable":true,"href":"https:\/\/shop.nlq24.eu\/es\/wp-json\/wp\/v2\/users\/1"}],"replies":[{"embeddable":true,"href":"https:\/\/shop.nlq24.eu\/es\/wp-json\/wp\/v2\/comments?post=73562"}],"version-history":[{"count":0,"href":"https:\/\/shop.nlq24.eu\/es\/wp-json\/wp\/v2\/pages\/73562\/revisions"}],"wp:attachment":[{"href":"https:\/\/shop.nlq24.eu\/es\/wp-json\/wp\/v2\/media?parent=73562"}],"curies":[{"name":"wp","href":"https:\/\/api.w.org\/{rel}","templated":true}]}}