{"id":73570,"date":"2020-09-22T10:36:50","date_gmt":"2020-09-22T10:36:50","guid":{"rendered":"https:\/\/shop.nlq24.eu\/fuentes-de-error-con-el-pedido-o-el-pago\/"},"modified":"2020-10-21T11:21:33","modified_gmt":"2020-10-21T11:21:33","slug":"fuentes-de-error-con-el-pedido-o-el-pago","status":"publish","type":"page","link":"https:\/\/shop.nlq24.eu\/es\/fuentes-de-error-con-el-pedido-o-el-pago\/","title":{"rendered":"Fuentes de error con el pedido o el pago"},"content":{"rendered":"\n<p>Desafortunadamente, hay fuentes de error en un orden, que pueden ocurrir en ciertas constelaciones. Proporciono informaci\u00f3n actualizada en esta p\u00e1gina.<\/p>\n\n<h2 class=\"wp-block-heading\">Problemas con el pago por transferencia bancaria instant\u00e1nea<\/h2>\n\n<p>Sofort\u00fcberweisung es un m\u00e9todo de pago de Klarna, que no incluye el m\u00e9todo de pago \u00abKlarna\u00bb. <\/p>\n\n<p>Con la transferencia bancaria instant\u00e1nea se le guiar\u00e1 de forma an\u00f3nima a la banca en l\u00ednea de su banco. All\u00ed te conectas, como siempre con la banca en l\u00ednea. Los datos no se me transfieren en el proceso. Por lo tanto, su transacci\u00f3n de pago est\u00e1 protegida, como siempre que utiliza la banca en l\u00ednea. <\/p>\n\n<p>La diferencia es que su banca en l\u00ednea env\u00eda un mensaje a Sofort\u00fcberweisung, que le dice a mi tienda que ha pagado. De esta manera el pedido puede ser procesado inmediatamente, aunque el pago no me haya llegado inmediatamente.<\/p>\n\n<h2 class=\"wp-block-heading\">Problemas con los nuevos protocolos de seguridad para las transferencias bancarias instant\u00e1neas<\/h2>\n\n<p>Actualmente se est\u00e1 desarrollando el conocido protocolo de seguridad \u00abSSL\u00bb. Los datos que se transmiten por Internet se cifran mediante este protocolo para que no puedan ser le\u00eddos durante el transporte.<br\/><br\/>Si el nuevo protocolo de seguridad no es compatible con su navegador, es posible que su pago no tenga lugar porque los protocolos antiguos se han vuelto demasiado inseguros. <\/p>\n\n<p>Si ha tenido un problema con el pago y no recibe un mensaje m\u00edo de que el pago se ha realizado, por favor, compruebe si el navegador que est\u00e1 utilizando es compatible con el protocolo de seguridad \u00ab<strong>TLS 1.2<\/strong>\u00ab. Es posible que un viejo navegador que no est\u00e9 actualizado no pueda hacer esto. Por lo tanto, en caso de duda, simplemente debe actualizar su navegador para que funcione de nuevo. Este nuevo protocolo de seguridad, que asegura sus datos, ser\u00e1 ahora gradualmente necesario en la mayor\u00eda de las tiendas online para que los pagos funcionen.<\/p>\n\n<p>Por lo general, recomendamos que utilice los sistemas operativos Windows 8.1, Windows 10 o MAC OS X (al menos la versi\u00f3n 10.9) como base. Los navegadores: Chrome y Firefox suelen actualizarse autom\u00e1ticamente o indican la necesidad de una actualizaci\u00f3n.<br\/><\/p>\n\n<p>En caso de duda, por favor, simplemente transfiera la cantidad adeudada a mi cuenta y env\u00edeme una confirmaci\u00f3n de pago por correo electr\u00f3nico a service@nlq24.de.<\/p>\n\n<p>Puede encontrar m\u00e1s informaci\u00f3n sobre los m\u00e9todos de pago <a href=\"https:\/\/shop.nlq24.eu\/es\/metodos-de-pago\/\">AQU\u00cd<\/a>.<\/p>\n\n<p>Saludos cordiales a NLQ24.de<br\/>Torben Beuthien<\/p>\n","protected":false},"excerpt":{"rendered":"<p>Desafortunadamente, hay fuentes de error en un orden, que pueden ocurrir en ciertas constelaciones. Proporciono informaci\u00f3n actualizada en esta p\u00e1gina. Problemas con el pago por transferencia bancaria instant\u00e1nea Sofort\u00fcberweisung es un m\u00e9todo de pago de Klarna, que no incluye el m\u00e9todo de pago \u00abKlarna\u00bb. Con la transferencia bancaria instant\u00e1nea se le guiar\u00e1 de forma an\u00f3nima [&#8230;]\n","protected":false},"author":1,"featured_media":0,"parent":0,"menu_order":0,"comment_status":"closed","ping_status":"closed","template":"","meta":{"footnotes":""},"class_list":["post-73570","page","type-page","status-publish","hentry"],"_links":{"self":[{"href":"https:\/\/shop.nlq24.eu\/es\/wp-json\/wp\/v2\/pages\/73570","targetHints":{"allow":["GET"]}}],"collection":[{"href":"https:\/\/shop.nlq24.eu\/es\/wp-json\/wp\/v2\/pages"}],"about":[{"href":"https:\/\/shop.nlq24.eu\/es\/wp-json\/wp\/v2\/types\/page"}],"author":[{"embeddable":true,"href":"https:\/\/shop.nlq24.eu\/es\/wp-json\/wp\/v2\/users\/1"}],"replies":[{"embeddable":true,"href":"https:\/\/shop.nlq24.eu\/es\/wp-json\/wp\/v2\/comments?post=73570"}],"version-history":[{"count":0,"href":"https:\/\/shop.nlq24.eu\/es\/wp-json\/wp\/v2\/pages\/73570\/revisions"}],"wp:attachment":[{"href":"https:\/\/shop.nlq24.eu\/es\/wp-json\/wp\/v2\/media?parent=73570"}],"curies":[{"name":"wp","href":"https:\/\/api.w.org\/{rel}","templated":true}]}}