{"id":73580,"date":"2019-01-14T22:48:03","date_gmt":"2019-01-14T22:48:03","guid":{"rendered":"https:\/\/shop.nlq24.eu\/pago-con-paypal-me\/"},"modified":"2024-07-31T11:12:00","modified_gmt":"2024-07-31T11:12:00","slug":"pago-con-paypal-me","status":"publish","type":"page","link":"https:\/\/shop.nlq24.eu\/es\/pago-con-paypal-me\/","title":{"rendered":"Pago con PayPal.Me"},"content":{"rendered":"\n<p>Si hay un error con el pago autom\u00e1tico a trav\u00e9s de PayPal y el pago no funcion\u00f3, intente PayPal.me.<\/p>\n\n<p>Para ello, haga clic en el siguiente ENLACE: <strong><a referrerpolicy=\"origin\" href=\"https:\/\/www.paypal.me\/neuelebensqualitaet\/\">https:\/\/www.paypal.me\/neuelebensqualitaet\/<\/a><\/strong><\/p>\n\n<p>Introduzca el importe final de la factura\/pedido.<\/p>\n\n<p>A continuaci\u00f3n, inicie sesi\u00f3n en PayPal y confirme que desea enviar el importe.<\/p>\n\n<p>A continuaci\u00f3n, contin\u00fae con la transacci\u00f3n. Introduzca el n\u00famero de pedido en la observaci\u00f3n.<\/p>\n\n<p>Despu\u00e9s del pago, recibo un mensaje de PayPal que indica que se ha realizado el pago. Entonces puedo procesar la orden m\u00e1s adelante.<\/p>\n\n<p>Saludos<br\/>Torben<\/p>\n","protected":false},"excerpt":{"rendered":"<p>Si hay un error con el pago autom\u00e1tico a trav\u00e9s de PayPal y el pago no funcion\u00f3, intente PayPal.me. Para ello, haga clic en el siguiente ENLACE: https:\/\/www.paypal.me\/neuelebensqualitaet\/ Introduzca el importe final de la factura\/pedido. A continuaci\u00f3n, inicie sesi\u00f3n en PayPal y confirme que desea enviar el importe. A continuaci\u00f3n, contin\u00fae con la transacci\u00f3n. Introduzca [&#8230;]\n","protected":false},"author":1,"featured_media":47621,"parent":0,"menu_order":0,"comment_status":"closed","ping_status":"closed","template":"","meta":{"footnotes":""},"class_list":["post-73580","page","type-page","status-publish","has-post-thumbnail","hentry"],"_links":{"self":[{"href":"https:\/\/shop.nlq24.eu\/es\/wp-json\/wp\/v2\/pages\/73580","targetHints":{"allow":["GET"]}}],"collection":[{"href":"https:\/\/shop.nlq24.eu\/es\/wp-json\/wp\/v2\/pages"}],"about":[{"href":"https:\/\/shop.nlq24.eu\/es\/wp-json\/wp\/v2\/types\/page"}],"author":[{"embeddable":true,"href":"https:\/\/shop.nlq24.eu\/es\/wp-json\/wp\/v2\/users\/1"}],"replies":[{"embeddable":true,"href":"https:\/\/shop.nlq24.eu\/es\/wp-json\/wp\/v2\/comments?post=73580"}],"version-history":[{"count":0,"href":"https:\/\/shop.nlq24.eu\/es\/wp-json\/wp\/v2\/pages\/73580\/revisions"}],"wp:featuredmedia":[{"embeddable":true,"href":"https:\/\/shop.nlq24.eu\/es\/wp-json\/wp\/v2\/media\/47621"}],"wp:attachment":[{"href":"https:\/\/shop.nlq24.eu\/es\/wp-json\/wp\/v2\/media?parent=73580"}],"curies":[{"name":"wp","href":"https:\/\/api.w.org\/{rel}","templated":true}]}}