{"id":73705,"date":"2019-01-21T07:43:56","date_gmt":"2019-01-21T07:43:56","guid":{"rendered":"https:\/\/shop.nlq24.eu\/hojas-de-datos-segun-el-reglamento-de-detergentes\/"},"modified":"2021-03-25T11:28:42","modified_gmt":"2021-03-25T11:28:42","slug":"hojas-de-datos-segun-el-reglamento-de-detergentes","status":"publish","type":"page","link":"https:\/\/shop.nlq24.eu\/es\/hojas-de-datos-segun-el-reglamento-de-detergentes\/","title":{"rendered":"Hojas de datos seg\u00fan el Reglamento de Detergentes"},"content":{"rendered":"\n<p>Aqu\u00ed encontrar\u00e1 las hojas de datos seg\u00fan la Ordenanza Alemana de Detergentes para los diferentes tipos de jabones de potasa:<\/p>\n\n<div class=\"wp-block-file\"><a href=\"https:\/\/shop.nlq24.eu\/wp-content\/uploads\/2019\/01\/Kaliseife-Natur-Produktdatenblatt-nach-Waschmittelverordnung-1.pdf\">Naturaleza del jab\u00f3n de potasa &#8211; ficha t\u00e9cnica del producto seg\u00fan la normativa sobre detergentes<\/a><a href=\"https:\/\/shop.nlq24.eu\/wp-content\/uploads\/2019\/01\/Kaliseife-Natur-Produktdatenblatt-nach-Waschmittelverordnung-1.pdf\" class=\"wp-block-file__button\" download=\"\">descargar<\/a><\/div>\n\n<div class=\"wp-block-file\"><a href=\"https:\/\/shop.nlq24.eu\/wp-content\/uploads\/2019\/01\/Kaliseife-Citronella-Produktdatenblatt-nach-Waschmittelverordnung.pdf\">Jab\u00f3n de potasa Citronela &#8211; Ficha t\u00e9cnica del producto seg\u00fan la Ordenanza Alemana de Detergentes<\/a><a href=\"https:\/\/shop.nlq24.eu\/wp-content\/uploads\/2019\/01\/Kaliseife-Citronella-Produktdatenblatt-nach-Waschmittelverordnung.pdf\" class=\"wp-block-file__button\" download=\"\">descargar<\/a><\/div>\n\n<div class=\"wp-block-file\"><a href=\"https:\/\/shop.nlq24.eu\/wp-content\/uploads\/2019\/01\/Kaliseife-Borax-Produktdatenblatt-nach-Waschmittelverordnung.pdf\">B\u00f3rax de jab\u00f3n de potasa &#8211; Ficha t\u00e9cnica del producto seg\u00fan la normativa de detergentes<\/a><a href=\"https:\/\/shop.nlq24.eu\/wp-content\/uploads\/2019\/01\/Kaliseife-Borax-Produktdatenblatt-nach-Waschmittelverordnung.pdf\" class=\"wp-block-file__button\" download=\"\">descargar<\/a><\/div>\n\n<div class=\"wp-block-file\"><a href=\"https:\/\/shop.nlq24.eu\/wp-content\/uploads\/2019\/01\/Kaliseife-Borax-und-Citronella-Produktdatenblatt-nach-Waschmittelverordnung.pdf\">B\u00f3rax de jab\u00f3n de potasa y citronela &#8211; Ficha t\u00e9cnica del producto seg\u00fan la Ordenanza Alemana de Detergentes<\/a><a href=\"https:\/\/shop.nlq24.eu\/wp-content\/uploads\/2019\/01\/Kaliseife-Borax-und-Citronella-Produktdatenblatt-nach-Waschmittelverordnung.pdf\" class=\"wp-block-file__button\" download=\"\">descargar<\/a><\/div>\n","protected":false},"excerpt":{"rendered":"<p>Aqu\u00ed encontrar\u00e1 las hojas de datos seg\u00fan la Ordenanza Alemana de Detergentes para los diferentes tipos de jabones de potasa:<\/p>\n","protected":false},"author":1,"featured_media":0,"parent":0,"menu_order":0,"comment_status":"closed","ping_status":"closed","template":"","meta":{"footnotes":""},"class_list":["post-73705","page","type-page","status-publish","hentry"],"_links":{"self":[{"href":"https:\/\/shop.nlq24.eu\/es\/wp-json\/wp\/v2\/pages\/73705","targetHints":{"allow":["GET"]}}],"collection":[{"href":"https:\/\/shop.nlq24.eu\/es\/wp-json\/wp\/v2\/pages"}],"about":[{"href":"https:\/\/shop.nlq24.eu\/es\/wp-json\/wp\/v2\/types\/page"}],"author":[{"embeddable":true,"href":"https:\/\/shop.nlq24.eu\/es\/wp-json\/wp\/v2\/users\/1"}],"replies":[{"embeddable":true,"href":"https:\/\/shop.nlq24.eu\/es\/wp-json\/wp\/v2\/comments?post=73705"}],"version-history":[{"count":0,"href":"https:\/\/shop.nlq24.eu\/es\/wp-json\/wp\/v2\/pages\/73705\/revisions"}],"wp:attachment":[{"href":"https:\/\/shop.nlq24.eu\/es\/wp-json\/wp\/v2\/media?parent=73705"}],"curies":[{"name":"wp","href":"https:\/\/api.w.org\/{rel}","templated":true}]}}