{"id":74404,"date":"2019-11-01T06:23:46","date_gmt":"2019-11-01T06:23:46","guid":{"rendered":"https:\/\/shop.nlq24.eu\/directiva-sobre-galletas-ue\/"},"modified":"2024-08-09T07:18:33","modified_gmt":"2024-08-09T07:18:33","slug":"directiva-sobre-galletas-ue","status":"publish","type":"page","link":"https:\/\/shop.nlq24.eu\/es\/directiva-sobre-galletas-ue\/","title":{"rendered":"Directiva sobre galletas (UE)"},"content":{"rendered":"\n<p>Si desea obtener m\u00e1s informaci\u00f3n sobre la navegaci\u00f3n an\u00f3nima, especialmente el seguimiento ofuscado, puede encontrar informaci\u00f3n detallada sobre c\u00f3mo personalizar mejor su navegador <strong><a rel=\"noreferrer noopener\" aria-label=\"hier (Akademie) (&#xF6;ffnet in neuem Tab)\" href=\"https:\/\/www.akademie.de\/wissen\/do-not-track-datenschutz\" target=\"_blank\">aqu\u00ed en (Akademie.de <\/a><\/strong>).<\/p>\n","protected":false},"excerpt":{"rendered":"<p>Si desea obtener m\u00e1s informaci\u00f3n sobre la navegaci\u00f3n an\u00f3nima, especialmente el seguimiento ofuscado, puede encontrar informaci\u00f3n detallada sobre c\u00f3mo personalizar mejor su navegador aqu\u00ed en (Akademie.de ).<\/p>\n","protected":false},"author":2,"featured_media":0,"parent":0,"menu_order":0,"comment_status":"closed","ping_status":"closed","template":"","meta":{"footnotes":""},"class_list":["post-74404","page","type-page","status-publish","hentry"],"_links":{"self":[{"href":"https:\/\/shop.nlq24.eu\/es\/wp-json\/wp\/v2\/pages\/74404","targetHints":{"allow":["GET"]}}],"collection":[{"href":"https:\/\/shop.nlq24.eu\/es\/wp-json\/wp\/v2\/pages"}],"about":[{"href":"https:\/\/shop.nlq24.eu\/es\/wp-json\/wp\/v2\/types\/page"}],"author":[{"embeddable":true,"href":"https:\/\/shop.nlq24.eu\/es\/wp-json\/wp\/v2\/users\/2"}],"replies":[{"embeddable":true,"href":"https:\/\/shop.nlq24.eu\/es\/wp-json\/wp\/v2\/comments?post=74404"}],"version-history":[{"count":0,"href":"https:\/\/shop.nlq24.eu\/es\/wp-json\/wp\/v2\/pages\/74404\/revisions"}],"wp:attachment":[{"href":"https:\/\/shop.nlq24.eu\/es\/wp-json\/wp\/v2\/media?parent=74404"}],"curies":[{"name":"wp","href":"https:\/\/api.w.org\/{rel}","templated":true}]}}