{"id":74411,"date":"2015-11-17T20:15:56","date_gmt":"2015-11-17T20:15:56","guid":{"rendered":"https:\/\/shop.nlq24.eu\/informacion-sobre-el-programa-de-socios\/"},"modified":"2025-05-05T17:55:56","modified_gmt":"2025-05-05T17:55:56","slug":"informacion-sobre-el-programa-de-socios","status":"publish","type":"page","link":"https:\/\/shop.nlq24.eu\/es\/informacion-sobre-el-programa-de-socios\/","title":{"rendered":"Informaci\u00f3n sobre el programa de socios"},"content":{"rendered":"\n\t<div id=\"gap-550328971\" class=\"gap-element clearfix\" style=\"display:block; height:auto;\">\n\t\t\n<style>\n#gap-550328971 {\n  padding-top: 30px;\n}\n<\/style>\n\t<\/div>\n\t\n\n<h3 style=\"text-align: center;\">Informaci\u00f3n sobre el programa de socios en NLQ24.de<\/h3>\n<div class=\"row align-equal align-right\"  id=\"row-1207941800\">\n\n\n\t<div id=\"col-1684489304\" class=\"col medium-4 small-12 large-4\"  >\n\t\t\t\t<div class=\"col-inner text-center\" style=\"background-color:rgb(255, 255, 255);\" >\n\t\t\t\n\t\t\t\n\n<h3>\u00a1Promueva mis productos!<\/h3>\n<p>En <strong>NLQ24.de<\/strong> se estableci\u00f3 un programa de socios. Esto significa que ahora tiene la oportunidad de beneficiarse de las referencias.<\/p>\n<p>Este programa de afiliados es administrado directamente por m\u00ed y no por empresas externas. Est\u00e1 respaldado por anuncios creados por uno mismo.  Estos se ajustan en cada caso a la respectiva oferta de productos o simplemente se refieren s\u00f3lo a mi tienda.<\/p>\n<p> <\/p>\n<p> <\/p>\n\n\t\t<\/div>\n\t\t\t\t\t<\/div>\n\n\t\n\n\t<div id=\"col-183315310\" class=\"col medium-4 small-12 large-4\"  >\n\t\t\t\t<div class=\"col-inner text-center\"  >\n\t\t\t\n\t\t\t\n\n<h3><strong>\u00bfCon un banner o un texto?<\/strong><\/h3>\n<p>Como socio, le proporciono material publicitario para poder colocar recomendaciones de productos o de mi propia tienda.<\/p>\n<p><strong>El enlace de texto:<br><\/strong>Un enlace de este tipo es adecuado para hacer referencia a mi tienda en blogs o en art\u00edculos\/publicaciones escritas. Tambi\u00e9n puede colocar un enlace de texto de este tipo muy bien en los correos electr\u00f3nicos y luego enviarlos. Al hacer clic y comprar lo referido a trav\u00e9s de su enlace, \u00a1recibir\u00e1 su bono!  <\/p>\n<p><strong>El banner publicitario:<br><\/strong>Si tienes un sitio web, tambi\u00e9n recibir\u00e1s banners publicitarios en tu cuenta. Puede colocarlos libremente en su p\u00e1gina de inicio o blog. Al hacer clic en el banner que vincula a su enlace, el sistema de mi tienda registra a los clientes que provienen de su sitio. Las ventas resultantes de visitar mi tienda le otorgar\u00e1n un bono.   <\/p>\n\n\t\t<\/div>\n\t\t\t\t\t<\/div>\n\n\t\n\n\t<div id=\"col-1944910047\" class=\"col medium-4 small-12 large-4\"  >\n\t\t\t\t<div class=\"col-inner text-center\"  >\n\t\t\t\n\t\t\t\n\n<h3>Facturaci\u00f3n honesta a trav\u00e9s de la \u00faltima tecnolog\u00eda<\/h3>\n<p>Mediante el uso de software de \u00faltima generaci\u00f3n, sus enlaces y vistas referidos se cuentan y son exactamente rastreables. Esto se aplica tanto a los enlaces de texto como a la publicidad a trav\u00e9s de banners. Esto permite una contabilidad precisa basada en las ventas.<\/p>\n<p>Mi programa de afiliados est\u00e1 dise\u00f1ado de tal manera que las recomendaciones valen la pena para usted. E incluso durante mucho tiempo.<\/p>\n<p>Si no est\u00e1 actuando comercialmente con fines de lucro y permanece en las desgravaciones fiscales, sus recomendaciones est\u00e1n libres de impuestos. Adem\u00e1s, necesitar\u00e1 una licencia comercial para los pagos.<\/p>\n\n\t\t<\/div>\n\t\t\t\t\t<\/div>\n\n\t\n\n<\/div>\n<div class=\"message-box relative dark\" style=\"padding-top:15px;padding-bottom:15px;\"><div class=\"message-box-bg-image bg-fill fill\" ><\/div><div class=\"message-box-bg-overlay bg-fill fill\" ><\/div><div class=\"container relative\"><div class=\"inner last-reset\">\n\n<div class=\"row align-middle align-center\"  id=\"row-858333160\">\n\n\n\t<div id=\"col-610163567\" class=\"col medium-9 small-12 large-9\"  >\n\t\t\t\t<div class=\"col-inner\"  >\n\t\t\t\n\t\t\t\n\n<p>\u00a1Participa y solicita ahora como socio!<\/p>\n\n\t\t<\/div>\n\t\t\t\t\t<\/div>\n\n\t\n\n\t<div id=\"col-2079323048\" class=\"col medium-2 small-12 large-2\"  >\n\t\t\t\t<div class=\"col-inner text-center\"  >\n\t\t\t\n\t\t\t\n\n\n\t\t<\/div>\n\t\t\t\t\t<\/div>\n\n\t\n\n<\/div>\n\n<\/div><\/div><\/div>\n\t<div id=\"gap-1470790113\" class=\"gap-element clearfix\" style=\"display:block; height:auto;\">\n\t\t\n<style>\n#gap-1470790113 {\n  padding-top: 30px;\n}\n<\/style>\n\t<\/div>\n\t\n\n<div class=\"row\"  id=\"row-1963706069\">\n\n\n\t<div id=\"col-1684418470\" class=\"col medium-4 small-12 large-4\"  >\n\t\t\t\t<div class=\"col-inner text-center\"  >\n\t\t\t\n\t\t\t\n\n<h3 class=\"Normal tm5 tm6\"><span class=\"tm7\">Recomendaci\u00f3n, \u00bfpor qu\u00e9 no?<\/span><\/h3>\n<p class=\"Normal tm5 tm6\"><span class=\"tm7\">\u00bfLlevas mucho tiempo compr\u00e1ndome y est\u00e1s convencido de mis productos y de mi oferta?<\/span><\/p>\n<p class=\"Normal tm5 tm6\"><span class=\"tm7\">\u00a1Entonces convi\u00e9rtete en socio ahora! Recomiendo mi tienda y los productos con plena convicci\u00f3n. Como agradecimiento, recibir\u00e1 un monto de pago por cada cliente referido que me compre en funci\u00f3n de su recomendaci\u00f3n, que le enviar\u00e9 a trav\u00e9s de PayPal o a su cuenta. El prerrequisito para esto es, por supuesto, que el pedido referido haya sido pagado, finalmente procesado, no revocado, y que sea un nuevo cliente. <\/span><\/p>\n<p class=\"Normal tm5 tm6\"><strong><span class=\"tm8\">As\u00ed es como podemos ser socios:<\/span><\/strong><\/p>\n<p class=\"Normal tm5 tm6\"><span class=\"tm7\">No importa si tienes tu propia p\u00e1gina de inicio, tienes un blog, un canal de Telegram o simplemente eres un cliente y usuario convencido de mis productos. Mi surtido, as\u00ed como muchos accesorios, permiten incluso llevar a cabo campa\u00f1as espec\u00edficas y as\u00ed tambi\u00e9n beneficiarse de las recomendaciones.<\/span><\/p>\n\n\t\t<\/div>\n\t\t\t\t\t<\/div>\n\n\t\n\n\t<div id=\"col-1734334274\" class=\"col medium-4 small-12 large-4\"  >\n\t\t\t\t<div class=\"col-inner text-center\"  >\n\t\t\t\n\t\t\t\n\n<h3 class=\"Normal\">La pareja condiciona las recomendaciones:<\/h3>\n<p class=\"Normal\"><span class=\"tm5\">Para cada uno <\/span><span class=\"tm5\">Pedido pagado y procesado que viene con su enlace de afiliado y no ha sido revocado, recibir\u00e1 una parte porcentual del valor neto de los productos. Esto es generalmente del 6%, pero a veces se escalona de manera diferente&nbsp; .  <\/span><\/p>\n<p class=\"Normal\"><span class=\"tm5\">Puede ver el saldo del bono en cualquier momento en el \u00e1rea de inicio de sesi\u00f3n del socio.<\/span><\/p>\n\n\t\t<\/div>\n\t\t\t\t\t<\/div>\n\n\t\n\n\t<div id=\"col-634601246\" class=\"col medium-4 small-12 large-4\"  >\n\t\t\t\t<div class=\"col-inner text-center\"  >\n\t\t\t\n\t\t\t\n\n<h3 class=\"Normal tm5 tm6\"><span class=\"tm7\">No hay riesgo<\/span><\/h3>\n<p class=\"Normal tm5 tm6\"><span class=\"tm7\">La participaci\u00f3n en el programa de socios es, por supuesto, gratuita. As\u00ed que no hay ning\u00fan riesgo en absoluto. Tambi\u00e9n estoy personalmente disponible para usted como persona de contacto<\/span><span class=\"tm7\">  y estar\u00e1 all\u00ed para ayudarte con palabras y hechos. Por tel\u00e9fono o correo electr\u00f3nico. <\/span><\/p>\n<h3 class=\"Normal\"><span class=\"tm5\">Siempre informado<\/span><\/h3>\n<p class=\"Normal\"><span class=\"tm5\">En la secci\u00f3n de afiliados puede ver en cu\u00e1ntos de los enlaces se hizo clic y qu\u00e9 bonificaci\u00f3n recibe de compras exitosas.<\/span><\/p>\n<p class=\"Normal\"><span class=\"tm5\">Espero una buena cooperaci\u00f3n de persona a persona<\/span><strong>\n  <span class=\"tm6\">.<\/span>\n<\/strong><\/p>\n<p><span style=\"background-color: #ff0000; color: #ffffff;\"><strong><span style=\"font-size: 120%; background-color: #ff0000;\"><a style=\"background-color: #ff0000; color: #ffffff;\" href=\"https:\/\/shop.nlq24.eu\/es\/inscripcion-en-el-programa-de-socios\/\"> APLICA AQU\u00cd <\/a><\/span><\/strong><\/span><\/p>\n<p>Saludos<br>Torben<\/p>\n<p class=\"Normal\"><span class=\"tm6\" style=\"font-size: 80%;\">Este programa de afiliaci\u00f3n es una oferta unilateral y voluntaria, que puedo cambiar o interrumpir unilateralmente en cualquier momento.<\/span><\/p>\n\n\t\t<\/div>\n\t\t\t\t\t<\/div>\n\n\t\n\n<\/div>\n\n","protected":false},"excerpt":{"rendered":"","protected":false},"author":2,"featured_media":0,"parent":0,"menu_order":0,"comment_status":"closed","ping_status":"closed","template":"page-blank.php","meta":{"footnotes":""},"class_list":["post-74411","page","type-page","status-publish","hentry"],"_links":{"self":[{"href":"https:\/\/shop.nlq24.eu\/es\/wp-json\/wp\/v2\/pages\/74411","targetHints":{"allow":["GET"]}}],"collection":[{"href":"https:\/\/shop.nlq24.eu\/es\/wp-json\/wp\/v2\/pages"}],"about":[{"href":"https:\/\/shop.nlq24.eu\/es\/wp-json\/wp\/v2\/types\/page"}],"author":[{"embeddable":true,"href":"https:\/\/shop.nlq24.eu\/es\/wp-json\/wp\/v2\/users\/2"}],"replies":[{"embeddable":true,"href":"https:\/\/shop.nlq24.eu\/es\/wp-json\/wp\/v2\/comments?post=74411"}],"version-history":[{"count":0,"href":"https:\/\/shop.nlq24.eu\/es\/wp-json\/wp\/v2\/pages\/74411\/revisions"}],"wp:attachment":[{"href":"https:\/\/shop.nlq24.eu\/es\/wp-json\/wp\/v2\/media?parent=74411"}],"curies":[{"name":"wp","href":"https:\/\/api.w.org\/{rel}","templated":true}]}}