{"id":75156,"date":"2019-01-14T19:32:48","date_gmt":"2019-01-14T19:32:48","guid":{"rendered":"https:\/\/shop.nlq24.eu\/gracias-por-comprar\/"},"modified":"2024-12-15T19:36:28","modified_gmt":"2024-12-15T19:36:28","slug":"gracias-por-comprar","status":"publish","type":"page","link":"https:\/\/shop.nlq24.eu\/es\/gracias-por-comprar\/","title":{"rendered":"Gracias por su compra"},"content":{"rendered":"\n<h2 class=\"wp-block-heading\">Gracias por comprar con nosotros.<\/h2>\n\n<p>Recibir\u00e1 una confirmaci\u00f3n de pedido por correo electr\u00f3nico inmediatamente despu\u00e9s de su pedido.  <br\/><br\/>Por favor, revise su buz\u00f3n. Si este correo electr\u00f3nico no llega, primero revise su carpeta de SPAM.<\/p>\n\n<p>Si estos tampoco llegan all\u00ed, p\u00f3ngase en contacto conmigo, ya que es posible que no haya recibido el pedido aqu\u00ed.<br\/><br\/>saludos cordiales<br\/>Torben von nlq24.de<br\/><\/p>\n\n<p>As\u00ed es como puedes comunicarte conmigo:<br\/>por correo electr\u00f3nico: service@nlq24.de<br\/>L\u00ednea de atenci\u00f3n telef\u00f3nica en alem\u00e1n: 04514891143<br\/>oder \u00fcber das Kontaktformular: <a href=\"https:\/\/shop.nlq24.eu\/es\/contacto\/\"><strong>.<\/strong><\/a><br\/><\/p>\n","protected":false},"excerpt":{"rendered":"<p>Gracias por comprar con nosotros. Recibir\u00e1 una confirmaci\u00f3n de pedido por correo electr\u00f3nico inmediatamente despu\u00e9s de su pedido. Por favor, revise su buz\u00f3n. Si este correo electr\u00f3nico no llega, primero revise su carpeta de SPAM. Si estos tampoco llegan all\u00ed, p\u00f3ngase en contacto conmigo, ya que es posible que no haya recibido el pedido aqu\u00ed. [&#8230;]\n","protected":false},"author":1,"featured_media":0,"parent":0,"menu_order":0,"comment_status":"closed","ping_status":"closed","template":"","meta":{"footnotes":""},"class_list":["post-75156","page","type-page","status-publish","hentry"],"_links":{"self":[{"href":"https:\/\/shop.nlq24.eu\/es\/wp-json\/wp\/v2\/pages\/75156","targetHints":{"allow":["GET"]}}],"collection":[{"href":"https:\/\/shop.nlq24.eu\/es\/wp-json\/wp\/v2\/pages"}],"about":[{"href":"https:\/\/shop.nlq24.eu\/es\/wp-json\/wp\/v2\/types\/page"}],"author":[{"embeddable":true,"href":"https:\/\/shop.nlq24.eu\/es\/wp-json\/wp\/v2\/users\/1"}],"replies":[{"embeddable":true,"href":"https:\/\/shop.nlq24.eu\/es\/wp-json\/wp\/v2\/comments?post=75156"}],"version-history":[{"count":0,"href":"https:\/\/shop.nlq24.eu\/es\/wp-json\/wp\/v2\/pages\/75156\/revisions"}],"wp:attachment":[{"href":"https:\/\/shop.nlq24.eu\/es\/wp-json\/wp\/v2\/media?parent=75156"}],"curies":[{"name":"wp","href":"https:\/\/api.w.org\/{rel}","templated":true}]}}