{"id":75165,"date":"2019-06-25T07:40:04","date_gmt":"2019-06-25T07:40:04","guid":{"rendered":"https:\/\/shop.nlq24.eu\/comprador-vip-revendedor\/"},"modified":"2023-03-16T10:37:17","modified_gmt":"2023-03-16T10:37:17","slug":"comprador-vip-revendedor","status":"publish","type":"page","link":"https:\/\/shop.nlq24.eu\/es\/comprador-vip-revendedor\/","title":{"rendered":"Convi\u00e9rtase en un revendedor \/ distribuidor"},"content":{"rendered":"\n<p>\u00bfLe gustar\u00eda convertirse en un revendedor \/ distribuidor en\u00e9rgico?  <\/p>\n\n<p>Si es as\u00ed, \u00a1apoya el proyecto!<\/p>\n\n<p>Adem\u00e1s de clorito de sodio, \u00e1cido clorh\u00eddrico, \u00e1cido l\u00e1ctico, DMSO, DMKB, CDH3000 (CDS \/ CDL), MKB Vital, Natron y bentonita, llevo otros productos interesantes.<\/p>\n\n<p>A continuaci\u00f3n, puede comprar productos de mi surtido a precios especiales.<\/p>\n\n<p>\u00a1El accesorio con su propia etiqueta tambi\u00e9n es posible!<br\/><br\/>Si est\u00e1s interesado, escr\u00edbeme un e-mail a: service@nlq24.de.<\/p>\n\n<p class=\"has-text-align-left has-black-color has-white-background-color has-text-color has-background\">Adem\u00e1s, tambi\u00e9n puede convertirse en un socio de referencia en mi <a href=\"https:\/\/shop.nlq24.eu\/es\/informacion-sobre-el-programa-de-socios\/\"><strong>programa de afiliados<\/strong> <\/a>y, por lo tanto, beneficiarse de las referencias.  <\/p>\n\n<p>saludos cordiales<\/p>\n\n<p>Torben von nlq24.de<\/p>\n","protected":false},"excerpt":{"rendered":"<p>\u00a1Convi\u00e9rtase en socio de ventas de Neue Lebensqualit\u00e4t nlq24.de!<\/p>\n","protected":false},"author":1,"featured_media":55929,"parent":0,"menu_order":0,"comment_status":"closed","ping_status":"closed","template":"","meta":{"footnotes":""},"class_list":["post-75165","page","type-page","status-publish","has-post-thumbnail","hentry"],"_links":{"self":[{"href":"https:\/\/shop.nlq24.eu\/es\/wp-json\/wp\/v2\/pages\/75165","targetHints":{"allow":["GET"]}}],"collection":[{"href":"https:\/\/shop.nlq24.eu\/es\/wp-json\/wp\/v2\/pages"}],"about":[{"href":"https:\/\/shop.nlq24.eu\/es\/wp-json\/wp\/v2\/types\/page"}],"author":[{"embeddable":true,"href":"https:\/\/shop.nlq24.eu\/es\/wp-json\/wp\/v2\/users\/1"}],"replies":[{"embeddable":true,"href":"https:\/\/shop.nlq24.eu\/es\/wp-json\/wp\/v2\/comments?post=75165"}],"version-history":[{"count":0,"href":"https:\/\/shop.nlq24.eu\/es\/wp-json\/wp\/v2\/pages\/75165\/revisions"}],"wp:featuredmedia":[{"embeddable":true,"href":"https:\/\/shop.nlq24.eu\/es\/wp-json\/wp\/v2\/media\/55929"}],"wp:attachment":[{"href":"https:\/\/shop.nlq24.eu\/es\/wp-json\/wp\/v2\/media?parent=75165"}],"curies":[{"name":"wp","href":"https:\/\/api.w.org\/{rel}","templated":true}]}}