{"id":75669,"date":"2019-11-24T13:20:28","date_gmt":"2019-11-24T13:20:28","guid":{"rendered":"https:\/\/shop.nlq24.eu\/embudos-de-vidrio-para-disolventes-varios-tamanos\/"},"modified":"2021-05-19T10:17:49","modified_gmt":"2021-05-19T10:17:49","slug":"embudos-de-vidrio-para-disolventes-varios-tamanos","status":"publish","type":"page","link":"https:\/\/shop.nlq24.eu\/es\/embudos-de-vidrio-para-disolventes-varios-tamanos\/","title":{"rendered":"Embudos glastum para disolventes &#8211; varios tama\u00f1os"},"content":{"rendered":"\n<h2 class=\"wp-block-heading\">Embudos de vidrio para disolventes &#8211; varios tama\u00f1os<\/h2>\n\n<p>Los embudos de vidrio para disolventes permiten trasvasarlos sin tropezar. Estos embudos de vidrio son muy adecuados si se quiere rellenar DMSO100 o 99,99 %, por ejemplo. Pero estos embudos de vidrio tambi\u00e9n son adecuados para otras sustancias, incluso agresivas. <\/p>\n\n<h2 class=\"wp-block-heading\">Embudos de vidrio para disolventes de diferentes tama\u00f1os<\/h2>\n\n<p>Est\u00e1 el <a href=\"https:\/\/shop.nlq24.eu\/es\/ producto\/glastrichter-30-mm-es\/\"><strong>deslumbramiento de 30 mm de di\u00e1metro.<\/strong>\n  \n<\/a> Est\u00e1 hecho de vidrio de refresco de lima. Esta es una buena opci\u00f3n para usted si desea transferir peque\u00f1as cantidades en botellas peque\u00f1as entre 5 y 50 ml. A\u00fan m\u00e1s peque\u00f1o es el <a href=\"https:\/\/shop.nlq24.eu\/es\/ producto\/embudo-glastum-25-mm\/\"><strong>glastfunder con 25 mm de di\u00e1metro.<\/strong>\n  \n<\/a> Tambi\u00e9n llamo a este micro embudo. Ambos tienen un di\u00e1metro muy peque\u00f1o en la salida, por lo que se puede utilizar muy bien para llenar las <a href=\"https:\/\/shop.nlq24.eu\/produkt\/pp-flaschen-bruchsicher-halbtransparent-mit-kindersicherheitsverschluss-div-groessen-farben\/\"><strong>botellas de PP a prueba de roturas.<\/strong>\n  \n<\/a><\/p>\n\n<h2 class=\"wp-block-heading\">Embudo de vidrio para sustancias calientes y fr\u00edas<\/h2>\n\n<p>El segundo tama\u00f1o es el <a href=\"https:\/\/shop.nlq24.eu\/es\/ producto\/embudo-de-vidrio-de-55-mm-de-vidrio-de-borosilicato-3-3\/\"><strong>glastador de 55 mm de di\u00e1metro.<\/strong>\n  \n<\/a> Est\u00e1 hecho de silicato de boro. Este material le permite llenar l\u00edquidos incluso calientes y muy fr\u00edos.<\/p>\n\n<p>Estas tolvas se pueden encontrar junto con tolvas de pl\u00e1stico en la categor\u00eda dosificaci\u00f3n \/ llenado &#8211; <a href=\"https:\/\/shop.nlq24.eu\/produkt-kategorien\/dosieren-abmessen\/trichter\/\">embudos.<\/a><\/p>\n\n<p><\/p>\n","protected":false},"excerpt":{"rendered":"<p>Glastatores para disolventes y sustancias agresivas en diferentes tama\u00f1os<\/p>\n","protected":false},"author":1,"featured_media":45946,"parent":0,"menu_order":0,"comment_status":"closed","ping_status":"closed","template":"","meta":{"footnotes":""},"class_list":["post-75669","page","type-page","status-publish","has-post-thumbnail","hentry"],"_links":{"self":[{"href":"https:\/\/shop.nlq24.eu\/es\/wp-json\/wp\/v2\/pages\/75669","targetHints":{"allow":["GET"]}}],"collection":[{"href":"https:\/\/shop.nlq24.eu\/es\/wp-json\/wp\/v2\/pages"}],"about":[{"href":"https:\/\/shop.nlq24.eu\/es\/wp-json\/wp\/v2\/types\/page"}],"author":[{"embeddable":true,"href":"https:\/\/shop.nlq24.eu\/es\/wp-json\/wp\/v2\/users\/1"}],"replies":[{"embeddable":true,"href":"https:\/\/shop.nlq24.eu\/es\/wp-json\/wp\/v2\/comments?post=75669"}],"version-history":[{"count":0,"href":"https:\/\/shop.nlq24.eu\/es\/wp-json\/wp\/v2\/pages\/75669\/revisions"}],"wp:featuredmedia":[{"embeddable":true,"href":"https:\/\/shop.nlq24.eu\/es\/wp-json\/wp\/v2\/media\/45946"}],"wp:attachment":[{"href":"https:\/\/shop.nlq24.eu\/es\/wp-json\/wp\/v2\/media?parent=75669"}],"curies":[{"name":"wp","href":"https:\/\/api.w.org\/{rel}","templated":true}]}}