{"id":75702,"date":"2020-03-22T13:11:53","date_gmt":"2020-03-22T13:11:53","guid":{"rendered":"https:\/\/shop.nlq24.eu\/consejos-para-corona\/"},"modified":"2021-03-25T11:20:22","modified_gmt":"2021-03-25T11:20:22","slug":"consejos-para-corona","status":"publish","type":"page","link":"https:\/\/shop.nlq24.eu\/es\/consejos-para-corona\/","title":{"rendered":"Consejos para Corona"},"content":{"rendered":"\n<p>Aqu\u00ed doy consejos para la situaci\u00f3n actual de Corona. Esta p\u00e1gina se actualizar\u00e1 continuamente. As\u00ed que si\u00e9ntase libre de mirar de vez en cuando&#8230;.<\/p>\n\n<h2 class=\"wp-block-heading\">Emplea tu tiempo libre de forma inteligente<\/h2>\n\n<p>En la actualidad, muchas personas est\u00e1n solas consigo mismas o con un peque\u00f1o c\u00edrculo. Pueden surgir tensiones y aflorar los problemas que siempre nos han afectado. En mi opini\u00f3n, la verdadera raz\u00f3n de las enfermedades. <\/p>\n\n<p>Estos tiempos extraordinarios se pueden pasar de muchas maneras diferentes, como ver la televisi\u00f3n, tener miedo, aprender a disfrutar de nuevo de las peque\u00f1as cosas, y, y, y. Tambi\u00e9n puedes utilizar este tiempo como un regalo para aprender m\u00e1s sobre ti mismo. Este libro puede ayudarte a ello. Porque puede sorprenderte: <strong>Todos estamos gobernados en un 90% por nuestro subconsciente.<\/strong>! <br\/>Especialmente en nuestra vida cotidiana, en la que el ni\u00f1o interior est\u00e1 fuertemente involucrado &#8211; por supuesto, sobre todo inconscientemente. Este libro de ejercicios pr\u00e1cticos muestra una forma de tratar con el ni\u00f1o interior, sin embargo: a trav\u00e9s de la \u00abescritura de di\u00e1logos\u00bb. \u00abAdem\u00e1s, el adulto recibe ejercicios para fortalecerse como herramienta de trabajo, as\u00ed como un \u00ablibro de cocina\u00bb con instrucciones precisas, paso a paso. Entonces los di\u00e1logos tienen \u00e9xito; los bloqueos pueden ser eliminados y m\u00e1s y m\u00e1s partes del \u00abni\u00f1o interior\u00bb pueden ser integradas. De este modo se puede volver a encontrar la unidad interior.<\/p>\n\n<p>Si desea pedir este libro ahora, de forma gratuita, haga clic en el siguiente enlace; a continuaci\u00f3n ser\u00e1 redirigido a la editorial (bod.de): <strong><a rel=\"noreferrer noopener\" href=\"https:\/\/www.bod.de\/buchshop\/auf-dem-weg-mit-dem-inneren-kind-peter-bartning-9783750428645\" target=\"_blank\">Auf dem Weg mit dem Inneren Kind (aleman)<\/a><\/strong>. <br\/>All\u00ed tambi\u00e9n puede leer las primeras 20 p\u00e1ginas como muestra.<br\/>El libro cuesta 14,90 euros, el libro electr\u00f3nico 9,49 euros. <br\/><br\/>saludos cordiales<br\/>Torben Beuthien<\/p>\n","protected":false},"excerpt":{"rendered":"<p>Aqu\u00ed doy consejos para la situaci\u00f3n actual de Corona. Esta p\u00e1gina se actualizar\u00e1 continuamente. As\u00ed que si\u00e9ntase libre de mirar de vez en cuando&#8230;. Emplea tu tiempo libre de forma inteligente En la actualidad, muchas personas est\u00e1n solas consigo mismas o con un peque\u00f1o c\u00edrculo. Pueden surgir tensiones y aflorar los problemas que siempre nos [&#8230;]\n","protected":false},"author":1,"featured_media":63498,"parent":0,"menu_order":0,"comment_status":"closed","ping_status":"closed","template":"","meta":{"footnotes":""},"class_list":["post-75702","page","type-page","status-publish","has-post-thumbnail","hentry"],"_links":{"self":[{"href":"https:\/\/shop.nlq24.eu\/es\/wp-json\/wp\/v2\/pages\/75702","targetHints":{"allow":["GET"]}}],"collection":[{"href":"https:\/\/shop.nlq24.eu\/es\/wp-json\/wp\/v2\/pages"}],"about":[{"href":"https:\/\/shop.nlq24.eu\/es\/wp-json\/wp\/v2\/types\/page"}],"author":[{"embeddable":true,"href":"https:\/\/shop.nlq24.eu\/es\/wp-json\/wp\/v2\/users\/1"}],"replies":[{"embeddable":true,"href":"https:\/\/shop.nlq24.eu\/es\/wp-json\/wp\/v2\/comments?post=75702"}],"version-history":[{"count":0,"href":"https:\/\/shop.nlq24.eu\/es\/wp-json\/wp\/v2\/pages\/75702\/revisions"}],"wp:featuredmedia":[{"embeddable":true,"href":"https:\/\/shop.nlq24.eu\/es\/wp-json\/wp\/v2\/media\/63498"}],"wp:attachment":[{"href":"https:\/\/shop.nlq24.eu\/es\/wp-json\/wp\/v2\/media?parent=75702"}],"curies":[{"name":"wp","href":"https:\/\/api.w.org\/{rel}","templated":true}]}}