{"id":75720,"date":"2018-12-13T20:09:30","date_gmt":"2018-12-13T20:09:30","guid":{"rendered":"https:\/\/shop.nlq24.eu\/instrucciones-de-uso-ph-meter-ph-tester\/"},"modified":"2021-03-25T11:35:17","modified_gmt":"2021-03-25T11:35:17","slug":"instrucciones-de-uso-ph-meter-ph-tester","status":"publish","type":"page","link":"https:\/\/shop.nlq24.eu\/es\/instrucciones-de-uso-ph-meter-ph-tester\/","title":{"rendered":"Instrucciones de uso pH Meter, pH Tester"},"content":{"rendered":"\nAqu\u00ed puede encontrar el manual como descarga en PDF: <a href=\"https:\/\/shop.nlq24.eu\/wp-content\/uploads\/2018\/12\/Anleitung_pH_Meter.pdf\">Anleitung_pH_Meter<\/a>\n\n<strong>pH Meter<\/strong>\nDatos t\u00e9cnicos\nRango de medici\u00f3n: 0,0-14,0 pH\nPasos: pH 0,1\nPrecisi\u00f3n: \u00b1 0,1 valor de pH (a 20\u00b0 C \/ 68 \u00b0 F)\nPilas: 3 x 1,5 V (pila de bot\u00f3n)\nVida \u00fatil: aprox. 700 Horas\nTemperatura ambiente: 0\u00b0 C ~ 50\u00b0 C (32\u00b0F -122\u00b0 F)\nHumedad relativa: <95% Dimensiones: 150 mm x 29 mm x 20mm Ajuste: por potenci\u00f3metro Peso: 51g <strong>Puesta en marcha:<\/strong>\n1. retire la tapa protectora (negra)\nEn primer lugar, aclare el electrodo con agua destilada y s\u00e9quelo con una toalla de papel absorbente.\nConecte el valor del pH mediante \u00abON\/OFF\u00bb. El interruptor est\u00e1 en la parte superior de la carcasa.\nSumergir el electrodo del medidor de pH en la soluci\u00f3n a analizar.\nRemover suavemente y esperar hasta que la pantalla se mantenga estable. \u00a1Ahora tienes el valor del pH!\nVuelve a apagar el aparato despu\u00e9s de usarlo.\nLimpie el electrodo de nuevo con agua destilada. D\u00e9jalo secar y vuelve a poner la tapa protectora.\n\n<strong>Calibraci\u00f3n del pH<\/strong>\nEl aparato ya est\u00e1 calibrado. Es necesario realizar una nueva calibraci\u00f3n si el aparato ha estado expuesto a cargas \u00e1cidas\/alcalinas altas o fuertes durante un periodo de tiempo prolongado. Por lo tanto, siempre debe aclararse muy bien con agua destilada despu\u00e9s de su uso. Si es necesario el calibrado, proceda como sigue:\n1.Prepare una soluci\u00f3n de prueba:\n1 cucharadita de bicarbonato s\u00f3dico (bicarbonato de sodio) por cada 100 ml. El agua. Remu\u00e9velo brevemente.\nPonga el aparato en \u00abon\u00bb y sum\u00e9rjalo hasta la temperatura m\u00e1xima. Medir la profundidad en la soluci\u00f3n. El valor del pH debe ser ahora de 8\nmostrar Si no es as\u00ed, g\u00edrelo hasta el valor 8,0 pH con el destornillador de calibraci\u00f3n.\n\n<strong>Cambio de bater\u00eda<\/strong>\nCuando la pantalla se oscurezca, sustituya todas las pilas. Para ello, saque el compartimento de la bater\u00eda del dispositivo. Observe la polaridad al insertar las nuevas pilas.\n\nGarant\u00eda\nSe aplica el periodo de garant\u00eda legal. Si los da\u00f1os no se deben a una negligencia o a un funcionamiento inadecuado, la garant\u00eda queda anulada.\n\nTodo lo mejor.\nNeue Lebensqualit\u00e4t\nTorben Beuthien\nHauptstr. 1\n23619 Badendorf\nTel, 0451 4891143\nMobil: 01777339031\nwww.nlq24.de\ninfo@nlq24.de\n","protected":false},"excerpt":{"rendered":"<p>Aqu\u00ed puede encontrar el manual como descarga en PDF: Anleitung_pH_Meter pH Meter Datos t\u00e9cnicos Rango de medici\u00f3n: 0,0-14,0 pH Pasos: pH 0,1 Precisi\u00f3n: \u00b1 0,1 valor de pH (a 20\u00b0 C \/ 68 \u00b0 F) Pilas: 3 x 1,5 V (pila de bot\u00f3n) Vida \u00fatil: aprox. 700 Horas Temperatura ambiente: 0\u00b0 C ~ 50\u00b0 C [&#8230;]\n","protected":false},"author":1,"featured_media":0,"parent":0,"menu_order":0,"comment_status":"closed","ping_status":"closed","template":"","meta":{"footnotes":""},"class_list":["post-75720","page","type-page","status-publish","hentry"],"_links":{"self":[{"href":"https:\/\/shop.nlq24.eu\/es\/wp-json\/wp\/v2\/pages\/75720","targetHints":{"allow":["GET"]}}],"collection":[{"href":"https:\/\/shop.nlq24.eu\/es\/wp-json\/wp\/v2\/pages"}],"about":[{"href":"https:\/\/shop.nlq24.eu\/es\/wp-json\/wp\/v2\/types\/page"}],"author":[{"embeddable":true,"href":"https:\/\/shop.nlq24.eu\/es\/wp-json\/wp\/v2\/users\/1"}],"replies":[{"embeddable":true,"href":"https:\/\/shop.nlq24.eu\/es\/wp-json\/wp\/v2\/comments?post=75720"}],"version-history":[{"count":0,"href":"https:\/\/shop.nlq24.eu\/es\/wp-json\/wp\/v2\/pages\/75720\/revisions"}],"wp:attachment":[{"href":"https:\/\/shop.nlq24.eu\/es\/wp-json\/wp\/v2\/media?parent=75720"}],"curies":[{"name":"wp","href":"https:\/\/api.w.org\/{rel}","templated":true}]}}