{"id":78281,"date":"2021-10-02T12:40:31","date_gmt":"2021-10-02T12:40:31","guid":{"rendered":"https:\/\/shop.nlq24.eu\/generador-manual-de-frecuencia-de-tierra-dual\/"},"modified":"2021-10-18T13:37:13","modified_gmt":"2021-10-18T13:37:13","slug":"generador-manual-de-frecuencia-de-tierra-dual","status":"publish","type":"page","link":"https:\/\/shop.nlq24.eu\/es\/generador-manual-de-frecuencia-de-tierra-dual\/","title":{"rendered":"Generador manual de frecuencia de tierra dual"},"content":{"rendered":"\nInstrucciones para el generador de frecuencia de tierra dual\n\n<p>Manual de instrucciones para su<strong> generador de frecuencia de tierra dual<\/strong><\/p>\n\n<p>1) Inserte las bater\u00edas AAA de 1,5 voltios. Para descartar problemas de arranque con el procesador, DEBE PRESIONAR EL BOT\u00d3N AL INSERTAR LAS BATER\u00cdAS.<\/p>\n\n<p>2) Cuando se suelta el bot\u00f3n, los LED amarillos y verdes se iluminan durante aproximadamente un segundo.<\/p>\n\n<p>3) Cuando el LED verde comienza a parpadear en el intervalo de 0,5 segundos, el EFG est\u00e1 en \u00abmodo activo de 7,83 Hz\u00bb. El dispositivo permanecer\u00e1 en este modo (no se apaga).<\/p>\n\n<p>4) Presione el bot\u00f3n nuevamente (al menos 0.3 seg., pero tambi\u00e9n puede mantener presionado el bot\u00f3n con firmeza), luego ambos LED comenzar\u00e1n a parpadear. El EFG est\u00e1 ahora en \u00abmodo de suspensi\u00f3n de 3.91 Hz\u00bb, que entra en \u00abmodo activo de 7.83 Hz\u00bb despu\u00e9s de media hora.<\/p>\n\n<p>5) Presione el bot\u00f3n nuevamente; ahora solo parpadea la luz amarilla y se activa el \u00abmodo de suspensi\u00f3n de 3,92 Hz\u00bb. Despu\u00e9s de 30 minutos, el dispositivo se apaga.<\/p>\n\n<p>6) Si presiona el bot\u00f3n nuevamente, ambos LED comenzar\u00e1n a parpadear y el dispositivo se apagar\u00e1 despu\u00e9s de un segundo.<\/p>\n\n<p>7) Cuando presione el bot\u00f3n nuevamente, el EFG se encender\u00e1 nuevamente e inmediatamente estar\u00e1 en \u00abmodo activo de 7.83 Hz\u00bb. Solo el LED verde parpadear\u00e1. El EFG est\u00e1 de vuelta en modo 3.<\/p>\n\n<p>Despu\u00e9s de presionar el bot\u00f3n, los LED parpadean con un intervalo de 0,5 segundos. Para ahorrar electricidad, entra lentamente en un intervalo de tiempo de 3 segundos.<\/p>\n\n<p>La corriente a trav\u00e9s de la bobina de M\u00f6bius es similar a un pulso y tiene un valor m\u00e1ximo de 2,5 mA. Las frecuencias son 7.83 y 3.92 Hz.<\/p>\n\n<p>LED = diodo\/bombilla emisora de luz.<\/p>\n\n<p><em>Recomendaci\u00f3n t\u00e9cnica: Evitar la humedad, el calor y el fr\u00edo extremo.<\/em><\/p>\n\n<p><strong>Reemplace las bater\u00edas:<\/strong><\/p>\n\n<p>Afloje el tornillo en la parte posterior del Dual EFG y reemplace o inserte las bater\u00edas.<\/p>\n\n<p>Compruebe que las pilas AAA de 1,5 voltios est\u00e1n insertadas correctamente (polos m\u00e1s y menos).<\/p>\n\n<p>Coloque ambas partes de la carcasa exactamente una encima de la otra nuevamente y apriete el tornillo nuevamente. Comprueba que ambas partes encajan bien.<\/p>\n\n<p><em>Disfrute de su generador de frecuencia de tierra dual (EFG).<\/em><\/p>\n\n<p>torben<\/p>\n\n<p><\/p>\n\n<p><\/p>\n\n<p>Nueva calidad de vida * Hauptstr. 1 * 23619 Badendorf<\/p>\n\n<p><a href=\"http:\/\/www.shop.nlq24.eu\">www.shop.nlq24.eu<\/a><a> <\/a><\/p>\n\n<p>Correo: <a href=\"mailto:service@nlq24.de\">service@nlq24.de<\/a><\/p>\n","protected":false},"excerpt":{"rendered":"<p>Instrucciones para el generador de frecuencia de tierra dual<\/p>\n","protected":false},"author":1,"featured_media":0,"parent":0,"menu_order":0,"comment_status":"closed","ping_status":"closed","template":"","meta":{"footnotes":""},"class_list":["post-78281","page","type-page","status-publish","hentry"],"_links":{"self":[{"href":"https:\/\/shop.nlq24.eu\/es\/wp-json\/wp\/v2\/pages\/78281","targetHints":{"allow":["GET"]}}],"collection":[{"href":"https:\/\/shop.nlq24.eu\/es\/wp-json\/wp\/v2\/pages"}],"about":[{"href":"https:\/\/shop.nlq24.eu\/es\/wp-json\/wp\/v2\/types\/page"}],"author":[{"embeddable":true,"href":"https:\/\/shop.nlq24.eu\/es\/wp-json\/wp\/v2\/users\/1"}],"replies":[{"embeddable":true,"href":"https:\/\/shop.nlq24.eu\/es\/wp-json\/wp\/v2\/comments?post=78281"}],"version-history":[{"count":0,"href":"https:\/\/shop.nlq24.eu\/es\/wp-json\/wp\/v2\/pages\/78281\/revisions"}],"wp:attachment":[{"href":"https:\/\/shop.nlq24.eu\/es\/wp-json\/wp\/v2\/media?parent=78281"}],"curies":[{"name":"wp","href":"https:\/\/api.w.org\/{rel}","templated":true}]}}