{"id":78305,"date":"2018-12-13T19:39:32","date_gmt":"2018-12-13T19:39:32","guid":{"rendered":"https:\/\/shop.nlq24.eu\/manual-de-usuario-de-tds\/"},"modified":"2025-05-05T18:09:12","modified_gmt":"2025-05-05T18:09:12","slug":"manual-de-usuario-de-tds","status":"publish","type":"page","link":"https:\/\/shop.nlq24.eu\/es\/manual-de-usuario-de-tds\/","title":{"rendered":"Manual de instrucciones del probador de agua TDS"},"content":{"rendered":"\n<p>Manual de instrucciones del probador de agua TDS<\/p>\n\n<p><strong>\u00bfQu\u00e9 es TDS?<\/strong><\/p>\n\n<p class=\"has-black-color has-text-color has-link-color wp-elements-6f3f0638df14caf2c544989ed83a8149\">.. es una abreviatura de \u00abTotal de s\u00f3lidos disruidos\u00bb e indica la suma de los s\u00f3lidos disueltos (minerales, metales, sales, sustancias extra\u00f1as, etc.) en el agua.<\/p>\n\n<p>La unidad ppm (partes por mill\u00f3n): partes de un mill\u00f3n. Cuanto menor sea el valor, mejor absorber\u00e1n el agua las c\u00e9lulas del cuerpo. Cuanto mayor sea el valor, m\u00e1s probable es que haya impurezas en el agua que impidan la absorci\u00f3n de agua en las c\u00e9lulas y, por lo tanto, supongan un riesgo para la salud.  <\/p>\n\n<p>Si se mide el agua del grifo, se obtienen valores entre 200 y 700 ppm. 8 ppm (agua pura) es lo \u00f3ptimo. Es mejor absorbido por las c\u00e9lulas y limpia el cuerpo en consecuencia de las sustancias t\u00f3xicas que debe y quiere excretar. Cambio los filtros de los sistemas de \u00f3smosis inversa de 80 ppm.   <\/p>\n\n<p><strong>Aplicaciones:<\/strong><\/p>\n\n<p><\/p>\n\n<p>* Probar la dureza del agua y el rendimiento de su sistema de purificaci\u00f3n de agua.<br\/>* Pruebas del agua del acuario<br\/>* Pruebas de agua del grifo<\/p>\n\n<p><strong><span style=\"text-decoration: underline;\">Funciones:<\/span><\/strong><\/p>\n\n<p><strong>El bot\u00f3n de encendido\/apagado<\/strong> enciende o apaga el dispositivo.<\/p>\n\n<p>La <strong>funci\u00f3n HOLD<\/strong> guarda la medici\u00f3n. Esto le permite leerlos despu\u00e9s de eliminar el TDS del l\u00edquido.<\/p>\n\n<p><strong>TEMP:<\/strong> Muestra la temperatura del agua<\/p>\n\n<p><strong><span style=\"text-decoration: underline;\">Operaci\u00f3n\/Medici\u00f3n:<\/span><\/strong><\/p>\n\n<p>1. Despegue la tapa protectora negra<br\/>2. Se muestra el bot\u00f3n de encendido\/apagado presionando \u00ab000\u00bb<br\/>3. Sum\u00e9rjase en el agua hasta la marca y espere una exhibici\u00f3n estable (10-30 seg.)<br\/>4. Presione el bot\u00f3n de retenci\u00f3n y el resultado se almacenar\u00e1 de manera legible. Retirar del agua.<br\/>5. Presione el bot\u00f3n de encendido\/apagado para apagar<br\/>6. Sacuda y limpie el agua residual del aparato, vuelva a colocar la tapa protectora. <\/p>\n\n<p><strong><span style=\"text-decoration: underline;\">Tenga en cuenta:<\/span><\/strong><\/p>\n\n<p>* No lo use en agua a m\u00e1s de 50 \u00b0 C.<br\/>* Por favor, no sumerja m\u00e1s all\u00e1 del extremo de la tapa protectora<br\/>* El dispositivo est\u00e1 ajustado y no necesita ser ajustado<br\/>* No almacene TDS al sol o a altas temperaturas<br\/>* El compartimento de la <strong>bater\u00eda<\/strong> se encuentra en la parte superior de la<strong> cabeza <\/strong>del dispositivo<\/p>\n\n<p>Rango de medici\u00f3n: 0 &#8211; 9990 ppm en incrementos de 1 ppm<br\/>Precisi\u00f3n: +\/- 2%<br\/>Apagado autom\u00e1tico: despu\u00e9s de 10 minutos<br\/>Rango de temperatura de trabajo: 0 a 50 \u00b0C<br\/>Tama\u00f1o: 142 x 25 x 15 mm<br\/>Peso: aprox. 36 g<br\/>Compensaci\u00f3n autom\u00e1tica de temperatura<br\/>Pilas: 2 pilas de bot\u00f3n de 1,5 V no incluidas.<\/p>\n\n<h2 class=\"wp-block-heading\">Equipo:<\/h2>\n\n<p class=\"has-black-color has-text-color has-link-color wp-elements-2d9866e2dc4b318c40fe6a0f69b66ad0\">Haga clic aqu\u00ed para ver el <a href=\"https:\/\/shop.nlq24.eu\/es\/ producto\/tds-water-tester-tds-meter-color-blanco-o-gris-izquierda-pruefen\/\"><strong>probador de agua TDS<\/strong><\/a><\/p>\n\n<figure class=\"wp-block-image aligncenter size-full is-resized\"><img loading=\"lazy\" decoding=\"async\" width=\"588\" height=\"588\" src=\"https:\/\/shop.nlq24.eu\/wp-content\/uploads\/2018\/12\/TDS-Meter.png\" alt=\"\" class=\"wp-image-5123\" style=\"width:440px\" srcset=\"https:\/\/shop.nlq24.eu\/wp-content\/uploads\/2018\/12\/TDS-Meter.png 588w, https:\/\/shop.nlq24.eu\/wp-content\/uploads\/2018\/12\/TDS-Meter-247x247.png 247w, https:\/\/shop.nlq24.eu\/wp-content\/uploads\/2018\/12\/TDS-Meter-100x100.png 100w, https:\/\/shop.nlq24.eu\/wp-content\/uploads\/2018\/12\/TDS-Meter-466x466.png 466w, https:\/\/shop.nlq24.eu\/wp-content\/uploads\/2018\/12\/TDS-Meter-215x215.png 215w, https:\/\/shop.nlq24.eu\/wp-content\/uploads\/2018\/12\/TDS-Meter-300x300.png 300w\" sizes=\"auto, (max-width: 588px) 100vw, 588px\" \/><\/figure>\n<p>Probador de agua TDS &#8211; Abra el compartimiento de la bater\u00eda e inserte \/ retire \/ reemplace las bater\u00edas:<\/p>\n\n<figure class=\"wp-block-image aligncenter size-large is-resized\"><img loading=\"lazy\" decoding=\"async\" width=\"338\" height=\"600\" src=\"https:\/\/shop.nlq24.eu\/wp-content\/uploads\/2024\/09\/TDS-Batteriefach-338x600.jpg\" alt=\"\" class=\"wp-image-85489\" style=\"width:246px;height:auto\" srcset=\"https:\/\/shop.nlq24.eu\/wp-content\/uploads\/2024\/09\/TDS-Batteriefach-338x600.jpg 338w, https:\/\/shop.nlq24.eu\/wp-content\/uploads\/2024\/09\/TDS-Batteriefach-rotated-466x828.jpg 466w, https:\/\/shop.nlq24.eu\/wp-content\/uploads\/2024\/09\/TDS-Batteriefach-225x400.jpg 225w, https:\/\/shop.nlq24.eu\/wp-content\/uploads\/2024\/09\/TDS-Batteriefach-158x280.jpg 158w, https:\/\/shop.nlq24.eu\/wp-content\/uploads\/2024\/09\/TDS-Batteriefach-rotated.jpg 720w\" sizes=\"auto, (max-width: 338px) 100vw, 338px\" \/><figcaption class=\"wp-element-caption\">Manual de instrucciones del probador de agua TDS &#8211; El compartimiento de la bater\u00eda<\/figcaption><\/figure>\n<figure class=\"wp-block-image aligncenter size-large is-resized\"><img loading=\"lazy\" decoding=\"async\" width=\"338\" height=\"600\" src=\"https:\/\/shop.nlq24.eu\/wp-content\/uploads\/2024\/09\/TDS-Batteriefach-herausnehmen-338x600.jpg\" alt=\"\" class=\"wp-image-85486\" style=\"width:254px;height:auto\" srcset=\"https:\/\/shop.nlq24.eu\/wp-content\/uploads\/2024\/09\/TDS-Batteriefach-herausnehmen-338x600.jpg 338w, https:\/\/shop.nlq24.eu\/wp-content\/uploads\/2024\/09\/TDS-Batteriefach-herausnehmen-rotated-466x828.jpg 466w, https:\/\/shop.nlq24.eu\/wp-content\/uploads\/2024\/09\/TDS-Batteriefach-herausnehmen-225x400.jpg 225w, https:\/\/shop.nlq24.eu\/wp-content\/uploads\/2024\/09\/TDS-Batteriefach-herausnehmen-158x280.jpg 158w, https:\/\/shop.nlq24.eu\/wp-content\/uploads\/2024\/09\/TDS-Batteriefach-herausnehmen-rotated.jpg 720w\" sizes=\"auto, (max-width: 338px) 100vw, 338px\" \/><\/figure>\n<figure class=\"wp-block-image aligncenter size-large is-resized\"><img loading=\"lazy\" decoding=\"async\" width=\"911\" height=\"1024\" src=\"https:\/\/shop.nlq24.eu\/wp-content\/uploads\/2018\/12\/TDS-im-Messbecher-911x1024.jpg\" alt=\"\" class=\"wp-image-416\" style=\"width:258px;height:auto\" srcset=\"https:\/\/shop.nlq24.eu\/wp-content\/uploads\/2018\/12\/TDS-im-Messbecher-911x1024.jpg 911w, https:\/\/shop.nlq24.eu\/wp-content\/uploads\/2018\/12\/TDS-im-Messbecher-466x524.jpg 466w, https:\/\/shop.nlq24.eu\/wp-content\/uploads\/2018\/12\/TDS-im-Messbecher-267x300.jpg 267w, https:\/\/shop.nlq24.eu\/wp-content\/uploads\/2018\/12\/TDS-im-Messbecher-768x863.jpg 768w, https:\/\/shop.nlq24.eu\/wp-content\/uploads\/2018\/12\/TDS-im-Messbecher-510x573.jpg 510w, https:\/\/shop.nlq24.eu\/wp-content\/uploads\/2018\/12\/TDS-im-Messbecher-300x337.jpg 300w, https:\/\/shop.nlq24.eu\/wp-content\/uploads\/2018\/12\/TDS-im-Messbecher.jpg 1068w\" sizes=\"auto, (max-width: 911px) 100vw, 911px\" \/><\/figure>\n<p><\/p>\n","protected":false},"excerpt":{"rendered":"<p>Manual de instrucciones del probador de agua TDS<\/p>\n","protected":false},"author":1,"featured_media":0,"parent":0,"menu_order":0,"comment_status":"closed","ping_status":"closed","template":"","meta":{"footnotes":""},"class_list":["post-78305","page","type-page","status-publish","hentry"],"_links":{"self":[{"href":"https:\/\/shop.nlq24.eu\/es\/wp-json\/wp\/v2\/pages\/78305","targetHints":{"allow":["GET"]}}],"collection":[{"href":"https:\/\/shop.nlq24.eu\/es\/wp-json\/wp\/v2\/pages"}],"about":[{"href":"https:\/\/shop.nlq24.eu\/es\/wp-json\/wp\/v2\/types\/page"}],"author":[{"embeddable":true,"href":"https:\/\/shop.nlq24.eu\/es\/wp-json\/wp\/v2\/users\/1"}],"replies":[{"embeddable":true,"href":"https:\/\/shop.nlq24.eu\/es\/wp-json\/wp\/v2\/comments?post=78305"}],"version-history":[{"count":0,"href":"https:\/\/shop.nlq24.eu\/es\/wp-json\/wp\/v2\/pages\/78305\/revisions"}],"wp:attachment":[{"href":"https:\/\/shop.nlq24.eu\/es\/wp-json\/wp\/v2\/media?parent=78305"}],"curies":[{"name":"wp","href":"https:\/\/api.w.org\/{rel}","templated":true}]}}