{"id":78313,"date":"2021-05-07T17:24:13","date_gmt":"2021-05-07T17:24:13","guid":{"rendered":"https:\/\/shop.nlq24.eu\/top-descargas\/"},"modified":"2025-06-19T07:38:36","modified_gmt":"2025-06-19T07:38:36","slug":"top-descargas","status":"publish","type":"page","link":"https:\/\/shop.nlq24.eu\/es\/top-descargas\/","title":{"rendered":"Top Descargas"},"content":{"rendered":"\nLas mejores descargas, descargas gratuitas redirigidas desde Telegram.\n\n<p>Folleto: <a href=\"https:\/\/shop.nlq24.eu\/wp-content\/uploads\/2021\/05\/Phantom-Virus-Flyer.pdf\">Phantom-Virus-Flyer.pdf<\/a> <\/p>\n\n<p>Aqu\u00ed puede poner volantes en su paquete: <a href=\"https:\/\/shop.nlq24.eu\/de\/Produkt\/flyer-phantom-virus\/\">Flyer Phantom Virus<\/a><\/p>\n\n<p><\/p>\n\n<p>Folleto Educaci\u00f3n sobre vacunaci\u00f3n: <a href=\"https:\/\/christen-im-widerstand.de\/wp-content\/uploads\/2020\/12\/A4_Impfflyer_Hockertz.pdf\">A4_Impfflyer_Hockertz.pdf<\/a> en ingl\u00e9s: <a href=\"https:\/\/christen-im-widerstand.de\/wp-content\/uploads\/2020\/12\/Danger_of_Covid_Vaccine_Prof.Hockertz.pdf\">Informaci\u00f3n sobre vacunaci\u00f3n<\/a><\/p>\n\n<p><\/p>\n\n<p>Video de protesta: <a href=\"https:\/\/shop.nlq24.eu\/wp-content\/uploads\/2021\/05\/Fuck-You-all.mp4\">Top VIDEO!. mp4<\/a> espa\u00f1ol<\/p>\n\n<p><a href=\"https:\/\/shop.nlq24.eu\/wp-content\/uploads\/2021\/05\/Schluss-mit-dem-Lockdown-Klingelton-Bjoern-Banane.mp3\">Tono de llamada: tono de llamada del cierre<\/a> de fin de a\u00f1o<\/p>\n\n<p><\/p>\n","protected":false},"excerpt":{"rendered":"<p>Las mejores descargas, descargas gratuitas redirigidas desde Telegram. Folleto: Phantom-Virus-Flyer.pdf Aqu\u00ed puede poner volantes en su paquete: Flyer Phantom Virus Folleto Educaci\u00f3n sobre vacunaci\u00f3n: A4_Impfflyer_Hockertz.pdf en ingl\u00e9s: Informaci\u00f3n sobre vacunaci\u00f3n Video de protesta: Top VIDEO!. mp4 espa\u00f1ol Tono de llamada: tono de llamada del cierre de fin de a\u00f1o<\/p>\n","protected":false},"author":1,"featured_media":0,"parent":0,"menu_order":0,"comment_status":"closed","ping_status":"closed","template":"","meta":{"footnotes":""},"class_list":["post-78313","page","type-page","status-publish","hentry"],"_links":{"self":[{"href":"https:\/\/shop.nlq24.eu\/es\/wp-json\/wp\/v2\/pages\/78313","targetHints":{"allow":["GET"]}}],"collection":[{"href":"https:\/\/shop.nlq24.eu\/es\/wp-json\/wp\/v2\/pages"}],"about":[{"href":"https:\/\/shop.nlq24.eu\/es\/wp-json\/wp\/v2\/types\/page"}],"author":[{"embeddable":true,"href":"https:\/\/shop.nlq24.eu\/es\/wp-json\/wp\/v2\/users\/1"}],"replies":[{"embeddable":true,"href":"https:\/\/shop.nlq24.eu\/es\/wp-json\/wp\/v2\/comments?post=78313"}],"version-history":[{"count":0,"href":"https:\/\/shop.nlq24.eu\/es\/wp-json\/wp\/v2\/pages\/78313\/revisions"}],"wp:attachment":[{"href":"https:\/\/shop.nlq24.eu\/es\/wp-json\/wp\/v2\/media?parent=78313"}],"curies":[{"name":"wp","href":"https:\/\/api.w.org\/{rel}","templated":true}]}}