{"id":80658,"date":"2022-06-01T18:41:21","date_gmt":"2022-06-01T18:41:21","guid":{"rendered":"https:\/\/shop.nlq24.eu\/autenticidad-de-las-resenas\/"},"modified":"2022-07-21T07:38:22","modified_gmt":"2022-07-21T07:38:22","slug":"autenticidad-de-las-resenas","status":"publish","type":"page","link":"https:\/\/shop.nlq24.eu\/es\/autenticidad-de-las-resenas\/","title":{"rendered":"Autenticidad de las rese\u00f1as"},"content":{"rendered":"\n<p>Se ha llevado a cabo un examen de las evaluaciones de la siguiente manera:<br\/>Revisamos las rese\u00f1as de nuestros productos antes de publicarlas. Cada evaluaci\u00f3n se verifica individualmente para ver si fue realizada por una persona que realmente compr\u00f3 los bienes o servicios aqu\u00ed. Una activaci\u00f3n tiene lugar solo despu\u00e9s de 24 horas como muy pronto.<\/p>\n","protected":false},"excerpt":{"rendered":"<p>Se ha llevado a cabo un examen de las evaluaciones de la siguiente manera:Revisamos las rese\u00f1as de nuestros productos antes de publicarlas. Cada evaluaci\u00f3n se verifica individualmente para ver si fue realizada por una persona que realmente compr\u00f3 los bienes o servicios aqu\u00ed. Una activaci\u00f3n tiene lugar solo despu\u00e9s de 24 horas como muy pronto.<\/p>\n","protected":false},"author":1,"featured_media":0,"parent":0,"menu_order":0,"comment_status":"closed","ping_status":"closed","template":"","meta":{"footnotes":""},"class_list":["post-80658","page","type-page","status-publish","hentry"],"_links":{"self":[{"href":"https:\/\/shop.nlq24.eu\/es\/wp-json\/wp\/v2\/pages\/80658","targetHints":{"allow":["GET"]}}],"collection":[{"href":"https:\/\/shop.nlq24.eu\/es\/wp-json\/wp\/v2\/pages"}],"about":[{"href":"https:\/\/shop.nlq24.eu\/es\/wp-json\/wp\/v2\/types\/page"}],"author":[{"embeddable":true,"href":"https:\/\/shop.nlq24.eu\/es\/wp-json\/wp\/v2\/users\/1"}],"replies":[{"embeddable":true,"href":"https:\/\/shop.nlq24.eu\/es\/wp-json\/wp\/v2\/comments?post=80658"}],"version-history":[{"count":0,"href":"https:\/\/shop.nlq24.eu\/es\/wp-json\/wp\/v2\/pages\/80658\/revisions"}],"wp:attachment":[{"href":"https:\/\/shop.nlq24.eu\/es\/wp-json\/wp\/v2\/media?parent=80658"}],"curies":[{"name":"wp","href":"https:\/\/api.w.org\/{rel}","templated":true}]}}