{"id":86165,"date":"2024-12-19T18:53:53","date_gmt":"2024-12-19T18:53:53","guid":{"rendered":"https:\/\/shop.nlq24.eu\/descripcion-general-del-producto-cds-cdl-cdh\/"},"modified":"2024-12-19T19:34:28","modified_gmt":"2024-12-19T19:34:28","slug":"descripcion-general-del-producto-cds-cdl-cdh","status":"publish","type":"page","link":"https:\/\/shop.nlq24.eu\/es\/descripcion-general-del-producto-cds-cdl-cdh\/","title":{"rendered":"Descripci\u00f3n general del producto CDS\/CDL\/CDH"},"content":{"rendered":"\n<p><strong>CDH3000 &#8211; CDL3000<\/strong> son <strong>soluciones de di\u00f3xido de cloro<\/strong><\/p>\n\n<p>Aqu\u00ed se venden como qu\u00edmica pura.<\/p>\n\n<p>CDH3000 es una mezcla de clorito de sodio al 25% y un \u00e1cido en agua. Esto produce la soluci\u00f3n acuosa de di\u00f3xido de cloro. <strong>La<\/strong> <strong>soluci\u00f3n<\/strong>de \u00f3xido<strong>de<\/strong>agua se abrevia con las letras \u00abCDL\u00bb en el idioma alem\u00e1n. <strong>La<\/strong> <strong>soluci\u00f3n \u00ab<\/strong>CDS\u00bb es una abreviatura inglesa.<strong> <\/strong> <\/p>\n\n<h3 class=\"wp-block-heading\"><strong>\u00bfQu\u00e9 variantes hay?<\/strong><\/h3>\n\n<p>1. La soluci\u00f3n activada lista para usar<a href=\"https:\/\/shop.nlq24.eu\/es\/ producto\/cds-cdl-solucion-de-dioxido-de-cloro-cdh3000\/\"><strong> CDH3000<\/strong> <\/a>ya est\u00e1 activada con <a href=\"https:\/\/shop.nlq24.eu\/en\/Produkt\/salzsaeure-4\/\">\u00e1cido clorh\u00eddrico.<\/a><\/p>\n\n<p>2. La soluci\u00f3n activada lista para usar <a href=\"https:\/\/shop.nlq24.eu\/es\/ producto\/cdh3000-ms-chlorine-dioxide-loesung-03-cdl-es\/\"><strong>CDH3000 MS<\/strong><\/a> se activa para usted con el valioso <a href=\"https:\/\/shop.nlq24.eu\/es\/Produkt\/milchsaeure-21-rechtsdrehend\/\">\u00e1cido l\u00e1ctico diestro<\/a> .<\/p>\n\n<p>3. <strong><a href=\"https:\/\/shop.nlq24.eu\/es\/ producto\/cdh3000-premium-dioxido-de-cloro-loesung-03-en-vidrio\/\">CDH3000 Premium<\/a><\/strong> se activa con \u00e1cido clorh\u00eddrico, pero se <strong>entrega en<\/strong> una <a href=\"https:\/\/shop.nlq24.eu\/es\/ producto\/botella-de-vidrio-miron\/\"><strong>botella de vidrio Miron<\/strong><\/a> que protege la luz y la frecuencia = mayor vida \u00fatil.<\/p>\n\n<p>4. <strong><a href=\"https:\/\/shop.nlq24.eu\/es\/ producto\/cdh1500-cdl-es\/\">CDH1500<\/a> <\/strong>tiene una potencia reducida pero suficiente, no se decolora en la mayor\u00eda de los textiles.<\/p>\n\n<p>5. <strong><a href=\"https:\/\/shop.nlq24.eu\/es\/?post_type=product&amp;p=83675\">CDL3000<\/a><\/strong> es una <strong>soluci\u00f3n de di\u00f3xido de cloro muy pura<\/strong> en la que el gas se introduce en el agua.<\/p>\n\n<hr class=\"wp-block-separator has-alpha-channel-opacity\"\/>\n\n<h3 class=\"wp-block-heading\">VARIANTES DE CDH NO ACTIVADAS DE MAYOR DURACI\u00d3N:<\/h3>\n\n<p>El CDH3000 LONG consta de 2 componentes y est\u00e1 <strong>desactivado<\/strong> en el momento de la compra. y, por lo tanto, se puede almacenar durante m\u00e1s tiempo. Al agregar el \u00e1cido empaquetado por separado, se crea la soluci\u00f3n de di\u00f3xido de cloro.  <\/p>\n\n<p>5. <strong><a href=\"https:\/\/shop.nlq24.eu\/es\/ producto\/cdl3000-largo-dioxido-de-cloro-loesung-inactivado-con-activador\/\">CDH3000 LARGO<\/a><\/strong> (<strong>desactivado<\/strong>) con el activador de <strong><a href=\"https:\/\/shop.nlq24.eu\/en\/Produkt\/salzsaeure-4\/\">\u00e1cido clorh\u00eddrico<\/a><\/strong>.<\/p>\n\n<p>6. <a href=\"https:\/\/shop.nlq24.eu\/es\/ producto\/cdh3000-long-ms-milchsaeure-es\/\"><strong>CDH3000-LONG MS<\/strong><\/a> (<strong>activado<\/strong>) Aqu\u00ed est\u00e1 el valioso <a href=\"https:\/\/shop.nlq24.eu\/es\/Produkt\/milchsaeure-21-rechtsdrehend\/\">\u00e1cido l\u00e1ctico diestro.<\/a> Esto tiene propiedades muy interesantes. <\/p>\n\n<hr class=\"wp-block-separator has-alpha-channel-opacity\"\/>\n\n<h3 class=\"wp-block-heading\">Caracter\u00edsticas especiales de CDH3000, la soluci\u00f3n de di\u00f3xido de cloro<\/h3>\n\n<p>La soluci\u00f3n de di\u00f3xido de cloro es <strong>fresca, preparada con cari\u00f1o y cuidado para usted de acuerdo con la f\u00f3rmula estequimom\u00e9trica. <\/strong>La activaci\u00f3n en CDH se lleva a cabo sin p\u00e9rdidas en la botella de vidrio cerrada en agua de \u00f3smosis. Al mismo tiempo, la activaci\u00f3n se lleva a cabo con <strong>acidez reducida<\/strong> . <\/p>\n\n<p><strong>Mi consejo:<\/strong> Utilice el<a href=\"https:\/\/shop.nlq24.eu\/es\/ producto\/doser-cdh-doser-10-ml-es\/\"> dosificador<\/a> para una dosificaci\u00f3n limpia y sin p\u00e9rdidas<\/p>\n\n<p>Si se compra sin un sistema dosificador, la tapa no se ajustar\u00e1 a un <a href=\"https:\/\/shop.nlq24.eu\/es\/uso-del-sistema-doser-2\/\">sistema dosificador<\/a>.<\/p>\n","protected":false},"excerpt":{"rendered":"<p>CDH3000 &#8211; CDL3000 son soluciones de di\u00f3xido de cloro Aqu\u00ed se venden como qu\u00edmica pura. CDH3000 es una mezcla de clorito de sodio al 25% y un \u00e1cido en agua. Esto produce la soluci\u00f3n acuosa de di\u00f3xido de cloro. La soluci\u00f3nde \u00f3xidodeagua se abrevia con las letras \u00abCDL\u00bb en el idioma alem\u00e1n. La soluci\u00f3n \u00abCDS\u00bb [&#8230;]\n","protected":false},"author":1,"featured_media":0,"parent":0,"menu_order":0,"comment_status":"closed","ping_status":"closed","template":"","meta":{"footnotes":""},"class_list":["post-86165","page","type-page","status-publish","hentry"],"_links":{"self":[{"href":"https:\/\/shop.nlq24.eu\/es\/wp-json\/wp\/v2\/pages\/86165","targetHints":{"allow":["GET"]}}],"collection":[{"href":"https:\/\/shop.nlq24.eu\/es\/wp-json\/wp\/v2\/pages"}],"about":[{"href":"https:\/\/shop.nlq24.eu\/es\/wp-json\/wp\/v2\/types\/page"}],"author":[{"embeddable":true,"href":"https:\/\/shop.nlq24.eu\/es\/wp-json\/wp\/v2\/users\/1"}],"replies":[{"embeddable":true,"href":"https:\/\/shop.nlq24.eu\/es\/wp-json\/wp\/v2\/comments?post=86165"}],"version-history":[{"count":0,"href":"https:\/\/shop.nlq24.eu\/es\/wp-json\/wp\/v2\/pages\/86165\/revisions"}],"wp:attachment":[{"href":"https:\/\/shop.nlq24.eu\/es\/wp-json\/wp\/v2\/media?parent=86165"}],"curies":[{"name":"wp","href":"https:\/\/api.w.org\/{rel}","templated":true}]}}