{"id":86186,"date":"2024-12-20T10:24:03","date_gmt":"2024-12-20T10:24:03","guid":{"rendered":"https:\/\/shop.nlq24.eu\/clorito-de-sodio-acidos-sets\/"},"modified":"2024-12-20T10:41:08","modified_gmt":"2024-12-20T10:41:08","slug":"clorito-de-sodio-acidos-sets","status":"publish","type":"page","link":"https:\/\/shop.nlq24.eu\/es\/clorito-de-sodio-acidos-sets\/","title":{"rendered":"Clorito de Sodio + \u00c1cidos Sets"},"content":{"rendered":"\n<h2 class=\"wp-block-heading\">Descripci\u00f3n general de los conjuntos de clorito de sodio + \u00e1cido<\/h2>\n\n<p>Aqu\u00ed doy una descripci\u00f3n m\u00e1s detallada de los conjuntos de clorito de sodio + \u00e1cido  <\/p>\n\n<p class=\"has-vivid-cyan-blue-color has-text-color has-link-color has-medium-font-size wp-elements-f7931423f5936196e9cb64d8c584e7b6\">Los <strong>conjuntos<\/strong> constan de una <a href=\"https:\/\/shop.nlq24.eu\/es\/Produkt\/natriumchlorit-25-loesung-es\/\"><strong>soluci\u00f3n de clorito de sodio al 25%<\/strong><\/a> y <a href=\"https:\/\/shop.nlq24.eu\/es\/Produkt\/salzsaeure-4\/\"><strong>\u00e1cido clorh\u00eddrico al 4<\/strong><\/a><a href=\"https:\/\/shop.nlq24.eu\/es\/Produkt\/milchsaeure-21-rechtsdrehend\/\"><strong>% o \u00e1cido l\u00e1ctico dextr\u00f3giro al 21%<\/strong><\/a> de muy alta calidad.<\/p>\n\n<hr class=\"wp-block-separator has-alpha-channel-opacity\"\/>\n\n<h3 class=\"wp-block-heading\"><strong>Clorito de sodio 25 % en calidad superior:<\/strong><\/h3>\n\n<p>Esta soluci\u00f3n de clorito de sodio es muy pura y s\u00f3lo contiene clorito de sodio y agua desmineralizada. Otros componentes extranjeros: <strong>0,0 %<\/strong><br\/>Es un producto de calidad de la UE sin aditivos ni sales extra\u00f1as. Por lo tanto, <strong>no<\/strong> se trata de \u00abcalidad t\u00e9cnica\u00bb sino de calidad de primer orden. Cumple con la norma DIN EN 938 Tipo 1. La producci\u00f3n es sintetizada.<\/p>\n\n<hr class=\"wp-block-separator has-alpha-channel-opacity\"\/>\n\n<h3 class=\"wp-block-heading\"><strong>\u00c1cido clorh\u00eddrico al 4 %:<\/strong><\/h3>\n\n<p>El \u00e1cido clorh\u00eddrico al 4% que se ofrece aqu\u00ed es de la m\u00e1s alta calidad y se puede utilizar como aditivo alimentario. De nuevo, esto no es \u00abcalidad t\u00e9cnica\u00bb.<\/p>\n\n<hr class=\"wp-block-separator has-alpha-channel-opacity\"\/>\n\n<h3 class=\"wp-block-heading\"><strong>\u00c1cido l\u00e1ctico giratorio a la derecha 21%<\/strong><\/h3>\n\n<p>Este \u00e1cido l\u00e1ctico tambi\u00e9n se conoce como \u00e1cido 2-hidroxiprop\u00e1nico. Es un <strong>\u00e1cido org\u00e1nico<\/strong>que se encuentra como un metaboto en organismos vegetales y animales. El \u00e1cido l\u00e1ctico es un l\u00edquido claro, incoloro o ligeramente amarillento. Al menos entonces, mientras siga siendo pura. Sabe agrio. Las sales de \u00e1cido l\u00e1ctico se llaman \u00ablactato\u00bb. Tambi\u00e9n es adecuado como activador del clorito de sodio al di\u00f3xido de cloro. La reacci\u00f3n procede m\u00e1s lentamente con el \u00e1cido l\u00e1ctico que con el \u00e1cido clorh\u00eddrico. Pero a cambio es muy sostenible.<\/p>\n\n<p>Con este juego se compra un producto de alta calidad.<\/p>\n\n<hr class=\"wp-block-separator has-alpha-channel-opacity\"\/>\n\n<h2 class=\"wp-block-heading\">Clorito de sodio + conjuntos de \u00e1cido &#8211; <strong>El material de las botellas:<\/strong><\/h2>\n\n<p>Los conjuntos de di\u00f3xido de cloro se rellenan <strong>Botellas de vidrio<\/strong> o en <strong>botellas de PP resistentes a los productos qu\u00edmicos e irrompibles<\/strong>. Se ha demostrado que las botellas de HDPE no son duraderas. Esto tambi\u00e9n es especialmente importante con la soluci\u00f3n de clorito de sodio. <\/p>\n\n<p>Por supuesto, todos los materiales pl\u00e1sticos est\u00e1n sujetos a descomposici\u00f3n despu\u00e9s de una exposici\u00f3n prolongada a productos qu\u00edmicos. Por lo tanto, recomiendo el uso de botellas de vidrio. Estos son los m\u00e1s duraderos. El \u00fanico punto d\u00e9bil desde hace a\u00f1os es el cierre. Pero incluso estos son resistentes a la qu\u00edmica ofrecida durante mucho tiempo.    <\/p>\n\n<p><br\/>\u00bfEst\u00e1 buscando una mezcla de di\u00f3xido de cloro lista para usar? Si es as\u00ed, eche un vistazo a estos productos: <a href=\"https:\/\/shop.nlq24.eu\/produkt-kategorien\/cdh3000\/\">CDH3000 soluci\u00f3n lista para usar<\/a><a href=\"https:\/\/shop.nlq24.eu\/produkt-kategorien\/cdh3000\/\">.<\/a> <\/p>\n\n<p><\/p>\n","protected":false},"excerpt":{"rendered":"<p>Conjuntos de clorito de sodio + \u00e1cido &#8211; Informaci\u00f3n<\/p>\n","protected":false},"author":1,"featured_media":68967,"parent":0,"menu_order":0,"comment_status":"closed","ping_status":"closed","template":"","meta":{"footnotes":""},"class_list":["post-86186","page","type-page","status-publish","has-post-thumbnail","hentry"],"_links":{"self":[{"href":"https:\/\/shop.nlq24.eu\/es\/wp-json\/wp\/v2\/pages\/86186","targetHints":{"allow":["GET"]}}],"collection":[{"href":"https:\/\/shop.nlq24.eu\/es\/wp-json\/wp\/v2\/pages"}],"about":[{"href":"https:\/\/shop.nlq24.eu\/es\/wp-json\/wp\/v2\/types\/page"}],"author":[{"embeddable":true,"href":"https:\/\/shop.nlq24.eu\/es\/wp-json\/wp\/v2\/users\/1"}],"replies":[{"embeddable":true,"href":"https:\/\/shop.nlq24.eu\/es\/wp-json\/wp\/v2\/comments?post=86186"}],"version-history":[{"count":0,"href":"https:\/\/shop.nlq24.eu\/es\/wp-json\/wp\/v2\/pages\/86186\/revisions"}],"wp:featuredmedia":[{"embeddable":true,"href":"https:\/\/shop.nlq24.eu\/es\/wp-json\/wp\/v2\/media\/68967"}],"wp:attachment":[{"href":"https:\/\/shop.nlq24.eu\/es\/wp-json\/wp\/v2\/media?parent=86186"}],"curies":[{"name":"wp","href":"https:\/\/api.w.org\/{rel}","templated":true}]}}