{"id":87752,"date":"2016-03-31T14:08:39","date_gmt":"2016-03-31T14:08:39","guid":{"rendered":"https:\/\/shop.nlq24.eu\/paginas\/"},"modified":"2025-06-19T07:23:17","modified_gmt":"2025-06-19T07:23:17","slug":"paginas","status":"publish","type":"page","link":"https:\/\/shop.nlq24.eu\/es\/paginas\/","title":{"rendered":"P\u00e1ginas"},"content":{"rendered":"\n  <div class=\"banner has-hover\" id=\"banner-1888640815\">\n          <div class=\"banner-inner fill\">\n        <div class=\"banner-bg fill\" >\n                                    <div class=\"overlay\"><\/div>            \n                    <\/div>\n\t\t\n        <div class=\"banner-layers container\">\n            <div class=\"fill banner-link\"><\/div>            \n   <div id=\"text-box-1006100850\" class=\"text-box banner-layer x50 md-x50 lg-x50 y50 md-y50 lg-y50 res-text\">\n                                <div class=\"text-box-content text dark\">\n              \n              <div class=\"text-inner text-center\">\n                  \n<h3 class=\"uppercase\"><strong>Pages (Elemento)<\/strong><\/h3>\n<p class=\"lead\">Muestre una lista de subp\u00e1ginas de una p\u00e1gina seleccionada de una manera hermosa. Muy \u00fatil si necesita enlazar a subp\u00e1ginas desde una p\u00e1gina principal. <\/p>\n              <\/div>\n           <\/div>\n                            \n<style>\n#text-box-1006100850 {\n  width: 60%;\n}\n#text-box-1006100850 .text-box-content {\n  font-size: 100%;\n}\n<\/style>\n    <\/div>\n \n        <\/div>\n      <\/div>\n\n            \n<style>\n#banner-1888640815 {\n  padding-top: 496px;\n}\n#banner-1888640815 .overlay {\n  background-color: rgba(0, 0, 0, 0.06);\n}\n#banner-1888640815 .banner-bg img {\n  object-position: 52% 2%;\n}\n<\/style>\n  <\/div>\n\n\n<div class=\"container section-title-container\" ><h3 class=\"section-title section-title-center\"><b aria-hidden=\"true\"><\/b><span class=\"section-title-main\" >Estilo predeterminado<\/span><b aria-hidden=\"true\"><\/b><\/h3><\/div>\n<p class=\"lead shortcode-error text-center\">Sorry, no pages was found<\/p>\n  \n    <div class=\"row large-columns-4 medium-columns-3 small-columns-2 has-shadow row-box-shadow-1\" >\n  <\/div>\n","protected":false},"excerpt":{"rendered":"","protected":false},"author":2,"featured_media":0,"parent":0,"menu_order":18,"comment_status":"closed","ping_status":"closed","template":"page-blank.php","meta":{"footnotes":""},"class_list":["post-87752","page","type-page","status-publish","hentry"],"_links":{"self":[{"href":"https:\/\/shop.nlq24.eu\/es\/wp-json\/wp\/v2\/pages\/87752","targetHints":{"allow":["GET"]}}],"collection":[{"href":"https:\/\/shop.nlq24.eu\/es\/wp-json\/wp\/v2\/pages"}],"about":[{"href":"https:\/\/shop.nlq24.eu\/es\/wp-json\/wp\/v2\/types\/page"}],"author":[{"embeddable":true,"href":"https:\/\/shop.nlq24.eu\/es\/wp-json\/wp\/v2\/users\/2"}],"replies":[{"embeddable":true,"href":"https:\/\/shop.nlq24.eu\/es\/wp-json\/wp\/v2\/comments?post=87752"}],"version-history":[{"count":0,"href":"https:\/\/shop.nlq24.eu\/es\/wp-json\/wp\/v2\/pages\/87752\/revisions"}],"wp:attachment":[{"href":"https:\/\/shop.nlq24.eu\/es\/wp-json\/wp\/v2\/media?parent=87752"}],"curies":[{"name":"wp","href":"https:\/\/api.w.org\/{rel}","templated":true}]}}