{"id":88046,"date":"2016-03-31T14:45:02","date_gmt":"2016-03-31T14:45:02","guid":{"rendered":"https:\/\/shop.nlq24.eu\/cuadro-de-busqueda\/"},"modified":"2025-06-19T07:46:46","modified_gmt":"2025-06-19T07:46:46","slug":"cuadro-de-busqueda","status":"publish","type":"page","link":"https:\/\/shop.nlq24.eu\/es\/cuadro-de-busqueda\/","title":{"rendered":"Cuadro de b\u00fasqueda"},"content":{"rendered":"\n  <div class=\"banner has-hover has-parallax\" id=\"banner-1368806873\">\n          <div class=\"banner-inner fill\">\n        <div class=\"banner-bg fill\" data-parallax=\"-3\" data-parallax-container=\".banner\" data-parallax-background>\n                                    <div class=\"overlay\"><\/div>            \n                    <\/div>\n\t\t\n        <div class=\"banner-layers container\">\n            <div class=\"fill banner-link\"><\/div>            \n   <div id=\"text-box-921550484\" class=\"text-box banner-layer x50 md-x50 lg-x50 y50 md-y50 lg-y50 res-text\">\n                                <div class=\"text-box-content text dark\">\n              \n              <div class=\"text-inner text-center\">\n                  \n<h3 class=\"uppercase\"><strong>ELEMENTO DE B\u00daSQUEDA<\/strong><\/h3>\n<p class=\"lead\">Inserte un cuadro de b\u00fasqueda de productos en cualquier lugar<\/p>\n<div class=\"searchform-wrapper ux-search-box relative form-flat is-xlarge\"><form role=\"search\" method=\"get\" class=\"searchform\" action=\"https:\/\/shop.nlq24.eu\/es\/\">\n\t<div class=\"flex-row relative\">\n\t\t\t\t\t<div class=\"flex-col search-form-categories\">\n\t\t\t\t<select class=\"search_categories resize-select mb-0\" name=\"product_cat\"><option value=\"\" selected='selected'>Todo<\/option><option value=\"zubehoer-fuer-flaschen\">Accesorios para botellas<\/option><option value=\"aetherische-oele-es\">aceites esenciales<\/option><option value=\"acido-lactico-21-es\">\u00c1cido l\u00e1ctico 21%<\/option><option value=\"saeuren-es\">\u00c1cidos<\/option><option value=\"articulos-de-cobre-2\">Art\u00edculos de cobre<\/option><option value=\"miron-glasflaschen-es\">Botellas de vidrio Miron<\/option><option value=\"botellas-tapones-accesorios\">Botellas, tapones, accesorios<\/option><option value=\"magensaftresistente-leerkapseln-es\">C\u00e1psulas vac\u00edas con recubrimiento ent\u00e9rico<\/option><option value=\"cdh3000-solucion-de-dioxido-de-cloro-cdl-cds\">CDH3000 - CDL3000 soluciones de di\u00f3xido de cloro (CDL, CDS)<\/option><option value=\"chlordioxid-sets-natriumchlorit-saeure-es\">Clorito de Sodio + \u00c1cido - Juegos<\/option><option value=\"natriumchlorit-25-es\">Clorito de sodio 25<\/option><option value=\"cdh-components-es\">Componentes de CDH<\/option><option value=\"weihnachtstipps-es\">Consejos de Navidad<\/option><option value=\"dmso-dimetil-sulfoxido\">DMSO dimetilsulf\u00f3xido<\/option><option value=\"dosificacion-medicion\">Dosificaci\u00f3n \/ Medici\u00f3n<\/option><option value=\"kolloidales-silber-spezial-es\">Especial de Plata Coloidal<\/option><option value=\"iew-es\">IEW<\/option><option value=\"jabon-de-potasa\">Jab\u00f3n de potasa<\/option><option value=\"la-tecnologia-de-frecuencia\">La tecnolog\u00eda de frecuencia<\/option><option value=\"minerales\">Minerales<\/option><option value=\"filtro-de-agua-osmosis-inversa\">\u00d3smosis inversa del filtro de agua<\/option><option value=\"productos-coloidales-es\">Productos coloidales<\/option><option value=\"tachyon-produkte-es\">Productos de taquiones<\/option><option value=\"wasserveredelung-es-2\">Refinamiento del agua<\/option><option value=\"sales-naturales\">Sales<\/option><option value=\"uncategorized-es\">Sin categor\u00eda de producto<\/option><option value=\"sistema-de-dosificacion-todos\">Sistema de dosificaci\u00f3n - todos<\/option><option value=\"todos-los-productos-resumen\">Todos los productos - Resumen<\/option><\/select>\t\t\t<\/div>\n\t\t\t\t\t\t<div class=\"flex-col flex-grow\">\n\t\t\t<label class=\"screen-reader-text\" for=\"woocommerce-product-search-field-0\">Buscar por:<\/label>\n\t\t\t<input type=\"search\" id=\"woocommerce-product-search-field-0\" class=\"search-field mb-0\" placeholder=\"SUCHEN  | search:\" value=\"\" name=\"s\" \/>\n\t\t\t<input type=\"hidden\" name=\"post_type\" value=\"product\" \/>\n\t\t\t\t\t\t\t<input type=\"hidden\" name=\"lang\" value=\"es\" \/>\n\t\t\t\t\t<\/div>\n\t\t<div class=\"flex-col\">\n\t\t\t<button type=\"submit\" value=\"Buscar\" class=\"ux-search-submit submit-button secondary button  icon mb-0\" aria-label=\"Enviar\">\n\t\t\t\t<i class=\"icon-search\" aria-hidden=\"true\"><\/i>\t\t\t<\/button>\n\t\t<\/div>\n\t<\/div>\n\t<div class=\"live-search-results text-left z-top\"><\/div>\n<\/form>\n<\/div>\n              <\/div>\n           <\/div>\n                            \n<style>\n#text-box-921550484 {\n  width: 60%;\n}\n#text-box-921550484 .text-box-content {\n  font-size: 100%;\n}\n<\/style>\n    <\/div>\n \n        <\/div>\n      <\/div>\n\n            \n<style>\n#banner-1368806873 {\n  padding-top: 500px;\n}\n#banner-1368806873 .overlay {\n  background-color: rgba(0, 0, 0, 0.44);\n}\n#banner-1368806873 .banner-bg img {\n  object-position: 32% 28%;\n}\n<\/style>\n  <\/div>\n\n\n<div class=\"row\"  id=\"row-544004844\">\n\n\t<div id=\"col-1468235956\" class=\"col medium-6 small-12 large-6\"  >\n\t\t\t\t<div class=\"col-inner\"  >\n\t\t\t\n\t\t\t\n<div class=\"container section-title-container\" ><h3 class=\"section-title section-title-normal\"><b aria-hidden=\"true\"><\/b><span class=\"section-title-main\" >Estilo predeterminado<\/span><b aria-hidden=\"true\"><\/b><\/h3><\/div>\n<div class=\"searchform-wrapper ux-search-box relative is-normal\"><form role=\"search\" method=\"get\" class=\"searchform\" action=\"https:\/\/shop.nlq24.eu\/es\/\">\n\t<div class=\"flex-row relative\">\n\t\t\t\t\t<div class=\"flex-col search-form-categories\">\n\t\t\t\t<select class=\"search_categories resize-select mb-0\" name=\"product_cat\"><option value=\"\" selected='selected'>Todo<\/option><option value=\"zubehoer-fuer-flaschen\">Accesorios para botellas<\/option><option value=\"aetherische-oele-es\">aceites esenciales<\/option><option value=\"acido-lactico-21-es\">\u00c1cido l\u00e1ctico 21%<\/option><option value=\"saeuren-es\">\u00c1cidos<\/option><option value=\"articulos-de-cobre-2\">Art\u00edculos de cobre<\/option><option value=\"miron-glasflaschen-es\">Botellas de vidrio Miron<\/option><option value=\"botellas-tapones-accesorios\">Botellas, tapones, accesorios<\/option><option value=\"magensaftresistente-leerkapseln-es\">C\u00e1psulas vac\u00edas con recubrimiento ent\u00e9rico<\/option><option value=\"cdh3000-solucion-de-dioxido-de-cloro-cdl-cds\">CDH3000 - CDL3000 soluciones de di\u00f3xido de cloro (CDL, CDS)<\/option><option value=\"chlordioxid-sets-natriumchlorit-saeure-es\">Clorito de Sodio + \u00c1cido - Juegos<\/option><option value=\"natriumchlorit-25-es\">Clorito de sodio 25<\/option><option value=\"cdh-components-es\">Componentes de CDH<\/option><option value=\"weihnachtstipps-es\">Consejos de Navidad<\/option><option value=\"dmso-dimetil-sulfoxido\">DMSO dimetilsulf\u00f3xido<\/option><option value=\"dosificacion-medicion\">Dosificaci\u00f3n \/ Medici\u00f3n<\/option><option value=\"kolloidales-silber-spezial-es\">Especial de Plata Coloidal<\/option><option value=\"iew-es\">IEW<\/option><option value=\"jabon-de-potasa\">Jab\u00f3n de potasa<\/option><option value=\"la-tecnologia-de-frecuencia\">La tecnolog\u00eda de frecuencia<\/option><option value=\"minerales\">Minerales<\/option><option value=\"filtro-de-agua-osmosis-inversa\">\u00d3smosis inversa del filtro de agua<\/option><option value=\"productos-coloidales-es\">Productos coloidales<\/option><option value=\"tachyon-produkte-es\">Productos de taquiones<\/option><option value=\"wasserveredelung-es-2\">Refinamiento del agua<\/option><option value=\"sales-naturales\">Sales<\/option><option value=\"uncategorized-es\">Sin categor\u00eda de producto<\/option><option value=\"sistema-de-dosificacion-todos\">Sistema de dosificaci\u00f3n - todos<\/option><option value=\"todos-los-productos-resumen\">Todos los productos - Resumen<\/option><\/select>\t\t\t<\/div>\n\t\t\t\t\t\t<div class=\"flex-col flex-grow\">\n\t\t\t<label class=\"screen-reader-text\" for=\"woocommerce-product-search-field-1\">Buscar por:<\/label>\n\t\t\t<input type=\"search\" id=\"woocommerce-product-search-field-1\" class=\"search-field mb-0\" placeholder=\"SUCHEN  | search:\" value=\"\" name=\"s\" \/>\n\t\t\t<input type=\"hidden\" name=\"post_type\" value=\"product\" \/>\n\t\t\t\t\t\t\t<input type=\"hidden\" name=\"lang\" value=\"es\" \/>\n\t\t\t\t\t<\/div>\n\t\t<div class=\"flex-col\">\n\t\t\t<button type=\"submit\" value=\"Buscar\" class=\"ux-search-submit submit-button secondary button  icon mb-0\" aria-label=\"Enviar\">\n\t\t\t\t<i class=\"icon-search\" aria-hidden=\"true\"><\/i>\t\t\t<\/button>\n\t\t<\/div>\n\t<\/div>\n\t<div class=\"live-search-results text-left z-top\"><\/div>\n<\/form>\n<\/div>\n\t\t<\/div>\n\t\t\t\t\t<\/div>\n\n\t\n\n\t<div id=\"col-663188065\" class=\"col medium-6 small-12 large-6\"  >\n\t\t\t\t<div class=\"col-inner\"  >\n\t\t\t\n\t\t\t\n<div class=\"container section-title-container\" ><h3 class=\"section-title section-title-normal\"><b aria-hidden=\"true\"><\/b><span class=\"section-title-main\" >Estilo plano<\/span><b aria-hidden=\"true\"><\/b><\/h3><\/div>\n<div class=\"searchform-wrapper ux-search-box relative form-flat is-normal\"><form role=\"search\" method=\"get\" class=\"searchform\" action=\"https:\/\/shop.nlq24.eu\/es\/\">\n\t<div class=\"flex-row relative\">\n\t\t\t\t\t<div class=\"flex-col search-form-categories\">\n\t\t\t\t<select class=\"search_categories resize-select mb-0\" name=\"product_cat\"><option value=\"\" selected='selected'>Todo<\/option><option value=\"zubehoer-fuer-flaschen\">Accesorios para botellas<\/option><option value=\"aetherische-oele-es\">aceites esenciales<\/option><option value=\"acido-lactico-21-es\">\u00c1cido l\u00e1ctico 21%<\/option><option value=\"saeuren-es\">\u00c1cidos<\/option><option value=\"articulos-de-cobre-2\">Art\u00edculos de cobre<\/option><option value=\"miron-glasflaschen-es\">Botellas de vidrio Miron<\/option><option value=\"botellas-tapones-accesorios\">Botellas, tapones, accesorios<\/option><option value=\"magensaftresistente-leerkapseln-es\">C\u00e1psulas vac\u00edas con recubrimiento ent\u00e9rico<\/option><option value=\"cdh3000-solucion-de-dioxido-de-cloro-cdl-cds\">CDH3000 - CDL3000 soluciones de di\u00f3xido de cloro (CDL, CDS)<\/option><option value=\"chlordioxid-sets-natriumchlorit-saeure-es\">Clorito de Sodio + \u00c1cido - Juegos<\/option><option value=\"natriumchlorit-25-es\">Clorito de sodio 25<\/option><option value=\"cdh-components-es\">Componentes de CDH<\/option><option value=\"weihnachtstipps-es\">Consejos de Navidad<\/option><option value=\"dmso-dimetil-sulfoxido\">DMSO dimetilsulf\u00f3xido<\/option><option value=\"dosificacion-medicion\">Dosificaci\u00f3n \/ Medici\u00f3n<\/option><option value=\"kolloidales-silber-spezial-es\">Especial de Plata Coloidal<\/option><option value=\"iew-es\">IEW<\/option><option value=\"jabon-de-potasa\">Jab\u00f3n de potasa<\/option><option value=\"la-tecnologia-de-frecuencia\">La tecnolog\u00eda de frecuencia<\/option><option value=\"minerales\">Minerales<\/option><option value=\"filtro-de-agua-osmosis-inversa\">\u00d3smosis inversa del filtro de agua<\/option><option value=\"productos-coloidales-es\">Productos coloidales<\/option><option value=\"tachyon-produkte-es\">Productos de taquiones<\/option><option value=\"wasserveredelung-es-2\">Refinamiento del agua<\/option><option value=\"sales-naturales\">Sales<\/option><option value=\"uncategorized-es\">Sin categor\u00eda de producto<\/option><option value=\"sistema-de-dosificacion-todos\">Sistema de dosificaci\u00f3n - todos<\/option><option value=\"todos-los-productos-resumen\">Todos los productos - Resumen<\/option><\/select>\t\t\t<\/div>\n\t\t\t\t\t\t<div class=\"flex-col flex-grow\">\n\t\t\t<label class=\"screen-reader-text\" for=\"woocommerce-product-search-field-2\">Buscar por:<\/label>\n\t\t\t<input type=\"search\" id=\"woocommerce-product-search-field-2\" class=\"search-field mb-0\" placeholder=\"SUCHEN  | search:\" value=\"\" name=\"s\" \/>\n\t\t\t<input type=\"hidden\" name=\"post_type\" value=\"product\" \/>\n\t\t\t\t\t\t\t<input type=\"hidden\" name=\"lang\" value=\"es\" \/>\n\t\t\t\t\t<\/div>\n\t\t<div class=\"flex-col\">\n\t\t\t<button type=\"submit\" value=\"Buscar\" class=\"ux-search-submit submit-button secondary button  icon mb-0\" aria-label=\"Enviar\">\n\t\t\t\t<i class=\"icon-search\" aria-hidden=\"true\"><\/i>\t\t\t<\/button>\n\t\t<\/div>\n\t<\/div>\n\t<div class=\"live-search-results text-left z-top\"><\/div>\n<\/form>\n<\/div>\n\t\t<\/div>\n\t\t\t\t\t<\/div>\n\n\t\n<\/div>\n\n  <div class=\"banner has-hover\" id=\"banner-780225306\">\n          <div class=\"banner-inner fill\">\n        <div class=\"banner-bg fill\" >\n                                                \n                    <\/div>\n\t\t\n        <div class=\"banner-layers container\">\n            <div class=\"fill banner-link\"><\/div>            \n   <div id=\"text-box-147948255\" class=\"text-box banner-layer x0 md-x0 lg-x0 y50 md-y50 lg-y50 res-text\">\n                                <div class=\"text-box-content text dark\">\n              \n              <div class=\"text-inner text-left\">\n                  \n<h3 class=\"uppercase\"><strong>Cuadro de b\u00fasqueda dentro de un banner<\/strong><\/h3>\n<p>Lorem ipsum dolor sit amet, consectetuer adipiscing elit, sed diam nonummy nibh euismod tincidunt ut laoreet dolore magna aliquam erat volutpat.<\/p>\n\t<div id=\"gap-725448901\" class=\"gap-element clearfix\" style=\"display:block; height:auto;\">\n\t\t\n<style>\n#gap-725448901 {\n  padding-top: 25px;\n}\n<\/style>\n\t<\/div>\n\t\n<div class=\"searchform-wrapper ux-search-box relative is-large\"><form role=\"search\" method=\"get\" class=\"searchform\" action=\"https:\/\/shop.nlq24.eu\/es\/\">\n\t<div class=\"flex-row relative\">\n\t\t\t\t\t<div class=\"flex-col search-form-categories\">\n\t\t\t\t<select class=\"search_categories resize-select mb-0\" name=\"product_cat\"><option value=\"\" selected='selected'>Todo<\/option><option value=\"zubehoer-fuer-flaschen\">Accesorios para botellas<\/option><option value=\"aetherische-oele-es\">aceites esenciales<\/option><option value=\"acido-lactico-21-es\">\u00c1cido l\u00e1ctico 21%<\/option><option value=\"saeuren-es\">\u00c1cidos<\/option><option value=\"articulos-de-cobre-2\">Art\u00edculos de cobre<\/option><option value=\"miron-glasflaschen-es\">Botellas de vidrio Miron<\/option><option value=\"botellas-tapones-accesorios\">Botellas, tapones, accesorios<\/option><option value=\"magensaftresistente-leerkapseln-es\">C\u00e1psulas vac\u00edas con recubrimiento ent\u00e9rico<\/option><option value=\"cdh3000-solucion-de-dioxido-de-cloro-cdl-cds\">CDH3000 - CDL3000 soluciones de di\u00f3xido de cloro (CDL, CDS)<\/option><option value=\"chlordioxid-sets-natriumchlorit-saeure-es\">Clorito de Sodio + \u00c1cido - Juegos<\/option><option value=\"natriumchlorit-25-es\">Clorito de sodio 25<\/option><option value=\"cdh-components-es\">Componentes de CDH<\/option><option value=\"weihnachtstipps-es\">Consejos de Navidad<\/option><option value=\"dmso-dimetil-sulfoxido\">DMSO dimetilsulf\u00f3xido<\/option><option value=\"dosificacion-medicion\">Dosificaci\u00f3n \/ Medici\u00f3n<\/option><option value=\"kolloidales-silber-spezial-es\">Especial de Plata Coloidal<\/option><option value=\"iew-es\">IEW<\/option><option value=\"jabon-de-potasa\">Jab\u00f3n de potasa<\/option><option value=\"la-tecnologia-de-frecuencia\">La tecnolog\u00eda de frecuencia<\/option><option value=\"minerales\">Minerales<\/option><option value=\"filtro-de-agua-osmosis-inversa\">\u00d3smosis inversa del filtro de agua<\/option><option value=\"productos-coloidales-es\">Productos coloidales<\/option><option value=\"tachyon-produkte-es\">Productos de taquiones<\/option><option value=\"wasserveredelung-es-2\">Refinamiento del agua<\/option><option value=\"sales-naturales\">Sales<\/option><option value=\"uncategorized-es\">Sin categor\u00eda de producto<\/option><option value=\"sistema-de-dosificacion-todos\">Sistema de dosificaci\u00f3n - todos<\/option><option value=\"todos-los-productos-resumen\">Todos los productos - Resumen<\/option><\/select>\t\t\t<\/div>\n\t\t\t\t\t\t<div class=\"flex-col flex-grow\">\n\t\t\t<label class=\"screen-reader-text\" for=\"woocommerce-product-search-field-3\">Buscar por:<\/label>\n\t\t\t<input type=\"search\" id=\"woocommerce-product-search-field-3\" class=\"search-field mb-0\" placeholder=\"SUCHEN  | search:\" value=\"\" name=\"s\" \/>\n\t\t\t<input type=\"hidden\" name=\"post_type\" value=\"product\" \/>\n\t\t\t\t\t\t\t<input type=\"hidden\" name=\"lang\" value=\"es\" \/>\n\t\t\t\t\t<\/div>\n\t\t<div class=\"flex-col\">\n\t\t\t<button type=\"submit\" value=\"Buscar\" class=\"ux-search-submit submit-button secondary button  icon mb-0\" aria-label=\"Enviar\">\n\t\t\t\t<i class=\"icon-search\" aria-hidden=\"true\"><\/i>\t\t\t<\/button>\n\t\t<\/div>\n\t<\/div>\n\t<div class=\"live-search-results text-left z-top\"><\/div>\n<\/form>\n<\/div>\n              <\/div>\n           <\/div>\n                            \n<style>\n#text-box-147948255 {\n  width: 37%;\n}\n#text-box-147948255 .text-box-content {\n  font-size: 100%;\n}\n<\/style>\n    <\/div>\n \n        <\/div>\n      <\/div>\n\n            \n<style>\n#banner-780225306 {\n  padding-top: 500px;\n}\n#banner-780225306 .banner-bg img {\n  object-position: 58% 16%;\n}\n<\/style>\n  <\/div>\n\n\n","protected":false},"excerpt":{"rendered":"","protected":false},"author":2,"featured_media":0,"parent":0,"menu_order":99,"comment_status":"closed","ping_status":"closed","template":"page-blank.php","meta":{"footnotes":""},"class_list":["post-88046","page","type-page","status-publish","hentry"],"_links":{"self":[{"href":"https:\/\/shop.nlq24.eu\/es\/wp-json\/wp\/v2\/pages\/88046","targetHints":{"allow":["GET"]}}],"collection":[{"href":"https:\/\/shop.nlq24.eu\/es\/wp-json\/wp\/v2\/pages"}],"about":[{"href":"https:\/\/shop.nlq24.eu\/es\/wp-json\/wp\/v2\/types\/page"}],"author":[{"embeddable":true,"href":"https:\/\/shop.nlq24.eu\/es\/wp-json\/wp\/v2\/users\/2"}],"replies":[{"embeddable":true,"href":"https:\/\/shop.nlq24.eu\/es\/wp-json\/wp\/v2\/comments?post=88046"}],"version-history":[{"count":0,"href":"https:\/\/shop.nlq24.eu\/es\/wp-json\/wp\/v2\/pages\/88046\/revisions"}],"wp:attachment":[{"href":"https:\/\/shop.nlq24.eu\/es\/wp-json\/wp\/v2\/media?parent=88046"}],"curies":[{"name":"wp","href":"https:\/\/api.w.org\/{rel}","templated":true}]}}