{"id":88060,"date":"2016-03-31T14:53:43","date_gmt":"2016-03-31T14:53:43","guid":{"rendered":"https:\/\/shop.nlq24.eu\/tabla-de-precios\/"},"modified":"2025-06-19T07:46:46","modified_gmt":"2025-06-19T07:46:46","slug":"tabla-de-precios","status":"publish","type":"page","link":"https:\/\/shop.nlq24.eu\/es\/tabla-de-precios\/","title":{"rendered":"Tabla de precios"},"content":{"rendered":"\n  <div class=\"banner has-hover has-parallax\" id=\"banner-1496628932\">\n          <div class=\"banner-inner fill\">\n        <div class=\"banner-bg fill\" data-parallax=\"-3\" data-parallax-container=\".banner\" data-parallax-background>\n                                    <div class=\"overlay\"><\/div>            \n                    <\/div>\n\t\t\n        <div class=\"banner-layers container\">\n            <div class=\"fill banner-link\"><\/div>            \n   <div id=\"text-box-931421819\" class=\"text-box banner-layer x50 md-x50 lg-x50 y50 md-y50 lg-y50 res-text\">\n                                <div class=\"text-box-content text dark\">\n              \n              <div class=\"text-inner text-center\">\n                  \n<h3 class=\"uppercase\"><strong>ELEMENTO DE TABLA DE PRECIOS<\/strong><\/h3>\n<p>Lorem ipsum dolor sit amet, consectetuer adipiscing elit, sed diam nonummy nibh euismod tincidunt ut laoreet dolore magna aliquam erat volutpat.<\/p>\n              <\/div>\n           <\/div>\n                            \n<style>\n#text-box-931421819 {\n  width: 60%;\n}\n#text-box-931421819 .text-box-content {\n  font-size: 100%;\n}\n<\/style>\n    <\/div>\n \n        <\/div>\n      <\/div>\n\n            \n<style>\n#banner-1496628932 {\n  padding-top: 377px;\n}\n#banner-1496628932 .overlay {\n  background-color: rgba(0, 0, 0, 0.61);\n}\n#banner-1496628932 .banner-bg img {\n  object-position: 60% 22%;\n}\n<\/style>\n  <\/div>\n\n\n\t<div id=\"gap-759603974\" class=\"gap-element clearfix\" style=\"display:block; height:auto;\">\n\t\t\n<style>\n#gap-759603974 {\n  padding-top: 30px;\n}\n<\/style>\n\t<\/div>\n\t\n<div class=\"container section-title-container\" ><h3 class=\"section-title section-title-normal\"><b aria-hidden=\"true\"><\/b><span class=\"section-title-main\" >Tabla de precios de 3 columnas con texto a la izquierda<\/span><b aria-hidden=\"true\"><\/b><\/h3><\/div>\n\t<div id=\"gap-807850013\" class=\"gap-element clearfix\" style=\"display:block; height:auto;\">\n\t\t\n<style>\n#gap-807850013 {\n  padding-top: 30px;\n}\n<\/style>\n\t<\/div>\n\t\n<div class=\"row\"  id=\"row-686342893\">\n\n\t<div id=\"col-1433426769\" class=\"col medium-3 large-3\"  >\n\t\t\t\t<div class=\"col-inner\"  >\n\t\t\t\n\t\t\t\n<h3>Precios<\/h3>\n<div class=\"is-divider divider clearfix\" ><\/div>\n<p>Lorem ipsum dolor sit amet, consectetuer adipiscing elit, sed diam nonummy nibh euismod tincidunt ut laoreet dolore magna aliquam erat volutpat.reLorem ipsum dolor sit amet, consectetuer adipiscing elit, sed diam nonummy. A\u00f1ade cualquier texto aqu\u00ed <\/p>\n\t\t<\/div>\n\t\t\t\t\n<style>\n#col-1433426769 > .col-inner {\n  padding: 0 20px 0 0;\n}\n<\/style>\n\t<\/div>\n\n\t\n\n\t<div id=\"col-310559927\" class=\"col medium-3 large-3\"  >\n\t\t\t\t<div class=\"col-inner\"  >\n\t\t\t\n\t\t\t\n<div class=\"pricing-table-wrapper dark\">\n  <div class=\"pricing-table ux_price_table text-center box-shadow-3-hover\"style=\"background-color:rgb(122, 44, 205);\">\n    <div class=\"pricing-table-header\">\n      <div class=\"title uppercase strong\">Plata<\/div>\n      <div class=\"price is-xxlarge\">29$<\/div>\n              <div class=\"description is-small\">\n          Introduzca la descripci\u00f3n aqu\u00ed...        <\/div>\n          <\/div>\n    <div class=\"pricing-table-items items\">\n      \n<div class=\"bullet-item\" title=\"\"><span class=\"text\">Introduzca el texto aqu\u00ed.<\/span><\/div>\n<div class=\"bullet-item tooltip has-hover\" title=\"Informaci\u00f3n sobre herramientas. Agrega informaci\u00f3n adicional aqu\u00ed. \"><span class=\"text\">Introduzca el texto aqu\u00ed.<\/span><span class=\"tag-label bullet-more-info circle\">?<\/span><\/div>\n<div class=\"bullet-item\" title=\"\"><span class=\"text\">Introduzca el texto aqu\u00ed.<\/span><\/div>\n<a class=\"button white\" style=\"border-radius:99px;\">\n\t\t<span>\u00a1Haz clic en m\u00ed!<\/span>\n\t<\/a>\n\n    <\/div>\n      <\/div>\n<\/div>\n\n\n\t\t<\/div>\n\t\t\t\t\t<\/div>\n\n\t\n\n\t<div id=\"col-1595866929\" class=\"col medium-3 large-3\"  >\n\t\t\t\t<div class=\"col-inner\"  >\n\t\t\t\n\t\t\t\n<div class=\"pricing-table-wrapper dark\">\n  <div class=\"pricing-table ux_price_table text-center box-shadow-3-hover\"style=\"background-color:rgba(0, 0, 0, 0.99);\">\n    <div class=\"pricing-table-header\">\n      <div class=\"title uppercase strong\">Oro<\/div>\n      <div class=\"price is-xxlarge\">49$<\/div>\n              <div class=\"description is-small\">\n          Introduzca la descripci\u00f3n aqu\u00ed...        <\/div>\n          <\/div>\n    <div class=\"pricing-table-items items\">\n      \n<div class=\"bullet-item\" title=\"\"><span class=\"text\">Introduzca el texto aqu\u00ed.<\/span><\/div>\n<div class=\"bullet-item tooltip has-hover\" title=\"Informaci\u00f3n sobre herramientas. Agrega informaci\u00f3n adicional aqu\u00ed. \"><span class=\"text\">Introduzca el texto aqu\u00ed.<\/span><span class=\"tag-label bullet-more-info circle\">?<\/span><\/div>\n<div class=\"bullet-item\" title=\"\"><span class=\"text\">Introduzca el texto aqu\u00ed.<\/span><\/div>\n<div class=\"bullet-item\" title=\"\"><span class=\"text\">Introduzca el texto aqu\u00ed.<\/span><\/div>\n<a class=\"button white is-outline\" >\n\t\t<span>\u00a1Haz clic en m\u00ed!<\/span>\n\t<\/a>\n\n    <\/div>\n      <\/div>\n<\/div>\n\n\n\t\t<\/div>\n\t\t\t\t\t<\/div>\n\n\t\n\n\t<div id=\"col-347954353\" class=\"col medium-3 large-3\"  >\n\t\t\t\t<div class=\"col-inner\"  >\n\t\t\t\n\t\t\t\n<div class=\"pricing-table-wrapper dark\">\n  <div class=\"pricing-table ux_price_table text-center box-shadow-3-hover\">\n    <div class=\"pricing-table-header\">\n      <div class=\"title uppercase strong\">Platino<\/div>\n      <div class=\"price is-xxlarge\">129$<\/div>\n              <div class=\"description is-small\">\n          Introduzca la descripci\u00f3n aqu\u00ed...        <\/div>\n          <\/div>\n    <div class=\"pricing-table-items items\">\n      \n<div class=\"bullet-item\" title=\"\"><span class=\"text\">Introduzca el texto aqu\u00ed.<\/span><\/div>\n<div class=\"bullet-item is-disabled\" title=\"\"><span class=\"text\">Introduzca el texto aqu\u00ed.<\/span><\/div>\n<div class=\"bullet-item is-disabled tooltip has-hover\" title=\"Deshabilitado\"><span class=\"text\">Introduzca el texto aqu\u00ed.<\/span><span class=\"tag-label bullet-more-info circle\">?<\/span><\/div>\n<a class=\"button white is-underline\" >\n\t\t<span>\u00a1Haz clic en m\u00ed!<\/span>\n\t<\/a>\n\n    <\/div>\n      <\/div>\n<\/div>\n\n\n\t\t<\/div>\n\t\t\t\t\t<\/div>\n\n\t\n<\/div>\n\n\t<section class=\"section\" id=\"section_1431938791\">\n\t\t<div class=\"section-bg fill\" >\n\t\t\t\t\t\t\t\t\t\n\t\t\t\n\n\t\t<\/div>\n\n\t\t\n\n\t\t<div class=\"section-content relative\">\n\t\t\t\n<div class=\"container section-title-container\" ><h3 class=\"section-title section-title-normal\"><b aria-hidden=\"true\"><\/b><span class=\"section-title-main\" >Tabla de precios de 3 columnas dentro de un fondo<\/span><b aria-hidden=\"true\"><\/b><\/h3><\/div>\n\t<div id=\"gap-596028238\" class=\"gap-element clearfix\" style=\"display:block; height:auto;\">\n\t\t\n<style>\n#gap-596028238 {\n  padding-top: 30px;\n}\n<\/style>\n\t<\/div>\n\t\n<div class=\"row\"  id=\"row-496663803\">\n\n\t<div id=\"col-1304918101\" class=\"col medium-3 large-3\"  >\n\t\t\t\t<div class=\"col-inner\"  >\n\t\t\t\n\t\t\t\n<div class=\"pricing-table-wrapper\">\n  <div class=\"pricing-table ux_price_table text-center box-shadow-3-hover\">\n    <div class=\"pricing-table-header\">\n      <div class=\"title uppercase strong\">Plata<\/div>\n      <div class=\"price is-xxlarge\">29$<\/div>\n              <div class=\"description is-small\">\n          Introduzca la descripci\u00f3n aqu\u00ed...        <\/div>\n          <\/div>\n    <div class=\"pricing-table-items items\">\n      \n<div class=\"bullet-item\" title=\"\"><span class=\"text\">Introduzca el texto aqu\u00ed.<\/span><\/div>\n<div class=\"bullet-item tooltip has-hover\" title=\"Informaci\u00f3n sobre herramientas. Agrega informaci\u00f3n adicional aqu\u00ed. \"><span class=\"text\">Introduzca el texto aqu\u00ed.<\/span><span class=\"tag-label bullet-more-info circle\">?<\/span><\/div>\n<div class=\"bullet-item\" title=\"\"><span class=\"text\">Introduzca el texto aqu\u00ed.<\/span><\/div>\n<a class=\"button primary is-outline\" style=\"border-radius:10px;\">\n\t\t<span>\u00a1Haz clic en m\u00ed!<\/span>\n\t<\/a>\n\n    <\/div>\n      <\/div>\n<\/div>\n\n\n\t\t<\/div>\n\t\t\t\t\t<\/div>\n\n\t\n\n\t<div id=\"col-558071040\" class=\"col medium-3 large-3\"  >\n\t\t\t\t<div class=\"col-inner\"  >\n\t\t\t\n\t\t\t\n<div class=\"pricing-table-wrapper\">\n  <div class=\"pricing-table ux_price_table text-center box-shadow-3-hover featured-table\">\n    <div class=\"pricing-table-header\">\n      <div class=\"title uppercase strong\">Oro<\/div>\n      <div class=\"price is-xxlarge\">49$<\/div>\n              <div class=\"description is-small\">\n          Introduzca la descripci\u00f3n aqu\u00ed...        <\/div>\n          <\/div>\n    <div class=\"pricing-table-items items\">\n      \n<div class=\"bullet-item\" title=\"\"><span class=\"text\">Introduzca el texto aqu\u00ed.<\/span><\/div>\n<div class=\"bullet-item tooltip has-hover\" title=\"Informaci\u00f3n sobre herramientas. Agrega informaci\u00f3n adicional aqu\u00ed. \"><span class=\"text\">Introduzca el texto aqu\u00ed.<\/span><span class=\"tag-label bullet-more-info circle\">?<\/span><\/div>\n<div class=\"bullet-item\" title=\"\"><span class=\"text\">Introduzca el texto aqu\u00ed.<\/span><\/div>\n<div class=\"bullet-item\" title=\"\"><span class=\"text\">Introduzca el texto aqu\u00ed.<\/span><\/div>\n<a class=\"button primary is-shade is-larger box-shadow-4 box-shadow-5-hover\" style=\"border-radius:10px;\">\n\t\t<span>\u00a1Haz clic en m\u00ed!<\/span>\n\t<\/a>\n\n    <\/div>\n      <\/div>\n<\/div>\n\n\n\t\t<\/div>\n\t\t\t\t\t<\/div>\n\n\t\n\n\t<div id=\"col-726022780\" class=\"col medium-3 large-3\"  >\n\t\t\t\t<div class=\"col-inner\"  >\n\t\t\t\n\t\t\t\n<div class=\"pricing-table-wrapper\">\n  <div class=\"pricing-table ux_price_table text-center box-shadow-3-hover\">\n    <div class=\"pricing-table-header\">\n      <div class=\"title uppercase strong\">Platino<\/div>\n      <div class=\"price is-xxlarge\">129$<\/div>\n              <div class=\"description is-small\">\n          Introduzca la descripci\u00f3n aqu\u00ed...        <\/div>\n          <\/div>\n    <div class=\"pricing-table-items items\">\n      \n<div class=\"bullet-item\" title=\"\"><span class=\"text\">Introduzca el texto aqu\u00ed.<\/span><\/div>\n<div class=\"bullet-item\" title=\"\"><span class=\"text\">Introduzca el texto aqu\u00ed.<\/span><\/div>\n<div class=\"bullet-item\" title=\"\"><span class=\"text\">Introduzca el texto aqu\u00ed.<\/span><\/div>\n<div class=\"bullet-item\" title=\"\"><span class=\"text\">Add any text here...<\/span><\/div>\n<a class=\"button primary\" style=\"border-radius:99px;\">\n\t\t<span>\u00a1Haz clic en m\u00ed!<\/span>\n\t<\/a>\n\n    <\/div>\n      <\/div>\n<\/div>\n\n\n\t\t<\/div>\n\t\t\t\t\t<\/div>\n\n\t\n\n\t<div id=\"col-1607568960\" class=\"col medium-3 large-3\"  >\n\t\t\t\t<div class=\"col-inner\"  >\n\t\t\t\n\t\t\t\n<h3>Precios<\/h3>\n<div class=\"is-divider divider clearfix\" ><\/div>\n<p>Lorem ipsum dolor sit amet, consectetuer adipiscing elit, sed diam nonummy nibh euismod tincidunt ut laoreet dolore magna aliquam erat volutpat.reLorem ipsum dolor sit amet, consectetuer adipiscing elit, sed diam nonummy. A\u00f1ade cualquier texto aqu\u00ed <\/p>\n\t\t<\/div>\n\t\t\t\t\n<style>\n#col-1607568960 > .col-inner {\n  padding: 0 0 0 20px;\n}\n<\/style>\n\t<\/div>\n\n\t\n<\/div>\n\t\t<\/div>\n\n\t\t\n<style>\n#section_1431938791 {\n  padding-top: 30px;\n  padding-bottom: 30px;\n  margin-bottom: -1px;\n  background-color: rgb(243, 243, 243);\n}\n<\/style>\n\t<\/section>\n\t\n<div class=\"row row-collapse\"  id=\"row-915227745\">\n\n\t<div id=\"col-1130241608\" class=\"col large-12\"  >\n\t\t\t\t<div class=\"col-inner\"  >\n\t\t\t\n\t\t\t\n<div class=\"container section-title-container\" ><h3 class=\"section-title section-title-center\"><b aria-hidden=\"true\"><\/b><span class=\"section-title-main\" >4 Columna colapsada<\/span><b aria-hidden=\"true\"><\/b><\/h3><\/div>\n\t<div id=\"gap-856883119\" class=\"gap-element clearfix\" style=\"display:block; height:auto;\">\n\t\t\n<style>\n#gap-856883119 {\n  padding-top: 30px;\n}\n<\/style>\n\t<\/div>\n\t\n\t\t<\/div>\n\t\t\t\t\t<\/div>\n\n\t\n\n\t<div id=\"col-492615055\" class=\"col medium-3 large-3\"  >\n\t\t\t\t<div class=\"col-inner\"  >\n\t\t\t\n\t\t\t\n<div class=\"pricing-table-wrapper\">\n  <div class=\"pricing-table ux_price_table text-center box-shadow-3-hover\">\n    <div class=\"pricing-table-header\">\n      <div class=\"title uppercase strong\">Ingrese el t\u00edtulo aqu\u00ed.<\/div>\n      <div class=\"price is-xxlarge\">99$<\/div>\n              <div class=\"description is-small\">\n          Introduzca la descripci\u00f3n aqu\u00ed...        <\/div>\n          <\/div>\n    <div class=\"pricing-table-items items\">\n      \n<div class=\"bullet-item\" title=\"\"><span class=\"text\">Introduzca el texto aqu\u00ed.<\/span><\/div>\n<div class=\"bullet-item tooltip has-hover\" title=\"Texto de la punta de peaje\"><span class=\"text\">Introduzca el texto aqu\u00ed.<\/span><span class=\"tag-label bullet-more-info circle\">?<\/span><\/div>\n<div class=\"bullet-item\" title=\"\"><span class=\"text\">Introduzca el texto aqu\u00ed.<\/span><\/div>\n<a class=\"button primary\" style=\"border-radius:99px;\">\n\t\t<span>\u00a1Haz clic en m\u00ed!<\/span>\n\t<\/a>\n\n    <\/div>\n      <\/div>\n<\/div>\n\n\n\t\t<\/div>\n\t\t\t\t\t<\/div>\n\n\t\n\n\t<div id=\"col-1354176759\" class=\"col medium-3 large-3\"  >\n\t\t\t\t<div class=\"col-inner\"  >\n\t\t\t\n\t\t\t\n<div class=\"pricing-table-wrapper\">\n  <div class=\"pricing-table ux_price_table text-center box-shadow-3-hover featured-table\">\n    <div class=\"pricing-table-header\">\n      <div class=\"title uppercase strong\">Ingrese el t\u00edtulo aqu\u00ed.<\/div>\n      <div class=\"price is-xxlarge\">99$<\/div>\n              <div class=\"description is-small\">\n          Introduzca la descripci\u00f3n aqu\u00ed...        <\/div>\n          <\/div>\n    <div class=\"pricing-table-items items\">\n      \n<div class=\"bullet-item tooltip has-hover\" title=\"Texto de la punta de peaje\"><span class=\"text\">Introduzca el texto aqu\u00ed.<\/span><span class=\"tag-label bullet-more-info circle\">?<\/span><\/div>\n<div class=\"bullet-item tooltip has-hover\" title=\"Texto de la punta de peaje\"><span class=\"text\">Introduzca el texto aqu\u00ed.<\/span><span class=\"tag-label bullet-more-info circle\">?<\/span><\/div>\n<div class=\"bullet-item\" title=\"\"><span class=\"text\">Introduzca el texto aqu\u00ed.<\/span><\/div>\n<div class=\"bullet-item\" title=\"\"><span class=\"text\">Introduzca el texto aqu\u00ed.<\/span><\/div>\n<div class=\"bullet-item\" title=\"\"><span class=\"text\">Introduzca el texto aqu\u00ed.<\/span><\/div>\n<a class=\"button primary\" style=\"border-radius:99px;\">\n\t\t<span>\u00a1Haz clic en m\u00ed!<\/span>\n\t<\/a>\n\n    <\/div>\n      <\/div>\n<\/div>\n\n\n\t\t<\/div>\n\t\t\t\t\t<\/div>\n\n\t\n\n\t<div id=\"col-70732776\" class=\"col medium-3 large-3\"  >\n\t\t\t\t<div class=\"col-inner\"  >\n\t\t\t\n\t\t\t\n<div class=\"pricing-table-wrapper\">\n  <div class=\"pricing-table ux_price_table text-center box-shadow-3-hover\">\n    <div class=\"pricing-table-header\">\n      <div class=\"title uppercase strong\">Ingrese el t\u00edtulo aqu\u00ed.<\/div>\n      <div class=\"price is-xxlarge\">99$<\/div>\n              <div class=\"description is-small\">\n          Introduzca la descripci\u00f3n aqu\u00ed...        <\/div>\n          <\/div>\n    <div class=\"pricing-table-items items\">\n      \n<div class=\"bullet-item\" title=\"\"><span class=\"text\">Introduzca el texto aqu\u00ed.<\/span><\/div>\n<div class=\"bullet-item tooltip has-hover\" title=\"Texto de la punta de peaje\"><span class=\"text\">Introduzca el texto aqu\u00ed.<\/span><span class=\"tag-label bullet-more-info circle\">?<\/span><\/div>\n<div class=\"bullet-item\" title=\"\"><span class=\"text\">Introduzca el texto aqu\u00ed.<\/span><\/div>\n<div class=\"bullet-item\" title=\"\"><span class=\"text\">Introduzca el texto aqu\u00ed.<\/span><\/div>\n<a class=\"button primary\" style=\"border-radius:99px;\">\n\t\t<span>\u00a1Haz clic en m\u00ed!<\/span>\n\t<\/a>\n\n    <\/div>\n      <\/div>\n<\/div>\n\n\n\t\t<\/div>\n\t\t\t\t\t<\/div>\n\n\t\n\n\t<div id=\"col-289313682\" class=\"col medium-3 large-3\"  >\n\t\t\t\t<div class=\"col-inner\"  >\n\t\t\t\n\t\t\t\n<div class=\"pricing-table-wrapper\">\n  <div class=\"pricing-table ux_price_table text-center box-shadow-3-hover\">\n    <div class=\"pricing-table-header\">\n      <div class=\"title uppercase strong\">Ingrese el t\u00edtulo aqu\u00ed.<\/div>\n      <div class=\"price is-xxlarge\">99$<\/div>\n              <div class=\"description is-small\">\n          Introduzca la descripci\u00f3n aqu\u00ed...        <\/div>\n          <\/div>\n    <div class=\"pricing-table-items items\">\n      \n<div class=\"bullet-item\" title=\"\"><span class=\"text\">Introduzca el texto aqu\u00ed.<\/span><\/div>\n<div class=\"bullet-item tooltip has-hover\" title=\"Texto de la punta de peaje\"><span class=\"text\">Introduzca el texto aqu\u00ed.<\/span><span class=\"tag-label bullet-more-info circle\">?<\/span><\/div>\n<div class=\"bullet-item\" title=\"\"><span class=\"text\">Introduzca el texto aqu\u00ed.<\/span><\/div>\n<a class=\"button primary\" style=\"border-radius:99px;\">\n\t\t<span>\u00a1Haz clic en m\u00ed!<\/span>\n\t<\/a>\n\n    <\/div>\n      <\/div>\n<\/div>\n\n\n\t\t<\/div>\n\t\t\t\t\t<\/div>\n\n\t\n<\/div>\n\t<div id=\"gap-1591114699\" class=\"gap-element clearfix\" style=\"display:block; height:auto;\">\n\t\t\n<style>\n#gap-1591114699 {\n  padding-top: 30px;\n}\n<\/style>\n\t<\/div>\n\t\n\n\t<section class=\"section has-parallax\" id=\"section_1783580956\">\n\t\t<div class=\"section-bg fill\" data-parallax-container=\".section\" data-parallax-background data-parallax=\"-3\">\n\t\t\t\t\t\t\t\t\t<div class=\"section-bg-overlay absolute fill\"><\/div>\n\t\t\t\n\n\t\t<\/div>\n\n\t\t\n\n\t\t<div class=\"section-content relative\">\n\t\t\t\n<div class=\"row row-small row-box-shadow-2\"  id=\"row-1976920145\">\n\n\t<div id=\"col-1010680546\" class=\"col medium-3 large-3\"  data-animate=\"fadeInUp\">\n\t\t\t\t<div class=\"col-inner\"  >\n\t\t\t\n\t\t\t\n<div class=\"pricing-table-wrapper\">\n  <div class=\"pricing-table ux_price_table text-center box-shadow-3-hover\">\n    <div class=\"pricing-table-header\">\n      <div class=\"title uppercase strong\">Ingrese el t\u00edtulo aqu\u00ed.<\/div>\n      <div class=\"price is-xxlarge\">99$<\/div>\n              <div class=\"description is-small\">\n          Introduzca la descripci\u00f3n aqu\u00ed...        <\/div>\n          <\/div>\n    <div class=\"pricing-table-items items\">\n      \n<div class=\"bullet-item\" title=\"\"><span class=\"text\">Introduzca el texto aqu\u00ed.<\/span><\/div>\n<div class=\"bullet-item tooltip has-hover\" title=\"Texto de la punta de peaje\"><span class=\"text\">Introduzca el texto aqu\u00ed.<\/span><span class=\"tag-label bullet-more-info circle\">?<\/span><\/div>\n<div class=\"bullet-item\" title=\"\"><span class=\"text\">Introduzca el texto aqu\u00ed.<\/span><\/div>\n    <\/div>\n      <\/div>\n<\/div>\n\n\n\t\t<\/div>\n\t\t\t\t\t<\/div>\n\n\t\n\n\t<div id=\"col-710556941\" class=\"col medium-3 large-3\"  data-animate=\"fadeInUp\">\n\t\t\t\t<div class=\"col-inner\"  >\n\t\t\t\n\t\t\t\n<div class=\"pricing-table-wrapper\">\n  <div class=\"pricing-table ux_price_table text-center box-shadow-3-hover featured-table\">\n    <div class=\"pricing-table-header\">\n      <div class=\"title uppercase strong\">Ingrese el t\u00edtulo aqu\u00ed.<\/div>\n      <div class=\"price is-xxlarge\">99$<\/div>\n              <div class=\"description is-small\">\n          Introduzca la descripci\u00f3n aqu\u00ed...        <\/div>\n          <\/div>\n    <div class=\"pricing-table-items items\">\n      \n<div class=\"bullet-item\" title=\"\"><span class=\"text\">Introduzca el texto aqu\u00ed.<\/span><\/div>\n<div class=\"bullet-item tooltip has-hover\" title=\"Texto de la punta de peaje\"><span class=\"text\">Introduzca el texto aqu\u00ed.<\/span><span class=\"tag-label bullet-more-info circle\">?<\/span><\/div>\n<div class=\"bullet-item tooltip has-hover\" title=\"Texto de la punta de peaje\"><span class=\"text\">Introduzca el texto aqu\u00ed.<\/span><span class=\"tag-label bullet-more-info circle\">?<\/span><\/div>\n<div class=\"bullet-item\" title=\"\"><span class=\"text\">Introduzca el texto aqu\u00ed.<\/span><\/div>\n<div class=\"bullet-item\" title=\"\"><span class=\"text\">Introduzca el texto aqu\u00ed.<\/span><\/div>\n    <\/div>\n      <\/div>\n<\/div>\n\n\n\t\t<\/div>\n\t\t\t\t\t<\/div>\n\n\t\n\n\t<div id=\"col-237240938\" class=\"col medium-3 large-3\"  data-animate=\"fadeInUp\">\n\t\t\t\t<div class=\"col-inner\"  >\n\t\t\t\n\t\t\t\n<div class=\"pricing-table-wrapper\">\n  <div class=\"pricing-table ux_price_table text-center box-shadow-3-hover\">\n    <div class=\"pricing-table-header\">\n      <div class=\"title uppercase strong\">Ingrese el t\u00edtulo aqu\u00ed.<\/div>\n      <div class=\"price is-xxlarge\">99$<\/div>\n              <div class=\"description is-small\">\n          Introduzca la descripci\u00f3n aqu\u00ed...        <\/div>\n          <\/div>\n    <div class=\"pricing-table-items items\">\n      \n<div class=\"bullet-item\" title=\"\"><span class=\"text\">Introduzca el texto aqu\u00ed.<\/span><\/div>\n<div class=\"bullet-item tooltip has-hover\" title=\"Texto de la punta de peaje\"><span class=\"text\">Introduzca el texto aqu\u00ed.<\/span><span class=\"tag-label bullet-more-info circle\">?<\/span><\/div>\n<div class=\"bullet-item\" title=\"\"><span class=\"text\">Introduzca el texto aqu\u00ed.<\/span><\/div>\n<div class=\"bullet-item\" title=\"\"><span class=\"text\">Introduzca el texto aqu\u00ed.<\/span><\/div>\n    <\/div>\n      <\/div>\n<\/div>\n\n\n\t\t<\/div>\n\t\t\t\t\t<\/div>\n\n\t\n\n\t<div id=\"col-74576267\" class=\"col medium-3 large-3\"  data-animate=\"fadeInUp\">\n\t\t\t\t<div class=\"col-inner\"  >\n\t\t\t\n\t\t\t\n<div class=\"pricing-table-wrapper\">\n  <div class=\"pricing-table ux_price_table text-center box-shadow-3-hover\">\n    <div class=\"pricing-table-header\">\n      <div class=\"title uppercase strong\">Ingrese el t\u00edtulo aqu\u00ed.<\/div>\n      <div class=\"price is-xxlarge\">99$<\/div>\n              <div class=\"description is-small\">\n          Introduzca la descripci\u00f3n aqu\u00ed...        <\/div>\n          <\/div>\n    <div class=\"pricing-table-items items\">\n      \n<div class=\"bullet-item\" title=\"\"><span class=\"text\">Introduzca el texto aqu\u00ed.<\/span><\/div>\n<div class=\"bullet-item tooltip has-hover\" title=\"Texto de la punta de peaje\"><span class=\"text\">Introduzca el texto aqu\u00ed.<\/span><span class=\"tag-label bullet-more-info circle\">?<\/span><\/div>\n<div class=\"bullet-item\" title=\"\"><span class=\"text\">Introduzca el texto aqu\u00ed.<\/span><\/div>\n    <\/div>\n      <\/div>\n<\/div>\n\n\n\t\t<\/div>\n\t\t\t\t\t<\/div>\n\n\t\n<\/div>\n\t\t<\/div>\n\n\t\t\n<style>\n#section_1783580956 {\n  padding-top: 49px;\n  padding-bottom: 49px;\n  background-color: rgb(40, 40, 40);\n}\n#section_1783580956 .section-bg-overlay {\n  background-color: rgba(255, 255, 255, 0.5);\n}\n<\/style>\n\t<\/section>\n\t\n","protected":false},"excerpt":{"rendered":"","protected":false},"author":2,"featured_media":0,"parent":0,"menu_order":99,"comment_status":"closed","ping_status":"closed","template":"page-blank.php","meta":{"footnotes":""},"class_list":["post-88060","page","type-page","status-publish","hentry"],"_links":{"self":[{"href":"https:\/\/shop.nlq24.eu\/es\/wp-json\/wp\/v2\/pages\/88060","targetHints":{"allow":["GET"]}}],"collection":[{"href":"https:\/\/shop.nlq24.eu\/es\/wp-json\/wp\/v2\/pages"}],"about":[{"href":"https:\/\/shop.nlq24.eu\/es\/wp-json\/wp\/v2\/types\/page"}],"author":[{"embeddable":true,"href":"https:\/\/shop.nlq24.eu\/es\/wp-json\/wp\/v2\/users\/2"}],"replies":[{"embeddable":true,"href":"https:\/\/shop.nlq24.eu\/es\/wp-json\/wp\/v2\/comments?post=88060"}],"version-history":[{"count":0,"href":"https:\/\/shop.nlq24.eu\/es\/wp-json\/wp\/v2\/pages\/88060\/revisions"}],"wp:attachment":[{"href":"https:\/\/shop.nlq24.eu\/es\/wp-json\/wp\/v2\/media?parent=88060"}],"curies":[{"name":"wp","href":"https:\/\/api.w.org\/{rel}","templated":true}]}}