{"id":88063,"date":"2013-08-11T15:20:04","date_gmt":"2013-08-11T15:20:04","guid":{"rendered":"https:\/\/shop.nlq24.eu\/pestanas\/"},"modified":"2025-06-19T07:46:44","modified_gmt":"2025-06-19T07:46:44","slug":"pestanas","status":"publish","type":"page","link":"https:\/\/shop.nlq24.eu\/es\/pestanas\/","title":{"rendered":"Pesta\u00f1as"},"content":{"rendered":"\n\t<section class=\"section\" id=\"section_809212842\">\n\t\t<div class=\"section-bg fill\" >\n\t\t\t\t\t\t\t\t\t\n\t\t\t\n\n\t\t<\/div>\n\n\t\t\n\n\t\t<div class=\"section-content relative\">\n\t\t\t\n<div class=\"row\"  id=\"row-2083493148\">\n\n\t<div id=\"col-2024164595\" class=\"col medium-4 large-4\"  >\n\t\t\t\t<div class=\"col-inner\"  >\n\t\t\t\n\t\t\t\n<h1>Elemento Tabs<\/h1>\n<p>Anuncio de franela sartorial helvetica readymade. Sunt clich\u00e9 tempor iron\u00eda tipograf\u00eda mixtape. Tipograf\u00eda literalmente retro freegan, lo-fi horquilla narval org\u00e1nico eiusmod yr magna. Sriracha Carles laborum irure gastropub sed.     <\/p>\n\t\t<\/div>\n\t\t\t\t\t<\/div>\n\n\t\n\n\t<div id=\"col-2104889194\" class=\"col medium-8 large-8\"  >\n\t\t\t\t<div class=\"col-inner\"  >\n\t\t\t\n\t\t\t\n\n\t\t<div class=\"tabbed-content\">\n\t\t\t\n\t\t\t<ul class=\"nav nav-tabs nav-uppercase nav-size-normal nav-left\" role=\"tablist\"><li id=\"tab-pesta\u00f1a-3-t\u00edtulo\" class=\"tab active has-icon\" role=\"presentation\"><a href=\"#tab_pesta\u00f1a-3-t\u00edtulo\" role=\"tab\" aria-selected=\"true\" aria-controls=\"tab_pesta\u00f1a-3-t\u00edtulo\"><span>Pesta\u00f1a 3 T\u00edtulo<\/span><\/a><\/li>\n<li id=\"tab-pesta\u00f1a-1-t\u00edtulo\" class=\"tab has-icon\" role=\"presentation\"><a href=\"#tab_pesta\u00f1a-1-t\u00edtulo\" tabindex=\"-1\" role=\"tab\" aria-selected=\"false\" aria-controls=\"tab_pesta\u00f1a-1-t\u00edtulo\"><span>Pesta\u00f1a 1 T\u00edtulo<\/span><\/a><\/li>\n<li id=\"tab-pesta\u00f1a-2-t\u00edtulo\" class=\"tab has-icon\" role=\"presentation\"><a href=\"#tab_pesta\u00f1a-2-t\u00edtulo\" tabindex=\"-1\" role=\"tab\" aria-selected=\"false\" aria-controls=\"tab_pesta\u00f1a-2-t\u00edtulo\"><span>Pesta\u00f1a 2 T\u00edtulo<\/span><\/a><\/li><\/ul><div class=\"tab-panels\"><div id=\"tab_pesta\u00f1a-3-t\u00edtulo\" class=\"panel active entry-content\" role=\"tabpanel\" aria-labelledby=\"tab-pesta\u00f1a-3-t\u00edtulo\">\n<p>  Horquilla lo-fi narval ecol\u00f3gico eiusmod yr magna. Sriracha Carles laborum irure gastropub sed. Incididunt sint cerveza artesanal, iglesia PBR quinua ennui ugh clich\u00e9 assumenda scenester 8-bit. Fotomat\u00f3n dolore aut\u00e9ntica cornhole fixie. Ea granja a la mesa twee DIY salvia tote bag four loko selvage delectus, hella Brooklyn scenester yr.      <\/p>\n<\/div>\n<div id=\"tab_pesta\u00f1a-1-t\u00edtulo\" class=\"panel entry-content\" role=\"tabpanel\" aria-labelledby=\"tab-pesta\u00f1a-1-t\u00edtulo\">\n<p>Incididunt sint cerveza artesanal, iglesia PBR quinua ennui ugh clich\u00e9 assumenda scenester 8-bit. Fotomat\u00f3n dolore aut\u00e9ntica cornhole fixie. Ea granja a la mesa twee DIY salvia tote bag four loko selvage delectus, hella Brooklyn scenester yr.  <\/p>\n<\/div>\n<div id=\"tab_pesta\u00f1a-2-t\u00edtulo\" class=\"panel entry-content\" role=\"tabpanel\" aria-labelledby=\"tab-pesta\u00f1a-2-t\u00edtulo\">\n<p>Helvetica readymade. Sunt clich\u00e9 tempor iron\u00eda tipograf\u00eda mixtape. Tipograf\u00eda literalmente retro freegan, lo-fi horquilla narval org\u00e1nico eiusmod yr magna. Sriracha Carles laborum irure gastropub sed..   <\/p>\n<\/div><\/div><\/div>\n\t\t<\/div>\n\t\t\t\t\t<\/div>\n\n\t\n<\/div>\n\t\t<\/div>\n\n\t\t\n<style>\n#section_809212842 {\n  padding-top: 30px;\n  padding-bottom: 30px;\n  background-color: rgb(246, 246, 246);\n}\n<\/style>\n\t<\/section>\n\t\n<div class=\"row\"  id=\"row-119156064\">\n\n\t<div id=\"col-645702371\" class=\"col medium-6 large-6\"  >\n\t\t\t\t<div class=\"col-inner\"  >\n\t\t\t\n\t\t\t\n\n\t\t<div class=\"tabbed-content\">\n\t\t\t<h4 class=\"uppercase text-left\">Pesta\u00f1as de l\u00ednea<\/h4>\n\t\t\t<ul class=\"nav nav-line nav-uppercase nav-size-normal nav-left\" role=\"tablist\"><li id=\"tab-pesta\u00f1a-1-t\u00edtulo\" class=\"tab active has-icon\" role=\"presentation\"><a href=\"#tab_pesta\u00f1a-1-t\u00edtulo\" role=\"tab\" aria-selected=\"true\" aria-controls=\"tab_pesta\u00f1a-1-t\u00edtulo\"><span>Pesta\u00f1a 1 T\u00edtulo<\/span><\/a><\/li>\n<li id=\"tab-pesta\u00f1a-2-t\u00edtulo\" class=\"tab has-icon\" role=\"presentation\"><a href=\"#tab_pesta\u00f1a-2-t\u00edtulo\" tabindex=\"-1\" role=\"tab\" aria-selected=\"false\" aria-controls=\"tab_pesta\u00f1a-2-t\u00edtulo\"><span>Pesta\u00f1a 2 T\u00edtulo<\/span><\/a><\/li>\n<li id=\"tab-pesta\u00f1a-3-t\u00edtulo\" class=\"tab has-icon\" role=\"presentation\"><a href=\"#tab_pesta\u00f1a-3-t\u00edtulo\" tabindex=\"-1\" role=\"tab\" aria-selected=\"false\" aria-controls=\"tab_pesta\u00f1a-3-t\u00edtulo\"><span>Pesta\u00f1a 3 T\u00edtulo<\/span><\/a><\/li><\/ul><div class=\"tab-panels\"><div id=\"tab_pesta\u00f1a-1-t\u00edtulo\" class=\"panel active entry-content\" role=\"tabpanel\" aria-labelledby=\"tab-pesta\u00f1a-1-t\u00edtulo\">\n<p>Horquilla lo-fi narval ecol\u00f3gico eiusmod yr magna. Sriracha Carles laborum irure gastropub sed. Incididunt sint cerveza artesanal, iglesia PBR quinua ennui ugh clich\u00e9 assumenda scenester 8-bit. Fotomat\u00f3n dolore aut\u00e9ntica cornhole fixie. Ea granja a la mesa twee DIY salvia tote bag four loko selvage delectus, hella Brooklyn scenester yr.      <\/p>\n<\/div>\n<div id=\"tab_pesta\u00f1a-2-t\u00edtulo\" class=\"panel entry-content\" role=\"tabpanel\" aria-labelledby=\"tab-pesta\u00f1a-2-t\u00edtulo\">\n<p>Horquilla narval ecol\u00f3gico eiusmod yr magna. Sriracha Carles laborum irure gastropub sed. Incididunt sint cerveza artesanal, iglesia PBR quinua ennui ugh clich\u00e9 assumenda scenester 8-bit. Fotomat\u00f3n dolore aut\u00e9ntica cornhole fixie. Ea granja a la mesa twee DIY salvia tote bag four loko selvage delectus, hella Brooklyn scenester yr.      <\/p>\n<\/div>\n<div id=\"tab_pesta\u00f1a-3-t\u00edtulo\" class=\"panel entry-content\" role=\"tabpanel\" aria-labelledby=\"tab-pesta\u00f1a-3-t\u00edtulo\">\n<p>Fotomat\u00f3n dolore aut\u00e9ntica cornhole fixie. Ea granja a la mesa twee DIY salvia tote bag four loko selvage delectus, hella Brooklyn scenester yr.   <\/p>\n<\/div><\/div><\/div>\n\t\t<\/div>\n\t\t\t\t\t<\/div>\n\n\t\n\n\t<div id=\"col-686778523\" class=\"col medium-6 large-6\"  >\n\t\t\t\t<div class=\"col-inner\"  >\n\t\t\t\n\t\t\t\n\n\t\t<div class=\"tabbed-content\">\n\t\t\t<h4 class=\"uppercase text-left\">Pesta\u00f1as de l\u00ednea inferiores<\/h4>\n\t\t\t<ul class=\"nav nav-line-bottom nav-uppercase nav-size-normal nav-left\" role=\"tablist\"><li id=\"tab-pesta\u00f1a-1-t\u00edtulo\" class=\"tab active has-icon\" role=\"presentation\"><a href=\"#tab_pesta\u00f1a-1-t\u00edtulo\" role=\"tab\" aria-selected=\"true\" aria-controls=\"tab_pesta\u00f1a-1-t\u00edtulo\"><span>Pesta\u00f1a 1 T\u00edtulo<\/span><\/a><\/li>\n<li id=\"tab-pesta\u00f1a-2-t\u00edtulo\" class=\"tab has-icon\" role=\"presentation\"><a href=\"#tab_pesta\u00f1a-2-t\u00edtulo\" tabindex=\"-1\" role=\"tab\" aria-selected=\"false\" aria-controls=\"tab_pesta\u00f1a-2-t\u00edtulo\"><span>Pesta\u00f1a 2 T\u00edtulo<\/span><\/a><\/li>\n<li id=\"tab-pesta\u00f1a-3-t\u00edtulo\" class=\"tab has-icon\" role=\"presentation\"><a href=\"#tab_pesta\u00f1a-3-t\u00edtulo\" tabindex=\"-1\" role=\"tab\" aria-selected=\"false\" aria-controls=\"tab_pesta\u00f1a-3-t\u00edtulo\"><span>Pesta\u00f1a 3 T\u00edtulo<\/span><\/a><\/li><\/ul><div class=\"tab-panels\"><div id=\"tab_pesta\u00f1a-1-t\u00edtulo\" class=\"panel active entry-content\" role=\"tabpanel\" aria-labelledby=\"tab-pesta\u00f1a-1-t\u00edtulo\">\n<p>Sunt clich\u00e9 tempor iron\u00eda tipograf\u00eda mixtape. Tipograf\u00eda literalmente retro freegan, lo-fi horquilla narval org\u00e1nico eiusmod yr magna. Sriracha Carles laborum irure gastropub sed. Incididunt sint cerveza artesanal, iglesia PBR quinua ennui ugh clich\u00e9 assumenda scenester 8-bit. Fotomat\u00f3n dolore aut\u00e9ntica cornhole fixie. Ea granja a la mesa twee DIY salvia tote bag four loko selvage delectus, hella Brooklyn scenester yr.       <\/p>\n<\/div>\n<div id=\"tab_pesta\u00f1a-2-t\u00edtulo\" class=\"panel entry-content\" role=\"tabpanel\" aria-labelledby=\"tab-pesta\u00f1a-2-t\u00edtulo\">\n<p>Readymade. Sunt clich\u00e9 tempor iron\u00eda tipograf\u00eda mixtape. Tipograf\u00eda literalmente retro freegan, lo-fi horquilla narval org\u00e1nico eiusmod yr magna. Sriracha Carles laborum irure gastropub sed. Incididunt sint cerveza artesanal, iglesia PBR quinua ennui ugh clich\u00e9 assumenda scenester 8-bit. Fotomat\u00f3n dolore aut\u00e9ntica cornhole fixie. Ea granja a la mesa twee DIY salvia tote bag four loko selvage delectus, hella Brooklyn scenester yr.        <\/p>\n<\/div>\n<div id=\"tab_pesta\u00f1a-3-t\u00edtulo\" class=\"panel entry-content\" role=\"tabpanel\" aria-labelledby=\"tab-pesta\u00f1a-3-t\u00edtulo\">\n<p>Narval ecol\u00f3gico eiusmod yr magna. Sriracha Carles laborum irure gastropub sed. Incididunt sint cerveza artesanal, iglesia PBR quinua ennui ugh clich\u00e9 assumenda scenester 8-bit. Fotomat\u00f3n dolore aut\u00e9ntica cornhole fixie. Ea granja a la mesa twee DIY salvia tote bag four loko selvage delectus, hella Brooklyn scenester yr.      <\/p>\n<\/div><\/div><\/div>\n\t\t<\/div>\n\t\t\t\t\t<\/div>\n\n\t\n<\/div>\n<div class=\"row\"  id=\"row-145554631\">\n\n\t<div id=\"col-1235142337\" class=\"col medium-6 large-6\"  >\n\t\t\t\t<div class=\"col-inner\"  >\n\t\t\t\n\t\t\t\n\n\t\t<div class=\"tabbed-content\">\n\t\t\t<h4 class=\"uppercase text-center\">Pesta\u00f1as P\u00edldoras Centradas<\/h4>\n\t\t\t<ul class=\"nav nav-pills nav-uppercase nav-size-normal nav-center\" role=\"tablist\"><li id=\"tab-pesta\u00f1a-1-t\u00edtulo\" class=\"tab active has-icon\" role=\"presentation\"><a href=\"#tab_pesta\u00f1a-1-t\u00edtulo\" role=\"tab\" aria-selected=\"true\" aria-controls=\"tab_pesta\u00f1a-1-t\u00edtulo\"><span>Pesta\u00f1a 1 T\u00edtulo<\/span><\/a><\/li>\n<li id=\"tab-pesta\u00f1a-2-t\u00edtulo\" class=\"tab has-icon\" role=\"presentation\"><a href=\"#tab_pesta\u00f1a-2-t\u00edtulo\" tabindex=\"-1\" role=\"tab\" aria-selected=\"false\" aria-controls=\"tab_pesta\u00f1a-2-t\u00edtulo\"><span>Pesta\u00f1a 2 T\u00edtulo<\/span><\/a><\/li>\n<li id=\"tab-pesta\u00f1a-3-t\u00edtulo\" class=\"tab has-icon\" role=\"presentation\"><a href=\"#tab_pesta\u00f1a-3-t\u00edtulo\" tabindex=\"-1\" role=\"tab\" aria-selected=\"false\" aria-controls=\"tab_pesta\u00f1a-3-t\u00edtulo\"><span>Pesta\u00f1a 3 T\u00edtulo<\/span><\/a><\/li><\/ul><div class=\"tab-panels\"><div id=\"tab_pesta\u00f1a-1-t\u00edtulo\" class=\"panel active entry-content\" role=\"tabpanel\" aria-labelledby=\"tab-pesta\u00f1a-1-t\u00edtulo\">\n<p>Clich\u00e9 tempor iron\u00eda tipograf\u00eda mixtape. Tipograf\u00eda literalmente retro freegan, lo-fi horquilla narval org\u00e1nico eiusmod yr magna. Sriracha Carles laborum irure gastropub sed. Incididunt sint cerveza artesanal, iglesia PBR quinua ennui ugh clich\u00e9 assumenda scenester 8-bit. Fotomat\u00f3n dolore aut\u00e9ntica cornhole fixie. Ea granja a la mesa twee DIY salvia tote bag four loko selvage delectus, hella Brooklyn scenester yr.     <\/p>\n<\/div>\n<div id=\"tab_pesta\u00f1a-2-t\u00edtulo\" class=\"panel entry-content\" role=\"tabpanel\" aria-labelledby=\"tab-pesta\u00f1a-2-t\u00edtulo\">\n<p>Sartorial helvetica readymade. Sunt clich\u00e9 tempor iron\u00eda tipograf\u00eda mixtape. Tipograf\u00eda literalmente retro freegan, lo-fi horquilla narval org\u00e1nico eiusmod yr magna. Sriracha Carles laborum irure gastropub sed. Incididunt sint cerveza artesanal, iglesia PBR quinua ennui ugh clich\u00e9 assumenda scenester 8-bit. Fotomat\u00f3n dolore aut\u00e9ntica cornhole fixie. Ea granja a la mesa twee DIY salvia tote bag four loko selvage delectus, hella Brooklyn scenester yr.        <\/p>\n<\/div>\n<div id=\"tab_pesta\u00f1a-3-t\u00edtulo\" class=\"panel entry-content\" role=\"tabpanel\" aria-labelledby=\"tab-pesta\u00f1a-3-t\u00edtulo\">\n<p>Franela sartorial helvetica readymade. Sunt clich\u00e9 tempor iron\u00eda tipograf\u00eda mixtape. Tipograf\u00eda literalmente retro freegan, lo-fi horquilla narval org\u00e1nico eiusmod yr magna. Sriracha Carles laborum irure gastropub sed. Incididunt sint cerveza artesanal, iglesia PBR quinua ennui ugh clich\u00e9 assumenda scenester 8-bit. Fotomat\u00f3n dolore aut\u00e9ntica cornhole fixie. Ea granja a la mesa twee DIY salvia tote bag four loko selvage delectus, hella Brooklyn scenester yr.        <\/p>\n<\/div><\/div><\/div>\n\t\t<\/div>\n\t\t\t\t\t<\/div>\n\n\t\n\n\t<div id=\"col-1615133634\" class=\"col medium-6 large-6\"  >\n\t\t\t\t<div class=\"col-inner\"  >\n\t\t\t\n\t\t\t\n\n\t\t<div class=\"tabbed-content\">\n\t\t\t<h4 class=\"uppercase text-center\">Pesta\u00f1as de contorno centradas<\/h4>\n\t\t\t<ul class=\"nav nav-outline nav-uppercase nav-size-normal nav-center\" role=\"tablist\"><li id=\"tab-pesta\u00f1a-1-t\u00edtulo\" class=\"tab active has-icon\" role=\"presentation\"><a href=\"#tab_pesta\u00f1a-1-t\u00edtulo\" role=\"tab\" aria-selected=\"true\" aria-controls=\"tab_pesta\u00f1a-1-t\u00edtulo\"><span>Pesta\u00f1a 1 T\u00edtulo<\/span><\/a><\/li>\n<li id=\"tab-pesta\u00f1a-2-t\u00edtulo\" class=\"tab has-icon\" role=\"presentation\"><a href=\"#tab_pesta\u00f1a-2-t\u00edtulo\" tabindex=\"-1\" role=\"tab\" aria-selected=\"false\" aria-controls=\"tab_pesta\u00f1a-2-t\u00edtulo\"><span>Pesta\u00f1a 2 T\u00edtulo<\/span><\/a><\/li>\n<li id=\"tab-pesta\u00f1a-3-t\u00edtulo\" class=\"tab has-icon\" role=\"presentation\"><a href=\"#tab_pesta\u00f1a-3-t\u00edtulo\" tabindex=\"-1\" role=\"tab\" aria-selected=\"false\" aria-controls=\"tab_pesta\u00f1a-3-t\u00edtulo\"><span>Pesta\u00f1a 3 T\u00edtulo<\/span><\/a><\/li><\/ul><div class=\"tab-panels\"><div id=\"tab_pesta\u00f1a-1-t\u00edtulo\" class=\"panel active entry-content\" role=\"tabpanel\" aria-labelledby=\"tab-pesta\u00f1a-1-t\u00edtulo\">\n<p>Horquilla lo-fi narval ecol\u00f3gico eiusmod yr magna. Sriracha Carles laborum irure gastropub sed. Incididunt sint cerveza artesanal, iglesia PBR quinua ennui ugh clich\u00e9 assumenda scenester 8-bit. Fotomat\u00f3n dolore aut\u00e9ntica cornhole fixie. Ea granja a la mesa twee DIY salvia tote bag four loko selvage delectus, hella Brooklyn scenester yr.      <\/p>\n<\/div>\n<div id=\"tab_pesta\u00f1a-2-t\u00edtulo\" class=\"panel entry-content\" role=\"tabpanel\" aria-labelledby=\"tab-pesta\u00f1a-2-t\u00edtulo\">\n<p>Sartorial helvetica readymade. Sunt clich\u00e9 tempor iron\u00eda tipograf\u00eda mixtape. Tipograf\u00eda literalmente retro freegan, lo-fi horquilla narval org\u00e1nico eiusmod yr magna. Sriracha Carles laborum irure gastropub sed. Incididunt sint cerveza artesanal, iglesia PBR quinua ennui ugh clich\u00e9 assumenda scenester 8-bit. Fotomat\u00f3n dolore aut\u00e9ntica cornhole fixie. Ea granja a la mesa twee DIY salvia tote bag four loko selvage delectus, hella Brooklyn scenester yr.        <\/p>\n<\/div>\n<div id=\"tab_pesta\u00f1a-3-t\u00edtulo\" class=\"panel entry-content\" role=\"tabpanel\" aria-labelledby=\"tab-pesta\u00f1a-3-t\u00edtulo\">\n<p>Sunt clich\u00e9 tempor iron\u00eda tipograf\u00eda mixtape. Tipograf\u00eda literalmente retro freegan, lo-fi horquilla narval org\u00e1nico eiusmod yr magna. Sriracha Carles laborum irure gastropub sed. Incididunt sint cerveza artesanal, iglesia PBR quinua ennui ugh clich\u00e9 assumenda scenester 8-bit. Fotomat\u00f3n dolore aut\u00e9ntica cornhole fixie. Ea granja a la mesa twee DIY salvia tote bag four loko selvage delectus, hella Brooklyn scenester yr.       <\/p>\n<\/div><\/div><\/div>\n\t\t<\/div>\n\t\t\t\t\t<\/div>\n\n\t\n<\/div>\n<div class=\"row\"  id=\"row-1179979092\">\n\n\t<div id=\"col-343915722\" class=\"col large-12\"  >\n\t\t\t\t<div class=\"col-inner\"  >\n\t\t\t\n\t\t\t\n\n\t\t<div class=\"tabbed-content\">\n\t\t\t<h4 class=\"uppercase text-center\">Centro de leng\u00fcetas de cultivo de l\u00ednea<\/h4>\n\t\t\t<ul class=\"nav nav-line-grow nav-uppercase nav-size-normal nav-center\" role=\"tablist\"><li id=\"tab-pesta\u00f1a-1-t\u00edtulo\" class=\"tab active has-icon\" role=\"presentation\"><a href=\"#tab_pesta\u00f1a-1-t\u00edtulo\" role=\"tab\" aria-selected=\"true\" aria-controls=\"tab_pesta\u00f1a-1-t\u00edtulo\"><span>Pesta\u00f1a 1 T\u00edtulo<\/span><\/a><\/li>\n<li id=\"tab-pesta\u00f1a-2-t\u00edtulo\" class=\"tab has-icon\" role=\"presentation\"><a href=\"#tab_pesta\u00f1a-2-t\u00edtulo\" tabindex=\"-1\" role=\"tab\" aria-selected=\"false\" aria-controls=\"tab_pesta\u00f1a-2-t\u00edtulo\"><span>Pesta\u00f1a 2 T\u00edtulo<\/span><\/a><\/li>\n<li id=\"tab-pesta\u00f1a-3-t\u00edtulo\" class=\"tab has-icon\" role=\"presentation\"><a href=\"#tab_pesta\u00f1a-3-t\u00edtulo\" tabindex=\"-1\" role=\"tab\" aria-selected=\"false\" aria-controls=\"tab_pesta\u00f1a-3-t\u00edtulo\"><span>Pesta\u00f1a 3 T\u00edtulo<\/span><\/a><\/li><\/ul><div class=\"tab-panels\"><div id=\"tab_pesta\u00f1a-1-t\u00edtulo\" class=\"panel active entry-content\" role=\"tabpanel\" aria-labelledby=\"tab-pesta\u00f1a-1-t\u00edtulo\">\n<p>Clich\u00e9 tempor iron\u00eda tipograf\u00eda mixtape. Tipograf\u00eda literalmente retro freegan, lo-fi horquilla narval org\u00e1nico eiusmod yr magna. Sriracha Carles laborum irure gastropub sed. Incididunt sint cerveza artesanal, iglesia PBR quinua ennui ugh clich\u00e9 assumenda scenester 8-bit. Fotomat\u00f3n dolore aut\u00e9ntica cornhole fixie. Ea granja a la mesa twee DIY salvia tote bag four loko selvage delectus, hella Brooklyn scenester yr.       <\/p>\n<\/div>\n<div id=\"tab_pesta\u00f1a-2-t\u00edtulo\" class=\"panel entry-content\" role=\"tabpanel\" aria-labelledby=\"tab-pesta\u00f1a-2-t\u00edtulo\">\n<p>Mixtape de tipograf\u00eda tempor iron\u00eda. Tipograf\u00eda literalmente retro freegan, lo-fi horquilla narval org\u00e1nico eiusmod yr magna. Sriracha Carles laborum irure gastropub sed. Incididunt sint cerveza artesanal, iglesia PBR quinua ennui ugh clich\u00e9 assumenda scenester 8-bit. Fotomat\u00f3n dolore aut\u00e9ntica cornhole fixie. Ea granja a la mesa twee DIY salvia tote bag four loko selvage delectus, hella Brooklyn scenester yr.       <\/p>\n<\/div>\n<div id=\"tab_pesta\u00f1a-3-t\u00edtulo\" class=\"panel entry-content\" role=\"tabpanel\" aria-labelledby=\"tab-pesta\u00f1a-3-t\u00edtulo\">\n<p>Helvetica readymade. Sunt clich\u00e9 tempor iron\u00eda tipograf\u00eda mixtape. Tipograf\u00eda literalmente retro freegan, lo-fi horquilla narval org\u00e1nico eiusmod yr magna. Sriracha Carles laborum irure gastropub sed. Incididunt sint cerveza artesanal, iglesia PBR quinua ennui ugh clich\u00e9 assumenda scenester 8-bit. Fotomat\u00f3n dolore aut\u00e9ntica cornhole fixie. Ea granja a la mesa twee DIY salvia tote bag four loko selvage delectus, hella Brooklyn scenester yr.        <\/p>\n<\/div><\/div><\/div>\n\t\t<\/div>\n\t\t\t\t\t<\/div>\n\n\t\n\n\t<div id=\"col-2137201932\" class=\"col large-12\"  >\n\t\t\t\t<div class=\"col-inner\"  >\n\t\t\t\n\t\t\t\n\n\t\t<div class=\"tabbed-content\">\n\t\t\t<h4 class=\"uppercase text-left\">Pesta\u00f1as verticales<\/h4>\n\t\t\t<ul class=\"nav nav-line nav-vertical nav-uppercase nav-size-normal nav-left\" role=\"tablist\"><li id=\"tab-pesta\u00f1a-superior\" class=\"tab active has-icon\" role=\"presentation\"><a href=\"#tab_pesta\u00f1a-superior\" role=\"tab\" aria-selected=\"true\" aria-controls=\"tab_pesta\u00f1a-superior\"><span>Pesta\u00f1a superior<\/span><\/a><\/li>\n<li id=\"tab-esta-es-la-pesta\u00f1a\" class=\"tab has-icon\" role=\"presentation\"><a href=\"#tab_esta-es-la-pesta\u00f1a\" tabindex=\"-1\" role=\"tab\" aria-selected=\"false\" aria-controls=\"tab_esta-es-la-pesta\u00f1a\"><span>Esta es la pesta\u00f1a<\/span><\/a><\/li>\n<li id=\"tab-esta-es-otra-pesta\u00f1a\" class=\"tab has-icon\" role=\"presentation\"><a href=\"#tab_esta-es-otra-pesta\u00f1a\" tabindex=\"-1\" role=\"tab\" aria-selected=\"false\" aria-controls=\"tab_esta-es-otra-pesta\u00f1a\"><span>Esta es otra pesta\u00f1a<\/span><\/a><\/li><\/ul><div class=\"tab-panels\"><div id=\"tab_pesta\u00f1a-superior\" class=\"panel active entry-content\" role=\"tabpanel\" aria-labelledby=\"tab-pesta\u00f1a-superior\">\n<p>Franela sartorial helvetica readymade. Sunt clich\u00e9 tempor iron\u00eda tipograf\u00eda mixtape. Tipograf\u00eda literalmente retro freegan, lo-fi horquilla narval org\u00e1nico eiusmod yr magna. Sriracha Carles laborum irure gastropub sed. Incididunt sint cerveza artesanal, iglesia PBR quinua ennui ugh clich\u00e9 assumenda scenester 8-bit. Fotomat\u00f3n dolore aut\u00e9ntica cornhole fixie. Ea de la granja a la mesa twee a\u00f1o.      <\/p>\n<\/div>\n<div id=\"tab_esta-es-la-pesta\u00f1a\" class=\"panel entry-content\" role=\"tabpanel\" aria-labelledby=\"tab-esta-es-la-pesta\u00f1a\">\n<p>Laborum irure gastropub sed. Incididunt sint cerveza artesanal, iglesia PBR quinua ennui ugh clich\u00e9 assumenda scenester 8-bit. Fotomat\u00f3n dolore aut\u00e9ntica cornhole fixie. Ea granja a la mesa twee DIY salvia tote bag four loko selvage delectus, hella Brooklyn scenester yr.     <\/p>\n<\/div>\n<div id=\"tab_esta-es-otra-pesta\u00f1a\" class=\"panel entry-content\" role=\"tabpanel\" aria-labelledby=\"tab-esta-es-otra-pesta\u00f1a\">\n<p>Horquilla lo-fi narval ecol\u00f3gico eiusmod yr magna. Sriracha Carles laborum irure gastropub sed. Incididunt sint cerveza artesanal, iglesia PBR quinua ennui ugh clich\u00e9 assumenda scenester 8-bit. Fotomat\u00f3n dolore aut\u00e9ntica cornhole fixie.     <\/p>\n<\/div><\/div><\/div>\n\t\t<\/div>\n\t\t\t\t\t<\/div>\n\n\t\n\n\t<div id=\"col-598389059\" class=\"col small-12 large-12\"  >\n\t\t\t\t<div class=\"col-inner\"  >\n\t\t\t\n\t\t\t\n\n\t\t<div class=\"tabbed-content\">\n\t\t\t\n\t\t\t<ul class=\"nav nav-outline nav-vertical nav-uppercase nav-size-normal nav-left\" role=\"tablist\"><li id=\"tab-t\u00edtulo-de-la-pesta\u00f1a-1\" class=\"tab active has-icon\" role=\"presentation\"><a href=\"#tab_t\u00edtulo-de-la-pesta\u00f1a-1\" role=\"tab\" aria-selected=\"true\" aria-controls=\"tab_t\u00edtulo-de-la-pesta\u00f1a-1\"><span>T\u00edtulo de la pesta\u00f1a 1<\/span><\/a><\/li>\n<li id=\"tab-t\u00edtulo-de-la-pesta\u00f1a-2\" class=\"tab has-icon\" role=\"presentation\"><a href=\"#tab_t\u00edtulo-de-la-pesta\u00f1a-2\" tabindex=\"-1\" role=\"tab\" aria-selected=\"false\" aria-controls=\"tab_t\u00edtulo-de-la-pesta\u00f1a-2\"><span>T\u00edtulo de la pesta\u00f1a 2<\/span><\/a><\/li>\n<li id=\"tab-t\u00edtulo-de-la-pesta\u00f1a-3\" class=\"tab has-icon\" role=\"presentation\"><a href=\"#tab_t\u00edtulo-de-la-pesta\u00f1a-3\" tabindex=\"-1\" role=\"tab\" aria-selected=\"false\" aria-controls=\"tab_t\u00edtulo-de-la-pesta\u00f1a-3\"><span>T\u00edtulo de la pesta\u00f1a 3<\/span><\/a><\/li><\/ul><div class=\"tab-panels\"><div id=\"tab_t\u00edtulo-de-la-pesta\u00f1a-1\" class=\"panel active entry-content\" role=\"tabpanel\" aria-labelledby=\"tab-t\u00edtulo-de-la-pesta\u00f1a-1\">\n<p>Sunt clich\u00e9 tempor iron\u00eda tipograf\u00eda mixtape. Tipograf\u00eda literalmente retro freegan, lo-fi horquilla narval org\u00e1nico eiusmod yr magna. Sriracha Carles laborum irure gastropub sed. Incididunt sint cerveza artesanal, iglesia PBR quinua ennui ugh clich\u00e9 assumenda scenester 8-bit. Fotomat\u00f3n dolore aut\u00e9ntica cornhole fixie. Ea granja a la mesa twee DIY salvia tote bag four loko selvage delectus, hella Brooklyn scenester yr.       <\/p>\n<\/div>\n<div id=\"tab_t\u00edtulo-de-la-pesta\u00f1a-2\" class=\"panel entry-content\" role=\"tabpanel\" aria-labelledby=\"tab-t\u00edtulo-de-la-pesta\u00f1a-2\">\n<p>Horquilla lo-fi narval ecol\u00f3gico eiusmod yr magna. Sriracha Carles laborum irure gastropub sed. Incididunt sint cerveza artesanal, iglesia PBR quinua ennui ugh clich\u00e9 assumenda scenester 8-bit. Fotomat\u00f3n dolore aut\u00e9ntica cornhole fixie. Ea granja a la mesa twee DIY salvia tote bag four loko selvage delectus, hella Brooklyn scenester yr.      <\/p>\n<\/div>\n<div id=\"tab_t\u00edtulo-de-la-pesta\u00f1a-3\" class=\"panel entry-content\" role=\"tabpanel\" aria-labelledby=\"tab-t\u00edtulo-de-la-pesta\u00f1a-3\">\n<p>Church-key PBR quinoa ennui ugh clich\u00e9 assumenda scenester 8-bit. Fotomat\u00f3n dolore aut\u00e9ntica cornhole fixie. Ea granja a la mesa twee DIY salvia tote bag four loko selvage delectus, hella Brooklyn scenester yr.    <\/p>\n<\/div><\/div><\/div>\n\t\t<\/div>\n\t\t\t\t\t<\/div>\n\n\t\n<\/div>\n","protected":false},"excerpt":{"rendered":"","protected":false},"author":2,"featured_media":0,"parent":0,"menu_order":25,"comment_status":"closed","ping_status":"closed","template":"page-blank.php","meta":{"footnotes":""},"class_list":["post-88063","page","type-page","status-publish","hentry"],"_links":{"self":[{"href":"https:\/\/shop.nlq24.eu\/es\/wp-json\/wp\/v2\/pages\/88063","targetHints":{"allow":["GET"]}}],"collection":[{"href":"https:\/\/shop.nlq24.eu\/es\/wp-json\/wp\/v2\/pages"}],"about":[{"href":"https:\/\/shop.nlq24.eu\/es\/wp-json\/wp\/v2\/types\/page"}],"author":[{"embeddable":true,"href":"https:\/\/shop.nlq24.eu\/es\/wp-json\/wp\/v2\/users\/2"}],"replies":[{"embeddable":true,"href":"https:\/\/shop.nlq24.eu\/es\/wp-json\/wp\/v2\/comments?post=88063"}],"version-history":[{"count":0,"href":"https:\/\/shop.nlq24.eu\/es\/wp-json\/wp\/v2\/pages\/88063\/revisions"}],"wp:attachment":[{"href":"https:\/\/shop.nlq24.eu\/es\/wp-json\/wp\/v2\/media?parent=88063"}],"curies":[{"name":"wp","href":"https:\/\/api.w.org\/{rel}","templated":true}]}}