{"id":88076,"date":"2016-06-02T12:48:15","date_gmt":"2016-06-02T12:48:15","guid":{"rendered":"https:\/\/shop.nlq24.eu\/galerias\/"},"modified":"2025-06-19T07:47:14","modified_gmt":"2025-06-19T07:47:14","slug":"galerias","status":"publish","type":"page","link":"https:\/\/shop.nlq24.eu\/es\/galerias\/","title":{"rendered":"Galer\u00edas"},"content":{"rendered":"\n  <div class=\"banner has-hover\" id=\"banner-1633759175\">\n          <div class=\"banner-inner fill\">\n        <div class=\"banner-bg fill\" >\n                                    <div class=\"overlay\"><\/div>            \n                    <\/div>\n\t\t\n        <div class=\"banner-layers container\">\n            <div class=\"fill banner-link\"><\/div>            \n   <div id=\"text-box-1969209749\" class=\"text-box banner-layer x50 md-x50 lg-x50 y50 md-y50 lg-y50 res-text\">\n                                <div class=\"text-box-content text dark\">\n              \n              <div class=\"text-inner text-center\">\n                  \n<h3 class=\"uppercase\"><strong>ELEMENTO DE LA GALER\u00cdA<\/strong><\/h3>\n<p class=\"lead\">Cree galer\u00edas mediante el uso de ID de imagen y arrastre y suelte. Puede crear galer\u00edas f\u00e1cilmente desde el Constructor de p\u00e1ginas. <\/p>\n              <\/div>\n           <\/div>\n                            \n<style>\n#text-box-1969209749 {\n  width: 60%;\n}\n#text-box-1969209749 .text-box-content {\n  font-size: 100%;\n}\n<\/style>\n    <\/div>\n \n        <\/div>\n      <\/div>\n\n            \n<style>\n#banner-1633759175 {\n  padding-top: 500px;\n}\n#banner-1633759175 .overlay {\n  background-color: rgba(0, 0, 0, 0.71);\n}\n<\/style>\n  <\/div>\n\n\n<div class=\"container section-title-container\" ><h3 class=\"section-title section-title-center\"><b aria-hidden=\"true\"><\/b><span class=\"section-title-main\" >Fila de galer\u00eda simple con caja de luz<\/span><b aria-hidden=\"true\"><\/b><\/h3><\/div>\n\n<div class=\"container section-title-container\" ><h3 class=\"section-title section-title-center\"><b aria-hidden=\"true\"><\/b><span class=\"section-title-main\" >Galer\u00eda de ancho completo<\/span><b aria-hidden=\"true\"><\/b><\/h3><\/div>\n\n<div class=\"container section-title-container\" ><h3 class=\"section-title section-title-center\"><b aria-hidden=\"true\"><\/b><span class=\"section-title-main\" >Ancho de la galer\u00eda: Peque\u00f1o espacio<\/span><b aria-hidden=\"true\"><\/b><\/h3><\/div>\n\n<div class=\"container section-title-container\" style=\"margin-top:21px;\"><h3 class=\"section-title section-title-center\"><b aria-hidden=\"true\"><\/b><span class=\"section-title-main\" >Galer\u00eda de controles deslizantes<\/span><b aria-hidden=\"true\"><\/b><\/h3><\/div>\n\n","protected":false},"excerpt":{"rendered":"","protected":false},"author":2,"featured_media":0,"parent":0,"menu_order":11,"comment_status":"closed","ping_status":"closed","template":"page-blank.php","meta":{"footnotes":""},"class_list":["post-88076","page","type-page","status-publish","hentry"],"_links":{"self":[{"href":"https:\/\/shop.nlq24.eu\/es\/wp-json\/wp\/v2\/pages\/88076","targetHints":{"allow":["GET"]}}],"collection":[{"href":"https:\/\/shop.nlq24.eu\/es\/wp-json\/wp\/v2\/pages"}],"about":[{"href":"https:\/\/shop.nlq24.eu\/es\/wp-json\/wp\/v2\/types\/page"}],"author":[{"embeddable":true,"href":"https:\/\/shop.nlq24.eu\/es\/wp-json\/wp\/v2\/users\/2"}],"replies":[{"embeddable":true,"href":"https:\/\/shop.nlq24.eu\/es\/wp-json\/wp\/v2\/comments?post=88076"}],"version-history":[{"count":0,"href":"https:\/\/shop.nlq24.eu\/es\/wp-json\/wp\/v2\/pages\/88076\/revisions"}],"wp:attachment":[{"href":"https:\/\/shop.nlq24.eu\/es\/wp-json\/wp\/v2\/media?parent=88076"}],"curies":[{"name":"wp","href":"https:\/\/api.w.org\/{rel}","templated":true}]}}