{"id":51299,"date":"2019-01-26T19:58:36","date_gmt":"2019-01-26T19:58:36","guid":{"rendered":"https:\/\/www.nlq24.de\/produkt\/cdh3000-solucion-de-dioxido-de-cloro-03-cdl\/"},"modified":"2025-06-17T10:14:58","modified_gmt":"2025-06-17T10:14:58","slug":"cds-cdl-solucion-de-dioxido-de-cloro-cdh3000","status":"publish","type":"product","link":"https:\/\/shop.nlq24.eu\/es\/ producto\/cds-cdl-solucion-de-dioxido-de-cloro-cdh3000\/","title":{"rendered":"CDH3000 &#8211; Soluci\u00f3n de di\u00f3xido de cloro 0,3% &#8211; ( CDS \/ CDL )"},"content":{"rendered":"<p class=\"Normal\">Soluci\u00f3n de di\u00f3xido de cloro CDS\/CDL CDH3000: es una soluci\u00f3n de di\u00f3xido de cloro con una proporci\u00f3n del &lt; 0,3%.<\/p>\n<p class=\"Normal\">CDH es la abreviatura de <strong>C<\/strong>hlor<strong> D<\/strong>ioxid <strong>H<\/strong>altbar.<\/p>\n<p class=\"Normal\">En mi tienda puedes comprar esta soluci\u00f3n de di\u00f3xido de cloro siempre reci\u00e9n producida a bajo precio. Tienes diferentes botellas y cantidades para elegir. Elija si desea pedir su soluci\u00f3n de di\u00f3xido de cloro CDS \/ CDL CDH3000 con o sin sistema de dosificaci\u00f3n (sistema dosificador). \u00a1Ahora tambi\u00e9n con un sistema dosificador m\u00e1s duradero!<\/p>\n<p class=\"Normal\"><strong><span class=\"tm6\">Indicaciones de CDH:<\/span><\/strong><\/p>\n<p>CDH3000 Soluci\u00f3n de di\u00f3xido de cloro  <span class=\"tm6\">\u00faselo con cuidado. Siempre lea la etiqueta y la informaci\u00f3n del producto antes de usarlo.  <\/span>Proteja CDH3000 de la luz y no se caliente. Almac\u00e9nelo lo m\u00e1s fresco posible. El l\u00edquido CDH3000 puede decolorar el material org\u00e1nico sin diluir. Despu\u00e9s de inhalar el gas por encima del l\u00edquido, proporcione aire fresco. En caso de contacto con los ojos, enjuague el ojo con agua con el espacio del p\u00e1rpado abierto. Si se ingiere accidentalmente, beba mucha agua para diluirlo. Si tiene s\u00edntomas persistentes, consulte a un m\u00e9dico o natur\u00f3pata. No permita que grandes cantidades entren en el sistema de alcantarillado o cuerpos de agua. Gu\u00e1rdelo en un lugar fresco y protegido de la luz en la botella cerrada.<\/p>\n<h3 class=\"Normal\"><strong><span class=\"tm6\">Est\u00e1n disponibles las siguientes variantes de soluci\u00f3n de di\u00f3xido de cloro CDS \/ CDL CDH3000:<\/span><\/strong><\/h3>\n<p class=\"Normal\">La versi\u00f3n de <strong><span class=\"tm6\">100 ml<\/span><\/strong> est\u00e1 disponible en HDPE o en frasco de vidrio DIN18, cada uno con gotero. Para la variante en la botella de vidrio marr\u00f3n, tambi\u00e9n le ofrezco un sistema de dosificaci\u00f3n para elegir.<br \/>\nOfrezco la variante de <strong>250 ml<\/strong> en la botella de vidrio PP28.<br \/>\nTambi\u00e9n ofrezco los <strong>500 ml<\/strong> en la botella de vidrio PP28 y aqu\u00ed tambi\u00e9n puede elegir si desea pedir el pr\u00e1ctico sistema dosificador al mismo tiempo. Y por \u00faltimo la botella de <strong>1000 ml<\/strong> .  <\/p>\n<p><a href=\"https:\/\/shop.nlq24.eu\/es\/?post_type=product&#038;p=84144\">El sistema dosificador de 6 ml<\/a> tiene una jeringa <strong>m\u00e1s duradera que dura m\u00e1s tiempo<\/strong>.<\/p>\n<p>&nbsp;<\/p>\n<h3 class=\"Normal\"><strong>Importante a la hora de elegir su soluci\u00f3n de di\u00f3xido de cloro CDS\/CDL CDH3000:<\/strong><\/h3>\n<p class=\"Normal\">Si elige la variante \u00abSin sistema dosificador\u00bb, el frasco no tiene un inserto dosificador. La tapa de esta variante tampoco encaja en el sistema dosificador.<\/p>\n<p class=\"Normal\">Un CDH3000 es el producto de calidad de <a href=\"https:\/\/www.natao.org\/cdh3000-cdl-wasserdesinfektion.htm\">OX-IT.<\/a><\/p>\n<h3>Almacenamiento:<\/h3>\n<p>Guarde su CDH en un lugar fresco y, sobre todo, oscuro. Despu\u00e9s de retirarlo, vuelva a cerrar inmediatamente la botella. Si se usa correctamente, su CDH se mantendr\u00e1 fuerte durante unos buenos 6 meses.<\/p>\n<p>&nbsp;<\/p>\n<p><strong>\u00bfQuieres un CDH3000 activado que dure a\u00fan m\u00e1s?  <\/strong><\/p>\n<p>\u00a1Entonces echa un vistazo al <span style=\"color: #0000ff;\"><br \/>\n  <strong><br \/>\n    <a style=\"color: #0000ff;\" href=\"https:\/\/shop.nlq24.eu\/es\/Produkt\/cdh3000-premium-dioxido-de-cloro-loesung-03-en-vidrio\/\">CDH3000 Premium<\/a><br \/>\n  <\/strong><br \/>\n<\/span> !<\/p>\n<p>&nbsp;<\/p>\n<p><strong>\u00bfO quieres una CDH3000 que solo te actives cuando sea necesario y, por lo tanto, puedas usarlo durante mucho m\u00e1s tiempo?<\/strong><\/p>\n<p>Para la prevenci\u00f3n de crisis, el <strong><a href=\"https:\/\/shop.nlq24.eu\/es\/Produkt\/cdl3000-largo-dioxido-de-cloro-loesung-inactivado-con-activador\/\">CDH3000 LONG<\/a> es adecuado aqu\u00ed<\/p>\n<p><\/strong><\/p>\n<p>&nbsp;<\/p>\n<p><span class=\"tm6\">Todos los productos CDH se venden en la tienda como un producto qu\u00edmico puro.<\/span><\/p>\n","protected":false},"excerpt":{"rendered":"<p>CDH3000 Soluci\u00f3n de di\u00f3xido de cloro  <span class=\"tm6\">\u00faselo con cuidado. Siempre lea la etiqueta y la informaci\u00f3n del producto antes de usarlo.<\/span><\/p>\n","protected":false},"featured_media":69798,"comment_status":"open","ping_status":"closed","template":"","meta":[],"product_brand":[],"product_cat":[1866,1867],"product_tag":[2033,1226,1239,1246,1247,1280,1282,1290],"class_list":{"0":"post-51299","1":"product","2":"type-product","3":"status-publish","4":"has-post-thumbnail","6":"product_cat-todos-los-productos-resumen","7":"product_cat-cdh3000-solucion-de-dioxido-de-cloro-cdl-cds","8":"product_tag-solucion-lista-para-el-dioxido-de-cloro","9":"product_tag-cdh-es","10":"product_tag-cdh3000-es","11":"product_tag-cdh3000-solucion-de-dioxido-de-cloro","12":"product_tag-cdh3000-receta-original","13":"product_tag-cdl-es","14":"product_tag-cds-cdl-es","15":"product_tag-solucion-de-dioxido-de-cloro-es","16":"product_shipping_class-1-paquete-de-envio-con-seguimiento","17":"pa_flaschenart-botella-de-hdpe","18":"pa_flaschenart-botella-de-vidrio-din18","19":"pa_flaschenart-botella-de-vidrio-pp28","20":"pa_milliliter-100-ml-es","21":"pa_milliliter-250-ml-es","22":"pa_milliliter-500-ml-es","23":"pa_milliliter-1000-ml-es","24":"pa_milliliter-200-ml-es","25":"pa_milliliter-2-x-500-ml-es","27":"first","28":"instock","29":"taxable","30":"shipping-taxable","31":"purchasable","32":"product-type-variable"},"_links":{"self":[{"href":"https:\/\/shop.nlq24.eu\/es\/wp-json\/wp\/v2\/product\/51299","targetHints":{"allow":["GET"]}}],"collection":[{"href":"https:\/\/shop.nlq24.eu\/es\/wp-json\/wp\/v2\/product"}],"about":[{"href":"https:\/\/shop.nlq24.eu\/es\/wp-json\/wp\/v2\/types\/product"}],"replies":[{"embeddable":true,"href":"https:\/\/shop.nlq24.eu\/es\/wp-json\/wp\/v2\/comments?post=51299"}],"wp:featuredmedia":[{"embeddable":true,"href":"https:\/\/shop.nlq24.eu\/es\/wp-json\/wp\/v2\/media\/69798"}],"wp:attachment":[{"href":"https:\/\/shop.nlq24.eu\/es\/wp-json\/wp\/v2\/media?parent=51299"}],"wp:term":[{"taxonomy":"product_brand","embeddable":true,"href":"https:\/\/shop.nlq24.eu\/es\/wp-json\/wp\/v2\/product_brand?post=51299"},{"taxonomy":"product_cat","embeddable":true,"href":"https:\/\/shop.nlq24.eu\/es\/wp-json\/wp\/v2\/product_cat?post=51299"},{"taxonomy":"product_tag","embeddable":true,"href":"https:\/\/shop.nlq24.eu\/es\/wp-json\/wp\/v2\/product_tag?post=51299"}],"curies":[{"name":"wp","href":"https:\/\/api.w.org\/{rel}","templated":true}]}}