{"id":64868,"date":"2020-04-02T17:03:37","date_gmt":"2020-04-02T17:03:37","guid":{"rendered":"https:\/\/www.nlq24.de\/?post_type=product&#038;p=64868"},"modified":"2025-06-10T11:44:53","modified_gmt":"2025-06-10T11:44:53","slug":"cdh1500-cdl-es","status":"publish","type":"product","link":"https:\/\/shop.nlq24.eu\/es\/ producto\/cdh1500-cdl-es\/","title":{"rendered":"CDH1500 &#8211; Soluci\u00f3n de di\u00f3xido de cloro al 0,15 % &#8211; (CDS \/CDL)"},"content":{"rendered":"<h3 class=\"Normal\">CDH1500 es una soluci\u00f3n de di\u00f3xido de cloro (CDL\/SDC)&lt; 0,15 % Contenido de di\u00f3xido de cloro<\/h3>\n<p class=\"Normal\"><strong><span class=\"tm6\">Indicaciones de CDH:<\/span><\/strong><\/p>\n<p class=\"Normal\"><span class=\"tm6\">Utilice el CDH1500 con cuidado. Siempre lea la etiqueta y la informaci\u00f3n del producto antes de usarlo.  <\/span>Proteja el CDH1500 de la luz y no lo caliente. El l\u00edquido CDH3000 puede decolorar el material org\u00e1nico sin diluir. Despu\u00e9s de inhalar el gas por encima del l\u00edquido, proporcione aire fresco. En caso de contacto con los ojos, enjuague el ojo con agua con el espacio del p\u00e1rpado abierto. Si se ingiere accidentalmente, beba mucha agua para diluirlo. Si tiene s\u00edntomas persistentes, consulte a un m\u00e9dico o natur\u00f3pata. No permita que grandes cantidades entren en el sistema de alcantarillado o cuerpos de agua. Gu\u00e1rdelo en un lugar fresco y protegido de la luz en la botella cerrada.<\/p>\n<p>Este producto se ofrece como un producto qu\u00edmico puro.<\/p>\n<h3 class=\"Normal\"><strong><span class=\"tm6\">Las siguientes variantes de CDH (CDL) est\u00e1n disponibles:<\/span><\/strong><\/h3>\n<p class=\"Normal\">La versi\u00f3n de <strong><span class=\"tm6\">100 ml<\/span><\/strong> est\u00e1 disponible en el frasco de vidrio DIN18 con cuentagotas. Un <strong><span class=\"tm6\"><a href=\"https:\/\/shop.nlq24.eu\/es\/Produkt\/doser-system-din18\/\">Sistema Dosificador<\/a>DIN18 seajusta a esta botella.<\/span><\/strong> Con el Doser (jeringa dosificadora) puedes tomar el l\u00edquido y al mismo tiempo medirlo en mililitros.<\/p>\n<p class=\"Normal\">Ofrezco la variante de<strong>250 ml en la botella de vidrio de 28 mm<\/strong>. Opcionalmente, tambi\u00e9n puede seleccionar un dosificador con el inserto adecuado para retirar y medir esta botella. Tambi\u00e9n ofrezco los 500 ml en la botella de vidrio PP28. Tambi\u00e9n se incluye aqu\u00ed un inserto de dosificador si compra un dosificador con \u00e9l. Sin pedir un dosificador, no suministrar\u00e9 un inserto de dosificador o una tapa a juego para el sistema de dosificaci\u00f3n.<\/p>\n<p>Un producto de calidad de <a href=\"https:\/\/www.natao.org\/cdh3000-cdl-wasserdesinfektion.htm\">OX-IT<\/a>.<\/p>\n<p>\u00bfDesea una CDL (soluci\u00f3n de di\u00f3xido de cloro) que sea a\u00fan m\u00e1s fuerte y tenga una vida \u00fatil a\u00fan m\u00e1s larga? Entonces eche un vistazo a <span style=\"color: #0000ff;\"><br \/>\n  <strong><br \/>\n    <a style=\"color: #0000ff;\" href=\"https:\/\/shop.nlq24.eu\/es\/Produkt\/cdh3000-premium-dioxido-de-cloro-loesung-03-en-vidrio\/\">CDH3000 Premium<\/a><br \/>\n  <\/strong><br \/>\n<\/span> .<\/p>\n","protected":false},"excerpt":{"rendered":"<p><span class=\"tm6\">Utilice el CDH1500 con cuidado. Siempre lea la etiqueta y la informaci\u00f3n del producto antes de usarlo.  <\/span><\/p>\n","protected":false},"featured_media":68890,"comment_status":"open","ping_status":"closed","template":"","meta":[],"product_brand":[],"product_cat":[1866,1867],"product_tag":[2401,2410,2412,1226,2416,1280,2423,1282,2427,1290,2033],"class_list":{"0":"post-64868","1":"product","2":"type-product","3":"status-publish","4":"has-post-thumbnail","6":"product_cat-todos-los-productos-resumen","7":"product_cat-cdh3000-solucion-de-dioxido-de-cloro-cdl-cds","8":"product_tag-cdh1500-es","9":"product_tag-cdh-spray-es","10":"product_tag-cdh-sprueher-es","11":"product_tag-cdh-es","12":"product_tag-cdl-chlordioxid-es","13":"product_tag-cdl-es","14":"product_tag-cds-es","15":"product_tag-cds-cdl-es","16":"product_tag-chlordioxid-spray-es","17":"product_tag-solucion-de-dioxido-de-cloro-es","18":"product_tag-solucion-lista-para-el-dioxido-de-cloro","19":"product_shipping_class-1-paquete-de-envio-con-seguimiento","20":"pa_flaschenart-botella-de-hdpe","21":"pa_flaschenart-botella-de-vidrio-din18","22":"pa_flaschenart-botella-de-vidrio-pp28","23":"pa_milliliter-2-x-500-ml-es","24":"pa_milliliter-100-ml-es","25":"pa_milliliter-250-ml-es","26":"pa_milliliter-500-ml-es","27":"pa_milliliter-1000-ml-es","29":"first","30":"instock","31":"taxable","32":"shipping-taxable","33":"purchasable","34":"product-type-variable"},"_links":{"self":[{"href":"https:\/\/shop.nlq24.eu\/es\/wp-json\/wp\/v2\/product\/64868","targetHints":{"allow":["GET"]}}],"collection":[{"href":"https:\/\/shop.nlq24.eu\/es\/wp-json\/wp\/v2\/product"}],"about":[{"href":"https:\/\/shop.nlq24.eu\/es\/wp-json\/wp\/v2\/types\/product"}],"replies":[{"embeddable":true,"href":"https:\/\/shop.nlq24.eu\/es\/wp-json\/wp\/v2\/comments?post=64868"}],"wp:featuredmedia":[{"embeddable":true,"href":"https:\/\/shop.nlq24.eu\/es\/wp-json\/wp\/v2\/media\/68890"}],"wp:attachment":[{"href":"https:\/\/shop.nlq24.eu\/es\/wp-json\/wp\/v2\/media?parent=64868"}],"wp:term":[{"taxonomy":"product_brand","embeddable":true,"href":"https:\/\/shop.nlq24.eu\/es\/wp-json\/wp\/v2\/product_brand?post=64868"},{"taxonomy":"product_cat","embeddable":true,"href":"https:\/\/shop.nlq24.eu\/es\/wp-json\/wp\/v2\/product_cat?post=64868"},{"taxonomy":"product_tag","embeddable":true,"href":"https:\/\/shop.nlq24.eu\/es\/wp-json\/wp\/v2\/product_tag?post=64868"}],"curies":[{"name":"wp","href":"https:\/\/api.w.org\/{rel}","templated":true}]}}