{"id":66557,"date":"2020-04-19T10:31:20","date_gmt":"2020-04-19T10:31:20","guid":{"rendered":"https:\/\/shop.nlq24.eu\/produkt\/cabezal-de-pulverizacion-accesorio-de-pulverizacion-rosca-de-28-mm\/"},"modified":"2025-10-13T08:10:51","modified_gmt":"2025-10-13T08:10:51","slug":"spruehkopf-sprueh-aufsatz-28-mm","status":"publish","type":"product","link":"https:\/\/shop.nlq24.eu\/es\/ producto\/spruehkopf-sprueh-aufsatz-28-mm\/","title":{"rendered":"Cabezal de pulverizaci\u00f3n &#8211; Pulverizador 28 mm con mango de pistola"},"content":{"rendered":"<h3><strong>Cabezal de pulverizaci\u00f3n &#8211; Pulverizador 28 mm con mango de pistola<\/strong><\/h3>\n<p class=\"Normal tm5\">Este cabezal de pulverizaci\u00f3n se adapta a botellas de PE y vidrio de <strong>28 mm<\/strong> en la boca. Est\u00e1 equipado<strong>con una boquilla<\/strong> de <strong><br \/>\n  <span class=\"tm6\">pulverizaci\u00f3n<\/span><br \/>\n<\/strong>ajustable continuamente. Esto le permite producir un chorro de <strong><br \/>\n  <span class=\"tm6\">pulverizaci\u00f3n estrecho<\/span><br \/>\n<\/strong> y una <strong><br \/>\n  <span class=\"tm6\">ingeess de pulverizaci\u00f3n de gran alcance.<\/span><br \/>\n<\/strong> Un spray le dar\u00e1 una cantidad de aprox. 13, ml. Esto se determin\u00f3 con el agua del material de llenado. Para otras sustancias\/l\u00edquidos esto puede diferir.<\/p>\n<p class=\"Normal tm5\">La empu\u00f1adura de pistola le permite una potente pulverizaci\u00f3n.<\/p>\n<p class=\"Normal tm5\">El tubo de admisi\u00f3n tiene una longitud de 225 mm. Esto se midi\u00f3 desde el sello. Por supuesto, puede acortarlo, dependiendo del tama\u00f1o del recipiente o botella, incluso en longitud con un cuchillo de corte o tijeras afiladas.<\/p>\n<p class=\"Normal tm5\">La rosca 28\/410 permite el uso de este cabezal de pulverizaci\u00f3n en las botellas de vidrio PP28 y tambi\u00e9n en botellas de 28\/410 PE (28 mm). El cabezal de pulverizaci\u00f3n permanece m\u00f3vil y giratorio incluso cuando el cierre est\u00e1 apretado firmemente.<\/p>\n<h3 class=\"tm5\"><strong>Zonas de aplicaci\u00f3n del cabezal de pulverizaci\u00f3n<\/strong><\/h3>\n<p class=\"Normal tm5\">Puede utilizar el cabezal de pulverizaci\u00f3n muy bien para l\u00edquidos, como desinfectantes y detergentes. Pero otros l\u00edquidos tambi\u00e9n se pueden rociar con \u00e9l sin ning\u00fan problema, gracias a la boquilla ajustable.<\/p>\n<h3 class=\"tm5\"><strong>Dimensiones y pesos del cabezal de pulverizaci\u00f3n:<\/strong><\/h3>\n<p class=\"Normal tm5\">La altura de su nuevo cabezal de pulverizaci\u00f3n es: 76,4 mm, el di\u00e1metro 32 mm.<\/p>\n<p class=\"Normal tm5\">El peso es de unos 34 gramos.<\/p>\n<h3 class=\"tm5\"><strong>colores seleccionables:<\/strong><\/h3>\n<p class=\"Normal tm5\">El cabezal de pulverizaci\u00f3n est\u00e1 disponible en los colores blanco y negro.<\/p>\n<p>Como imagen de la galer\u00eda, mont\u00e9 el cabezal de pulverizaci\u00f3n en una botella de vidrio marr\u00f3n PP28 para mostrar un posible uso.<\/p>\n<p>Las botellas de vidrio PP28 se pueden encontrar <a href=\"https:\/\/shop.nlq24.eu\/es\/Produkt\/botella-de-vidrio-pp28\/\">AQUI.<\/a><\/p>\n<p class=\"Normal\">\n","protected":false},"excerpt":{"rendered":"<p>Spray head PP28 con mango de pistola<\/p>\n","protected":false},"featured_media":65809,"comment_status":"open","ping_status":"closed","template":"","meta":[],"product_brand":[],"product_cat":[2334,2359,1866,1876,1882,1883,2320,2331,2332],"product_tag":[2628,2629,2631,2622,2623,2624,2625,2626,2627],"class_list":{"0":"post-66557","1":"product","2":"type-product","3":"status-publish","4":"has-post-thumbnail","6":"product_cat-tapones-para-botellas-de-vidrio-pp28","7":"product_cat-zubehoer-fuer-flaschen","8":"product_cat-todos-los-productos-resumen","9":"product_cat-dosificacion-medicion","10":"product_cat-botellas-tapones-accesorios","11":"product_cat-botellas-de-vidrio","12":"product_cat-botellas-de-vidrio-pp28","13":"product_cat-botellas-de-pulverizador","14":"product_cat-los-frascos-rociadores-hechos-de-hdpe-o-de-vidrio","15":"product_tag-cierre-de-pulverizacion","16":"product_tag-actuador","17":"product_tag-pistols-sprayer","18":"product_tag-rociador","19":"product_tag-bomba-de-pulverizacion","20":"product_tag-fijacion-del-pulverizador","21":"product_tag-sprayopf","22":"product_tag-fijacion-del-pulverizador-es","23":"product_tag-fijacion-por-pulverizacion","24":"product_shipping_class-1-paquete-de-envio-con-seguimiento","26":"first","27":"instock","28":"taxable","29":"shipping-taxable","30":"purchasable","31":"product-type-variable"},"_links":{"self":[{"href":"https:\/\/shop.nlq24.eu\/es\/wp-json\/wp\/v2\/product\/66557","targetHints":{"allow":["GET"]}}],"collection":[{"href":"https:\/\/shop.nlq24.eu\/es\/wp-json\/wp\/v2\/product"}],"about":[{"href":"https:\/\/shop.nlq24.eu\/es\/wp-json\/wp\/v2\/types\/product"}],"replies":[{"embeddable":true,"href":"https:\/\/shop.nlq24.eu\/es\/wp-json\/wp\/v2\/comments?post=66557"}],"wp:featuredmedia":[{"embeddable":true,"href":"https:\/\/shop.nlq24.eu\/es\/wp-json\/wp\/v2\/media\/65809"}],"wp:attachment":[{"href":"https:\/\/shop.nlq24.eu\/es\/wp-json\/wp\/v2\/media?parent=66557"}],"wp:term":[{"taxonomy":"product_brand","embeddable":true,"href":"https:\/\/shop.nlq24.eu\/es\/wp-json\/wp\/v2\/product_brand?post=66557"},{"taxonomy":"product_cat","embeddable":true,"href":"https:\/\/shop.nlq24.eu\/es\/wp-json\/wp\/v2\/product_cat?post=66557"},{"taxonomy":"product_tag","embeddable":true,"href":"https:\/\/shop.nlq24.eu\/es\/wp-json\/wp\/v2\/product_tag?post=66557"}],"curies":[{"name":"wp","href":"https:\/\/api.w.org\/{rel}","templated":true}]}}