{"id":66560,"date":"2020-04-01T21:01:35","date_gmt":"2020-04-01T21:01:35","guid":{"rendered":"https:\/\/shop.nlq24.eu\/produkt\/botella-de-pulverizacion-hdpe-botella-de-desinfeccion-200-ml\/"},"modified":"2025-06-19T07:30:07","modified_gmt":"2025-06-19T07:30:07","slug":"hdpe-spray-botella-de-desinfeccion-botella","status":"publish","type":"product","link":"https:\/\/shop.nlq24.eu\/es\/ producto\/hdpe-spray-botella-de-desinfeccion-botella\/","title":{"rendered":"Botella de pulverizaci\u00f3n hdPE &#8211; Botella de desinfecci\u00f3n 200 ml"},"content":{"rendered":"<p class=\"Normal\">Esta botella de aerosol de HDPE &#8211; botella de desinfecci\u00f3n hecha de HDPE tiene un inserto de <strong>pulverizaci\u00f3n.<\/strong> Con esto, tambi\u00e9n puede rociar bien los desinfectantes.<\/p>\n<p class=\"Normal\">El HDPE de color blanco ofrece un alto nivel de protecci\u00f3n de la luz. El inserto de pulverizaci\u00f3n est\u00e1 hecho del material PE\/PP y es resistente qu\u00edmicamente a muchos medios de llenado. Sin embargo, debe comprobar esto a la vez. El material es resistente al \u00e1cido y a las bases con valores de pH entre 4 &#8211; 9. Para este tama\u00f1o de botella tambi\u00e9n hay otros cierres, como el <span style=\"color: #0000ff;\"><strong><a style=\"color: #0000ff;\" href=\"https:\/\/shop.nlq24.eu\/es\/Produkt\/sloppy-tropfer-sprayer-for-white-pe-bottles\/\">cierre cuentagotas.<\/a><\/p>\n<p>  <\/strong><\/p>\n<p><\/span><\/p>\n<p>Puede encontrar m\u00e1s botellas de HDPE <a href=\"https:\/\/shop.nlq24.eu\/produkt\/pe-flaschen-weiss-in-verschiedenen-varianten-groessen-und-zubehoer\/\">aqu\u00ed.<\/a><\/p>\n<p class=\"Normal\">Esta botella de <strong><span class=\"tm5\">HDPE est\u00e1 disponible en 200 ml.<\/span><\/p>\n<p><\/strong><\/p>\n<p class=\"Normal\">\n","protected":false},"excerpt":{"rendered":"<p>Botella de pulverizaci\u00f3n HDPE &#8211; Botella de desinfecci\u00f3n HDPE 20-410 &#8211; 200 ml<\/p>\n","protected":false},"featured_media":69198,"comment_status":"open","ping_status":"closed","template":"","meta":[],"product_brand":[],"product_cat":[2332,1866,1876,1882,1886,2329,2331],"product_tag":[2633,2634,2635,2636],"class_list":{"0":"post-66560","1":"product","2":"type-product","3":"status-publish","4":"has-post-thumbnail","6":"product_cat-los-frascos-rociadores-hechos-de-hdpe-o-de-vidrio","7":"product_cat-todos-los-productos-resumen","8":"product_cat-dosificacion-medicion","9":"product_cat-botellas-tapones-accesorios","10":"product_cat-botellas-hdpe-de-color-solido","11":"product_cat-botellas-de-hdpe-accesorios","12":"product_cat-botellas-de-pulverizador","13":"product_tag-botella-de-pe","14":"product_tag-botella-de-pulverizacion","15":"product_tag-botella-de-hdpe-200-ml","16":"product_tag-botella-de-hdpe-blanca","17":"product_shipping_class-1-paquete-de-envio-con-seguimiento","18":"pa_milliliter-100-ml-es","19":"pa_milliliter-30-ml-es","20":"pa_milliliter-50-ml-es","21":"pa_milliliter-200-ml-es","23":"first","24":"instock","25":"taxable","26":"shipping-taxable","27":"purchasable","28":"product-type-simple"},"_links":{"self":[{"href":"https:\/\/shop.nlq24.eu\/es\/wp-json\/wp\/v2\/product\/66560","targetHints":{"allow":["GET"]}}],"collection":[{"href":"https:\/\/shop.nlq24.eu\/es\/wp-json\/wp\/v2\/product"}],"about":[{"href":"https:\/\/shop.nlq24.eu\/es\/wp-json\/wp\/v2\/types\/product"}],"replies":[{"embeddable":true,"href":"https:\/\/shop.nlq24.eu\/es\/wp-json\/wp\/v2\/comments?post=66560"}],"wp:featuredmedia":[{"embeddable":true,"href":"https:\/\/shop.nlq24.eu\/es\/wp-json\/wp\/v2\/media\/69198"}],"wp:attachment":[{"href":"https:\/\/shop.nlq24.eu\/es\/wp-json\/wp\/v2\/media?parent=66560"}],"wp:term":[{"taxonomy":"product_brand","embeddable":true,"href":"https:\/\/shop.nlq24.eu\/es\/wp-json\/wp\/v2\/product_brand?post=66560"},{"taxonomy":"product_cat","embeddable":true,"href":"https:\/\/shop.nlq24.eu\/es\/wp-json\/wp\/v2\/product_cat?post=66560"},{"taxonomy":"product_tag","embeddable":true,"href":"https:\/\/shop.nlq24.eu\/es\/wp-json\/wp\/v2\/product_tag?post=66560"}],"curies":[{"name":"wp","href":"https:\/\/api.w.org\/{rel}","templated":true}]}}