{"id":66561,"date":"2020-03-25T21:31:34","date_gmt":"2020-03-25T21:31:34","guid":{"rendered":"https:\/\/shop.nlq24.eu\/produkt\/botella-de-pulverizacion-de-vidrio-28-mm-mi-mango-de-pistola\/"},"modified":"2025-10-13T08:19:21","modified_gmt":"2025-10-13T08:19:21","slug":"botella-de-abeto-vidrio-250-ml","status":"publish","type":"product","link":"https:\/\/shop.nlq24.eu\/es\/ producto\/botella-de-abeto-vidrio-250-ml\/","title":{"rendered":"Botella de vidrio de 28 mm con empu\u00f1adura de pistola"},"content":{"rendered":"<p class=\"Normal\">Esta ronda <strong>Botella de vidrio para spray de 28 mm (PP28)<\/strong> tiene un <strong>bomba de pulverizaci\u00f3n infinitamente variable<\/strong> &#8211; \u00f3ptimo para la desinfecci\u00f3n. Esto tiene un <strong>gran trazo de aproximadamente 1,3 ml<\/strong> por pulverizaci\u00f3n. Tiene un tama\u00f1o de rosca de 28 mm. La coloraci\u00f3n marr\u00f3n de este vidrio, proporciona una <strong>alta protecci\u00f3n de la luz<\/strong> para su material de relleno. Esta botella de pulverizaci\u00f3n es \u00f3ptima como una botella de pulverizaci\u00f3n de desinfecci\u00f3n \/ pulverizador de desinfecci\u00f3n.<\/p>\n<p>El cabezal de pulverizaci\u00f3n es NEGRO o BLANCO, sujeto a disponibilidad.<\/p>\n<p class=\"Normal\">Esta pr\u00e1ctica botella de spray tiene un volumen de llenado de 250 ml.<\/p>\n<h3>Botella de pulverizaci\u00f3n de vidrio con 250 ml de volumen &#8211; \u00f3ptimo para la desinfecci\u00f3n<\/h3>\n<p class=\"Normal\">La botella de pulverizaci\u00f3n de <strong>250 ml<\/strong> combina un <strong>volumen<\/strong> mayor con las ventajas de la <strong>facilidad.<\/strong> Las botellas de pulverizaci\u00f3n convencionales suelen tener un volumen de s\u00f3lo 100 ml. La botella de pulverizaci\u00f3n PP28 de 250 ml <strong>se encuentra<\/strong> debido a su <strong>peque\u00f1o di\u00e1metro,<\/strong>de poco m\u00e1s de 6 cm, <strong>muy bien en la mano.<\/strong> La ligereza con la que se puede accionar el cabezal de pulverizaci\u00f3n sin duda le convencer\u00e1 de la facilidad de esta botella de pulverizaci\u00f3n. Esto tambi\u00e9n es particularmente \u00fatil como botella de aerosol de desinfecci\u00f3n.<\/p>\n<h3>Botella de pulverizaci\u00f3n de vidrio volumen de 500 o 1000 ml<\/h3>\n<p class=\"Normal\">Sin embargo, la botella tambi\u00e9n se puede seleccionar en vol\u00famenes m\u00e1s grandes. Con una orgullosa <strong>botella de 500 y 1000 ml,<\/strong> \u00a1tienes una cantidad a\u00fan mayor por apuesta! Esta mayor capacidad tiene entonces sus propias ventajas.<\/p>\n<p>&nbsp;<\/p>\n<h3 class=\"Normal\"><strong><span class=\"tm5\">Pr\u00e1ctico<\/span> para ti <\/strong><\/h3>\n<p class=\"Normal\">El tubo de admisi\u00f3n de la tapa de pulverizaci\u00f3n tiene una longitud suficiente. Sin embargo, no para botellas de <strong>vidrio Miron.<\/strong><\/p>\n<h3>Dimensiones y pesos de la tapa de pulverizaci\u00f3n 28 mm:<\/h3>\n<p>La longitud total de la manguera de aspiraci\u00f3n es de: aprox. 225 mm. El peso de la bomba de pulverizaci\u00f3n PP28 es de aprox. 34 gramos. Por lo tanto, puede utilizar el cabezal de pulverizaci\u00f3n para los 3 tama\u00f1os de <strong>botella (250, 500 y 1000 ml).<\/strong><\/p>\n<h3>El cierre por pulverizaci\u00f3n de la botella de pulverizaci\u00f3n de vidrio para la desinfecci\u00f3n consiste en los siguientes materiales:<\/h3>\n<p>Optimo para uso frecuente con detergentes, pero tambi\u00e9n encontrar\u00e1 su destino para otros l\u00edquidos.<\/p>\n<p>Gracias a la manija de la pistola, el proceso de pulverizaci\u00f3n es f\u00e1cil y limpio de realizar. La boquilla ajustable permite un chorro, pero se puede ajustar infinitamente hasta un spray ancho. La cantidad emitida (\u00a1para agua!) es de aprox. 1,3 ml por pulverizaci\u00f3n. Esta botella de spray se puede utilizar para muchos l\u00edquidos, pero no para sustancias agresivas. Por lo tanto, usted debe comprobar esto primero.<\/p>\n<p class=\"Normal\">El material de esta botella de vidrio marr\u00f3n es resistente al \u00e1cido y a las bases con valores de pH entre pH 4 &#8211; 9. Para este tama\u00f1o de botella tambi\u00e9n <a href=\"https:\/\/shop.nlq24.eu\/produkt-kategorien\/flaschen-verschluesse-zubehoer\/verschluesse-fuer-pp28-glasflaschen\/\">hay otros cierres<\/a>.<\/p>\n<p class=\"Normal\">Otras botellas de vidrio y accesorios para PP28 se pueden encontrar en la categor\u00eda <a href=\"https:\/\/shop.nlq24.eu\/produkt-kategorien\/flaschen-verschluesse-zubehoer\/glasflaschen\/glasflaschen-pp28\/\">Botellas de vidrio PP28<\/a>.<\/p>\n","protected":false},"excerpt":{"rendered":"<p>Botella de pulverizaci\u00f3n Potencia de vidrio marr\u00f3n con rosca de 28 mm PP28<\/p>\n","protected":false},"featured_media":88656,"comment_status":"open","ping_status":"closed","template":"","meta":[],"product_brand":[],"product_cat":[1866,1876,1882,2320,2331,2332],"product_tag":[2640,2451,2641,3219,3220,2622,2637,2638,2639,2450],"class_list":{"0":"post-66561","1":"product","2":"type-product","3":"status-publish","4":"has-post-thumbnail","6":"product_cat-todos-los-productos-resumen","7":"product_cat-dosificacion-medicion","8":"product_cat-botellas-tapones-accesorios","9":"product_cat-botellas-de-vidrio-pp28","10":"product_cat-botellas-de-pulverizador","11":"product_cat-los-frascos-rociadores-hechos-de-hdpe-o-de-vidrio","12":"product_tag-botella-de-pulverizacion-pp28-250-ml","13":"product_tag-desinfektion-spruehgeraet-es","14":"product_tag-botella-de-pulverizacion-250-ml","15":"product_tag-bomba-de-gatillo","16":"product_tag-pulverizador-de-gatillos","17":"product_tag-rociador","18":"product_tag-botella-de-pulverizador","19":"product_tag-vidrio","20":"product_tag-botella-de-pulverizacion-pp28","21":"product_tag-desinfektion-spruehflasche-es","22":"product_shipping_class-1-paquete-de-envio-con-seguimiento","24":"first","25":"instock","26":"taxable","27":"shipping-taxable","28":"purchasable","29":"product-type-variable"},"_links":{"self":[{"href":"https:\/\/shop.nlq24.eu\/es\/wp-json\/wp\/v2\/product\/66561","targetHints":{"allow":["GET"]}}],"collection":[{"href":"https:\/\/shop.nlq24.eu\/es\/wp-json\/wp\/v2\/product"}],"about":[{"href":"https:\/\/shop.nlq24.eu\/es\/wp-json\/wp\/v2\/types\/product"}],"replies":[{"embeddable":true,"href":"https:\/\/shop.nlq24.eu\/es\/wp-json\/wp\/v2\/comments?post=66561"}],"wp:featuredmedia":[{"embeddable":true,"href":"https:\/\/shop.nlq24.eu\/es\/wp-json\/wp\/v2\/media\/88656"}],"wp:attachment":[{"href":"https:\/\/shop.nlq24.eu\/es\/wp-json\/wp\/v2\/media?parent=66561"}],"wp:term":[{"taxonomy":"product_brand","embeddable":true,"href":"https:\/\/shop.nlq24.eu\/es\/wp-json\/wp\/v2\/product_brand?post=66561"},{"taxonomy":"product_cat","embeddable":true,"href":"https:\/\/shop.nlq24.eu\/es\/wp-json\/wp\/v2\/product_cat?post=66561"},{"taxonomy":"product_tag","embeddable":true,"href":"https:\/\/shop.nlq24.eu\/es\/wp-json\/wp\/v2\/product_tag?post=66561"}],"curies":[{"name":"wp","href":"https:\/\/api.w.org\/{rel}","templated":true}]}}