{"id":66573,"date":"2020-03-23T06:11:21","date_gmt":"2020-03-23T06:11:21","guid":{"rendered":"https:\/\/shop.nlq24.eu\/produkt\/sistema-dosificador-din18-con-jeringa-inserto-y-tapa\/"},"modified":"2025-06-27T09:33:13","modified_gmt":"2025-06-27T09:33:13","slug":"doser-system-din18","status":"publish","type":"product","link":"https:\/\/shop.nlq24.eu\/es\/ producto\/doser-system-din18\/","title":{"rendered":"Sistema dosificador DIN18 &#8211; jeringa + inserto + tapa (sin botella)"},"content":{"rendered":"<p class=\"Normal\"><strong><span class=\"tm6\">El Doser<\/span><\/strong> forma parte del <strong><span class=\"tm6\">Sistema Dosificador ORIGINAL DIN18 (sin botella).<br \/>\n<\/span><\/strong><\/p>\n<p>Este sistema dosificador DIN18<strong>  se adapta tanto a las botellas de vidrio DIN18 \u00e1mbar como a las botellas de vidrio DIN18 Miron<\/strong><strong>. Esta oferta NO incluye una botella.<\/strong><\/p>\n<p class=\"Normal\">Este Doser-Systen DIN18 es una ayuda de dosificaci\u00f3n exacta para l\u00edquidos, tales como: CDH, agua, jugos, etc. Es un tipo de jeringa dosificadora con un volumen de <strong>12 ml.<\/strong> Esto se convierte en un dispositivo de extracci\u00f3n por medio de un inserto de botella, el inserto Doser. El <strong>sistema Doser solo cabe en las peque\u00f1as botellas de medicamentos DIN18\/botellas de farmac\u00e9utico con apertura de 18 mm.<\/strong> El pestillo en el dosificador est\u00e1 hecho del material PE. Coincidiendo con este dosificador, hay un peque\u00f1o inserto de pl\u00e1stico, el llamado inserto Doser. Se puede prensar en botellas din18 (es decir, las botellas cuentagotas habituales). El<strong> dosificador<\/strong> (es decir, la jeringa dosificadora) por otro lado, <strong>encaja<\/strong> exactamente en el inserto del <strong>dosificador, que ha presionado en el frasco.<\/strong> As\u00ed que usted puede <strong>tomar<\/strong> <strong>l\u00edquidos<\/strong> con el inserto Doser y el dosificador exacto de paso. Al retirar el l\u00edquido, tirando de \u00e9l en el dosificador, se puede medir al <strong>mismo tiempo.<\/strong> Esto es f\u00e1cilmente posible debido a la escala de dosificaci\u00f3n claramente visible en el dosificador. La graduaci\u00f3n se divide en pasos de <strong>0,25 ml.<\/strong> De esta manera, pueden leer trimestralmente y tambi\u00e9n medias mililitros maravillosamente y por lo tanto <strong>dosis muy precisa.<\/strong> Aqu\u00ed tiene una clara ventaja sobre la medici\u00f3n con una taza de medici\u00f3n inexacta.<\/p>\n<h3 class=\"Normal\"><strong><span class=\"tm6\">Mi CONSEJO de cuidado para Doser-System DIN18:<\/span><\/strong><\/h3>\n<div>Instrucciones de cuidado: Para mantener el dosificador (la jeringa) funcionando sin problemas, enju\u00e1guelo con agua clara inmediatamente despu\u00e9s de su uso.<\/div>\n<p>&nbsp;<\/p>\n<p class=\"Normal\"><strong><span class=\"tm6\">Variantes doser:<br \/>\n<\/span><\/strong>El Doser est\u00e1 actualmente disponible con un volumen de 12 ml. El di\u00e1metro es de 30 mm. La longitud total del dosificador es de 100 mm.<\/p>\n<p class=\"Normal\">Una <strong><br \/>\n  <span class=\"tm6\">botella de vidrio de DIN18,<\/span><br \/>\n<\/strong> que se adapta al sistema, se puede equipar y comprar<strong><br \/>\n  <u><br \/>\n    <a href=\"https:\/\/shop.nlq24.eu\/produkt\/glasflasche-din18-slim-braun\/\"><br \/>\n      <span class=\"tm6\"><br \/>\n        <span style=\"color: #0000ff;\"> aqu\u00ed<\/span><br \/>\n      <\/span><br \/>\n    <\/a><br \/>\n  <\/u><br \/>\n<\/strong> como desee.<\/p>\n<p class=\"Normal\">\u00bfYa has comprado una botella DIN18? Si desea utilizar el limpiador con inserto de dosificador para una botella de este tipo, siempre necesita el cierre separado, que no contiene un cuentagotas. Est\u00e1 <strong>incluido en este sistema.<\/strong><\/p>\n","protected":false},"excerpt":{"rendered":"<p>Sistema dosificador DIN18 con jeringa, inserto y tapa<\/p>\n","protected":false},"featured_media":86929,"comment_status":"open","ping_status":"closed","template":"","meta":[],"product_brand":[],"product_cat":[3744,1866,1867,1876,2333],"product_tag":[2463,2466,2470,2399,2455,2642,2456,2643,2459],"class_list":{"0":"post-66573","1":"product","2":"type-product","3":"status-publish","4":"has-post-thumbnail","6":"product_cat-sistema-de-dosificacion-todos","7":"product_cat-todos-los-productos-resumen","8":"product_cat-cdh3000-solucion-de-dioxido-de-cloro-cdl-cds","9":"product_cat-dosificacion-medicion","10":"product_cat-cierres-din18-para-botellas-de-vidrio","11":"product_tag-dosier-system-18-mm-es","12":"product_tag-dosier-system-din18-es","13":"product_tag-dosierer-es","14":"product_tag-cdh-doser-es","15":"product_tag-doser-es","16":"product_tag-jeringa-dosificadora","17":"product_tag-doser-einsatz-es","18":"product_tag-pipeta-dosificadora","19":"product_tag-doser-din18-es","20":"product_shipping_class-1-paquete-de-envio-con-seguimiento","22":"first","23":"instock","24":"taxable","25":"shipping-taxable","26":"purchasable","27":"product-type-simple"},"_links":{"self":[{"href":"https:\/\/shop.nlq24.eu\/es\/wp-json\/wp\/v2\/product\/66573","targetHints":{"allow":["GET"]}}],"collection":[{"href":"https:\/\/shop.nlq24.eu\/es\/wp-json\/wp\/v2\/product"}],"about":[{"href":"https:\/\/shop.nlq24.eu\/es\/wp-json\/wp\/v2\/types\/product"}],"replies":[{"embeddable":true,"href":"https:\/\/shop.nlq24.eu\/es\/wp-json\/wp\/v2\/comments?post=66573"}],"wp:featuredmedia":[{"embeddable":true,"href":"https:\/\/shop.nlq24.eu\/es\/wp-json\/wp\/v2\/media\/86929"}],"wp:attachment":[{"href":"https:\/\/shop.nlq24.eu\/es\/wp-json\/wp\/v2\/media?parent=66573"}],"wp:term":[{"taxonomy":"product_brand","embeddable":true,"href":"https:\/\/shop.nlq24.eu\/es\/wp-json\/wp\/v2\/product_brand?post=66573"},{"taxonomy":"product_cat","embeddable":true,"href":"https:\/\/shop.nlq24.eu\/es\/wp-json\/wp\/v2\/product_cat?post=66573"},{"taxonomy":"product_tag","embeddable":true,"href":"https:\/\/shop.nlq24.eu\/es\/wp-json\/wp\/v2\/product_tag?post=66573"}],"curies":[{"name":"wp","href":"https:\/\/api.w.org\/{rel}","templated":true}]}}