{"id":66574,"date":"2020-02-23T10:11:34","date_gmt":"2020-02-23T10:11:34","guid":{"rendered":"https:\/\/shop.nlq24.eu\/produkt\/atomizador-de-pulverizacion-bomba-para-botella-de-vidrio-din18-aprox-013-ml-carrera-blanca\/"},"modified":"2025-06-19T07:39:32","modified_gmt":"2025-06-19T07:39:32","slug":"accesorio-de-pulverizacion-bomba-atomizador-para-vidrio-botella-din18-blanco","status":"publish","type":"product","link":"https:\/\/shop.nlq24.eu\/es\/ producto\/accesorio-de-pulverizacion-bomba-atomizador-para-vidrio-botella-din18-blanco\/","title":{"rendered":"Accesorio pulverizador &#8211; Bomba de pulverizaci\u00f3n para botella de vidrio DIN18 blanco"},"content":{"rendered":"<h3 class=\"Normal\">Accesorio pulverizador &#8211; Bomba de pulverizaci\u00f3n para botella de vidrio DIN18 blanco<\/h3>\n<p class=\"Normal\">Este cierre de pulverizaci\u00f3n de botella de vidrio se adapta a sus botellas de vidrio con tama\u00f1o de rosca DIN18. Est\u00e1 equipado con una tapa de tornillo. Tambi\u00e9n tiene una bomba de pulverizaci\u00f3n, que est\u00e1 equipada con una tapa protectora. Esto protege el material de llenado de fugas. Como resultado, no se produce una salida a gases sin presi\u00f3n.<\/p>\n<ul type=\"circle\">\n<li>Peso: aproximadamente 4 g<\/li>\n<li>Rosca: ND 18 (18 mm), adecuada para botellas de vidrio con rosca ND18 &#8211; DIN18 (18 mm)<\/li>\n<li>Dise\u00f1o: Atomizador de bomba (cabezal de pulverizaci\u00f3n) con tapa protectora transparente<\/li>\n<li><strong>Volumen por explosi\u00f3n de pulverizaci\u00f3n: aprox. 0,13 ml por carrera<\/strong><\/li>\n<li>Longitud total de la manguera de aspiraci\u00f3n: aprox. 122 mm (simplemente acortar la manguera a la longitud deseada)<\/li>\n<li>Tipo de cierre: Est\u00e1ndar<\/li>\n<li>Material y componentes:\n<ul>\n<li>Tapa de tornillo de PP blanco<\/li>\n<li>Manguera de PE transparente<\/li>\n<li>Tapa Luran transparente<\/li>\n<\/ul>\n<\/li>\n<li>Adecuado para todos los l\u00edquidos acuosos\/ alcoh\u00f3licos para ser atomizados, por ejemplo flores de Bach, desinfectantes.<\/li>\n<li>No est\u00e1 permitido: aceites arom\u00e1ticos, aceites, productos qu\u00edmicos agresivos, etc.<\/li>\n<\/ul>\n<p class=\"Normal\">Consiste en el material PE. El trazo, que es la dosis por accionamiento de la bomba de pulverizaci\u00f3n, es de aproximadamente 0,15 ml.<\/p>\n<h4><strong>El tubo de admisi\u00f3n se puede variar  <\/strong><\/h4>\n<p class=\"Normal\">El tubo de admisi\u00f3n tiene una longitud suficiente para todas las botellas con tama\u00f1o de rosca DIN18. Puede acortarlo f\u00e1cilmente a la longitud requerida con un cuchillo de corte.<\/p>\n<p>Tal vez usted est\u00e1 buscando una <a href=\"https:\/\/shop.nlq24.eu\/es\/Produkt\/botella-de-vidrio-pulverizador-100-ml-din18\/\">botella de spray completa<\/a> ?<\/p>\n<p class=\"Normal\">\n","protected":false},"excerpt":{"rendered":"<p>Accesorio de pulverizador &#8211; Bomba de pulverizaci\u00f3n para botella de vidrio DIN18<\/p>\n","protected":false},"featured_media":10869,"comment_status":"open","ping_status":"closed","template":"","meta":[],"product_brand":[],"product_cat":[2359,1866,1876,1882,2321,2331,2332,2333],"product_tag":[2433,2622,2623,2624,2625,2626,2638],"class_list":{"0":"post-66574","1":"product","2":"type-product","3":"status-publish","4":"has-post-thumbnail","6":"product_cat-zubehoer-fuer-flaschen","7":"product_cat-todos-los-productos-resumen","8":"product_cat-dosificacion-medicion","9":"product_cat-botellas-tapones-accesorios","10":"product_cat-botellas-de-vidrio-din18","11":"product_cat-botellas-de-pulverizador","12":"product_cat-los-frascos-rociadores-hechos-de-hdpe-o-de-vidrio","13":"product_cat-cierres-din18-para-botellas-de-vidrio","14":"product_tag-din18-es","15":"product_tag-rociador","16":"product_tag-bomba-de-pulverizacion","17":"product_tag-fijacion-del-pulverizador","18":"product_tag-sprayopf","19":"product_tag-fijacion-del-pulverizador-es","20":"product_tag-vidrio","21":"product_shipping_class-1-paquete-de-envio-con-seguimiento","23":"first","24":"instock","25":"taxable","26":"shipping-taxable","27":"purchasable","28":"product-type-simple"},"_links":{"self":[{"href":"https:\/\/shop.nlq24.eu\/es\/wp-json\/wp\/v2\/product\/66574","targetHints":{"allow":["GET"]}}],"collection":[{"href":"https:\/\/shop.nlq24.eu\/es\/wp-json\/wp\/v2\/product"}],"about":[{"href":"https:\/\/shop.nlq24.eu\/es\/wp-json\/wp\/v2\/types\/product"}],"replies":[{"embeddable":true,"href":"https:\/\/shop.nlq24.eu\/es\/wp-json\/wp\/v2\/comments?post=66574"}],"wp:featuredmedia":[{"embeddable":true,"href":"https:\/\/shop.nlq24.eu\/es\/wp-json\/wp\/v2\/media\/10869"}],"wp:attachment":[{"href":"https:\/\/shop.nlq24.eu\/es\/wp-json\/wp\/v2\/media?parent=66574"}],"wp:term":[{"taxonomy":"product_brand","embeddable":true,"href":"https:\/\/shop.nlq24.eu\/es\/wp-json\/wp\/v2\/product_brand?post=66574"},{"taxonomy":"product_cat","embeddable":true,"href":"https:\/\/shop.nlq24.eu\/es\/wp-json\/wp\/v2\/product_cat?post=66574"},{"taxonomy":"product_tag","embeddable":true,"href":"https:\/\/shop.nlq24.eu\/es\/wp-json\/wp\/v2\/product_tag?post=66574"}],"curies":[{"name":"wp","href":"https:\/\/api.w.org\/{rel}","templated":true}]}}