{"id":66575,"date":"2020-01-25T08:58:06","date_gmt":"2020-01-25T08:58:06","guid":{"rendered":"https:\/\/shop.nlq24.eu\/produkt\/juego-de-dioxido-de-cloro-clorito-de-sodio-25-acido-lactico-21\/"},"modified":"2026-02-17T19:02:04","modified_gmt":"2026-02-17T19:02:04","slug":"set-de-cloro-de-cloro-clorito-de-sodio-25-leche-saeure-21","status":"publish","type":"product","link":"https:\/\/shop.nlq24.eu\/es\/ producto\/set-de-cloro-de-cloro-clorito-de-sodio-25-leche-saeure-21\/","title":{"rendered":"Clorito de sodio 25% + \u00e1cido l\u00e1ctico 21%"},"content":{"rendered":"<p><span style=\"font-size: 100%;\"><strong>Clorito de sodio 25% y \u00e1cido l\u00e1ctico 21%.<\/strong><\/span><\/p>\n<p><span style=\"font-size: 100%;\">La <strong>soluci\u00f3n de clorito de sodio al 25% <\/strong>es un <strong>producto de calidad<\/strong> alemana. No tiene <strong>calidad t\u00e9cnica<\/strong> <strong>ni<\/strong> <strong>industrial.<\/strong> No mezcle botellas.<\/span><\/p>\n<p><span class=\"style7\" style=\"font-size: 110%;\"><span style=\"font-size: 100%;\">Utiliza clorito s\u00f3dico al 25% y \u00e1cido l\u00e1ctico al 21 <\/span>% con cuidado y siempre lee la etiqueta e informaci\u00f3n del producto antes de usarla.<\/span><\/p>\n<p><span class=\"style7\" style=\"font-size: 110%;\">Las frecuencias especiales de estos l\u00edquidos pueden sintonizarse con otros objetos mediante un radiador de org\u00f3n o radiador de Urteilchen.<\/span><\/p>\n<p>&nbsp;<\/p>\n<p><strong>Clorito de sodio 25%<\/strong><strong>:<br \/>\n<\/strong> <strong><img decoding=\"async\" src=\"https:\/\/shop.nlq24.eu\/wp-content\/uploads\/2018\/09\/Achtung-Gefahrzeichen-Pictogram.jpg\"><br \/>\nPrecauci\u00f3n <\/strong> <\/p>\n<p class=\"Standard_1\"><span class=\"tm6\">Informaci\u00f3n sobre peligros y seguridad  <\/span><\/p>\n<p class=\"Standard_1\"><span class=\"tm6\">de l\u00edquidos materiales:<\/span><\/p>\n<p class=\"Standard_1\"><span class=\"tm6\">Desarrollado en contacto con gases \u00e1cidos muy t\u00f3xicos. Da\u00f1ino si se traga. Provoca irritaci\u00f3n ocular grave. Nocivo por inhalaci\u00f3n. No inhale gas\/niebla\/vapor\/aerosol. No debe ponerse en manos de ni\u00f1os.<\/span><\/p>\n<p class=\"Standard_1\"><span class=\"tm6\">Use guantes\/ropa de protecci\u00f3n, protecci\u00f3n ocular\/protecci\u00f3n facial. Almacene solo en su embalaje original bajo llave. En caso de ingesti\u00f3n: Llame a un centro de control de intoxicaciones o a un m\u00e9dico de inmediato.  En caso de contacto con los ojos: Enjuagar suavemente con agua durante unos minutos. Qu\u00edtese las lentes de contacto si es posible. Contin\u00fae enjuagando. Si se requiere consejo m\u00e9dico, tenga a mano la etiqueta de identificaci\u00f3n.<\/span><\/p>\n<p class=\"Normal tm7\"><span class=\"tm8\">Esta mezcla no contiene ninguna sustancia que se eval\u00fae como sustancias PBT o mPmB.<\/span><\/p>\n<p>Esta soluci\u00f3n tiene un pH inferior a 11.<\/p>\n<p>&nbsp;<\/p>\n<hr>\n<div><u><strong>Acido l\u00e1ctico 21 giro a la derecha<\/strong><\/u><\/div>\n<div>Este \u00e1cido l\u00e1ctico al 21% en sentido horario tiene una calidad superior y se obtuvo de forma natural.<\/div>\n<div>\n<p><img loading=\"lazy\" decoding=\"async\" class=\"alignnone\" src=\"https:\/\/shop.es-drei.de\/images\/ghs\/50px-GHS-pictogram-acid.svg.jpg\" alt=\"Pictograma Corrosivo del GHS\" width=\"71\" height=\"71\" data-cke-saved-src=\"https:\/\/shop.es-drei.de\/images\/ghs\/50px-GHS-pictogram-acid.svg.jpg\"><\/p>\n<p><strong> Riesgo<\/strong><\/p>\n<p>Instrucciones de peligro y seguridad:<br \/>\n Causa da\u00f1os oculares graves. Provoca irritaci\u00f3n cut\u00e1nea. Use guantes\/ropa protectora\/protecci\u00f3n ocular\/protecci\u00f3n facial. EN CONTACTO CON EL HAUT: Lavar con abundante agua. EN CONTACTO CON LOS OJOS: Enjuagar suavemente con agua durante unos minutos. Qu\u00edtese las lentes de contacto si es posible. Contin\u00fae enjuagando.<\/p>\n<\/div>\n<p>&nbsp;<\/p>\n<p>\u00bfEst\u00e1 buscando las variedades individualmente? Aqu\u00ed encontrar\u00e1 <strong><a href=\"https:\/\/shop.nlq24.eu\/es\/Produkt\/natriumchlorit-25-loesung-es\/\">clorito de sodio 25%<\/a><\/strong> (b\u00e1sico) y aqu\u00ed varios \u00e1cidos, como <strong><a href=\"https:\/\/shop.nlq24.eu\/es\/Produkt\/salzsaeure-4\/\">\u00e1cido clorh\u00eddrico 4%,<\/a><\/strong> <strong><a href=\"https:\/\/shop.nlq24.eu\/es\/Produkt\/milchsaeure-21-rechtsdrehend\/\">\u00e1cido l\u00e1ctico 21%<\/a><\/strong> y <strong><a href=\"https:\/\/shop.nlq24.eu\/es\/Produkt\/lemonsaeure-50\/\">\u00e1cido c\u00edtrico 50%.<\/a><\/strong> <\/p>\n","protected":false},"excerpt":{"rendered":"<p><span class=\"style7\"><strong>Set Clorito de Sodio 25% + \u00c1cido L\u00e1ctico 21% por 100 ml<\/strong><\/span><\/p>\n","protected":false},"featured_media":87293,"comment_status":"open","ping_status":"closed","template":"","meta":[],"product_brand":[],"product_cat":[2348,1866],"product_tag":[2644,2646,2378,2648,2379,2651,2425,2652,2653],"class_list":{"0":"post-66575","1":"product","2":"type-product","3":"status-publish","4":"has-post-thumbnail","6":"product_cat-chlordioxid-sets-natriumchlorit-saeure-es","7":"product_cat-todos-los-productos-resumen","8":"product_tag-clorito-de-sodio-25","9":"product_tag-acido-clorhidrico","10":"product_tag-aktivator-es","11":"product_tag-hcl-es","12":"product_tag-activador-de-acido-lactico","13":"product_tag-wps1-es","14":"product_tag-chlordioxid-set-es","15":"product_tag-acido-lactico","16":"product_tag-acido-lactico-21","17":"product_shipping_class-1-paquete-de-envio-con-seguimiento","18":"pa_flaschenart-pp-flasche-halbtransparent-es","19":"pa_flaschenart-botella-de-vidrio-din18","20":"pa_flaschenart-botella-de-vidrio-pp28","21":"pa_flaschenart-botella-de-hdpe-2","22":"pa_milliliter-30-ml-es","23":"pa_milliliter-50-ml-es","24":"pa_milliliter-100-ml-es","25":"pa_milliliter-250-ml-es","26":"pa_milliliter-500-ml-es","27":"pa_milliliter-1000-ml-es","28":"pa_milliliter-5-x-je-100-ml-es","29":"pa_milliliter-10-ml-es","30":"pa_milliliter-10-x-je-100-ml-es","32":"first","33":"instock","34":"taxable","35":"shipping-taxable","36":"purchasable","37":"product-type-variable"},"_links":{"self":[{"href":"https:\/\/shop.nlq24.eu\/es\/wp-json\/wp\/v2\/product\/66575","targetHints":{"allow":["GET"]}}],"collection":[{"href":"https:\/\/shop.nlq24.eu\/es\/wp-json\/wp\/v2\/product"}],"about":[{"href":"https:\/\/shop.nlq24.eu\/es\/wp-json\/wp\/v2\/types\/product"}],"replies":[{"embeddable":true,"href":"https:\/\/shop.nlq24.eu\/es\/wp-json\/wp\/v2\/comments?post=66575"}],"wp:featuredmedia":[{"embeddable":true,"href":"https:\/\/shop.nlq24.eu\/es\/wp-json\/wp\/v2\/media\/87293"}],"wp:attachment":[{"href":"https:\/\/shop.nlq24.eu\/es\/wp-json\/wp\/v2\/media?parent=66575"}],"wp:term":[{"taxonomy":"product_brand","embeddable":true,"href":"https:\/\/shop.nlq24.eu\/es\/wp-json\/wp\/v2\/product_brand?post=66575"},{"taxonomy":"product_cat","embeddable":true,"href":"https:\/\/shop.nlq24.eu\/es\/wp-json\/wp\/v2\/product_cat?post=66575"},{"taxonomy":"product_tag","embeddable":true,"href":"https:\/\/shop.nlq24.eu\/es\/wp-json\/wp\/v2\/product_tag?post=66575"}],"curies":[{"name":"wp","href":"https:\/\/api.w.org\/{rel}","templated":true}]}}