{"id":66602,"date":"2019-12-27T17:01:36","date_gmt":"2019-12-27T17:01:36","guid":{"rendered":"https:\/\/shop.nlq24.eu\/produkt\/planta-de-osmosis-inversa-7-star-energy-sistema-de-7-etapas\/"},"modified":"2025-07-01T07:04:24","modified_gmt":"2025-07-01T07:04:24","slug":"umkehrosmoseanlage-7-star-energy-es","status":"publish","type":"product","link":"https:\/\/shop.nlq24.eu\/es\/ producto\/umkehrosmoseanlage-7-star-energy-es\/","title":{"rendered":"Sistema de \u00f3smosis inversa 7 Star Energy + 7 etapas con man\u00f3metro"},"content":{"rendered":"<p class=\"Normal tm5\"><span style=\"font-size: 120%;\"><strong>Filtro de agua por \u00f3smosis inversa 7-Star Energy+<br \/>\nDie Markenanlage von WaterCell\u2122 con energizaci\u00f3n de agua<\/strong><\/span><\/p>\n<p>Esta \u00f3smosis inversa ofrece hasta  <strong>570 litros por d\u00eda<\/strong>  y llega hasta el final  <strong>sin<\/strong>  Uno<strong>  Bomba<\/strong>  De. Esto hace que sea f\u00e1cil de instalar sin una conexi\u00f3n de <strong>alimentaci\u00f3n.<\/strong> La presi\u00f3n del agua del grifo por s\u00ed sola asegura que siempre tenga suficiente agua disponible en su tanque de <strong>3 litros.<\/strong><\/p>\n<p class=\"Normal tm5\">Este filtro de agua de \u00f3smosis inversa 7-Star XRS7M de WaterCell est\u00e1 equipado con siete etapas de filtraci\u00f3n para usted. Los niveles de filtro son los siguientes:<\/p>\n<p class=\"Normal tm5\" style=\"color: #555555; font-family: Helvetica, Arial, sans-serif; font-size: 14.4px; font-style: normal; font-variant-ligatures: normal; font-variant-caps: normal; font-weight: 400; letter-spacing: normal; orphans: 2; text-align: start; text-indent: 0px; text-transform: none; white-space: normal; widows: 2; word-spacing: 0px; -webkit-text-stroke-width: 0px; text-decoration-style: initial; text-decoration-color: initial;\"><strong style=\"font-weight: bold !important;\"><span class=\"tm6\">1a etapa: Filtro de sedimento sin 5 micras<\/span><\/strong><\/p>\n<p><img loading=\"lazy\" decoding=\"async\" class=\"alignnone wp-image-49838\" src=\"https:\/\/shop.nlq24.eu\/wp-content\/uploads\/2019\/12\/Zeichen-mechanische-Filterung-150x150-1.png\" alt=\"Filtraci\u00f3n mec\u00e1nica\" width=\"80\" height=\"80\" srcset=\"https:\/\/shop.nlq24.eu\/wp-content\/uploads\/2019\/12\/Zeichen-mechanische-Filterung-150x150-1.png 150w, https:\/\/shop.nlq24.eu\/wp-content\/uploads\/2019\/12\/Zeichen-mechanische-Filterung-150x150-1-100x100.png 100w\" sizes=\"auto, (max-width: 80px) 100vw, 80px\" \/><\/p>\n<p class=\"Normal tm5\">El filtro de sedimentos consiste en un vell\u00f3n de polipropileno de alta calidad y tiene un tama\u00f1o de filtraci\u00f3n de 5 micras. Esto se determina por el tama\u00f1o de los poros, que absorben part\u00edculas gruesas particularmente eficazmente y se unen con ellos. Estos incluyen, por ejemplo, arena, lodos, part\u00edculas de \u00f3xido e impurezas mec\u00e1nicas del agua del grifo. El filtro de sedimentos est\u00e1 hecho de un pol\u00edmero pl\u00e1stico de alta calidad que es particularmente resistente a los agentes qu\u00edmicos mientras minimiza el desarrollo de microorganismos. Reemplazo recomendado aproximadamente cada 6 meses.<\/p>\n<p class=\"Normal tm5\"><strong><span class=\"tm6\">2a etapa: Filtro de bloque de carb\u00f3n activado<\/span><\/strong><\/p>\n<p><img loading=\"lazy\" decoding=\"async\" class=\"alignnone wp-image-49829\" src=\"https:\/\/shop.nlq24.eu\/wp-content\/uploads\/2019\/12\/Zeichen-Aktivkohle-Filtration-150x150-1.png\" alt=\"\" width=\"80\" height=\"80\" srcset=\"https:\/\/shop.nlq24.eu\/wp-content\/uploads\/2019\/12\/Zeichen-Aktivkohle-Filtration-150x150-1.png 150w, https:\/\/shop.nlq24.eu\/wp-content\/uploads\/2019\/12\/Zeichen-Aktivkohle-Filtration-150x150-1-100x100.png 100w\" sizes=\"auto, (max-width: 80px) 100vw, 80px\" \/><\/p>\n<p class=\"Normal tm5\">El filtro de bloque de carbono activado se produce bajo presi\u00f3n y alta temperatura. El carb\u00f3n activado est\u00e1 unido y tiene una estructura superficial especial, que complementa excelentemente el filtro de carb\u00f3n activado. Fortalece la filtraci\u00f3n del filtro de carb\u00f3n activado y minimiza as\u00ed las impurezas qu\u00edmicas en el agua del grifo antes de que puedan entrar en la membrana. Die Aktivkohle Filter entfernt dauerhaft Chlor, Pestizide, organische Stoffe, bestimmte Salze und Schwermetalle aus dem Wasser. Reemplazo recomendado aproximadamente cada 6 meses.<\/p>\n<p class=\"Normal tm5\"><strong><span class=\"tm6\">3a etapa: Filtro de sedimento con 1 micra<\/span><\/strong><\/p>\n<p><img loading=\"lazy\" decoding=\"async\" class=\"alignnone wp-image-49838\" src=\"https:\/\/shop.nlq24.eu\/wp-content\/uploads\/2019\/12\/Zeichen-mechanische-Filterung-150x150-1.png\" alt=\"Filtraci\u00f3n mec\u00e1nica\" width=\"80\" height=\"80\" srcset=\"https:\/\/shop.nlq24.eu\/wp-content\/uploads\/2019\/12\/Zeichen-mechanische-Filterung-150x150-1.png 150w, https:\/\/shop.nlq24.eu\/wp-content\/uploads\/2019\/12\/Zeichen-mechanische-Filterung-150x150-1-100x100.png 100w\" sizes=\"auto, (max-width: 80px) 100vw, 80px\" \/><\/p>\n<p class=\"Normal tm5\">Este filtro de sedimentos ultrafino tiene un tama\u00f1o de poro de solo 1 micra, manteniendo part\u00edculas a\u00fan m\u00e1s finas fuera del agua sin filtrar. Este cartucho de filtro mec\u00e1nico de PP elimina las impurezas de hasta 1 micra (una mil\u00e9sima de mil\u00edmetro), como el polen, la arena y el polvo. Reemplazo recomendado aproximadamente cada 6 meses.<\/p>\n<p class=\"Normal tm5\"><strong><span class=\"tm6\">4\u00aa etapa: Diafragma con 150 GPD<\/span><\/strong><\/p>\n<p><img loading=\"lazy\" decoding=\"async\" class=\"alignnone wp-image-49841\" src=\"https:\/\/shop.nlq24.eu\/wp-content\/uploads\/2019\/12\/Zeichen-Osmotische-Filterung-150x150-1.png\" alt=\"\" width=\"80\" height=\"80\" srcset=\"https:\/\/shop.nlq24.eu\/wp-content\/uploads\/2019\/12\/Zeichen-Osmotische-Filterung-150x150-1.png 150w, https:\/\/shop.nlq24.eu\/wp-content\/uploads\/2019\/12\/Zeichen-Osmotische-Filterung-150x150-1-100x100.png 100w\" sizes=\"auto, (max-width: 80px) 100vw, 80px\" \/><\/p>\n<p class=\"Normal tm5\">Esta membrana forma el coraz\u00f3n del sistema de \u00f3smosis inversa y consiste en una pel\u00edcula polim\u00e9rica perforada l\u00e1ser multicapa. Esto tiene un tama\u00f1o de poro microsc\u00f3pico. El agua se presiona con presi\u00f3n a trav\u00e9s de esta membrana semipermeable (permeable). Dado que cada mol\u00e9cula disuelta en el agua es m\u00e1s peque\u00f1a que las mol\u00e9culas de agua reales, el tama\u00f1o de los poros se elige para que <strong><span class=\"tm6\">solo las mol\u00e9culas de agua<\/span><\/strong> puedan penetrar en la membrana. La excelente filtraci\u00f3n por membrana osm\u00f3tica es el elemento m\u00e1s importante del sistema. La filtraci\u00f3n de agua se lleva a cabo a nivel de mol\u00e9culas de agua. Todos los tipos de contaminantes, incluidas las sustancias cancer\u00edgenas y radiactivas, se eliminan permanentemente del agua. Por lo tanto, no se permite el paso de sustancias extranjeras indeseables. Ya sean g\u00e9rmenes, nitrato, nitrito, uranio, residuos de drogas o simplemente cal, todos los contaminantes del agua del grifo se reducen o eliminan. Permite una buena tasa de filtrado (150 PIB). El PIB se denomina galones por d\u00eda y se ha convertido en litros. Reemplazo recomendado aprox. cada 4-6 a\u00f1os.<\/p>\n<p class=\"Normal tm5\"><strong><span class=\"tm6\">5a etapa: Postfiltro de carb\u00f3n activado<\/span><\/strong><\/p>\n<p><img loading=\"lazy\" decoding=\"async\" class=\"alignnone wp-image-49829\" src=\"https:\/\/shop.nlq24.eu\/wp-content\/uploads\/2019\/12\/Zeichen-Aktivkohle-Filtration-150x150-1.png\" alt=\"\" width=\"80\" height=\"80\" srcset=\"https:\/\/shop.nlq24.eu\/wp-content\/uploads\/2019\/12\/Zeichen-Aktivkohle-Filtration-150x150-1.png 150w, https:\/\/shop.nlq24.eu\/wp-content\/uploads\/2019\/12\/Zeichen-Aktivkohle-Filtration-150x150-1-100x100.png 100w\" sizes=\"auto, (max-width: 80px) 100vw, 80px\" \/><\/p>\n<p class=\"Normal tm5\">El postfiltro de carb\u00f3n activado contiene part\u00edculas de carb\u00f3n activadas, que se obtienen de c\u00e1scaras de coco especiales. Garantiza un sabor equilibrado y una agradable frescura del agua de \u00f3smosis. Tambi\u00e9n elimina los olores. Reemplazo recomendado aproximadamente cada 6 meses.<\/p>\n<p class=\"Normal tm5\"><strong><span class=\"tm6\"> <\/span><\/strong><\/p>\n<p class=\"Normal tm5\"><strong><span class=\"tm6\">6a etapa: Cartucho de remineralizaci\u00f3n<\/span><\/strong><\/p>\n<p class=\"Normal tm5\"><img loading=\"lazy\" decoding=\"async\" class=\"alignnone wp-image-49844\" src=\"https:\/\/shop.nlq24.eu\/wp-content\/uploads\/2019\/12\/Zeichen-Remineralisierung.png\" alt=\"\" width=\"80\" height=\"80\" srcset=\"https:\/\/shop.nlq24.eu\/wp-content\/uploads\/2019\/12\/Zeichen-Remineralisierung.png 150w, https:\/\/shop.nlq24.eu\/wp-content\/uploads\/2019\/12\/Zeichen-Remineralisierung-100x100.png 100w\" sizes=\"auto, (max-width: 80px) 100vw, 80px\" \/><\/p>\n<p class=\"Normal tm5\">Esto saca a relucir los minerales filtrados en el agua. Estos son los minerales naturales y beneficiosos como: iones de sodio, potasio, calcio y magnesio. Reemplazo recomendado aproximadamente cada 6 meses.<\/p>\n<p class=\"Normal tm5\"><strong><span class=\"tm6\"> <\/span><\/strong><\/p>\n<p class=\"Normal tm5\"><strong><span class=\"tm6\">7a etapa: Cartucho de energizaci\u00f3n<\/span><\/strong><\/p>\n<p class=\"Normal tm5\"><img loading=\"lazy\" decoding=\"async\" class=\"alignnone wp-image-49832\" style=\"color: #333333;\" src=\"https:\/\/shop.nlq24.eu\/wp-content\/uploads\/2019\/12\/Zeichen-Energetisieriung-Re-Strukturierung-150x150-1.png\" alt=\"\" width=\"80\" height=\"80\" srcset=\"https:\/\/shop.nlq24.eu\/wp-content\/uploads\/2019\/12\/Zeichen-Energetisieriung-Re-Strukturierung-150x150-1.png 150w, https:\/\/shop.nlq24.eu\/wp-content\/uploads\/2019\/12\/Zeichen-Energetisieriung-Re-Strukturierung-150x150-1-100x100.png 100w\" sizes=\"auto, (max-width: 80px) 100vw, 80px\" \/><\/p>\n<p class=\"Normal tm5\">Este generador estructural biocer\u00e1mico reconstruye la estructura natural del agua utilizando la energ\u00eda del espectro solar. Las esferas biocer\u00e1micas cer\u00e1micas emiten radiaci\u00f3n en el espectro infrarrojo de los rayos infrarrojos lejanos, lo que conduce a la resonancia con mol\u00e9culas de agua y otras mol\u00e9culas org\u00e1nicas. La energ\u00eda liberada est\u00e1 destinada a promover la reconstrucci\u00f3n del sistema inmunol\u00f3gico del cuerpo en el organismo. Tambi\u00e9n se espera que tenga un efecto positivo en el sistema sangu\u00edneo y promover el desarrollo de nuevas c\u00e9lulas. Reemplazo recomendado aproximadamente cada 12 meses.<\/p>\n<h3>El man\u00f3metro<\/h3>\n<p class=\"Normal tm5\"><img loading=\"lazy\" decoding=\"async\" class=\"alignnone wp-image-49835\" src=\"https:\/\/shop.nlq24.eu\/wp-content\/uploads\/2019\/12\/Zeichen-manometer.png\" alt=\"\" width=\"80\" height=\"80\" srcset=\"https:\/\/shop.nlq24.eu\/wp-content\/uploads\/2019\/12\/Zeichen-manometer.png 300w, https:\/\/shop.nlq24.eu\/wp-content\/uploads\/2019\/12\/Zeichen-manometer-247x247.png 247w, https:\/\/shop.nlq24.eu\/wp-content\/uploads\/2019\/12\/Zeichen-manometer-100x100.png 100w, https:\/\/shop.nlq24.eu\/wp-content\/uploads\/2019\/12\/Zeichen-manometer-280x280.png 280w\" sizes=\"auto, (max-width: 80px) 100vw, 80px\" \/><\/p>\n<p class=\"Normal tm5\">Para mayor seguridad y comodidad, el WaterCell 7 Star est\u00e1 equipado adem\u00e1s con un medidor. El man\u00f3metro permite la medici\u00f3n continua de la presi\u00f3n de funcionamiento. Por lo tanto, facilita el servicio y el control despu\u00e9s de cambiar los filtros.<\/p>\n<h3 class=\"Normal tm5\"><strong><span class=\"tm6\">\u00bfPor qu\u00e9 agua purificada?<\/span><\/strong><\/h3>\n<p class=\"Normal tm5\">El agua es el disolvente m\u00e1s importante en el organismo humano. El agua permite el transporte de ox\u00edgeno, enzimas, iones y minerales a trav\u00e9s de nuestro cuerpo. Por lo tanto, el trabajo correcto del cuerpo humano depende de la calidad del agua. La introducci\u00f3n de la \u00faltima tecnolog\u00eda excepcional WaterCell\u2122 aporta beneficios en la reducci\u00f3n del costo de la purificaci\u00f3n diaria de agua. El sistema WaterCell restaura el contenido natural de minerales \u00fatiles en el agua purificada y restaura la estructura natural del agua a su equilibrio.<\/p>\n<p class=\"Normal tm5\">Esta \u00f3smosis inversa de WaterCell\u2122 le proporciona agua ultrapura de la m\u00e1s alta calidad, mejorando as\u00ed la absorci\u00f3n de nutrientes. Devuelve importantes minerales de origen org\u00e1nico al agua filtrada. La planta tambi\u00e9n elimina la cal y el barro del agua. Esto, en \u00faltima instancia, ahorra energ\u00eda y prolonga la vida \u00fatil de los electrodom\u00e9sticos. S\u00f3lo piensa en la tetera o ollas de cocina, donde a la cal le gusta asentarse. Adem\u00e1s, esta planta elimina minerales inorg\u00e1nicos del agua. Los minerales inorg\u00e1nicos no son absorbidos por el cuerpo humano. Estos incluyen minerales que son responsables de la dureza del agua y la formaci\u00f3n de cal en el agua.<\/p>\n<p class=\"Normal tm5\">Si luego utilizas esta agua filtrada para tu caf\u00e9, t\u00e9 y tambi\u00e9n para tus platos favoritos, seguramente notar\u00e1s una mejora en el sabor. Las manchas visibles en el t\u00e9 son cosa del pasado.<\/p>\n<p class=\"Normal tm5\">Este sistema funciona sin electricidad. Esto lo hace muy silencioso, ahorra costes y es de bajo mantenimiento.<\/p>\n<p class=\"Normal tm5\">El tanque de 3 litros se llena una y otra vez por s\u00ed solo y, por lo tanto, proporciona suficiente agua, incluso sin una bomba de presi\u00f3n.<\/p>\n<h3 class=\"Normal tm5\"><strong>Especificaciones de los sistemas de \u00f3smosis inversa de 7 estrellas<\/strong><\/h3>\n<p class=\"Normal tm5\"><strong>Modelo de filtro<\/strong>: WaterCell\u2122 XRS 7M<\/p>\n<p class=\"Normal tm5\"><strong>N\u00famero de niveles de trabajo<\/strong>: 7 niveles<\/p>\n<p class=\"Normal tm5\">Tecnolog\u00eda: Excelled\u2122 Filtration<\/p>\n<p class=\"Normal tm5\"><strong>Rango de temperatura del agua<\/strong>: de +2oC a +38oC<\/p>\n<p class=\"Normal tm5\"><strong>Presi\u00f3n de funcionamiento<\/strong>: de 2,5 a 6,0 bar<\/p>\n<p class=\"Normal tm5\"><strong>Capacidad<\/strong>: <strong>570 litros por d\u00eda (GDP150)<\/strong> . Aumento con respecto a los 280 litros\/d\u00eda anteriores (PIB100)<\/p>\n<p class=\"Normal tm5\">Tipos de cartuchos de filtro: cartucho de filtro mec\u00e1nico &#8211; cartucho de carb\u00f3n activado &#8211; cartucho de filtro mec\u00e1nico fino &#8211; membrana osm\u00f3tica &#8211; cartucho de filtro post-carbono en l\u00ednea &#8211; cartucho de remineralizaci\u00f3n &#8211; estructura de agua biocer\u00e1mica (cartucho de energ\u00eda)<\/p>\n<p class=\"Normal tm5\"><strong>Sustituci\u00f3n de los cartuchos filtrantes:<\/strong> filtros mec\u00e1nicos cada 6 meses<br \/>\n&#8211; cartucho de carb\u00f3n activado cada 6 meses<br \/>\n&#8211; membrana osm\u00f3tica cada 7.000 litros (aprox. cada 4-6 a\u00f1os)<br \/>\n&#8211; cartucho post-carb\u00f3n cada 6 meses<br \/>\n&#8211; cartucho de remineralizaci\u00f3n de agua cada 6 meses<\/p>\n<p class=\"Normal tm5\">Salinidad m\u00e1xima del agua: 1000 ppm (1 g\/l)<\/p>\n<p class=\"Normal tm5\">Los valores se refieren a la operaci\u00f3n en las siguientes condiciones: dureza del agua &lt; 85 mg\/l; TDS &lt; 1000 ppm; cloro libre &lt; 0,1 ppm; Sdi &lt; 5; pH 3 &#8211; 11; Fe Iron &lt; 0.01 mg\/l; Manganeso Mn &lt; 0,05 mg\/l; turbidez &lt; 1NTU<\/p>\n<p class=\"Normal\"><strong><span class=\"tm6\">Aqu\u00ed est\u00e1 una visi\u00f3n general de los datos:<\/span><\/strong><\/p>\n<ul class=\"Normal tm8\">\n<li class=\"tm9\"><strong><span class=\"tm6\">Aplicaci\u00f3n:<\/span><\/strong> Acuarios \/ Hogar<\/li>\n<li class=\"Normal tm9\"><strong><span class=\"tm6\">Las personas en el hogar:<\/span><\/strong> 2-3<\/li>\n<li class=\"Normal tm9\"><strong><span class=\"tm6\">Velocidad:<\/span><\/strong> ~ 570 litros \/d\u00eda<\/li>\n<li class=\"Normal tm9\"><strong><span class=\"tm6\">Niveles de filtro:<\/span><\/strong> 7 etapas<\/li>\n<li class=\"Normal tm9\"><strong><span class=\"tm6\">Tama\u00f1o del filtro<\/span><\/strong>: 10 pulgadas<\/li>\n<li class=\"Normal tm9\"><strong><span class=\"tm6\">Diafragmas:<\/span><\/strong> 150 GPD<\/li>\n<li class=\"Normal tm9\"><strong><span class=\"tm6\">Barra colectora:<\/span><\/strong> NO<\/li>\n<li class=\"Normal tm9\"><strong><span class=\"tm6\">Tanque:<\/span><\/strong> S\u00ed<\/li>\n<li class=\"Normal tm9\"><strong><span class=\"tm6\">Min. Presi\u00f3n de l\u00ednea:<\/span><\/strong> 1 bar<\/li>\n<li class=\"Normal tm9\"><strong><span class=\"tm6\">Relaci\u00f3n de aguas residuales:<\/span><\/strong> aprox. 1:3 a 1:4<\/li>\n<li class=\"Normal tm9\"><strong><span class=\"tm6\">Dimensiones (ancho x profundo x alto):<\/span><\/strong> Ancho: 400 x Profundidad: 150 x Altura: 460 mm (La altura var\u00eda en funci\u00f3n de c\u00f3mo se coloquen los cartuchos en el dispositivo)<br \/>\nTanque: 235 mm (di\u00e1metro) x 345 mm (altura)<\/li>\n<li class=\"Normal tm9\"><strong><span class=\"tm6\">Peso:<\/span><\/strong> kg<\/li>\n<\/ul>\n<p>Puede ver lo f\u00e1cil que es instalar instrucciones de instalaci\u00f3n <u><br \/>\n  <a href=\"https:\/\/shop.nlq24.eu\/es\/instrucciones-para-sistemas-de-osmosis-inversa\/\">o <\/a><br \/>\n<\/u>h I <a href=\"https:\/\/shop.nlq24.eu\/wp-content\/uploads\/2019\/12\/7_star.pdf\">E R <\/a> para este dispositivo.<\/p>\n<p>&nbsp;<\/p>\n<p class=\"Normal\"><strong><span class=\"tm5\">Lista de piezas para 7 Estrellas<\/span><\/strong><\/p>\n<p class=\"Normal\"><span class=\"tm6\">1 carcasa con man\u00f3metro, carcasa de membrana, 1 filtro de carbono<\/span><\/p>\n<p class=\"Normal tm7\"><span class=\"tm6\">1 filtro (2 en 1) = eliminaci\u00f3n del sabor y el olfato + mineralizaci\u00f3n<\/span><\/p>\n<p class=\"Normal\"><span class=\"tm6\">1 membrana 150 PIB<\/span><\/p>\n<p class=\"Normal\"><span class=\"tm6\">1 grifo de acero inoxidable con 2 conexiones<\/span><\/p>\n<p class=\"Normal\"><span class=\"tm6\">1 tanque 3 litros<\/span><\/p>\n<p class=\"Normal\"><span class=\"tm6\">3 semiting de carcasa prefiltro 3 filtros:<\/span><\/p>\n<p class=\"Normal\"><span class=\"tm6\">1 filtro de sedimentos 5 micras<\/span> <span class=\"tm6\">(blanco)<\/span><\/p>\n<p class=\"Normal\"><span class=\"tm6\">1 filtro de bloque de carbono activado (con piel de pl\u00e1stico)<\/span><\/p>\n<p class=\"Normal\"><span class=\"tm6\">1 filtro de sedimentos con 1 micra<\/span> <span class=\"tm6\">(blanco)<\/span><\/p>\n<p class=\"Normal\"><span class=\"tm6\">accesorios:<\/span><\/p>\n<p class=\"Normal\"><span class=\"tm6\">1 Tefl\u00f3n o arena de c\u00e1\u00f1amo<\/span><\/p>\n<p class=\"Normal\"><span class=\"tm6\">1 v\u00e1lvula de tanque  <\/span><\/p>\n<p class=\"Normal\"><span class=\"tm6\">1 v\u00e1lvula de apagado (conexi\u00f3n de agua para el sistema)<\/span><\/p>\n<p class=\"Normal\"><span class=\"tm6\"> <\/span><\/p>\n<p class=\"Normal\"><span class=\"tm6\">5 mangueras de conexi\u00f3n de 1\/4 pulgada en 5 colores<\/span><\/p>\n<p class=\"Normal\"><span class=\"tm6\">1 chelle de extremo de 2 partes con 2 pernos y 2 tuercas<\/span><\/p>\n<p class=\"Normal\"><span class=\"tm6\">1 Adaptador para instalaci\u00f3n intermedia con sello (adaptador en forma de T)<\/span><\/p>\n<p class=\"Normal\"><span class=\"tm6\">6 Clips de liberaci\u00f3n r\u00e1pida (soportes en U)<\/span><\/p>\n<p>&nbsp;<\/p>\n","protected":false},"excerpt":{"rendered":"<p><strong><span class=\"tm6\">Sistema de \u00f3smosis inversa \u00ab7 Star\u00bb con tanque de WaterCell\u2122 con energizaci\u00f3n de agua y man\u00f3metro<\/span><\/strong><\/p>\n","protected":false},"featured_media":49825,"comment_status":"closed","ping_status":"closed","template":"","meta":[],"product_brand":[],"product_cat":[2881,1866,1910,2352],"product_tag":[2656,2657,3077,3078,2454,2654,2655],"class_list":{"0":"post-66602","1":"product","2":"type-product","3":"status-publish","4":"has-post-thumbnail","6":"product_cat-weihnachtstipps-es","7":"product_cat-todos-los-productos-resumen","8":"product_cat-filtro-de-agua-osmosis-inversa","9":"product_cat-umkehrosmose-anlagen-wasserfilter-es","10":"product_tag-barato","11":"product_tag-planta-de-osmosis-inversa","12":"product_tag-7-star-es","13":"product_tag-7-star-energy-es","14":"product_tag-directflow-es","15":"product_tag-osmosis-inversa","16":"product_tag-planta-de-osmosis","17":"product_shipping_class-1-paquete-de-envio-con-seguimiento","19":"first","20":"outofstock","21":"taxable","22":"shipping-taxable","23":"purchasable","24":"product-type-simple"},"_links":{"self":[{"href":"https:\/\/shop.nlq24.eu\/es\/wp-json\/wp\/v2\/product\/66602","targetHints":{"allow":["GET"]}}],"collection":[{"href":"https:\/\/shop.nlq24.eu\/es\/wp-json\/wp\/v2\/product"}],"about":[{"href":"https:\/\/shop.nlq24.eu\/es\/wp-json\/wp\/v2\/types\/product"}],"replies":[{"embeddable":true,"href":"https:\/\/shop.nlq24.eu\/es\/wp-json\/wp\/v2\/comments?post=66602"}],"wp:featuredmedia":[{"embeddable":true,"href":"https:\/\/shop.nlq24.eu\/es\/wp-json\/wp\/v2\/media\/49825"}],"wp:attachment":[{"href":"https:\/\/shop.nlq24.eu\/es\/wp-json\/wp\/v2\/media?parent=66602"}],"wp:term":[{"taxonomy":"product_brand","embeddable":true,"href":"https:\/\/shop.nlq24.eu\/es\/wp-json\/wp\/v2\/product_brand?post=66602"},{"taxonomy":"product_cat","embeddable":true,"href":"https:\/\/shop.nlq24.eu\/es\/wp-json\/wp\/v2\/product_cat?post=66602"},{"taxonomy":"product_tag","embeddable":true,"href":"https:\/\/shop.nlq24.eu\/es\/wp-json\/wp\/v2\/product_tag?post=66602"}],"curies":[{"name":"wp","href":"https:\/\/api.w.org\/{rel}","templated":true}]}}