{"id":66603,"date":"2024-09-10T15:34:39","date_gmt":"2024-09-10T15:34:39","guid":{"rendered":"https:\/\/shop.nlq24.eu\/produkt\/cartucho-de-repuesto-para-filtros-de-ducha-filtros-de-bano\/"},"modified":"2025-04-22T18:32:32","modified_gmt":"2025-04-22T18:32:32","slug":"filtro-de-ducha-de-cartucho-de-reemplazo","status":"publish","type":"product","link":"https:\/\/shop.nlq24.eu\/es\/ producto\/filtro-de-ducha-de-cartucho-de-reemplazo\/","title":{"rendered":"Cartucho de reemplazo para filtro de ducha \/ filtro de ba\u00f1o"},"content":{"rendered":"<p>Este <strong>cartucho de reemplazo para el<\/strong> filtro de ducha \/ <a href=\"https:\/\/shop.nlq24.eu\/es\/Produkt\/duschfilter-badefilter-gegen-kalk-chlor\/\"> <strong> <strong>filtro<\/strong> de ba\u00f1o<\/strong> realiza dos tareas.<\/a> Elimina f\u00e1cilmente la <strong>cal,<\/strong> el cloro y otras sustancias nocivas del agua de la carcasa del filtro. El reemplazo es generalmente bastante simple y sin herramientas posibles! Cambie f\u00e1cilmente el cartucho de filtro por el cartucho de reemplazo del filtro\/filtro de ba\u00f1o de ducha.<\/p>\n<p>Despu\u00e9s del intercambio, el filtro elimina las part\u00edculas de cal y cloro libre del agua, lo que puede tener un efecto nocivo en el cuerpo humano. Esto incluye el efecto irritante en los ojos, as\u00ed como en el sistema respiratorio y la membrana mucosa, as\u00ed como la nariz. Ciertamente sabes que el cloro seca tu piel. Tambi\u00e9n cuida su piel sensible a trav\u00e9s del agua filtrada. Las impurezas mec\u00e1nicas como el \u00f3xido ya no son un problema en el agua.<\/p>\n<p>La filtraci\u00f3n tambi\u00e9n elimina metales pesados como ars\u00e9nico, cadmio, plomo, mercurio. La capa de filtro KDF* tiene un efecto bacteriost\u00e1tico. Por lo tanto, evita que las bacterias se multipliquen en el filtro.<\/p>\n<div>Si usted est\u00e1 buscando no s\u00f3lo un cartucho de repuesto para el filtro de ducha, sino tambi\u00e9n para la carcasa del filtro de ducha incluyendo el filtro, eche un vistazo a este filtro de ducha completo <a href=\"https:\/\/shop.nlq24.eu\/es\/Produkt\/duschfilter-badefilter-gegen-kalk-chlor\/\">\/ filtro de ba\u00f1o.<\/a><\/div>\n<div><\/div>\n<h3><strong>Ventajas del filtro de ducha y el filtro de ba\u00f1o despu\u00e9s del reemplazo:<\/strong><\/h3>\n<div>Cartucho de repuesto WaterCell \u2122 para filtro de ducha \/ filtro de ba\u00f1o<\/div>\n<div>&#8211; elimina el cloro seco de la piel.<\/div>\n<div>&#8211; reduce eficazmente la irritaci\u00f3n de la piel y evita el secado.<\/div>\n<div>&#8211; Elimina las impurezas que pueden causar caspa y cabello quebradizo.<\/div>\n<div>&#8211; Mejor agua especialmente para ni\u00f1os y personas con piel sensible o muy sensible.<\/div>\n<div><\/div>\n<div>Este filtro de ducha es una forma extremadamente simple y eficaz de mejorar el aspecto de nuestra piel.<\/div>\n<div><\/div>\n<div>\n<h3><strong>F\u00e1cil instalaci\u00f3n:<\/strong><\/h3>\n<div>Cambiar el cartucho de reemplazo toma s\u00f3lo unos momentos y ni siquiera requiere el uso de herramientas. En primer lugar, desconecte las dos mangueras de la ducha de la carcasa del filtro.<\/div>\n<\/div>\n<div>A continuaci\u00f3n, simplemente atornille el filtro de ducha subiendo y bajando en la direcci\u00f3n opuesta. Las partes superior e inferior se separan entre s\u00ed. Lo arruina y reemplaza el antiguo inserto de filtro por el nuevo cartucho de reemplazo. Ahora s\u00f3lo fijar el sello y atornillar lo de nuevo.<\/div>\n<div><\/div>\n<div><\/div>\n<div>Compruebe su dureza del agua y sabe lo necesario que necesita para cambiar la plaquita del filtro. Esta es una tira de prueba barata y simple posible.<\/div>\n<div><\/div>\n<div>Escala de dureza en grados alemanes:<\/div>\n<div>&#8211; 0-4 dH &#8211; agua muy blanda<\/div>\n<div>&#8211; 5-8 dH &#8211; agua blanda<\/div>\n<div>&#8211; 9-12 dH &#8211; agua dura media<\/div>\n<div>&#8211; 13-18 dH &#8211; agua dura<\/div>\n<div>&#8211; 19 y m\u00e1s &#8211; agua muy dura<\/div>\n<div><\/div>\n<div>Para una dureza del agua superior a 10 dH, se recomienda el ablandamiento para proteger las instalaciones de agua, los accesorios y los electrodom\u00e9sticos.<\/div>\n<div><\/div>\n<h3><strong>Los 3 niveles de filtro del filtro de ducha \/ filtro de ba\u00f1o contra cal, cloro de un vistazo:<\/strong><\/h3>\n<div><strong>1. Filtro<\/strong><br \/>\nde sedimentos El filtro de sedimentos elimina las part\u00edculas en suspensi\u00f3n, como arena, \u00f3xido y otras, que tienen un tama\u00f1o superior a 15 micras.<\/div>\n<div><strong>2. KDF &#8211; Filtro<\/strong><br \/>\n<strong style=\"color: #555555;\"><span class=\"tm6\">\u00bfQu\u00e9 es KDF? <\/span><\/strong><span style=\"color: #555555;\">Es una mezcla a base de cobre y zinc granulada de alta pureza, es decir, un agente redox. Esto funciona con oxidaci\u00f3n y reducci\u00f3n de iones. El proceso redox funciona intercambiando electrones. Este intercambio convierte muchos contaminantes nocivos en aditivos inofensivos (como el cloro al cloruro). Otros contaminantes, como los metales pesados, se unen en el agente de KDF. Por lo tanto, reduce o elimina estas sustancias. Las bolas de cer\u00e1mica reducen el contenido de cloro y as\u00ed mejoran a\u00fan m\u00e1s el efecto del KDF. Esto reduce la proporci\u00f3n de productos qu\u00edmicos, bacterias y otros contaminantes que se pueden encontrar en el agua del grifo de nuevo. <\/span>El KDF elimina poco m\u00e1s de 90 de los cloro libres en el agua de la ducha.<\/div>\n<div><strong><br \/>\n3. Filtro de polifosfato<\/strong><\/div>\n<div>Este filtro suaviza el agua y garantiza que la cal no pueda causar ning\u00fan da\u00f1o.<\/div>\n<div><\/div>\n<div>Compra este filtro barato ahora. \u00a1Siente el agua suave! Su nuevo filtro de ducha y filtro de ba\u00f1o est\u00e1 a s\u00f3lo unos clics de distancia.<\/div>\n<div><\/div>\n<div>Un cabezal de ducha completo con filtro de ducha integrado se puede encontrar <strong><a href=\"https:\/\/shop.nlq24.eu\/produkt\/duschfilter-sanfter-regen\/\">aqu\u00ed.<\/a><\/strong><\/div>\n","protected":false},"excerpt":{"rendered":"<p>Cartucho de reemplazo para filtros de ducha y ba\u00f1o de 0,5 pulgadas<\/p>\n","protected":false},"featured_media":50818,"comment_status":"open","ping_status":"closed","template":"","meta":[],"product_brand":[],"product_cat":[2358,1866,1910,2881,2350,2352,2354,2357],"product_tag":[2390,2660,2661,2662,3122,3125,3126],"class_list":{"0":"post-66603","1":"product","2":"type-product","3":"status-publish","4":"has-post-thumbnail","6":"product_cat-wasserveredelung-es-2","7":"product_cat-todos-los-productos-resumen","8":"product_cat-filtro-de-agua-osmosis-inversa","9":"product_cat-weihnachtstipps-es","10":"product_cat-duschfilter-zubehoer-es","11":"product_cat-umkehrosmose-anlagen-wasserfilter-es","12":"product_cat-umkehrosmose-zubehoer-es","13":"product_cat-wasserveredelung-es","14":"product_tag-badefilter-es","15":"product_tag-filtro-de-ducha","16":"product_tag-filtro-de-ducha-es","17":"product_tag-filtro-de-ducha-pequena","18":"product_tag-ersatz-duschfilter-es","19":"product_tag-ersatzpatrone-es","20":"product_tag-ersatzpatrone-fuer-duschfilter-es","21":"product_shipping_class-1-paquete-de-envio-con-seguimiento","23":"first","24":"instock","25":"taxable","26":"shipping-taxable","27":"purchasable","28":"product-type-simple"},"_links":{"self":[{"href":"https:\/\/shop.nlq24.eu\/es\/wp-json\/wp\/v2\/product\/66603","targetHints":{"allow":["GET"]}}],"collection":[{"href":"https:\/\/shop.nlq24.eu\/es\/wp-json\/wp\/v2\/product"}],"about":[{"href":"https:\/\/shop.nlq24.eu\/es\/wp-json\/wp\/v2\/types\/product"}],"replies":[{"embeddable":true,"href":"https:\/\/shop.nlq24.eu\/es\/wp-json\/wp\/v2\/comments?post=66603"}],"wp:featuredmedia":[{"embeddable":true,"href":"https:\/\/shop.nlq24.eu\/es\/wp-json\/wp\/v2\/media\/50818"}],"wp:attachment":[{"href":"https:\/\/shop.nlq24.eu\/es\/wp-json\/wp\/v2\/media?parent=66603"}],"wp:term":[{"taxonomy":"product_brand","embeddable":true,"href":"https:\/\/shop.nlq24.eu\/es\/wp-json\/wp\/v2\/product_brand?post=66603"},{"taxonomy":"product_cat","embeddable":true,"href":"https:\/\/shop.nlq24.eu\/es\/wp-json\/wp\/v2\/product_cat?post=66603"},{"taxonomy":"product_tag","embeddable":true,"href":"https:\/\/shop.nlq24.eu\/es\/wp-json\/wp\/v2\/product_tag?post=66603"}],"curies":[{"name":"wp","href":"https:\/\/api.w.org\/{rel}","templated":true}]}}