{"id":66604,"date":"2019-11-11T19:46:23","date_gmt":"2019-11-11T19:46:23","guid":{"rendered":"https:\/\/shop.nlq24.eu\/produkt\/botella-de-pulverizacion-de-vidrio-pp28\/"},"modified":"2025-06-19T07:26:57","modified_gmt":"2025-06-19T07:26:57","slug":"sprueh-botella-vidrio-pp28","status":"publish","type":"product","link":"https:\/\/shop.nlq24.eu\/es\/ producto\/sprueh-botella-vidrio-pp28\/","title":{"rendered":"Botella de pulverizaci\u00f3n de vidrio, PP28"},"content":{"rendered":"<p class=\"Normal\">Esta <strong>botella de pulverizaci\u00f3n redonda hecha de vidrio PP28<\/strong> tiene una bomba de pulverizaci\u00f3n. Esto tiene un trazo de aprox. 0,15 ml por pulverizaci\u00f3n. Tiene un tama\u00f1o de rosca de 28 mm. La coloraci\u00f3n marr\u00f3n de este vidrio, proporciona una <strong>alta protecci\u00f3n de la luz<\/strong> para su material de relleno.<\/p>\n<p>Con esta pr\u00e1ctica botella, se puede seleccionar un volumen de llenado de 250 y 500 ml.<\/p>\n<p>&nbsp;<\/p>\n<p class=\"Normal\">Consejo: Sin embargo, estas <strong><br \/>\n  <a href=\"https:\/\/shop.nlq24.eu\/es\/Produkt\/botella-de-vidrio-miron\/\">botellas de vidrio Miron<\/a><br \/>\n<\/strong> ofrecen a\u00fan m\u00e1s y la protecci\u00f3n m\u00e1s \u00f3ptima contra la luz. Estos son incluso mejores que las botellas de vidrio \u00e1mbar.<\/p>\n<p class=\"Normal\">El vidrio Miron tambi\u00e9n conserva las frecuencias presentes en el producto. Tambi\u00e9n es adecuado como botella de pulverizaci\u00f3n de desinfecci\u00f3n \/ pulverizador de desinfecci\u00f3n.<\/p>\n<h3>Botella de pulverizaci\u00f3n de vidrio con volumen de 250 ml<\/h3>\n<p class=\"Normal\">La botella de pulverizaci\u00f3n de 250 ml combina un <strong>volumen mayor<\/strong> con las <strong>ventajas de la facilidad<\/strong>. Las botellas de pulverizaci\u00f3n convencionales suelen tener un volumen de s\u00f3lo 100 ml. Esta botella de pulverizaci\u00f3n PP28 de 250 ml <strong>se encuentra<\/strong> debido a su <strong>peque\u00f1o di\u00e1metro,<\/strong>de poco m\u00e1s de 6 cm, muy <strong>bien en la mano.<\/strong> La ligereza con la que se puede accionar el cabezal de pulverizaci\u00f3n sin duda le convencer\u00e1 de la facilidad de esta botella de pulverizaci\u00f3n. Esto tambi\u00e9n es particularmente \u00fatil como una botella de aerosol de desinfecci\u00f3n.<\/p>\n<h3>Botella de pulverizaci\u00f3n de vidrio con volumen de 500 ml<\/h3>\n<p>La variante de volumen de 500 ml de esta botella de pulverizaci\u00f3n combina un gran volumen con las ventajas de una buena <strong>facilidad de mano.<\/strong> Esta botella de pulverizaci\u00f3n de 500 ml tiene s\u00f3lo un <strong>di\u00e1metro relativamente peque\u00f1o<\/strong> de poco m\u00e1s de 7,5 cm. Esto es bastante peque\u00f1o para una botella de este volumen. Como resultado, \u00e9ste todav\u00eda est\u00e1 muy bien en la mano. La mezcla de <strong>alto volumen<\/strong> y buena facilidad de esta botella <strong>de<\/strong> spray sin duda le convencer\u00e1.<\/p>\n<h3 class=\"Normal\"><strong><span class=\"tm5\">Pr\u00e1ctico<\/span> para ti <\/strong><\/h3>\n<p class=\"Normal\">La bomba de pulverizaci\u00f3n de esta botella de pulverizaci\u00f3n PP28 est\u00e1 equipada con una tapa de cubierta. Esto le permite utilizar material de relleno que no debe evaporarse o desgas. El gas no puede escapar de usted debido a la tapa de la cubierta. El tubo de admisi\u00f3n de la tapa de pulverizaci\u00f3n tiene una longitud suficiente para ambos vol\u00famenes seleccionables. Puede acortarlo f\u00e1cilmente manualmente con un cuchillo de corte si es necesario.<\/p>\n<h3>Dimensiones y pesos de la tapa de pulverizaci\u00f3n PP28:<\/h3>\n<p>La longitud total de la manguera de aspiraci\u00f3n es de: aprox. 157 mm. El peso de la tapa de pulverizaci\u00f3n PP28 es de aprox. 8 gramos<\/p>\n<h3>El cierre por pulverizaci\u00f3n PP28 consta de los siguientes materiales:<\/h3>\n<p>La tapa de tornillo de PP blanco, la manguera de PE transparente y la tapa de Luran transparente<\/p>\n<p class=\"Normal\">Esta botella de spray se puede utilizar para muchos l\u00edquidos, pero no para sustancias agresivas. Por lo tanto, usted debe comprobar esto primero.<\/p>\n<p class=\"Normal\">El material de esta botella de vidrio marr\u00f3n es resistente al \u00e1cido y a las bases con valores de pH entre pH 4 &#8211; 9. Para este tama\u00f1o de botella tambi\u00e9n <a href=\"https:\/\/shop.nlq24.eu\/produkt-kategorien\/flaschen-verschluesse-zubehoer\/verschluesse-fuer-pp28-glasflaschen\/\">hay otros cierres<\/a>.<\/p>\n<p class=\"Normal\">Otras botellas de vidrio y accesorios para PP28 se pueden encontrar en la categor\u00eda <a href=\"https:\/\/shop.nlq24.eu\/produkt-kategorien\/flaschen-verschluesse-zubehoer\/glasflaschen\/glasflaschen-pp28\/\">Botellas de vidrio PP28<\/a>.<\/p>\n","protected":false},"excerpt":{"rendered":"<p>Botella de pulverizaci\u00f3n de vidrio marr\u00f3n con rosca de 28 mm<\/p>\n","protected":false},"featured_media":44628,"comment_status":"open","ping_status":"closed","template":"","meta":[],"product_brand":[],"product_cat":[1866,1876,1882,2320,2331,2332],"product_tag":[2622,2637,2638,2639,2640,2641,2663,2664],"class_list":{"0":"post-66604","1":"product","2":"type-product","3":"status-publish","4":"has-post-thumbnail","6":"product_cat-todos-los-productos-resumen","7":"product_cat-dosificacion-medicion","8":"product_cat-botellas-tapones-accesorios","9":"product_cat-botellas-de-vidrio-pp28","10":"product_cat-botellas-de-pulverizador","11":"product_cat-los-frascos-rociadores-hechos-de-hdpe-o-de-vidrio","12":"product_tag-rociador","13":"product_tag-botella-de-pulverizador","14":"product_tag-vidrio","15":"product_tag-botella-de-pulverizacion-pp28","16":"product_tag-botella-de-pulverizacion-pp28-250-ml","17":"product_tag-botella-de-pulverizacion-250-ml","18":"product_tag-botella-de-pulverizacion-pp28-500-ml","19":"product_tag-botella-de-pulverizacion-500-ml","20":"product_shipping_class-1-paquete-de-envio-con-seguimiento","22":"first","23":"instock","24":"taxable","25":"shipping-taxable","26":"purchasable","27":"product-type-variable"},"_links":{"self":[{"href":"https:\/\/shop.nlq24.eu\/es\/wp-json\/wp\/v2\/product\/66604","targetHints":{"allow":["GET"]}}],"collection":[{"href":"https:\/\/shop.nlq24.eu\/es\/wp-json\/wp\/v2\/product"}],"about":[{"href":"https:\/\/shop.nlq24.eu\/es\/wp-json\/wp\/v2\/types\/product"}],"replies":[{"embeddable":true,"href":"https:\/\/shop.nlq24.eu\/es\/wp-json\/wp\/v2\/comments?post=66604"}],"wp:featuredmedia":[{"embeddable":true,"href":"https:\/\/shop.nlq24.eu\/es\/wp-json\/wp\/v2\/media\/44628"}],"wp:attachment":[{"href":"https:\/\/shop.nlq24.eu\/es\/wp-json\/wp\/v2\/media?parent=66604"}],"wp:term":[{"taxonomy":"product_brand","embeddable":true,"href":"https:\/\/shop.nlq24.eu\/es\/wp-json\/wp\/v2\/product_brand?post=66604"},{"taxonomy":"product_cat","embeddable":true,"href":"https:\/\/shop.nlq24.eu\/es\/wp-json\/wp\/v2\/product_cat?post=66604"},{"taxonomy":"product_tag","embeddable":true,"href":"https:\/\/shop.nlq24.eu\/es\/wp-json\/wp\/v2\/product_tag?post=66604"}],"curies":[{"name":"wp","href":"https:\/\/api.w.org\/{rel}","templated":true}]}}