{"id":66609,"date":"2020-01-04T10:58:18","date_gmt":"2020-01-04T10:58:18","guid":{"rendered":"https:\/\/shop.nlq24.eu\/produkt\/cdh3000-ms-solucion-de-dioxido-de-cloro-0-3-cdl\/"},"modified":"2025-10-28T13:48:20","modified_gmt":"2025-10-28T13:48:20","slug":"cdh3000-ms-chlorine-dioxide-loesung-03-cdl-es","status":"publish","type":"product","link":"https:\/\/shop.nlq24.eu\/es\/ producto\/cdh3000-ms-chlorine-dioxide-loesung-03-cdl-es\/","title":{"rendered":"CDH3000-MS &#8211; Soluci\u00f3n de di\u00f3xido de cloro 0.3 &#8211; (CDL)"},"content":{"rendered":"<p class=\"Normal\"><strong>CDH3000-MS<\/strong> es una  soluci\u00f3n de di\u00f3xido de cloro (CDL) &lt;0,3 % contenido de di\u00f3xido de cloro. Esto se <strong>activ\u00f3 con \u00e1cido l\u00e1ctico en el sentido de las agujas del reloj<\/strong>.<\/p>\n<h3><strong>CDH3000-MS <span class=\"tm6\">Notas:<\/span><\/strong><\/h3>\n<p class=\"Normal\">Proteja CDH3000-MS de la luz y no lo caliente. Almac\u00e9nelo lo m\u00e1s fresco posible. El l\u00edquido puede decolorar el material org\u00e1nico sin diluir. Despu\u00e9s de inhalar el gas por encima del l\u00edquido, proporcione aire fresco. En caso de contacto con los ojos, enjuague el ojo con agua con el espacio del p\u00e1rpado abierto. Si se ingiere accidentalmente, beba mucha agua para diluirlo. Si tiene s\u00edntomas persistentes, consulte a un m\u00e9dico o natur\u00f3pata. No permita que grandes cantidades entren en el sistema de alcantarillado o cuerpos de agua. Gu\u00e1rdelo en un lugar fresco y protegido de la luz en la botella cerrada.<\/p>\n<h3 class=\"Normal\"><strong><span class=\"tm6\">Est\u00e1n disponibles las siguientes variantes de CDH3000-MS:<\/span><\/strong><\/h3>\n<p class=\"Normal\">La versi\u00f3n de <strong><span class=\"tm6\">100 ml<\/span><\/strong> est\u00e1 disponible en HDPE o en frasco de vidrio DIN18, cada uno con gotero.<\/p>\n<ul>\n<li class=\"Normal\">Para la botella de vidrio de 100 ml, ahora tambi\u00e9n hay un <strong><a href=\"https:\/\/shop.nlq24.eu\/es\/Produkt\/doser-system-din18\/\">sistema de dosificaci\u00f3n DIN18<\/a><\/strong> (sistema de dosificaci\u00f3n).<\/li>\n<\/ul>\n<p class=\"Normal\">La variante de <strong>250 m<\/strong>l: la ofrezco en la botella de vidrio PP28.<\/p>\n<p class=\"Normal\">La versi\u00f3n de <strong>500 ml<\/strong> : tambi\u00e9n la ofrezco en la botella de vidrio PP28. Adem\u00e1s, hay <\/p>\n<p>la versi\u00f3n de <strong>1000 ml<\/strong> .<\/p>\n<p class=\"Normal\">Opcionalmente, puede elegir un dosificador (sistema de dosificaci\u00f3n) para estas botellas.<\/p>\n<p class=\"Normal\">Sin pedir un Dosificador no entregar\u00e9 un inserto de Dosificador. Adem\u00e1s, la tapa cuando se realiza un pedido sin un sistema dosificador no encaja con la <strong><a href=\"https:\/\/shop.nlq24.eu\/es\/Produkt\/cierre-tapa-pp28-negro\/\">tapa del sistema dosificador PP28.<\/a><\/strong><\/p>\n<p>&nbsp;<\/p>\n<h3 class=\"Normal\"><strong><span class=\"tm6\">Mi consejo de cuidado para Doser-System10 28mm:<\/span><\/strong><\/h3>\n<div>Instrucciones de cuidado del dosificador y la b\u00e1scula:<\/div>\n<div><\/div>\n<div>La escala del Dosificador de 10 ml para botellas de 28 mm se aplica al interior del sello. Si ahora se extraen y miden las sustancias con \u00e9l, los residuos de estas sustancias que se disuelven de estas, que se adhieren al interior del cuerpo desde el dosificador, pueden conducir a la disoluci\u00f3n lenta de la escala. Por esta raz\u00f3n, al usar el dosificador con tales sustancias, debe enjuagarlo bien inmediatamente despu\u00e9s de su uso.<\/div>\n<div><\/div>\n<div>El peque\u00f1o anillo de goma en el sello en el dosificador puede perder flexibilidad despu\u00e9s de un cierto per\u00edodo de uso. Si el dosificador se vuelve r\u00edgido, puede sacar el \u00e9mbolo completamente de la carcasa del dosificador y mojar el anillo de sellado de goma con una gota de aceite vegetal y volver a insertarlo. Luego mueva el punz\u00f3n un poco hacia adelante y hacia atr\u00e1s o hacia arriba y hacia abajo en la carcasa del dosificador, luego volver\u00e1 a funcionar sin problemas.<\/div>\n<div>Si est\u00e1 buscando un sistema dosificador m\u00e1s duradero, lo encontrar\u00e1 <a href=\"https:\/\/shop.nlq24.eu\/es\/Produkt\/doser-system-bestaendig\/\">AQU\u00cd.<\/a><\/div>\n<div><\/div>\n<h3>Sistema dosificador m\u00e1s duradero<\/h3>\n<div>Pero tambi\u00e9n puede elegir un <a href=\"https:\/\/shop.nlq24.eu\/es\/?post_type=product&#038;p=84144\">sistema de dosificaci\u00f3n m\u00e1s duradero con una jeringa de 6 ml<\/a> para PP28 como variante.<\/div>\n<div>O tambi\u00e9n est\u00e1 disponible como <a href=\"https:\/\/shop.nlq24.eu\/es\/?post_type=product&#038;p=84317\">sistema dosificador resistente a DIN18<\/a> (para frascos cuentagotas peque\u00f1os)<\/div>\n<p>&nbsp;<\/p>\n<p>Un producto de calidad de <a href=\"https:\/\/www.natao.org\/cdh3000-cdl-wasserdesinfektion.htm\">OX-IT<\/a>.<\/p>\n<p>\u00bfQuiere una CDL (soluci\u00f3n de di\u00f3xido de cloro) que tenga una vida \u00fatil a\u00fan m\u00e1s larga? Entonces echa un vistazo al <span style=\"color: #0000ff;\"><strong><a style=\"color: #0000ff;\" href=\"https:\/\/shop.nlq24.eu\/es\/Produkt\/cdh3000-premium-dioxido-de-cloro-loesung-03-en-vidrio\/\">CDH3000 Premium<\/a><\/strong><\/span> .<\/p>\n<p><span class=\"tm6\">Todos los productos CDH se venden en la tienda como un producto qu\u00edmico puro.<\/span><\/p>\n","protected":false},"excerpt":{"rendered":"<p><span style=\"font-size: 110%;\"><span class=\"tm6\">Use CDH3000-MS con cuidado. Siempre lea la etiqueta y la informaci\u00f3n del producto antes de usarlo.<\/span><\/span><\/p>\n","protected":false},"featured_media":70362,"comment_status":"open","ping_status":"closed","template":"","meta":[],"product_brand":[],"product_cat":[1866,1867],"product_tag":[2033,2403,1226,2408,1239,2419,1246,2422,1280,1282,1290],"class_list":{"0":"post-66609","1":"product","2":"type-product","3":"status-publish","4":"has-post-thumbnail","6":"product_cat-todos-los-productos-resumen","7":"product_cat-cdh3000-solucion-de-dioxido-de-cloro-cdl-cds","8":"product_tag-solucion-lista-para-el-dioxido-de-cloro","9":"product_tag-cdh3000-ms-es","10":"product_tag-cdh-es","11":"product_tag-cdh-milchsaeure-es","12":"product_tag-cdh3000-es","13":"product_tag-cdl-milchsaeure-es","14":"product_tag-cdh3000-solucion-de-dioxido-de-cloro","15":"product_tag-cdl-rechtsdrehende-milchsaeure-es","16":"product_tag-cdl-es","17":"product_tag-cds-cdl-es","18":"product_tag-solucion-de-dioxido-de-cloro-es","19":"product_shipping_class-1-paquete-de-envio-con-seguimiento","20":"pa_flaschenart-botella-de-hdpe","21":"pa_flaschenart-botella-de-vidrio-din18","22":"pa_flaschenart-botella-de-vidrio-pp28","23":"pa_milliliter-250-ml-es","24":"pa_milliliter-500-ml-es","25":"pa_milliliter-1000-ml-es","26":"pa_milliliter-2-x-500-ml-es","27":"pa_milliliter-100-ml-es","29":"first","30":"instock","31":"taxable","32":"shipping-taxable","33":"purchasable","34":"product-type-variable"},"_links":{"self":[{"href":"https:\/\/shop.nlq24.eu\/es\/wp-json\/wp\/v2\/product\/66609","targetHints":{"allow":["GET"]}}],"collection":[{"href":"https:\/\/shop.nlq24.eu\/es\/wp-json\/wp\/v2\/product"}],"about":[{"href":"https:\/\/shop.nlq24.eu\/es\/wp-json\/wp\/v2\/types\/product"}],"replies":[{"embeddable":true,"href":"https:\/\/shop.nlq24.eu\/es\/wp-json\/wp\/v2\/comments?post=66609"}],"wp:featuredmedia":[{"embeddable":true,"href":"https:\/\/shop.nlq24.eu\/es\/wp-json\/wp\/v2\/media\/70362"}],"wp:attachment":[{"href":"https:\/\/shop.nlq24.eu\/es\/wp-json\/wp\/v2\/media?parent=66609"}],"wp:term":[{"taxonomy":"product_brand","embeddable":true,"href":"https:\/\/shop.nlq24.eu\/es\/wp-json\/wp\/v2\/product_brand?post=66609"},{"taxonomy":"product_cat","embeddable":true,"href":"https:\/\/shop.nlq24.eu\/es\/wp-json\/wp\/v2\/product_cat?post=66609"},{"taxonomy":"product_tag","embeddable":true,"href":"https:\/\/shop.nlq24.eu\/es\/wp-json\/wp\/v2\/product_tag?post=66609"}],"curies":[{"name":"wp","href":"https:\/\/api.w.org\/{rel}","templated":true}]}}