{"id":66618,"date":"2019-12-09T18:09:16","date_gmt":"2019-12-09T18:09:16","guid":{"rendered":"https:\/\/shop.nlq24.eu\/produkt\/filtro-de-ducha-bano-contra-la-cal-el-cloro-y-mas\/"},"modified":"2025-06-19T07:29:22","modified_gmt":"2025-06-19T07:29:22","slug":"duschfilter-badefilter-gegen-kalk-chlor","status":"publish","type":"product","link":"https:\/\/shop.nlq24.eu\/es\/ producto\/duschfilter-badefilter-gegen-kalk-chlor\/","title":{"rendered":"Filtro de ducha \/ ba\u00f1o contra la cal, el cloro y m\u00e1s"},"content":{"rendered":"<p>Este filtro de <strong>ducha<\/strong> \/ filtro de <strong>ba\u00f1o<\/strong> cumple dos tareas a la vez. Elimina sin esfuerzo <strong>la cal, el cloro<\/strong> y otras sustancias nocivas del agua. \u00a1La conexi\u00f3n es muy f\u00e1cil y sin herramientas!<\/p>\n<p>Elimina la cal y las part\u00edculas de cloro libre del agua, lo que puede tener un efecto nocivo en el cuerpo humano. Esto incluye el efecto irritante en los ojos, as\u00ed como en el sistema respiratorio y la membrana mucosa, as\u00ed como la nariz. Ciertamente sabes que el cloro seca tu piel. Tambi\u00e9n cuida su piel sensible a trav\u00e9s del agua filtrada. Las impurezas mec\u00e1nicas como el \u00f3xido ya no son un problema en el agua.<\/p>\n<p>La filtraci\u00f3n tambi\u00e9n elimina metales pesados como ars\u00e9nico, cadmio, plomo, mercurio. La capa de filtro KDF* tiene un efecto bacteriost\u00e1tico. Por lo tanto, evita que las bacterias se multipliquen en el filtro.<\/p>\n<h3><strong>\u00bfPara qui\u00e9n es adecuado el filtro de ducha \/ ba\u00f1o contra la cal y el cloro?<\/strong><\/h3>\n<div>El filtro de ducha de WaterCell\u2122 es un filtro de ducha\/ba\u00f1o especial para el tratamiento del agua de la ducha y del ba\u00f1o. Algo muy especial para ni\u00f1os y adultos con piel sensible o muy sensible. Esto se debe a que la cal y el cloro en particular pueden contaminarlos.<\/div>\n<div><\/div>\n<h3><strong>Este filtro para la ducha y el ba\u00f1o en uno, trae agua blanda sin cal y sin cloro<\/strong><\/h3>\n<div>Un ba\u00f1o en agua clorada da la impresi\u00f3n de una piel \u00e1spera y seca. Despu\u00e9s de lavarse, el cabello es dif\u00edcil de peinar sin brillo y suavidad. El cuero cabelludo se irrita a menudo. La presencia de impurezas en el agua provoca la irritaci\u00f3n de las gl\u00e1ndulas seb\u00e1ceas y, por lo tanto, una mayor producci\u00f3n de sebo. Un ba\u00f1o de ducha o un <strong>ba\u00f1o completo<\/strong> en agua sin cloro restaura la elasticidad, la frescura y el aspecto <strong>natural de la pie<\/strong>l. El pelo lavado es esponjoso, <strong>brillante y agradable<\/strong> al tacto otra vez. Recupera su<strong>brillo<\/strong>, <strong>volumen y flexibilidad<\/strong>naturales. Tu piel tambi\u00e9n puede volver a respirar libremente. Por cierto, los champ\u00fas tienen una gran espuma en el agua blanda.<\/div>\n<div><\/div>\n<h3><strong>Ventajas del filtro de ducha y del filtro de ba\u00f1o de un vistazo<\/strong><\/h3>\n<div>WaterCell \u2122 Filtro de ducha<\/div>\n<div>&#8211; elimina el cloro seco de la piel.<\/div>\n<div>&#8211; reduce eficazmente la irritaci\u00f3n de la piel y evita el secado.<\/div>\n<div>&#8211; Elimina las impurezas que pueden causar caspa y cabello quebradizo.<\/div>\n<div>&#8211; Mejor agua especialmente para ni\u00f1os y personas con piel sensible o muy sensible.<\/div>\n<div><\/div>\n<div>Este filtro de ducha es una forma extremadamente simple y eficaz de mejorar el aspecto de nuestra piel.<\/div>\n<div><\/div>\n<div>\n<h3><strong>F\u00e1cil de instalar<\/strong><\/h3>\n<div>La f\u00e1cil instalaci\u00f3n, el dise\u00f1o moderno y el precio asequible hacen que los filtros de ducha sean m\u00e1s populares a\u00f1o tras a\u00f1o.<\/div>\n<\/div>\n<div>La instalaci\u00f3n toma solo unos minutos y ni siquiera requiere el uso de herramientas.<br \/>\nEl filtro simplemente se enrosca entre el grifo de la ducha o la ba\u00f1era y la manguera o entre la manguera y el cabezal de la ducha a mano. La conexi\u00f3n encaja 0,5 pulgadas en ambos lados (rosca interna y externa).<\/div>\n<div><\/div>\n<div><\/div>\n<h4><strong>El problema con el agua dura<\/strong><\/h4>\n<div>El agua dura suele formar parte de la vida cotidiana. Por supuesto que depende de donde vivas. El agua en la tierra probablemente estar\u00e1 menos contaminada que en una gran ciudad. Sin embargo, esto no significa que sea m\u00e1s suave. El problema de las aguas duras se produce en diversos grados en diferentes regiones geogr\u00e1ficas. La mayor\u00eda de los hogares luchan con agua de media a dura.<\/div>\n<div><\/div>\n<div>La dureza del agua, que la mayor\u00eda de ustedes probablemente conocen, es la principal responsable de los cationes de calcio y magnesio. A veces, aunque es raro, tambi\u00e9n se encuentra hierro y manganeso. Durante la cocci\u00f3n, estos minerales se convierten en piedra (cal). Esto es visible, por ejemplo, en los accesorios de ba\u00f1o, en la tetera o en la olla.<\/div>\n<div><\/div>\n<div>Comprueba la dureza del agua y sabes cu\u00e1nto necesitas este filtro. Esta es una tira de prueba barata y simple posible.<\/div>\n<div><\/div>\n<div>Escala de dureza en grados alemanes:<\/div>\n<div>&#8211; 0-4 dH &#8211; agua muy blanda<\/div>\n<div>&#8211; 5-8 dH &#8211; agua blanda<\/div>\n<div>&#8211; 9-12 dH &#8211; agua dura media<\/div>\n<div>&#8211; 13-18 dH &#8211; agua dura<\/div>\n<div>&#8211; 19 y m\u00e1s &#8211; agua muy dura<\/div>\n<div><\/div>\n<div>Para una dureza del agua superior a 10 dH, se recomienda el ablandamiento para proteger las instalaciones de agua, los accesorios y los electrodom\u00e9sticos.<\/div>\n<div><\/div>\n<h3><strong>Los 3 niveles de filtro del filtro de ducha \/ filtro de ba\u00f1o contra cal, cloro de un vistazo:<\/strong><\/h3>\n<div><strong>1. Filtro<\/strong><br \/>\nde sedimentos El filtro de sedimentos elimina las part\u00edculas en suspensi\u00f3n, como arena, \u00f3xido y otras, que tienen un tama\u00f1o superior a 15 micras.<\/div>\n<div><strong>2. KDF &#8211; Filtro \u00bfQu\u00e9<\/strong><br \/>\n<strong style=\"color: #555555;\"><span class=\"tm6\">es KDF? <\/span><\/strong> <\/div>\n<div>\n<p class=\"Normal\">Es una mezcla a base de cobre y zinc granulada de alta pureza, es decir, un agente redox. Esto funciona con oxidaci\u00f3n y reducci\u00f3n de iones. El proceso redox funciona intercambiando electrones. Este intercambio convierte muchos contaminantes nocivos en aditivos inofensivos (como el cloro al cloruro). Otros contaminantes, como los metales pesados, se unen en el agente de KDF. Por lo tanto, reduce o elimina estas sustancias. Las bolas de cer\u00e1mica reducen el contenido de cloro y as\u00ed mejoran a\u00fan m\u00e1s el efecto del KDF. Esto reduce la proporci\u00f3n de productos qu\u00edmicos, bacterias y otros contaminantes que se pueden encontrar en el agua del grifo de nuevo. <span style=\"color: #333333;\">El KDF elimina poco m\u00e1s de 90 de los cloro libres en el agua de la ducha.<\/span><\/p>\n<p>La legionela no se puede filtrar.<\/p>\n<\/div>\n<div><strong>3. Filtro de polifosfato<\/strong><\/div>\n<div>Este filtro suaviza el agua y garantiza que la cal no pueda causar ning\u00fan da\u00f1o.<\/div>\n<div><\/div>\n<div>Temperatura m\u00e1xima del agua 38 grados.<\/div>\n<div><\/div>\n<h3><strong>Dimensiones:<\/strong><\/h3>\n<div>Altura: aprox. 12 cm, di\u00e1metro: aprox. 6,5 cm<\/div>\n<div><\/div>\n<h3><strong>M\u00e1s consejos:<\/strong><\/h3>\n<div>Si necesita un cartucho de filtro de repuesto, haga clic en <strong><a href=\"https:\/\/shop.nlq24.eu\/es\/Produkt\/filtro-de-ducha-de-cartucho-de-reemplazo\/\">aqu\u00ed<\/a>.<\/strong><\/div>\n<div><\/div>\n<div>Compra este filtro barato ahora. \u00a1Siente el agua suave! Su nuevo filtro de ducha y filtro de ba\u00f1o est\u00e1 a s\u00f3lo unos clics de distancia.<\/div>\n<div>Un cabezal de ducha completo con filtro de ducha integrado se puede encontrar <strong><a href=\"https:\/\/shop.nlq24.eu\/produkt\/duschfilter-sanfter-regen\/\">aqu\u00ed.<\/a><\/strong><\/div>\n<div><\/div>\n","protected":false},"excerpt":{"rendered":"<p>Filtro de ducha y ba\u00f1o de 0,5 pulgadas contra la cal y el cloro<\/p>\n","protected":false},"featured_media":47818,"comment_status":"open","ping_status":"closed","template":"","meta":[],"product_brand":[],"product_cat":[1866,1910,2881,2350,2352,2354,2357,2358],"product_tag":[2390,2660,2661,2662],"class_list":{"0":"post-66618","1":"product","2":"type-product","3":"status-publish","4":"has-post-thumbnail","6":"product_cat-todos-los-productos-resumen","7":"product_cat-filtro-de-agua-osmosis-inversa","8":"product_cat-weihnachtstipps-es","9":"product_cat-duschfilter-zubehoer-es","10":"product_cat-umkehrosmose-anlagen-wasserfilter-es","11":"product_cat-umkehrosmose-zubehoer-es","12":"product_cat-wasserveredelung-es","13":"product_cat-wasserveredelung-es-2","14":"product_tag-badefilter-es","15":"product_tag-filtro-de-ducha","16":"product_tag-filtro-de-ducha-es","17":"product_tag-filtro-de-ducha-pequena","18":"product_shipping_class-1-paquete-de-envio-con-seguimiento","20":"first","21":"instock","22":"taxable","23":"shipping-taxable","24":"purchasable","25":"product-type-simple"},"_links":{"self":[{"href":"https:\/\/shop.nlq24.eu\/es\/wp-json\/wp\/v2\/product\/66618","targetHints":{"allow":["GET"]}}],"collection":[{"href":"https:\/\/shop.nlq24.eu\/es\/wp-json\/wp\/v2\/product"}],"about":[{"href":"https:\/\/shop.nlq24.eu\/es\/wp-json\/wp\/v2\/types\/product"}],"replies":[{"embeddable":true,"href":"https:\/\/shop.nlq24.eu\/es\/wp-json\/wp\/v2\/comments?post=66618"}],"wp:featuredmedia":[{"embeddable":true,"href":"https:\/\/shop.nlq24.eu\/es\/wp-json\/wp\/v2\/media\/47818"}],"wp:attachment":[{"href":"https:\/\/shop.nlq24.eu\/es\/wp-json\/wp\/v2\/media?parent=66618"}],"wp:term":[{"taxonomy":"product_brand","embeddable":true,"href":"https:\/\/shop.nlq24.eu\/es\/wp-json\/wp\/v2\/product_brand?post=66618"},{"taxonomy":"product_cat","embeddable":true,"href":"https:\/\/shop.nlq24.eu\/es\/wp-json\/wp\/v2\/product_cat?post=66618"},{"taxonomy":"product_tag","embeddable":true,"href":"https:\/\/shop.nlq24.eu\/es\/wp-json\/wp\/v2\/product_tag?post=66618"}],"curies":[{"name":"wp","href":"https:\/\/api.w.org\/{rel}","templated":true}]}}