{"id":66631,"date":"2018-11-28T12:43:09","date_gmt":"2018-11-28T12:43:09","guid":{"rendered":"https:\/\/shop.nlq24.eu\/produkt\/sulfato-de-magnesio-sal-de-epsom-1000g-puro-aprox-100\/"},"modified":"2025-08-02T19:03:31","modified_gmt":"2025-08-02T19:03:31","slug":"sulfato-de-magnesio-epsom-salt-1000g-pure-ca-100","status":"publish","type":"product","link":"https:\/\/shop.nlq24.eu\/es\/ producto\/sulfato-de-magnesio-epsom-salt-1000g-pure-ca-100\/","title":{"rendered":"Sulfato de magnesio (sal de Epsom) 1000g puro."},"content":{"rendered":"<div><u><strong>Sulfato de magnesio (sal de Epsom) 1000g puro<br \/>\n<\/strong><\/u><\/div>\n<p>Esta sal de Epsom es un anhidrato, con un contenido de agua inferior al 1%. Se trata de sales de Epsom 100%. Su sal de Epsom tambi\u00e9n se conoce como MgSO4. El sulfato de magnesio es un gr\u00e1nulo de polvo salado y amargo.<\/p>\n<p>Te ofrezco aqu\u00ed 1000 gramos en un frasco de PE con tap\u00f3n de rosca. Esta sal de Epsom tiene una calidad superior muy alta. Tambi\u00e9n es muy adecuado para acuarios, as\u00ed como para fines de secado y muchas otras aplicaciones, como ba\u00f1os completos, para las que se necesita una calidad pura.<\/p>\n<p>Algunas personas se refieren a esta sal como la sustancia secreta de las abuelas.<\/p>\n","protected":false},"excerpt":{"rendered":"<p>Sulfato de magnesio (sal de Epsom) 1000g puro.<\/p>\n","protected":false},"featured_media":88404,"comment_status":"open","ping_status":"closed","template":"","meta":[],"product_brand":[],"product_cat":[2340,1866,1896],"product_tag":[2667,2669,2672,3120,2397,2665,2666],"class_list":{"0":"post-66631","1":"product","2":"type-product","3":"status-publish","4":"has-post-thumbnail","6":"product_cat-magnesium-produkte-es","7":"product_cat-todos-los-productos-resumen","8":"product_cat-minerales","9":"product_tag-sal","10":"product_tag-epsom-es","11":"product_tag-sal-como","12":"product_tag-epsom-salz-es","13":"product_tag-bittersalz-es","14":"product_tag-sulfato-de-magnesio","15":"product_tag-mgso4-es","16":"product_shipping_class-1-paquete-de-envio-con-seguimiento","17":"pa_flaschenart-botella-de-vidrio-din18","18":"pa_flaschenart-botella-de-vidrio-pp28","19":"pa_flaschenart-pp-flasche-halbtransparent-es","20":"pa_flaschenart-botella-de-hdpe","21":"pa_milliliter-100-ml-es","22":"pa_milliliter-250-ml-es","23":"pa_milliliter-500-ml-es","24":"pa_milliliter-1000-ml-es","25":"pa_milliliter-50-ml-es","27":"first","28":"instock","29":"taxable","30":"shipping-taxable","31":"purchasable","32":"product-type-simple"},"_links":{"self":[{"href":"https:\/\/shop.nlq24.eu\/es\/wp-json\/wp\/v2\/product\/66631","targetHints":{"allow":["GET"]}}],"collection":[{"href":"https:\/\/shop.nlq24.eu\/es\/wp-json\/wp\/v2\/product"}],"about":[{"href":"https:\/\/shop.nlq24.eu\/es\/wp-json\/wp\/v2\/types\/product"}],"replies":[{"embeddable":true,"href":"https:\/\/shop.nlq24.eu\/es\/wp-json\/wp\/v2\/comments?post=66631"}],"wp:featuredmedia":[{"embeddable":true,"href":"https:\/\/shop.nlq24.eu\/es\/wp-json\/wp\/v2\/media\/88404"}],"wp:attachment":[{"href":"https:\/\/shop.nlq24.eu\/es\/wp-json\/wp\/v2\/media?parent=66631"}],"wp:term":[{"taxonomy":"product_brand","embeddable":true,"href":"https:\/\/shop.nlq24.eu\/es\/wp-json\/wp\/v2\/product_brand?post=66631"},{"taxonomy":"product_cat","embeddable":true,"href":"https:\/\/shop.nlq24.eu\/es\/wp-json\/wp\/v2\/product_cat?post=66631"},{"taxonomy":"product_tag","embeddable":true,"href":"https:\/\/shop.nlq24.eu\/es\/wp-json\/wp\/v2\/product_tag?post=66631"}],"curies":[{"name":"wp","href":"https:\/\/api.w.org\/{rel}","templated":true}]}}